{"id":4988,"date":"2023-02-08T17:15:16","date_gmt":"2023-02-08T16:15:16","guid":{"rendered":"https:\/\/www.panel-composite.com\/sistema-bota\/"},"modified":"2026-01-19T05:55:26","modified_gmt":"2026-01-19T04:55:26","slug":"sistema-bota","status":"publish","type":"page","link":"https:\/\/panel-composite.com\/ca\/sistema-bota\/","title":{"rendered":"Panell Composite Alucobond &#8211; Sistema Bota"},"content":{"rendered":"\t\t<div data-elementor-type=\"wp-page\" data-elementor-id=\"4988\" class=\"elementor elementor-4988 elementor-2565\" data-elementor-post-type=\"page\">\n\t\t\t\t\t\t<section class=\"elementor-section elementor-top-section elementor-element elementor-element-178c1329 elementor-section-boxed elementor-section-height-default elementor-section-height-default\" data-id=\"178c1329\" data-element_type=\"section\" data-e-type=\"section\" data-settings=\"{&quot;background_background&quot;:&quot;classic&quot;,&quot;jet_parallax_layout_list&quot;:[]}\">\n\t\t\t\t\t\t<div class=\"elementor-container elementor-column-gap-default\">\n\t\t\t\t\t<div class=\"elementor-column elementor-col-50 elementor-top-column elementor-element elementor-element-4e514e00\" data-id=\"4e514e00\" data-element_type=\"column\" data-e-type=\"column\">\n\t\t\t<div class=\"elementor-widget-wrap elementor-element-populated\">\n\t\t\t\t\t\t<div class=\"elementor-element elementor-element-42740f97 elementor-widget elementor-widget-heading\" data-id=\"42740f97\" data-element_type=\"widget\" data-e-type=\"widget\" data-widget_type=\"heading.default\">\n\t\t\t\t<div class=\"elementor-widget-container\">\n\t\t\t\t\t<h1 class=\"elementor-heading-title elementor-size-default\">Sistema bota per a muntatge de panell composite<\/h1>\t\t\t\t<\/div>\n\t\t\t\t<\/div>\n\t\t\t\t<div class=\"elementor-element elementor-element-33e7a314 elementor-widget__width-initial elementor-widget elementor-widget-text-editor\" data-id=\"33e7a314\" data-element_type=\"widget\" data-e-type=\"widget\" data-widget_type=\"text-editor.default\">\n\t\t\t\t<div class=\"elementor-widget-container\">\n\t\t\t\t\t\t\t\t\t<p><b data-path-to-node=\"2\" data-index-in-node=\"0\">El sistema de suspensi\u00f3 bota \u00e9s la soluci\u00f3 t\u00e8cnica ideal per a fa\u00e7anes amb modulaci\u00f3 vertical i safates d&#8217;al\u00e7ada superior a 700 mm.<\/b> Aquest m\u00e8tode permet un refor\u00e7 estructural \u00f2ptim mitjan\u00e7ant l&#8217;\u00fas de penges a perfils i la integraci\u00f3 de rigiditzadors intermedis, garantint la m\u00e0xima estabilitat i planimetria en grans formats de <b data-path-to-node=\"2\" data-index-in-node=\"346\">panell composite<\/b> . \u00c9s un sistema eficient que agilitza el muntatge, assegurant que l&#8217;estructura suporti correctament les c\u00e0rregues de vent i el pes propi del panell.<\/p>\n\t\t\t\t\t\t\t\t<\/div>\n\t\t\t\t<\/div>\n\t\t\t\t\t<\/div>\n\t\t<\/div>\n\t\t\t\t<div class=\"elementor-column elementor-col-50 elementor-top-column elementor-element elementor-element-5540284\" data-id=\"5540284\" data-element_type=\"column\" data-e-type=\"column\">\n\t\t\t<div class=\"elementor-widget-wrap elementor-element-populated\">\n\t\t\t\t\t\t<div class=\"elementor-element elementor-element-57d8c10c elementor-widget elementor-widget-image\" data-id=\"57d8c10c\" data-element_type=\"widget\" data-e-type=\"widget\" data-widget_type=\"image.default\">\n\t\t\t\t<div class=\"elementor-widget-container\">\n\t\t\t\t\t\t\t\t\t\t\t\t\t\t\t<img fetchpriority=\"high\" decoding=\"async\" width=\"800\" height=\"601\" src=\"https:\/\/panel-composite.com\/wp-content\/uploads\/2023\/03\/SISTEMA-CUELGUE.jpg\" class=\"attachment-large size-large wp-image-3250\" alt=\"\" srcset=\"https:\/\/panel-composite.com\/wp-content\/uploads\/2023\/03\/SISTEMA-CUELGUE.jpg 807w, https:\/\/panel-composite.com\/wp-content\/uploads\/2023\/03\/SISTEMA-CUELGUE-300x225.jpg 300w, https:\/\/panel-composite.com\/wp-content\/uploads\/2023\/03\/SISTEMA-CUELGUE-768x577.jpg 768w, https:\/\/panel-composite.com\/wp-content\/uploads\/2023\/03\/SISTEMA-CUELGUE-600x451.jpg 600w\" sizes=\"(max-width: 800px) 100vw, 800px\" title=\"\">\t\t\t\t\t\t\t\t\t\t\t\t\t\t\t<\/div>\n\t\t\t\t<\/div>\n\t\t\t\t\t<\/div>\n\t\t<\/div>\n\t\t\t\t\t<\/div>\n\t\t<\/section>\n\t\t\t\t<section class=\"elementor-section elementor-top-section elementor-element elementor-element-3b5c4076 elementor-section-boxed elementor-section-height-default elementor-section-height-default\" data-id=\"3b5c4076\" data-element_type=\"section\" data-e-type=\"section\" data-settings=\"{&quot;background_background&quot;:&quot;classic&quot;,&quot;jet_parallax_layout_list&quot;:[]}\">\n\t\t\t\t\t\t<div class=\"elementor-container elementor-column-gap-default\">\n\t\t\t\t\t<div class=\"elementor-column elementor-col-100 elementor-top-column elementor-element elementor-element-4b787227\" data-id=\"4b787227\" data-element_type=\"column\" data-e-type=\"column\">\n\t\t\t<div class=\"elementor-widget-wrap elementor-element-populated\">\n\t\t\t\t\t\t<div class=\"elementor-element elementor-element-6cd193b2 elementor-widget elementor-widget-heading\" data-id=\"6cd193b2\" data-element_type=\"widget\" data-e-type=\"widget\" data-widget_type=\"heading.default\">\n\t\t\t\t<div class=\"elementor-widget-container\">\n\t\t\t\t\t<h2 class=\"elementor-heading-title elementor-size-default\">Detalls constructius<\/h2>\t\t\t\t<\/div>\n\t\t\t\t<\/div>\n\t\t\t\t\t<\/div>\n\t\t<\/div>\n\t\t\t\t\t<\/div>\n\t\t<\/section>\n\t\t\t\t<section class=\"elementor-section elementor-top-section elementor-element elementor-element-194e5ba elementor-section-boxed elementor-section-height-default elementor-section-height-default\" data-id=\"194e5ba\" data-element_type=\"section\" data-e-type=\"section\" data-settings=\"{&quot;jet_parallax_layout_list&quot;:[],&quot;background_background&quot;:&quot;classic&quot;}\">\n\t\t\t\t\t\t<div class=\"elementor-container elementor-column-gap-default\">\n\t\t\t\t\t<div class=\"elementor-column elementor-col-50 elementor-top-column elementor-element elementor-element-463feee\" data-id=\"463feee\" data-element_type=\"column\" data-e-type=\"column\" data-settings=\"{&quot;background_background&quot;:&quot;classic&quot;}\">\n\t\t\t<div class=\"elementor-widget-wrap elementor-element-populated\">\n\t\t\t\t\t\t<div class=\"elementor-element elementor-element-4703cd34 elementor-widget elementor-widget-heading\" data-id=\"4703cd34\" data-element_type=\"widget\" data-e-type=\"widget\" data-widget_type=\"heading.default\">\n\t\t\t\t<div class=\"elementor-widget-container\">\n\t\t\t\t\t<h3 class=\"elementor-heading-title elementor-size-default\">VISTA HORITZONTAL I VERTICAL\n<\/h3>\t\t\t\t<\/div>\n\t\t\t\t<\/div>\n\t\t\t\t<div class=\"elementor-element elementor-element-d2dcdca elementor-widget elementor-widget-image\" data-id=\"d2dcdca\" data-element_type=\"widget\" data-e-type=\"widget\" data-widget_type=\"image.default\">\n\t\t\t\t<div class=\"elementor-widget-container\">\n\t\t\t\t\t\t\t\t\t\t\t\t\t\t\t<img decoding=\"async\" width=\"534\" height=\"459\" data-src=\"https:\/\/panel-composite.com\/wp-content\/uploads\/2023\/03\/COMPOSITE-LC-2-Horizontal.jpg\" class=\"attachment-large size-large wp-image-3255 lazyload\" alt=\"\" data-srcset=\"https:\/\/panel-composite.com\/wp-content\/uploads\/2023\/03\/COMPOSITE-LC-2-Horizontal.jpg 534w, https:\/\/panel-composite.com\/wp-content\/uploads\/2023\/03\/COMPOSITE-LC-2-Horizontal-300x258.jpg 300w\" data-sizes=\"(max-width: 534px) 100vw, 534px\" title=\"\" src=\"data:image\/svg+xml;base64,PHN2ZyB3aWR0aD0iMSIgaGVpZ2h0PSIxIiB4bWxucz0iaHR0cDovL3d3dy53My5vcmcvMjAwMC9zdmciPjwvc3ZnPg==\" style=\"--smush-placeholder-width: 534px; --smush-placeholder-aspect-ratio: 534\/459;\">\t\t\t\t\t\t\t\t\t\t\t\t\t\t\t<\/div>\n\t\t\t\t<\/div>\n\t\t\t\t<div class=\"elementor-element elementor-element-7e194c4 elementor-widget elementor-widget-image\" data-id=\"7e194c4\" data-element_type=\"widget\" data-e-type=\"widget\" data-widget_type=\"image.default\">\n\t\t\t\t<div class=\"elementor-widget-container\">\n\t\t\t\t\t\t\t\t\t\t\t\t\t\t\t<img decoding=\"async\" width=\"526\" height=\"446\" data-src=\"https:\/\/panel-composite.com\/wp-content\/uploads\/2023\/03\/COMPOSITE-LC-3-Vertical.jpg\" class=\"attachment-large size-large wp-image-3256 lazyload\" alt=\"\" data-srcset=\"https:\/\/panel-composite.com\/wp-content\/uploads\/2023\/03\/COMPOSITE-LC-3-Vertical.jpg 526w, https:\/\/panel-composite.com\/wp-content\/uploads\/2023\/03\/COMPOSITE-LC-3-Vertical-300x254.jpg 300w\" data-sizes=\"(max-width: 526px) 100vw, 526px\" title=\"\" src=\"data:image\/svg+xml;base64,PHN2ZyB3aWR0aD0iMSIgaGVpZ2h0PSIxIiB4bWxucz0iaHR0cDovL3d3dy53My5vcmcvMjAwMC9zdmciPjwvc3ZnPg==\" style=\"--smush-placeholder-width: 526px; --smush-placeholder-aspect-ratio: 526\/446;\">\t\t\t\t\t\t\t\t\t\t\t\t\t\t\t<\/div>\n\t\t\t\t<\/div>\n\t\t\t\t\t<\/div>\n\t\t<\/div>\n\t\t\t\t<div class=\"elementor-column elementor-col-50 elementor-top-column elementor-element elementor-element-40a9890\" data-id=\"40a9890\" data-element_type=\"column\" data-e-type=\"column\" data-settings=\"{&quot;background_background&quot;:&quot;classic&quot;}\">\n\t\t\t<div class=\"elementor-widget-wrap elementor-element-populated\">\n\t\t\t\t\t\t<div class=\"elementor-element elementor-element-20dab3d6 elementor-widget elementor-widget-heading\" data-id=\"20dab3d6\" data-element_type=\"widget\" data-e-type=\"widget\" data-widget_type=\"heading.default\">\n\t\t\t\t<div class=\"elementor-widget-container\">\n\t\t\t\t\t<h3 class=\"elementor-heading-title elementor-size-default\">CORONACI\u00d3 \/ ARRENCADA<\/h3>\t\t\t\t<\/div>\n\t\t\t\t<\/div>\n\t\t\t\t<div class=\"elementor-element elementor-element-bb2f96a elementor-widget elementor-widget-image\" data-id=\"bb2f96a\" data-element_type=\"widget\" data-e-type=\"widget\" data-widget_type=\"image.default\">\n\t\t\t\t<div class=\"elementor-widget-container\">\n\t\t\t\t\t\t\t\t\t\t\t\t\t\t\t<img decoding=\"async\" width=\"526\" height=\"453\" data-src=\"https:\/\/panel-composite.com\/wp-content\/uploads\/2023\/03\/COMPOSITE-LC-5-CORONACION.jpg\" class=\"attachment-large size-large wp-image-3257 lazyload\" alt=\"\" data-srcset=\"https:\/\/panel-composite.com\/wp-content\/uploads\/2023\/03\/COMPOSITE-LC-5-CORONACION.jpg 526w, https:\/\/panel-composite.com\/wp-content\/uploads\/2023\/03\/COMPOSITE-LC-5-CORONACION-300x258.jpg 300w\" data-sizes=\"(max-width: 526px) 100vw, 526px\" title=\"\" src=\"data:image\/svg+xml;base64,PHN2ZyB3aWR0aD0iMSIgaGVpZ2h0PSIxIiB4bWxucz0iaHR0cDovL3d3dy53My5vcmcvMjAwMC9zdmciPjwvc3ZnPg==\" style=\"--smush-placeholder-width: 526px; --smush-placeholder-aspect-ratio: 526\/453;\">\t\t\t\t\t\t\t\t\t\t\t\t\t\t\t<\/div>\n\t\t\t\t<\/div>\n\t\t\t\t<div class=\"elementor-element elementor-element-46e9b18 elementor-widget elementor-widget-image\" data-id=\"46e9b18\" data-element_type=\"widget\" data-e-type=\"widget\" data-widget_type=\"image.default\">\n\t\t\t\t<div class=\"elementor-widget-container\">\n\t\t\t\t\t\t\t\t\t\t\t\t\t\t\t<img decoding=\"async\" width=\"533\" height=\"453\" data-src=\"https:\/\/panel-composite.com\/wp-content\/uploads\/2023\/03\/COMPOSITE-LC-7-ARRANQUE.jpg\" class=\"attachment-large size-large wp-image-3258 lazyload\" alt=\"\" data-srcset=\"https:\/\/panel-composite.com\/wp-content\/uploads\/2023\/03\/COMPOSITE-LC-7-ARRANQUE.jpg 533w, https:\/\/panel-composite.com\/wp-content\/uploads\/2023\/03\/COMPOSITE-LC-7-ARRANQUE-300x255.jpg 300w\" data-sizes=\"(max-width: 533px) 100vw, 533px\" title=\"\" src=\"data:image\/svg+xml;base64,PHN2ZyB3aWR0aD0iMSIgaGVpZ2h0PSIxIiB4bWxucz0iaHR0cDovL3d3dy53My5vcmcvMjAwMC9zdmciPjwvc3ZnPg==\" style=\"--smush-placeholder-width: 533px; --smush-placeholder-aspect-ratio: 533\/453;\">\t\t\t\t\t\t\t\t\t\t\t\t\t\t\t<\/div>\n\t\t\t\t<\/div>\n\t\t\t\t\t<\/div>\n\t\t<\/div>\n\t\t\t\t\t<\/div>\n\t\t<\/section>\n\t\t\t\t<section class=\"elementor-section elementor-top-section elementor-element elementor-element-564c05e elementor-section-boxed elementor-section-height-default elementor-section-height-default\" data-id=\"564c05e\" data-element_type=\"section\" data-e-type=\"section\" data-settings=\"{&quot;jet_parallax_layout_list&quot;:[],&quot;background_background&quot;:&quot;classic&quot;}\">\n\t\t\t\t\t\t<div class=\"elementor-container elementor-column-gap-default\">\n\t\t\t\t\t<div class=\"elementor-column elementor-col-50 elementor-top-column elementor-element elementor-element-12a4c2e\" data-id=\"12a4c2e\" data-element_type=\"column\" data-e-type=\"column\" data-settings=\"{&quot;background_background&quot;:&quot;classic&quot;}\">\n\t\t\t<div class=\"elementor-widget-wrap elementor-element-populated\">\n\t\t\t\t\t\t<div class=\"elementor-element elementor-element-ffedbd7 elementor-widget elementor-widget-heading\" data-id=\"ffedbd7\" data-element_type=\"widget\" data-e-type=\"widget\" data-widget_type=\"heading.default\">\n\t\t\t\t<div class=\"elementor-widget-container\">\n\t\t\t\t\t<h3 class=\"elementor-heading-title elementor-size-default\">DINTELL \/ VIERTEAGUAS<\/h3>\t\t\t\t<\/div>\n\t\t\t\t<\/div>\n\t\t\t\t<div class=\"elementor-element elementor-element-a7368a9 elementor-widget elementor-widget-image\" data-id=\"a7368a9\" data-element_type=\"widget\" data-e-type=\"widget\" data-widget_type=\"image.default\">\n\t\t\t\t<div class=\"elementor-widget-container\">\n\t\t\t\t\t\t\t\t\t\t\t\t\t\t\t<img decoding=\"async\" width=\"530\" height=\"454\" data-src=\"https:\/\/panel-composite.com\/wp-content\/uploads\/2023\/03\/COMPOSITE-LC-6-DINTEL.jpg\" class=\"attachment-large size-large wp-image-3259 lazyload\" alt=\"\" data-srcset=\"https:\/\/panel-composite.com\/wp-content\/uploads\/2023\/03\/COMPOSITE-LC-6-DINTEL.jpg 530w, https:\/\/panel-composite.com\/wp-content\/uploads\/2023\/03\/COMPOSITE-LC-6-DINTEL-300x257.jpg 300w\" data-sizes=\"(max-width: 530px) 100vw, 530px\" title=\"\" src=\"data:image\/svg+xml;base64,PHN2ZyB3aWR0aD0iMSIgaGVpZ2h0PSIxIiB4bWxucz0iaHR0cDovL3d3dy53My5vcmcvMjAwMC9zdmciPjwvc3ZnPg==\" style=\"--smush-placeholder-width: 530px; --smush-placeholder-aspect-ratio: 530\/454;\">\t\t\t\t\t\t\t\t\t\t\t\t\t\t\t<\/div>\n\t\t\t\t<\/div>\n\t\t\t\t<div class=\"elementor-element elementor-element-3afa38c elementor-widget elementor-widget-image\" data-id=\"3afa38c\" data-element_type=\"widget\" data-e-type=\"widget\" data-widget_type=\"image.default\">\n\t\t\t\t<div class=\"elementor-widget-container\">\n\t\t\t\t\t\t\t\t\t\t\t\t\t\t\t<img decoding=\"async\" width=\"530\" height=\"449\" data-src=\"https:\/\/panel-composite.com\/wp-content\/uploads\/2023\/03\/COMPOSITE-LC-8-VIERTEAGUAS.jpg\" class=\"attachment-large size-large wp-image-3260 lazyload\" alt=\"\" data-srcset=\"https:\/\/panel-composite.com\/wp-content\/uploads\/2023\/03\/COMPOSITE-LC-8-VIERTEAGUAS.jpg 530w, https:\/\/panel-composite.com\/wp-content\/uploads\/2023\/03\/COMPOSITE-LC-8-VIERTEAGUAS-300x254.jpg 300w\" data-sizes=\"(max-width: 530px) 100vw, 530px\" title=\"\" src=\"data:image\/svg+xml;base64,PHN2ZyB3aWR0aD0iMSIgaGVpZ2h0PSIxIiB4bWxucz0iaHR0cDovL3d3dy53My5vcmcvMjAwMC9zdmciPjwvc3ZnPg==\" style=\"--smush-placeholder-width: 530px; --smush-placeholder-aspect-ratio: 530\/449;\">\t\t\t\t\t\t\t\t\t\t\t\t\t\t\t<\/div>\n\t\t\t\t<\/div>\n\t\t\t\t\t<\/div>\n\t\t<\/div>\n\t\t\t\t<div class=\"elementor-column elementor-col-50 elementor-top-column elementor-element elementor-element-3d8d354\" data-id=\"3d8d354\" data-element_type=\"column\" data-e-type=\"column\" data-settings=\"{&quot;background_background&quot;:&quot;classic&quot;}\">\n\t\t\t<div class=\"elementor-widget-wrap elementor-element-populated\">\n\t\t\t\t\t\t<div class=\"elementor-element elementor-element-02d90e0 elementor-widget elementor-widget-heading\" data-id=\"02d90e0\" data-element_type=\"widget\" data-e-type=\"widget\" data-widget_type=\"heading.default\">\n\t\t\t\t<div class=\"elementor-widget-container\">\n\t\t\t\t\t<h3 class=\"elementor-heading-title elementor-size-default\">JAMBA \/ CANTONADA<\/h3>\t\t\t\t<\/div>\n\t\t\t\t<\/div>\n\t\t\t\t<div class=\"elementor-element elementor-element-61ebf4b elementor-widget elementor-widget-image\" data-id=\"61ebf4b\" data-element_type=\"widget\" data-e-type=\"widget\" data-widget_type=\"image.default\">\n\t\t\t\t<div class=\"elementor-widget-container\">\n\t\t\t\t\t\t\t\t\t\t\t\t\t\t\t<img decoding=\"async\" width=\"531\" height=\"455\" data-src=\"https:\/\/panel-composite.com\/wp-content\/uploads\/2023\/03\/COMPOSITE-LC-4-Jamba.jpg\" class=\"attachment-large size-large wp-image-3261 lazyload\" alt=\"\" data-srcset=\"https:\/\/panel-composite.com\/wp-content\/uploads\/2023\/03\/COMPOSITE-LC-4-Jamba.jpg 531w, https:\/\/panel-composite.com\/wp-content\/uploads\/2023\/03\/COMPOSITE-LC-4-Jamba-300x257.jpg 300w\" data-sizes=\"(max-width: 531px) 100vw, 531px\" title=\"\" src=\"data:image\/svg+xml;base64,PHN2ZyB3aWR0aD0iMSIgaGVpZ2h0PSIxIiB4bWxucz0iaHR0cDovL3d3dy53My5vcmcvMjAwMC9zdmciPjwvc3ZnPg==\" style=\"--smush-placeholder-width: 531px; --smush-placeholder-aspect-ratio: 531\/455;\">\t\t\t\t\t\t\t\t\t\t\t\t\t\t\t<\/div>\n\t\t\t\t<\/div>\n\t\t\t\t<div class=\"elementor-element elementor-element-675d680 elementor-widget elementor-widget-image\" data-id=\"675d680\" data-element_type=\"widget\" data-e-type=\"widget\" data-widget_type=\"image.default\">\n\t\t\t\t<div class=\"elementor-widget-container\">\n\t\t\t\t\t\t\t\t\t\t\t\t\t\t\t<img decoding=\"async\" width=\"525\" height=\"453\" data-src=\"https:\/\/panel-composite.com\/wp-content\/uploads\/2023\/03\/COMPOSITE-LC-9-ESQUINA.jpg\" class=\"attachment-large size-large wp-image-3262 lazyload\" alt=\"\" data-srcset=\"https:\/\/panel-composite.com\/wp-content\/uploads\/2023\/03\/COMPOSITE-LC-9-ESQUINA.jpg 525w, https:\/\/panel-composite.com\/wp-content\/uploads\/2023\/03\/COMPOSITE-LC-9-ESQUINA-300x259.jpg 300w\" data-sizes=\"(max-width: 525px) 100vw, 525px\" title=\"\" src=\"data:image\/svg+xml;base64,PHN2ZyB3aWR0aD0iMSIgaGVpZ2h0PSIxIiB4bWxucz0iaHR0cDovL3d3dy53My5vcmcvMjAwMC9zdmciPjwvc3ZnPg==\" style=\"--smush-placeholder-width: 525px; --smush-placeholder-aspect-ratio: 525\/453;\">\t\t\t\t\t\t\t\t\t\t\t\t\t\t\t<\/div>\n\t\t\t\t<\/div>\n\t\t\t\t\t<\/div>\n\t\t<\/div>\n\t\t\t\t\t<\/div>\n\t\t<\/section>\n\t\t\t\t<\/div>\n\t\t","protected":false},"excerpt":{"rendered":"<p>Sistema bota per a muntatge de panell composite El sistema de suspensi\u00f3 bota \u00e9s la soluci\u00f3 t\u00e8cnica ideal per a fa\u00e7anes amb modulaci\u00f3 vertical i safates d&#8217;al\u00e7ada superior a 700 mm. Aquest m\u00e8tode permet un refor\u00e7 estructural \u00f2ptim mitjan\u00e7ant l&#8217;\u00fas de penges a perfils i la integraci\u00f3 de rigiditzadors intermedis, garantint la m\u00e0xima estabilitat i [&hellip;]<\/p>\n","protected":false},"author":13,"featured_media":0,"parent":0,"menu_order":180,"comment_status":"closed","ping_status":"closed","template":"elementor_header_footer","meta":{"footnotes":""},"class_list":["post-4988","page","type-page","status-publish","hentry"],"_links":{"self":[{"href":"https:\/\/panel-composite.com\/ca\/wp-json\/wp\/v2\/pages\/4988","targetHints":{"allow":["GET"]}}],"collection":[{"href":"https:\/\/panel-composite.com\/ca\/wp-json\/wp\/v2\/pages"}],"about":[{"href":"https:\/\/panel-composite.com\/ca\/wp-json\/wp\/v2\/types\/page"}],"author":[{"embeddable":true,"href":"https:\/\/panel-composite.com\/ca\/wp-json\/wp\/v2\/users\/13"}],"replies":[{"embeddable":true,"href":"https:\/\/panel-composite.com\/ca\/wp-json\/wp\/v2\/comments?post=4988"}],"version-history":[{"count":6,"href":"https:\/\/panel-composite.com\/ca\/wp-json\/wp\/v2\/pages\/4988\/revisions"}],"predecessor-version":[{"id":6682,"href":"https:\/\/panel-composite.com\/ca\/wp-json\/wp\/v2\/pages\/4988\/revisions\/6682"}],"wp:attachment":[{"href":"https:\/\/panel-composite.com\/ca\/wp-json\/wp\/v2\/media?parent=4988"}],"curies":[{"name":"wp","href":"https:\/\/api.w.org\/{rel}","templated":true}]}}