{"id":4989,"date":"2023-02-08T17:15:17","date_gmt":"2023-02-08T16:15:17","guid":{"rendered":"https:\/\/www.panel-composite.com\/sistema-reblat\/"},"modified":"2026-01-19T05:52:33","modified_gmt":"2026-01-19T04:52:33","slug":"sistema-reblat","status":"publish","type":"page","link":"https:\/\/panel-composite.com\/ca\/sistema-reblat\/","title":{"rendered":"Panell Composite Alucobond &#8211; Sistema Reblat"},"content":{"rendered":"\t\t<div data-elementor-type=\"wp-page\" data-elementor-id=\"4989\" class=\"elementor elementor-4989 elementor-2571\" data-elementor-post-type=\"page\">\n\t\t\t\t\t\t<section class=\"elementor-section elementor-top-section elementor-element elementor-element-59d85508 elementor-section-boxed elementor-section-height-default elementor-section-height-default\" data-id=\"59d85508\" data-element_type=\"section\" data-e-type=\"section\" data-settings=\"{&quot;background_background&quot;:&quot;classic&quot;,&quot;jet_parallax_layout_list&quot;:[]}\">\n\t\t\t\t\t\t<div class=\"elementor-container elementor-column-gap-default\">\n\t\t\t\t\t<div class=\"elementor-column elementor-col-50 elementor-top-column elementor-element elementor-element-1f9e5f3\" data-id=\"1f9e5f3\" data-element_type=\"column\" data-e-type=\"column\">\n\t\t\t<div class=\"elementor-widget-wrap elementor-element-populated\">\n\t\t\t\t\t\t<div class=\"elementor-element elementor-element-5d049a1c elementor-widget elementor-widget-heading\" data-id=\"5d049a1c\" data-element_type=\"widget\" data-e-type=\"widget\" data-widget_type=\"heading.default\">\n\t\t\t\t<div class=\"elementor-widget-container\">\n\t\t\t\t\t<h1 class=\"elementor-heading-title elementor-size-default\">Sistema de reblat per a panells d'alumini<\/h1>\t\t\t\t<\/div>\n\t\t\t\t<\/div>\n\t\t\t\t<div class=\"elementor-element elementor-element-614f8a44 elementor-widget__width-initial elementor-widget elementor-widget-text-editor\" data-id=\"614f8a44\" data-element_type=\"widget\" data-e-type=\"widget\" data-widget_type=\"text-editor.default\">\n\t\t\t\t<div class=\"elementor-widget-container\">\n\t\t\t\t\t\t\t\t\t<p data-path-to-node=\"3\"><b data-path-to-node=\"3\" data-index-in-node=\"0\">El sistema de fixaci\u00f3 mec\u00e0nica mitjan\u00e7ant reblons \u00e9s la soluci\u00f3 m\u00e9s \u00e0gil i vers\u00e0til per a la instal\u00b7laci\u00f3 de fa\u00e7anes de panell composite.<\/b>  En utilitzar \u00fanicament panell tallat a mida, sense necessitat de conformar safates amb pestanyes, aquest m\u00e8tode elimina qualsevol limitaci\u00f3 creativa al disseny arquitect\u00f2nic.<\/p>\n<p data-path-to-node=\"4\">La uni\u00f3 entre el <b data-path-to-node=\"4\" data-index-in-node=\"18\">plaf\u00f3 composite<\/b> i la subestructura es realitza de forma directa i segura, garantint una fixaci\u00f3 duradora i una gran velocitat d&#8217;execuci\u00f3 a l&#8217;obra. \u00c9s el sistema ideal per a projectes que busquen una est\u00e8tica t\u00e8cnica, industrial i un manteniment senzill a llarg termini.<\/p>\n\t\t\t\t\t\t\t\t<\/div>\n\t\t\t\t<\/div>\n\t\t\t\t\t<\/div>\n\t\t<\/div>\n\t\t\t\t<div class=\"elementor-column elementor-col-50 elementor-top-column elementor-element elementor-element-5f9e7813\" data-id=\"5f9e7813\" data-element_type=\"column\" data-e-type=\"column\">\n\t\t\t<div class=\"elementor-widget-wrap elementor-element-populated\">\n\t\t\t\t\t\t<div class=\"elementor-element elementor-element-7b0d739b elementor-widget elementor-widget-image\" data-id=\"7b0d739b\" data-element_type=\"widget\" data-e-type=\"widget\" data-widget_type=\"image.default\">\n\t\t\t\t<div class=\"elementor-widget-container\">\n\t\t\t\t\t\t\t\t\t\t\t\t\t\t\t<img fetchpriority=\"high\" decoding=\"async\" width=\"800\" height=\"598\" src=\"https:\/\/panel-composite.com\/wp-content\/uploads\/2023\/03\/SISTEMA-REMACHADO.jpg\" class=\"attachment-large size-large wp-image-3307\" alt=\"\" srcset=\"https:\/\/panel-composite.com\/wp-content\/uploads\/2023\/03\/SISTEMA-REMACHADO.jpg 805w, https:\/\/panel-composite.com\/wp-content\/uploads\/2023\/03\/SISTEMA-REMACHADO-300x224.jpg 300w, https:\/\/panel-composite.com\/wp-content\/uploads\/2023\/03\/SISTEMA-REMACHADO-768x574.jpg 768w, https:\/\/panel-composite.com\/wp-content\/uploads\/2023\/03\/SISTEMA-REMACHADO-600x449.jpg 600w\" sizes=\"(max-width: 800px) 100vw, 800px\" title=\"\">\t\t\t\t\t\t\t\t\t\t\t\t\t\t\t<\/div>\n\t\t\t\t<\/div>\n\t\t\t\t\t<\/div>\n\t\t<\/div>\n\t\t\t\t\t<\/div>\n\t\t<\/section>\n\t\t\t\t<section class=\"elementor-section elementor-top-section elementor-element elementor-element-94b460c elementor-section-boxed elementor-section-height-default elementor-section-height-default\" data-id=\"94b460c\" data-element_type=\"section\" data-e-type=\"section\" data-settings=\"{&quot;background_background&quot;:&quot;classic&quot;,&quot;jet_parallax_layout_list&quot;:[]}\">\n\t\t\t\t\t\t<div class=\"elementor-container elementor-column-gap-default\">\n\t\t\t\t\t<div class=\"elementor-column elementor-col-100 elementor-top-column elementor-element elementor-element-8c29b86\" data-id=\"8c29b86\" data-element_type=\"column\" data-e-type=\"column\">\n\t\t\t<div class=\"elementor-widget-wrap elementor-element-populated\">\n\t\t\t\t\t\t<div class=\"elementor-element elementor-element-4659693e elementor-widget elementor-widget-heading\" data-id=\"4659693e\" data-element_type=\"widget\" data-e-type=\"widget\" data-widget_type=\"heading.default\">\n\t\t\t\t<div class=\"elementor-widget-container\">\n\t\t\t\t\t<h2 class=\"elementor-heading-title elementor-size-default\">Detalls constructius<\/h2>\t\t\t\t<\/div>\n\t\t\t\t<\/div>\n\t\t\t\t\t<\/div>\n\t\t<\/div>\n\t\t\t\t\t<\/div>\n\t\t<\/section>\n\t\t\t\t<section class=\"elementor-section elementor-top-section elementor-element elementor-element-45bb825f elementor-section-boxed elementor-section-height-default elementor-section-height-default\" data-id=\"45bb825f\" data-element_type=\"section\" data-e-type=\"section\" data-settings=\"{&quot;jet_parallax_layout_list&quot;:[],&quot;background_background&quot;:&quot;classic&quot;}\">\n\t\t\t\t\t\t<div class=\"elementor-container elementor-column-gap-default\">\n\t\t\t\t\t<div class=\"elementor-column elementor-col-50 elementor-top-column elementor-element elementor-element-5a2681bf\" data-id=\"5a2681bf\" data-element_type=\"column\" data-e-type=\"column\" data-settings=\"{&quot;background_background&quot;:&quot;classic&quot;}\">\n\t\t\t<div class=\"elementor-widget-wrap elementor-element-populated\">\n\t\t\t\t\t\t<div class=\"elementor-element elementor-element-31e80d8c elementor-widget elementor-widget-heading\" data-id=\"31e80d8c\" data-element_type=\"widget\" data-e-type=\"widget\" data-widget_type=\"heading.default\">\n\t\t\t\t<div class=\"elementor-widget-container\">\n\t\t\t\t\t<h3 class=\"elementor-heading-title elementor-size-default\">VISTA HORITZONTAL I VERTICAL\n<\/h3>\t\t\t\t<\/div>\n\t\t\t\t<\/div>\n\t\t\t\t<div class=\"elementor-element elementor-element-47cd90b7 elementor-widget elementor-widget-image\" data-id=\"47cd90b7\" data-element_type=\"widget\" data-e-type=\"widget\" data-widget_type=\"image.default\">\n\t\t\t\t<div class=\"elementor-widget-container\">\n\t\t\t\t\t\t\t\t\t\t\t\t\t\t\t<img decoding=\"async\" width=\"524\" height=\"453\" src=\"https:\/\/panel-composite.com\/wp-content\/uploads\/2023\/03\/Composite-Remachado-3-Jamba.jpg\" class=\"attachment-large size-large wp-image-3308\" alt=\"\" srcset=\"https:\/\/panel-composite.com\/wp-content\/uploads\/2023\/03\/Composite-Remachado-3-Jamba.jpg 524w, https:\/\/panel-composite.com\/wp-content\/uploads\/2023\/03\/Composite-Remachado-3-Jamba-300x259.jpg 300w\" sizes=\"(max-width: 524px) 100vw, 524px\" title=\"\">\t\t\t\t\t\t\t\t\t\t\t\t\t\t\t<\/div>\n\t\t\t\t<\/div>\n\t\t\t\t<div class=\"elementor-element elementor-element-7aac87b1 elementor-widget elementor-widget-image\" data-id=\"7aac87b1\" data-element_type=\"widget\" data-e-type=\"widget\" data-widget_type=\"image.default\">\n\t\t\t\t<div class=\"elementor-widget-container\">\n\t\t\t\t\t\t\t\t\t\t\t\t\t\t\t<img decoding=\"async\" width=\"527\" height=\"447\" src=\"https:\/\/panel-composite.com\/wp-content\/uploads\/2023\/03\/Composite-Remachado-2-Vertical.jpg\" class=\"attachment-large size-large wp-image-3309\" alt=\"\" srcset=\"https:\/\/panel-composite.com\/wp-content\/uploads\/2023\/03\/Composite-Remachado-2-Vertical.jpg 527w, https:\/\/panel-composite.com\/wp-content\/uploads\/2023\/03\/Composite-Remachado-2-Vertical-300x254.jpg 300w\" sizes=\"(max-width: 527px) 100vw, 527px\" title=\"\">\t\t\t\t\t\t\t\t\t\t\t\t\t\t\t<\/div>\n\t\t\t\t<\/div>\n\t\t\t\t\t<\/div>\n\t\t<\/div>\n\t\t\t\t<div class=\"elementor-column elementor-col-50 elementor-top-column elementor-element elementor-element-45fc0cde\" data-id=\"45fc0cde\" data-element_type=\"column\" data-e-type=\"column\" data-settings=\"{&quot;background_background&quot;:&quot;classic&quot;}\">\n\t\t\t<div class=\"elementor-widget-wrap elementor-element-populated\">\n\t\t\t\t\t\t<div class=\"elementor-element elementor-element-677c2d3c elementor-widget elementor-widget-heading\" data-id=\"677c2d3c\" data-element_type=\"widget\" data-e-type=\"widget\" data-widget_type=\"heading.default\">\n\t\t\t\t<div class=\"elementor-widget-container\">\n\t\t\t\t\t<h3 class=\"elementor-heading-title elementor-size-default\">CORONACI\u00d3 \/ ARRENCADA<\/h3>\t\t\t\t<\/div>\n\t\t\t\t<\/div>\n\t\t\t\t<div class=\"elementor-element elementor-element-72a92001 elementor-widget elementor-widget-image\" data-id=\"72a92001\" data-element_type=\"widget\" data-e-type=\"widget\" data-widget_type=\"image.default\">\n\t\t\t\t<div class=\"elementor-widget-container\">\n\t\t\t\t\t\t\t\t\t\t\t\t\t\t\t<img loading=\"lazy\" decoding=\"async\" width=\"527\" height=\"456\" src=\"https:\/\/panel-composite.com\/wp-content\/uploads\/2023\/03\/Composite-Remachado-4-Coronacion.jpg\" class=\"attachment-large size-large wp-image-3310\" alt=\"\" srcset=\"https:\/\/panel-composite.com\/wp-content\/uploads\/2023\/03\/Composite-Remachado-4-Coronacion.jpg 527w, https:\/\/panel-composite.com\/wp-content\/uploads\/2023\/03\/Composite-Remachado-4-Coronacion-300x260.jpg 300w\" sizes=\"(max-width: 527px) 100vw, 527px\" title=\"\">\t\t\t\t\t\t\t\t\t\t\t\t\t\t\t<\/div>\n\t\t\t\t<\/div>\n\t\t\t\t<div class=\"elementor-element elementor-element-28e37746 elementor-widget elementor-widget-image\" data-id=\"28e37746\" data-element_type=\"widget\" data-e-type=\"widget\" data-widget_type=\"image.default\">\n\t\t\t\t<div class=\"elementor-widget-container\">\n\t\t\t\t\t\t\t\t\t\t\t\t\t\t\t<img loading=\"lazy\" decoding=\"async\" width=\"529\" height=\"449\" src=\"https:\/\/panel-composite.com\/wp-content\/uploads\/2023\/03\/Composite-Remachado-6-Arranque.jpg\" class=\"attachment-large size-large wp-image-3311\" alt=\"\" srcset=\"https:\/\/panel-composite.com\/wp-content\/uploads\/2023\/03\/Composite-Remachado-6-Arranque.jpg 529w, https:\/\/panel-composite.com\/wp-content\/uploads\/2023\/03\/Composite-Remachado-6-Arranque-300x255.jpg 300w\" sizes=\"(max-width: 529px) 100vw, 529px\" title=\"\">\t\t\t\t\t\t\t\t\t\t\t\t\t\t\t<\/div>\n\t\t\t\t<\/div>\n\t\t\t\t\t<\/div>\n\t\t<\/div>\n\t\t\t\t\t<\/div>\n\t\t<\/section>\n\t\t\t\t<section class=\"elementor-section elementor-top-section elementor-element elementor-element-4acb31a4 elementor-section-boxed elementor-section-height-default elementor-section-height-default\" data-id=\"4acb31a4\" data-element_type=\"section\" data-e-type=\"section\" data-settings=\"{&quot;jet_parallax_layout_list&quot;:[],&quot;background_background&quot;:&quot;classic&quot;}\">\n\t\t\t\t\t\t<div class=\"elementor-container elementor-column-gap-default\">\n\t\t\t\t\t<div class=\"elementor-column elementor-col-50 elementor-top-column elementor-element elementor-element-10804880\" data-id=\"10804880\" data-element_type=\"column\" data-e-type=\"column\" data-settings=\"{&quot;background_background&quot;:&quot;classic&quot;}\">\n\t\t\t<div class=\"elementor-widget-wrap elementor-element-populated\">\n\t\t\t\t\t\t<div class=\"elementor-element elementor-element-27bf4759 elementor-widget elementor-widget-heading\" data-id=\"27bf4759\" data-element_type=\"widget\" data-e-type=\"widget\" data-widget_type=\"heading.default\">\n\t\t\t\t<div class=\"elementor-widget-container\">\n\t\t\t\t\t<h3 class=\"elementor-heading-title elementor-size-default\">DINTELL \/ VIERTEAGUAS<\/h3>\t\t\t\t<\/div>\n\t\t\t\t<\/div>\n\t\t\t\t<div class=\"elementor-element elementor-element-14bf75b5 elementor-widget elementor-widget-image\" data-id=\"14bf75b5\" data-element_type=\"widget\" data-e-type=\"widget\" data-widget_type=\"image.default\">\n\t\t\t\t<div class=\"elementor-widget-container\">\n\t\t\t\t\t\t\t\t\t\t\t\t\t\t\t<img loading=\"lazy\" decoding=\"async\" width=\"530\" height=\"455\" src=\"https:\/\/panel-composite.com\/wp-content\/uploads\/2023\/03\/Composite-Remachado-5-Dintel.jpg\" class=\"attachment-large size-large wp-image-3312\" alt=\"\" srcset=\"https:\/\/panel-composite.com\/wp-content\/uploads\/2023\/03\/Composite-Remachado-5-Dintel.jpg 530w, https:\/\/panel-composite.com\/wp-content\/uploads\/2023\/03\/Composite-Remachado-5-Dintel-300x258.jpg 300w\" sizes=\"(max-width: 530px) 100vw, 530px\" title=\"\">\t\t\t\t\t\t\t\t\t\t\t\t\t\t\t<\/div>\n\t\t\t\t<\/div>\n\t\t\t\t<div class=\"elementor-element elementor-element-5074317f elementor-widget elementor-widget-image\" data-id=\"5074317f\" data-element_type=\"widget\" data-e-type=\"widget\" data-widget_type=\"image.default\">\n\t\t\t\t<div class=\"elementor-widget-container\">\n\t\t\t\t\t\t\t\t\t\t\t\t\t\t\t<img loading=\"lazy\" decoding=\"async\" width=\"530\" height=\"446\" src=\"https:\/\/panel-composite.com\/wp-content\/uploads\/2023\/03\/Composite-Remachado-7-Vierteaguas.jpg\" class=\"attachment-large size-large wp-image-3313\" alt=\"\" srcset=\"https:\/\/panel-composite.com\/wp-content\/uploads\/2023\/03\/Composite-Remachado-7-Vierteaguas.jpg 530w, https:\/\/panel-composite.com\/wp-content\/uploads\/2023\/03\/Composite-Remachado-7-Vierteaguas-300x252.jpg 300w\" sizes=\"(max-width: 530px) 100vw, 530px\" title=\"\">\t\t\t\t\t\t\t\t\t\t\t\t\t\t\t<\/div>\n\t\t\t\t<\/div>\n\t\t\t\t\t<\/div>\n\t\t<\/div>\n\t\t\t\t<div class=\"elementor-column elementor-col-50 elementor-top-column elementor-element elementor-element-4673fcb1\" data-id=\"4673fcb1\" data-element_type=\"column\" data-e-type=\"column\" data-settings=\"{&quot;background_background&quot;:&quot;classic&quot;}\">\n\t\t\t<div class=\"elementor-widget-wrap elementor-element-populated\">\n\t\t\t\t\t\t<div class=\"elementor-element elementor-element-2777d1d6 elementor-widget elementor-widget-heading\" data-id=\"2777d1d6\" data-element_type=\"widget\" data-e-type=\"widget\" data-widget_type=\"heading.default\">\n\t\t\t\t<div class=\"elementor-widget-container\">\n\t\t\t\t\t<h3 class=\"elementor-heading-title elementor-size-default\">JAMBA \/ CANTONADA<\/h3>\t\t\t\t<\/div>\n\t\t\t\t<\/div>\n\t\t\t\t<div class=\"elementor-element elementor-element-6b84045 elementor-widget elementor-widget-image\" data-id=\"6b84045\" data-element_type=\"widget\" data-e-type=\"widget\" data-widget_type=\"image.default\">\n\t\t\t\t<div class=\"elementor-widget-container\">\n\t\t\t\t\t\t\t\t\t\t\t\t\t\t\t<img decoding=\"async\" width=\"524\" height=\"453\" src=\"https:\/\/panel-composite.com\/wp-content\/uploads\/2023\/03\/Composite-Remachado-3-Jamba.jpg\" class=\"attachment-large size-large wp-image-3308\" alt=\"\" srcset=\"https:\/\/panel-composite.com\/wp-content\/uploads\/2023\/03\/Composite-Remachado-3-Jamba.jpg 524w, https:\/\/panel-composite.com\/wp-content\/uploads\/2023\/03\/Composite-Remachado-3-Jamba-300x259.jpg 300w\" sizes=\"(max-width: 524px) 100vw, 524px\" title=\"\">\t\t\t\t\t\t\t\t\t\t\t\t\t\t\t<\/div>\n\t\t\t\t<\/div>\n\t\t\t\t<div class=\"elementor-element elementor-element-6284a795 elementor-widget elementor-widget-image\" data-id=\"6284a795\" data-element_type=\"widget\" data-e-type=\"widget\" data-widget_type=\"image.default\">\n\t\t\t\t<div class=\"elementor-widget-container\">\n\t\t\t\t\t\t\t\t\t\t\t\t\t\t\t<img loading=\"lazy\" decoding=\"async\" width=\"530\" height=\"453\" src=\"https:\/\/panel-composite.com\/wp-content\/uploads\/2023\/03\/Composite-Remachado-8-Esquina.jpg\" class=\"attachment-large size-large wp-image-3314\" alt=\"\" srcset=\"https:\/\/panel-composite.com\/wp-content\/uploads\/2023\/03\/Composite-Remachado-8-Esquina.jpg 530w, https:\/\/panel-composite.com\/wp-content\/uploads\/2023\/03\/Composite-Remachado-8-Esquina-300x256.jpg 300w\" sizes=\"(max-width: 530px) 100vw, 530px\" title=\"\">\t\t\t\t\t\t\t\t\t\t\t\t\t\t\t<\/div>\n\t\t\t\t<\/div>\n\t\t\t\t\t<\/div>\n\t\t<\/div>\n\t\t\t\t\t<\/div>\n\t\t<\/section>\n\t\t\t\t<section class=\"elementor-section elementor-top-section elementor-element elementor-element-1789b30d elementor-section-boxed elementor-section-height-default elementor-section-height-default\" data-id=\"1789b30d\" data-element_type=\"section\" data-e-type=\"section\" data-settings=\"{&quot;jet_parallax_layout_list&quot;:[],&quot;background_background&quot;:&quot;classic&quot;}\">\n\t\t\t\t\t\t<div class=\"elementor-container elementor-column-gap-default\">\n\t\t\t\t\t<div class=\"elementor-column elementor-col-33 elementor-top-column elementor-element elementor-element-599c969f\" data-id=\"599c969f\" data-element_type=\"column\" data-e-type=\"column\">\n\t\t\t<div class=\"elementor-widget-wrap\">\n\t\t\t\t\t\t\t<\/div>\n\t\t<\/div>\n\t\t\t\t<div class=\"elementor-column elementor-col-33 elementor-top-column elementor-element elementor-element-43ec8589\" data-id=\"43ec8589\" data-element_type=\"column\" data-e-type=\"column\" data-settings=\"{&quot;background_background&quot;:&quot;classic&quot;}\">\n\t\t\t<div class=\"elementor-widget-wrap elementor-element-populated\">\n\t\t\t\t\t\t<div class=\"elementor-element elementor-element-45ad8589 elementor-widget elementor-widget-heading\" data-id=\"45ad8589\" data-element_type=\"widget\" data-e-type=\"widget\" data-widget_type=\"heading.default\">\n\t\t\t\t<div class=\"elementor-widget-container\">\n\t\t\t\t\t<h3 class=\"elementor-heading-title elementor-size-default\">LLEGENDA<\/h3>\t\t\t\t<\/div>\n\t\t\t\t<\/div>\n\t\t\t\t<div class=\"elementor-element elementor-element-87fb929 elementor-widget elementor-widget-image\" data-id=\"87fb929\" data-element_type=\"widget\" data-e-type=\"widget\" data-widget_type=\"image.default\">\n\t\t\t\t<div class=\"elementor-widget-container\">\n\t\t\t\t\t\t\t\t\t\t\t\t\t\t\t<img loading=\"lazy\" decoding=\"async\" width=\"510\" height=\"287\" src=\"https:\/\/panel-composite.com\/wp-content\/uploads\/2023\/03\/Composite-Remachado-text.jpg\" class=\"attachment-large size-large wp-image-3315\" alt=\"\" srcset=\"https:\/\/panel-composite.com\/wp-content\/uploads\/2023\/03\/Composite-Remachado-text.jpg 510w, https:\/\/panel-composite.com\/wp-content\/uploads\/2023\/03\/Composite-Remachado-text-300x169.jpg 300w\" sizes=\"(max-width: 510px) 100vw, 510px\" title=\"\">\t\t\t\t\t\t\t\t\t\t\t\t\t\t\t<\/div>\n\t\t\t\t<\/div>\n\t\t\t\t\t<\/div>\n\t\t<\/div>\n\t\t\t\t<div class=\"elementor-column elementor-col-33 elementor-top-column elementor-element elementor-element-1e90f3d1\" data-id=\"1e90f3d1\" data-element_type=\"column\" data-e-type=\"column\">\n\t\t\t<div class=\"elementor-widget-wrap\">\n\t\t\t\t\t\t\t<\/div>\n\t\t<\/div>\n\t\t\t\t\t<\/div>\n\t\t<\/section>\n\t\t\t\t<\/div>\n\t\t","protected":false},"excerpt":{"rendered":"<p>Sistema de reblat per a panells d&#8217;alumini El sistema de fixaci\u00f3 mec\u00e0nica mitjan\u00e7ant reblons \u00e9s la soluci\u00f3 m\u00e9s \u00e0gil i vers\u00e0til per a la instal\u00b7laci\u00f3 de fa\u00e7anes de panell composite. En utilitzar \u00fanicament panell tallat a mida, sense necessitat de conformar safates amb pestanyes, aquest m\u00e8tode elimina qualsevol limitaci\u00f3 creativa al disseny arquitect\u00f2nic. La uni\u00f3 [&hellip;]<\/p>\n","protected":false},"author":13,"featured_media":0,"parent":0,"menu_order":210,"comment_status":"closed","ping_status":"closed","template":"elementor_header_footer","meta":{"footnotes":""},"class_list":["post-4989","page","type-page","status-publish","hentry"],"_links":{"self":[{"href":"https:\/\/panel-composite.com\/ca\/wp-json\/wp\/v2\/pages\/4989","targetHints":{"allow":["GET"]}}],"collection":[{"href":"https:\/\/panel-composite.com\/ca\/wp-json\/wp\/v2\/pages"}],"about":[{"href":"https:\/\/panel-composite.com\/ca\/wp-json\/wp\/v2\/types\/page"}],"author":[{"embeddable":true,"href":"https:\/\/panel-composite.com\/ca\/wp-json\/wp\/v2\/users\/13"}],"replies":[{"embeddable":true,"href":"https:\/\/panel-composite.com\/ca\/wp-json\/wp\/v2\/comments?post=4989"}],"version-history":[{"count":6,"href":"https:\/\/panel-composite.com\/ca\/wp-json\/wp\/v2\/pages\/4989\/revisions"}],"predecessor-version":[{"id":6667,"href":"https:\/\/panel-composite.com\/ca\/wp-json\/wp\/v2\/pages\/4989\/revisions\/6667"}],"wp:attachment":[{"href":"https:\/\/panel-composite.com\/ca\/wp-json\/wp\/v2\/media?parent=4989"}],"curies":[{"name":"wp","href":"https:\/\/api.w.org\/{rel}","templated":true}]}}