{"id":4991,"date":"2023-03-10T09:53:59","date_gmt":"2023-03-10T08:53:59","guid":{"rendered":"https:\/\/www.panel-composite.com\/que-es-el-panell-composite-dalumini\/"},"modified":"2024-01-08T15:39:03","modified_gmt":"2024-01-08T14:39:03","slug":"que-es-el-panell-composite-dalumini","status":"publish","type":"page","link":"https:\/\/panel-composite.com\/ca\/que-es-el-panell-composite-dalumini\/","title":{"rendered":"Qu\u00e8 \u00e9s el panell composite dalumini?"},"content":{"rendered":"\t\t<div data-elementor-type=\"wp-page\" data-elementor-id=\"4991\" class=\"elementor elementor-4991 elementor-3437\" data-elementor-post-type=\"page\">\n\t\t\t\t\t\t<section class=\"elementor-section elementor-top-section elementor-element elementor-element-9dfd3ff elementor-section-boxed elementor-section-height-default elementor-section-height-default\" data-id=\"9dfd3ff\" data-element_type=\"section\" data-e-type=\"section\" data-settings=\"{&quot;jet_parallax_layout_list&quot;:[]}\">\n\t\t\t\t\t\t<div class=\"elementor-container elementor-column-gap-default\">\n\t\t\t\t\t<div class=\"elementor-column elementor-col-100 elementor-top-column elementor-element elementor-element-3077fb0\" data-id=\"3077fb0\" data-element_type=\"column\" data-e-type=\"column\">\n\t\t\t<div class=\"elementor-widget-wrap elementor-element-populated\">\n\t\t\t\t\t\t<div class=\"elementor-element elementor-element-27b90ba elementor-widget elementor-widget-spacer\" data-id=\"27b90ba\" data-element_type=\"widget\" data-e-type=\"widget\" data-widget_type=\"spacer.default\">\n\t\t\t\t<div class=\"elementor-widget-container\">\n\t\t\t\t\t\t\t<div class=\"elementor-spacer\">\n\t\t\t<div class=\"elementor-spacer-inner\"><\/div>\n\t\t<\/div>\n\t\t\t\t\t\t<\/div>\n\t\t\t\t<\/div>\n\t\t\t\t\t<\/div>\n\t\t<\/div>\n\t\t\t\t\t<\/div>\n\t\t<\/section>\n\t\t\t\t<section class=\"elementor-section elementor-top-section elementor-element elementor-element-7871dc2 elementor-section-boxed elementor-section-height-default elementor-section-height-default\" data-id=\"7871dc2\" data-element_type=\"section\" data-e-type=\"section\" data-settings=\"{&quot;jet_parallax_layout_list&quot;:[]}\">\n\t\t\t\t\t\t<div class=\"elementor-container elementor-column-gap-default\">\n\t\t\t\t\t<div class=\"elementor-column elementor-col-50 elementor-top-column elementor-element elementor-element-8a163fa\" data-id=\"8a163fa\" data-element_type=\"column\" data-e-type=\"column\">\n\t\t\t<div class=\"elementor-widget-wrap elementor-element-populated\">\n\t\t\t\t\t\t<div class=\"elementor-element elementor-element-264f993 elementor-widget elementor-widget-heading\" data-id=\"264f993\" data-element_type=\"widget\" data-e-type=\"widget\" data-widget_type=\"heading.default\">\n\t\t\t\t<div class=\"elementor-widget-container\">\n\t\t\t\t\t<h1 class=\"elementor-heading-title elementor-size-default\">Qu\u00e8 \u00e9s el Panell Composite d'Alumini?<\/h1>\t\t\t\t<\/div>\n\t\t\t\t<\/div>\n\t\t\t\t<div class=\"elementor-element elementor-element-64816257 elementor-widget elementor-widget-text-editor\" data-id=\"64816257\" data-element_type=\"widget\" data-e-type=\"widget\" data-widget_type=\"text-editor.default\">\n\t\t\t\t<div class=\"elementor-widget-container\">\n\t\t\t\t\t\t\t\t\t<p>Un material vers\u00e0til utilitzat sovint a la construcci\u00f3, el compost d&#8217;alumini pot ser \u00fatil en una varietat d&#8217;aplicacions, des de fa\u00e7anes ventilades de nova construcci\u00f3 fins a renovacions i projectes de rehabilitaci\u00f3. Aquest producte est\u00e0 format per dues l\u00e0mines dalumini i un nucli base termopl\u00e0stic, normalment compost de polietil\u00e8. \u00c9s lleuger, durador i resistent als impactes, a m\u00e9s d&#8217;oferir un excel\u00b7lent a\u00efllament t\u00e8rmic i ac\u00fastic.<\/p>\n\t\t\t\t\t\t\t\t<\/div>\n\t\t\t\t<\/div>\n\t\t\t\t<div class=\"elementor-element elementor-element-b7444bd elementor-widget elementor-widget-heading\" data-id=\"b7444bd\" data-element_type=\"widget\" data-e-type=\"widget\" data-widget_type=\"heading.default\">\n\t\t\t\t<div class=\"elementor-widget-container\">\n\t\t\t\t\t<h2 class=\"elementor-heading-title elementor-size-default\">Composici\u00f3 del Panell Composite<\/h2>\t\t\t\t<\/div>\n\t\t\t\t<\/div>\n\t\t\t\t<div class=\"elementor-element elementor-element-c230c9f elementor-widget elementor-widget-text-editor\" data-id=\"c230c9f\" data-element_type=\"widget\" data-e-type=\"widget\" data-widget_type=\"text-editor.default\">\n\t\t\t\t<div class=\"elementor-widget-container\">\n\t\t\t\t\t\t\t\t\t<p>La base \u00e9s fonamental per comprendre&#8217;n les caracter\u00edstiques i els atributs. Es compon de dues l\u00e0mines dalumini i una base termopl\u00e0stica interm\u00e8dia, normalment de polietil\u00e8. El proc\u00e9s de fabricaci\u00f3 inclou una l\u00e0mina exterior d&#8217;aliatge d&#8217;alumini 5005 i una l\u00e0mina interior de 3105, dotant el producte d&#8217;una robustesa i resist\u00e8ncia notable. El nucli \u00e9s el responsable de dotar el material de les seves propietats t\u00e8rmiques i ac\u00fastiques, convertint-lo en una gran opci\u00f3 per a projectes de construcci\u00f3, recents i antics.<\/p><p>Els panells compostos dalumini poden ser constru\u00efts amb diferents c\u00e0rregues minerals, que poden alterar la seva composici\u00f3 i propietats. La quantitat de c\u00e0rrega mineral pot afectar les capacitats ign\u00edfugues, la massa i la resist\u00e8ncia general del material. En general, \u00e9s lleuger, durador i resistent als cops, cosa que el converteix en l&#8217;opci\u00f3 preferida d&#8217;arquitectes i constructors que busquen un material robust i de baix manteniment. La composici\u00f3 est\u00e0 meticulosament dissenyada per complir amb els est\u00e0ndards m\u00e9s alts d&#8217;excel\u00b7l\u00e8ncia i efici\u00e8ncia, convertint-lo en una elecci\u00f3 popular per a projectes de construcci\u00f3 a tot el m\u00f3n.<\/p>\t\t\t\t\t\t\t\t<\/div>\n\t\t\t\t<\/div>\n\t\t\t\t<div class=\"elementor-element elementor-element-df5df79 elementor-align-justify elementor-widget elementor-widget-button\" data-id=\"df5df79\" data-element_type=\"widget\" data-e-type=\"widget\" data-widget_type=\"button.default\">\n\t\t\t\t<div class=\"elementor-widget-container\">\n\t\t\t\t\t\t\t\t\t<div class=\"elementor-button-wrapper\">\n\t\t\t\t\t<a class=\"elementor-button elementor-button-link elementor-size-md\" href=\"https:\/\/panel-composite.com\/ca\/colors-i-acabats\/\" target=\"_blank\">\n\t\t\t\t\t\t<span class=\"elementor-button-content-wrapper\">\n\t\t\t\t\t\t\t\t\t<span class=\"elementor-button-text\">DESCOBRA ELS NOSTRES PRODUCTES<\/span>\n\t\t\t\t\t<\/span>\n\t\t\t\t\t<\/a>\n\t\t\t\t<\/div>\n\t\t\t\t\t\t\t\t<\/div>\n\t\t\t\t<\/div>\n\t\t\t\t\t<\/div>\n\t\t<\/div>\n\t\t\t\t<div class=\"elementor-column elementor-col-50 elementor-top-column elementor-element elementor-element-f13c6ad\" data-id=\"f13c6ad\" data-element_type=\"column\" data-e-type=\"column\">\n\t\t\t<div class=\"elementor-widget-wrap elementor-element-populated\">\n\t\t\t\t\t\t<div class=\"elementor-element elementor-element-2a5db08 elementor-widget elementor-widget-image\" data-id=\"2a5db08\" data-element_type=\"widget\" data-e-type=\"widget\" data-widget_type=\"image.default\">\n\t\t\t\t<div class=\"elementor-widget-container\">\n\t\t\t\t\t\t\t\t\t\t\t\t\t\t\t<img fetchpriority=\"high\" decoding=\"async\" width=\"729\" height=\"753\" src=\"https:\/\/panel-composite.com\/wp-content\/uploads\/2023\/03\/Captura-2.jpg\" class=\"attachment-large size-large wp-image-3659\" alt=\"\" srcset=\"https:\/\/panel-composite.com\/wp-content\/uploads\/2023\/03\/Captura-2.jpg 729w, https:\/\/panel-composite.com\/wp-content\/uploads\/2023\/03\/Captura-2-290x300.jpg 290w, https:\/\/panel-composite.com\/wp-content\/uploads\/2023\/03\/Captura-2-600x620.jpg 600w\" sizes=\"(max-width: 729px) 100vw, 729px\" title=\"\">\t\t\t\t\t\t\t\t\t\t\t\t\t\t\t<\/div>\n\t\t\t\t<\/div>\n\t\t\t\t\t<\/div>\n\t\t<\/div>\n\t\t\t\t\t<\/div>\n\t\t<\/section>\n\t\t\t\t<section class=\"elementor-section elementor-top-section elementor-element elementor-element-69b9deb6 elementor-section-boxed elementor-section-height-default elementor-section-height-default\" data-id=\"69b9deb6\" data-element_type=\"section\" data-e-type=\"section\" data-settings=\"{&quot;background_background&quot;:&quot;classic&quot;,&quot;jet_parallax_layout_list&quot;:[]}\">\n\t\t\t\t\t\t\t<div class=\"elementor-background-overlay\"><\/div>\n\t\t\t\t\t\t\t<div class=\"elementor-container elementor-column-gap-default\">\n\t\t\t\t\t<div class=\"elementor-column elementor-col-50 elementor-top-column elementor-element elementor-element-1c6cacf0\" data-id=\"1c6cacf0\" data-element_type=\"column\" data-e-type=\"column\" data-settings=\"{&quot;background_background&quot;:&quot;classic&quot;,&quot;animation&quot;:&quot;none&quot;}\">\n\t\t\t<div class=\"elementor-widget-wrap elementor-element-populated\">\n\t\t\t\t\t\t<section class=\"elementor-section elementor-inner-section elementor-element elementor-element-463996d6 elementor-section-boxed elementor-section-height-default elementor-section-height-default\" data-id=\"463996d6\" data-element_type=\"section\" data-e-type=\"section\" data-settings=\"{&quot;jet_parallax_layout_list&quot;:[]}\">\n\t\t\t\t\t\t<div class=\"elementor-container elementor-column-gap-default\">\n\t\t\t\t\t<div class=\"elementor-column elementor-col-50 elementor-inner-column elementor-element elementor-element-43b4e550\" data-id=\"43b4e550\" data-element_type=\"column\" data-e-type=\"column\">\n\t\t\t<div class=\"elementor-widget-wrap elementor-element-populated\">\n\t\t\t\t\t\t<div class=\"elementor-element elementor-element-32058706 elementor-view-default elementor-widget elementor-widget-icon\" data-id=\"32058706\" data-element_type=\"widget\" data-e-type=\"widget\" data-widget_type=\"icon.default\">\n\t\t\t\t<div class=\"elementor-widget-container\">\n\t\t\t\t\t\t\t<div class=\"elementor-icon-wrapper\">\n\t\t\t<div class=\"elementor-icon\">\n\t\t\t<i aria-hidden=\"true\" class=\"far fa-clock\"><\/i>\t\t\t<\/div>\n\t\t<\/div>\n\t\t\t\t\t\t<\/div>\n\t\t\t\t<\/div>\n\t\t\t\t<div class=\"elementor-element elementor-element-2409bf54 elementor-widget elementor-widget-heading\" data-id=\"2409bf54\" data-element_type=\"widget\" data-e-type=\"widget\" data-widget_type=\"heading.default\">\n\t\t\t\t<div class=\"elementor-widget-container\">\n\t\t\t\t\t<h3 class=\"elementor-heading-title elementor-size-default\">Durabilitat<\/h3>\t\t\t\t<\/div>\n\t\t\t\t<\/div>\n\t\t\t\t<div class=\"elementor-element elementor-element-4f5ec25e elementor-widget elementor-widget-text-editor\" data-id=\"4f5ec25e\" data-element_type=\"widget\" data-e-type=\"widget\" data-widget_type=\"text-editor.default\">\n\t\t\t\t<div class=\"elementor-widget-container\">\n\t\t\t\t\t\t\t\t\t<p>Aquests materials estan dissenyats per suportar situacions dures i resistir els danys fins i tot si es produeix un incendi.<\/p>\n\t\t\t\t\t\t\t\t<\/div>\n\t\t\t\t<\/div>\n\t\t\t\t\t<\/div>\n\t\t<\/div>\n\t\t\t\t<div class=\"elementor-column elementor-col-50 elementor-inner-column elementor-element elementor-element-268bad8c\" data-id=\"268bad8c\" data-element_type=\"column\" data-e-type=\"column\">\n\t\t\t<div class=\"elementor-widget-wrap elementor-element-populated\">\n\t\t\t\t\t\t<div class=\"elementor-element elementor-element-444ad3f3 elementor-view-default elementor-widget elementor-widget-icon\" data-id=\"444ad3f3\" data-element_type=\"widget\" data-e-type=\"widget\" data-widget_type=\"icon.default\">\n\t\t\t\t<div class=\"elementor-widget-container\">\n\t\t\t\t\t\t\t<div class=\"elementor-icon-wrapper\">\n\t\t\t<div class=\"elementor-icon\">\n\t\t\t<i aria-hidden=\"true\" class=\"fas fa-layer-group\"><\/i>\t\t\t<\/div>\n\t\t<\/div>\n\t\t\t\t\t\t<\/div>\n\t\t\t\t<\/div>\n\t\t\t\t<div class=\"elementor-element elementor-element-6f6c00a elementor-widget elementor-widget-heading\" data-id=\"6f6c00a\" data-element_type=\"widget\" data-e-type=\"widget\" data-widget_type=\"heading.default\">\n\t\t\t\t<div class=\"elementor-widget-container\">\n\t\t\t\t\t<h3 class=\"elementor-heading-title elementor-size-default\">Gamma variada<\/h3>\t\t\t\t<\/div>\n\t\t\t\t<\/div>\n\t\t\t\t<div class=\"elementor-element elementor-element-37e32781 elementor-widget elementor-widget-text-editor\" data-id=\"37e32781\" data-element_type=\"widget\" data-e-type=\"widget\" data-widget_type=\"text-editor.default\">\n\t\t\t\t<div class=\"elementor-widget-container\">\n\t\t\t\t\t\t\t\t\t<p>El potencial de personalitzaci\u00f3 \u00e9s un dels beneficis principals de la utilitzaci\u00f3 d&#8217;aquests panells.<\/p>\n\t\t\t\t\t\t\t\t<\/div>\n\t\t\t\t<\/div>\n\t\t\t\t\t<\/div>\n\t\t<\/div>\n\t\t\t\t\t<\/div>\n\t\t<\/section>\n\t\t\t\t<section class=\"elementor-section elementor-inner-section elementor-element elementor-element-11549647 elementor-section-boxed elementor-section-height-default elementor-section-height-default\" data-id=\"11549647\" data-element_type=\"section\" data-e-type=\"section\" data-settings=\"{&quot;jet_parallax_layout_list&quot;:[]}\">\n\t\t\t\t\t\t<div class=\"elementor-container elementor-column-gap-default\">\n\t\t\t\t\t<div class=\"elementor-column elementor-col-50 elementor-inner-column elementor-element elementor-element-564b427d\" data-id=\"564b427d\" data-element_type=\"column\" data-e-type=\"column\">\n\t\t\t<div class=\"elementor-widget-wrap elementor-element-populated\">\n\t\t\t\t\t\t<div class=\"elementor-element elementor-element-6c1eb2bd elementor-view-default elementor-widget elementor-widget-icon\" data-id=\"6c1eb2bd\" data-element_type=\"widget\" data-e-type=\"widget\" data-widget_type=\"icon.default\">\n\t\t\t\t<div class=\"elementor-widget-container\">\n\t\t\t\t\t\t\t<div class=\"elementor-icon-wrapper\">\n\t\t\t<div class=\"elementor-icon\">\n\t\t\t<i aria-hidden=\"true\" class=\"fas fa-fast-forward\"><\/i>\t\t\t<\/div>\n\t\t<\/div>\n\t\t\t\t\t\t<\/div>\n\t\t\t\t<\/div>\n\t\t\t\t<div class=\"elementor-element elementor-element-36613ae elementor-widget elementor-widget-heading\" data-id=\"36613ae\" data-element_type=\"widget\" data-e-type=\"widget\" data-widget_type=\"heading.default\">\n\t\t\t\t<div class=\"elementor-widget-container\">\n\t\t\t\t\t<h3 class=\"elementor-heading-title elementor-size-default\">Muntatge R\u00e0pid<\/h3>\t\t\t\t<\/div>\n\t\t\t\t<\/div>\n\t\t\t\t<div class=\"elementor-element elementor-element-337a73b1 elementor-widget elementor-widget-text-editor\" data-id=\"337a73b1\" data-element_type=\"widget\" data-e-type=\"widget\" data-widget_type=\"text-editor.default\">\n\t\t\t\t<div class=\"elementor-widget-container\">\n\t\t\t\t\t\t\t\t\t<p>La facilitat de transport i instal\u00b7laci\u00f3 pot reduir el temps i la m\u00e0 d&#8217;obra necessaris, estalviant diners i esfor\u00e7.<\/p>\n\t\t\t\t\t\t\t\t<\/div>\n\t\t\t\t<\/div>\n\t\t\t\t\t<\/div>\n\t\t<\/div>\n\t\t\t\t<div class=\"elementor-column elementor-col-50 elementor-inner-column elementor-element elementor-element-6d5f1a33\" data-id=\"6d5f1a33\" data-element_type=\"column\" data-e-type=\"column\">\n\t\t\t<div class=\"elementor-widget-wrap elementor-element-populated\">\n\t\t\t\t\t\t<div class=\"elementor-element elementor-element-38a912ad elementor-view-default elementor-widget elementor-widget-icon\" data-id=\"38a912ad\" data-element_type=\"widget\" data-e-type=\"widget\" data-widget_type=\"icon.default\">\n\t\t\t\t<div class=\"elementor-widget-container\">\n\t\t\t\t\t\t\t<div class=\"elementor-icon-wrapper\">\n\t\t\t<div class=\"elementor-icon\">\n\t\t\t<i aria-hidden=\"true\" class=\"fas fa-border-style\"><\/i>\t\t\t<\/div>\n\t\t<\/div>\n\t\t\t\t\t\t<\/div>\n\t\t\t\t<\/div>\n\t\t\t\t<div class=\"elementor-element elementor-element-3d10c85 elementor-widget elementor-widget-heading\" data-id=\"3d10c85\" data-element_type=\"widget\" data-e-type=\"widget\" data-widget_type=\"heading.default\">\n\t\t\t\t<div class=\"elementor-widget-container\">\n\t\t\t\t\t<h3 class=\"elementor-heading-title elementor-size-default\">Disseny a mida<\/h3>\t\t\t\t<\/div>\n\t\t\t\t<\/div>\n\t\t\t\t<div class=\"elementor-element elementor-element-3dfc9f43 elementor-widget elementor-widget-text-editor\" data-id=\"3dfc9f43\" data-element_type=\"widget\" data-e-type=\"widget\" data-widget_type=\"text-editor.default\">\n\t\t\t\t<div class=\"elementor-widget-container\">\n\t\t\t\t\t\t\t\t\t<p>Un ampli espectre de colors i textures fan que aquest material de construcci\u00f3 sigui una opci\u00f3 atractiva per a arquitectes, dissenyadors i constructors.<\/p>\n\t\t\t\t\t\t\t\t<\/div>\n\t\t\t\t<\/div>\n\t\t\t\t\t<\/div>\n\t\t<\/div>\n\t\t\t\t\t<\/div>\n\t\t<\/section>\n\t\t\t\t<section class=\"elementor-section elementor-inner-section elementor-element elementor-element-04d2178 elementor-section-boxed elementor-section-height-default elementor-section-height-default\" data-id=\"04d2178\" data-element_type=\"section\" data-e-type=\"section\" data-settings=\"{&quot;jet_parallax_layout_list&quot;:[]}\">\n\t\t\t\t\t\t<div class=\"elementor-container elementor-column-gap-default\">\n\t\t\t\t\t<div class=\"elementor-column elementor-col-50 elementor-inner-column elementor-element elementor-element-d722c4a\" data-id=\"d722c4a\" data-element_type=\"column\" data-e-type=\"column\">\n\t\t\t<div class=\"elementor-widget-wrap elementor-element-populated\">\n\t\t\t\t\t\t<div class=\"elementor-element elementor-element-4c0ef53 elementor-view-default elementor-widget elementor-widget-icon\" data-id=\"4c0ef53\" data-element_type=\"widget\" data-e-type=\"widget\" data-widget_type=\"icon.default\">\n\t\t\t\t<div class=\"elementor-widget-container\">\n\t\t\t\t\t\t\t<div class=\"elementor-icon-wrapper\">\n\t\t\t<div class=\"elementor-icon\">\n\t\t\t<i aria-hidden=\"true\" class=\"fas fa-cloud-sun-rain\"><\/i>\t\t\t<\/div>\n\t\t<\/div>\n\t\t\t\t\t\t<\/div>\n\t\t\t\t<\/div>\n\t\t\t\t<div class=\"elementor-element elementor-element-6a753f3 elementor-widget elementor-widget-heading\" data-id=\"6a753f3\" data-element_type=\"widget\" data-e-type=\"widget\" data-widget_type=\"heading.default\">\n\t\t\t\t<div class=\"elementor-widget-container\">\n\t\t\t\t\t<h3 class=\"elementor-heading-title elementor-size-default\">Resistent a exteriors<\/h3>\t\t\t\t<\/div>\n\t\t\t\t<\/div>\n\t\t\t\t<div class=\"elementor-element elementor-element-e7f20c9 elementor-widget elementor-widget-text-editor\" data-id=\"e7f20c9\" data-element_type=\"widget\" data-e-type=\"widget\" data-widget_type=\"text-editor.default\">\n\t\t\t\t<div class=\"elementor-widget-container\">\n\t\t\t\t\t\t\t\t\t<p>Les caracter\u00edstiques de resist\u00e8ncia a la intemp\u00e8rie d\u201faquests materials els converteixen en una opci\u00f3 excel\u00b7lent tant per a exteriors com per a interiors.  <\/p>\n\t\t\t\t\t\t\t\t<\/div>\n\t\t\t\t<\/div>\n\t\t\t\t\t<\/div>\n\t\t<\/div>\n\t\t\t\t<div class=\"elementor-column elementor-col-50 elementor-inner-column elementor-element elementor-element-aac6afd\" data-id=\"aac6afd\" data-element_type=\"column\" data-e-type=\"column\">\n\t\t\t<div class=\"elementor-widget-wrap elementor-element-populated\">\n\t\t\t\t\t\t<div class=\"elementor-element elementor-element-6c5fee4 elementor-view-default elementor-widget elementor-widget-icon\" data-id=\"6c5fee4\" data-element_type=\"widget\" data-e-type=\"widget\" data-widget_type=\"icon.default\">\n\t\t\t\t<div class=\"elementor-widget-container\">\n\t\t\t\t\t\t\t<div class=\"elementor-icon-wrapper\">\n\t\t\t<div class=\"elementor-icon\">\n\t\t\t<i aria-hidden=\"true\" class=\"far fa-arrow-alt-circle-down\"><\/i>\t\t\t<\/div>\n\t\t<\/div>\n\t\t\t\t\t\t<\/div>\n\t\t\t\t<\/div>\n\t\t\t\t<div class=\"elementor-element elementor-element-1c5faf9 elementor-widget elementor-widget-heading\" data-id=\"1c5faf9\" data-element_type=\"widget\" data-e-type=\"widget\" data-widget_type=\"heading.default\">\n\t\t\t\t<div class=\"elementor-widget-container\">\n\t\t\t\t\t<h3 class=\"elementor-heading-title elementor-size-default\">Manteniment Redu\u00eft<\/h3>\t\t\t\t<\/div>\n\t\t\t\t<\/div>\n\t\t\t\t<div class=\"elementor-element elementor-element-4e95e5e elementor-widget elementor-widget-text-editor\" data-id=\"4e95e5e\" data-element_type=\"widget\" data-e-type=\"widget\" data-widget_type=\"text-editor.default\">\n\t\t\t\t<div class=\"elementor-widget-container\">\n\t\t\t\t\t\t\t\t\t<p>Per als que busquen materials de construcci\u00f3 duradors i rendibles, els panells compostos dalumini s\u00f3n una excel\u00b7lent opci\u00f3.  <\/p>\n\t\t\t\t\t\t\t\t<\/div>\n\t\t\t\t<\/div>\n\t\t\t\t\t<\/div>\n\t\t<\/div>\n\t\t\t\t\t<\/div>\n\t\t<\/section>\n\t\t\t\t\t<\/div>\n\t\t<\/div>\n\t\t\t\t<div class=\"elementor-column elementor-col-50 elementor-top-column elementor-element elementor-element-6b23ec08\" data-id=\"6b23ec08\" data-element_type=\"column\" data-e-type=\"column\">\n\t\t\t<div class=\"elementor-widget-wrap elementor-element-populated\">\n\t\t\t\t\t\t<div class=\"elementor-element elementor-element-0a780e7 elementor-widget elementor-widget-heading\" data-id=\"0a780e7\" data-element_type=\"widget\" data-e-type=\"widget\" data-widget_type=\"heading.default\">\n\t\t\t\t<div class=\"elementor-widget-container\">\n\t\t\t\t\t<h2 class=\"elementor-heading-title elementor-size-default\">Avantatges del Panell Composite<\/h2>\t\t\t\t<\/div>\n\t\t\t\t<\/div>\n\t\t\t\t<div class=\"elementor-element elementor-element-add15fc elementor-widget elementor-widget-text-editor\" data-id=\"add15fc\" data-element_type=\"widget\" data-e-type=\"widget\" data-widget_type=\"text-editor.default\">\n\t\t\t\t<div class=\"elementor-widget-container\">\n\t\t\t\t\t\t\t\t\t<p>Els panells compostos dalumini ofereixen una \u00e0mplia gamma de beneficis que els converteixen en una opci\u00f3 popular tant per aplicacions interiors com exteriors. Des de les propietats lleugeres i f\u00e0cils de manejar fins a la resist\u00e8ncia al foc i als impactes, aquests panells no nom\u00e9s s\u00f3n duradors i rendibles, sin\u00f3 que tamb\u00e9 ofereixen una varietat d&#8217;acabats i colors que els materials tradicionals no poden igualar. Amb les seves propietats a\u00efllants millorades i la seva gran rigidesa, els panells d&#8217;alumini compost s\u00f3n una opci\u00f3 vers\u00e0til que es pot modelar, perforar, reblar o cargolar, cosa que els converteix en una opci\u00f3 excel\u00b7lent per a qualsevol projecte.<\/p>\n<p>El plaf\u00f3 compost d&#8217;alumini \u00e9s un material vers\u00e0til i fiable amb nombrosos avantatges. Ofereix propietats de resist\u00e8ncia a la intemp\u00e8rie i lleugeresa, una \u00e0mplia gamma d&#8217;acabats i colors i requereix un manteniment m\u00ednim durant una llarga vida \u00fatil. Es pot modelar, perforar, reblar, encunyar o cargolar, i proporciona a\u00efllament t\u00e8rmic i ac\u00fastic. A m\u00e9s, \u00e9s resistent al foc i als impactes, i la seva composici\u00f3 permet una f\u00e0cil manipulaci\u00f3 i instal\u00b7laci\u00f3. Gr\u00e0cies a la seva popularitat per a la impressi\u00f3 digital ia la seva disponibilitat en mides est\u00e0ndard i no est\u00e0ndard, el panell compost d&#8217;alumini continua sent una opci\u00f3 de primer ordre per a diverses aplicacions al sector de la construcci\u00f3.<\/p>\n\t\t\t\t\t\t\t\t<\/div>\n\t\t\t\t<\/div>\n\t\t\t\t<div class=\"elementor-element elementor-element-dfe8f3d elementor-align-justify elementor-widget elementor-widget-button\" data-id=\"dfe8f3d\" data-element_type=\"widget\" data-e-type=\"widget\" data-widget_type=\"button.default\">\n\t\t\t\t<div class=\"elementor-widget-container\">\n\t\t\t\t\t\t\t\t\t<div class=\"elementor-button-wrapper\">\n\t\t\t\t\t<a class=\"elementor-button elementor-button-link elementor-size-md\" href=\"https:\/\/panel-composite.com\/ca\/colors-i-acabats\/\" target=\"_blank\">\n\t\t\t\t\t\t<span class=\"elementor-button-content-wrapper\">\n\t\t\t\t\t\t\t\t\t<span class=\"elementor-button-text\">DESCOBRA ELS NOSTRES PRODUCTES<\/span>\n\t\t\t\t\t<\/span>\n\t\t\t\t\t<\/a>\n\t\t\t\t<\/div>\n\t\t\t\t\t\t\t\t<\/div>\n\t\t\t\t<\/div>\n\t\t\t\t\t<\/div>\n\t\t<\/div>\n\t\t\t\t\t<\/div>\n\t\t<\/section>\n\t\t\t\t<\/div>\n\t\t","protected":false},"excerpt":{"rendered":"<p>Qu\u00e8 \u00e9s el Panell Composite d&#8217;Alumini? Un material vers\u00e0til utilitzat sovint a la construcci\u00f3, el compost d&#8217;alumini pot ser \u00fatil en una varietat d&#8217;aplicacions, des de fa\u00e7anes ventilades de nova construcci\u00f3 fins a renovacions i projectes de rehabilitaci\u00f3. Aquest producte est\u00e0 format per dues l\u00e0mines dalumini i un nucli base termopl\u00e0stic, normalment compost de polietil\u00e8. [&hellip;]<\/p>\n","protected":false},"author":13,"featured_media":0,"parent":0,"menu_order":0,"comment_status":"closed","ping_status":"closed","template":"","meta":{"footnotes":""},"class_list":["post-4991","page","type-page","status-publish","hentry"],"_links":{"self":[{"href":"https:\/\/panel-composite.com\/ca\/wp-json\/wp\/v2\/pages\/4991","targetHints":{"allow":["GET"]}}],"collection":[{"href":"https:\/\/panel-composite.com\/ca\/wp-json\/wp\/v2\/pages"}],"about":[{"href":"https:\/\/panel-composite.com\/ca\/wp-json\/wp\/v2\/types\/page"}],"author":[{"embeddable":true,"href":"https:\/\/panel-composite.com\/ca\/wp-json\/wp\/v2\/users\/13"}],"replies":[{"embeddable":true,"href":"https:\/\/panel-composite.com\/ca\/wp-json\/wp\/v2\/comments?post=4991"}],"version-history":[{"count":6,"href":"https:\/\/panel-composite.com\/ca\/wp-json\/wp\/v2\/pages\/4991\/revisions"}],"predecessor-version":[{"id":5309,"href":"https:\/\/panel-composite.com\/ca\/wp-json\/wp\/v2\/pages\/4991\/revisions\/5309"}],"wp:attachment":[{"href":"https:\/\/panel-composite.com\/ca\/wp-json\/wp\/v2\/media?parent=4991"}],"curies":[{"name":"wp","href":"https:\/\/api.w.org\/{rel}","templated":true}]}}