{"id":5000,"date":"2023-02-08T17:15:15","date_gmt":"2023-02-08T16:15:15","guid":{"rendered":"https:\/\/www.panel-composite.com\/sistemes-de-muntatge\/"},"modified":"2026-01-19T05:28:12","modified_gmt":"2026-01-19T04:28:12","slug":"sistemes-de-muntatge","status":"publish","type":"page","link":"https:\/\/panel-composite.com\/ca\/sistemes-de-muntatge\/","title":{"rendered":"Sistemes de Muntatge per a Panell Composite Alucobond"},"content":{"rendered":"\t\t<div data-elementor-type=\"wp-page\" data-elementor-id=\"5000\" class=\"elementor elementor-5000 elementor-2563\" data-elementor-post-type=\"page\">\n\t\t\t\t\t\t<section class=\"elementor-section elementor-top-section elementor-element elementor-element-a49fb47 elementor-section-boxed elementor-section-height-default elementor-section-height-default\" data-id=\"a49fb47\" data-element_type=\"section\" data-e-type=\"section\" data-settings=\"{&quot;jet_parallax_layout_list&quot;:[]}\">\n\t\t\t\t\t\t<div class=\"elementor-container elementor-column-gap-default\">\n\t\t\t\t\t<div class=\"elementor-column elementor-col-100 elementor-top-column elementor-element elementor-element-fe03a75\" data-id=\"fe03a75\" data-element_type=\"column\" data-e-type=\"column\">\n\t\t\t<div class=\"elementor-widget-wrap elementor-element-populated\">\n\t\t\t\t\t\t<div class=\"elementor-element elementor-element-4cdb6f0 elementor-widget elementor-widget-heading\" data-id=\"4cdb6f0\" data-element_type=\"widget\" data-e-type=\"widget\" data-widget_type=\"heading.default\">\n\t\t\t\t<div class=\"elementor-widget-container\">\n\t\t\t\t\t<h1 class=\"elementor-heading-title elementor-size-default\">Sistemes de muntatge per a panell composite Alucobond<\/h1>\t\t\t\t<\/div>\n\t\t\t\t<\/div>\n\t\t\t\t<div class=\"elementor-element elementor-element-f00f0df elementor-widget elementor-widget-text-editor\" data-id=\"f00f0df\" data-element_type=\"widget\" data-e-type=\"widget\" data-widget_type=\"text-editor.default\">\n\t\t\t\t<div class=\"elementor-widget-container\">\n\t\t\t\t\t\t\t\t\t<p><b data-path-to-node=\"4\" data-index-in-node=\"0\">Subministrem solucions integrals per a fa\u00e7anes: des del panell composite fins a tots els accessoris de fixaci\u00f3 i subestructures necess\u00e0ries per al vostre projecte.<\/b>  Optimitzeu els temps d&#8217;execuci\u00f3 i garantiu la m\u00e0xima durabilitat de l&#8217;envolupant triant el sistema de muntatge que millor s&#8217;adapti als vostres requisits t\u00e8cnics i est\u00e8tics.<\/p>\n\t\t\t\t\t\t\t\t<\/div>\n\t\t\t\t<\/div>\n\t\t\t\t\t<\/div>\n\t\t<\/div>\n\t\t\t\t\t<\/div>\n\t\t<\/section>\n\t\t\t\t<section class=\"elementor-section elementor-top-section elementor-element elementor-element-4d4e1bda elementor-section-content-middle elementor-reverse-mobile elementor-reverse-tablet elementor-section-boxed elementor-section-height-default elementor-section-height-default\" data-id=\"4d4e1bda\" data-element_type=\"section\" data-e-type=\"section\" data-settings=\"{&quot;jet_parallax_layout_list&quot;:[]}\">\n\t\t\t\t\t\t<div class=\"elementor-container elementor-column-gap-no\">\n\t\t\t\t\t<div class=\"elementor-column elementor-col-50 elementor-top-column elementor-element elementor-element-4f8faf9\" data-id=\"4f8faf9\" data-element_type=\"column\" data-e-type=\"column\">\n\t\t\t<div class=\"elementor-widget-wrap elementor-element-populated\">\n\t\t\t\t\t\t<div class=\"elementor-element elementor-element-19096543 elementor-widget elementor-widget-image\" data-id=\"19096543\" data-element_type=\"widget\" data-e-type=\"widget\" data-widget_type=\"image.default\">\n\t\t\t\t<div class=\"elementor-widget-container\">\n\t\t\t\t\t\t\t\t\t\t\t\t\t\t\t<img fetchpriority=\"high\" decoding=\"async\" width=\"800\" height=\"800\" src=\"https:\/\/panel-composite.com\/wp-content\/uploads\/2023\/03\/montaje1.png\" class=\"attachment-large size-large wp-image-3646\" alt=\"\" srcset=\"https:\/\/panel-composite.com\/wp-content\/uploads\/2023\/03\/montaje1.png 1000w, https:\/\/panel-composite.com\/wp-content\/uploads\/2023\/03\/montaje1-300x300.png 300w, https:\/\/panel-composite.com\/wp-content\/uploads\/2023\/03\/montaje1-150x150.png 150w, https:\/\/panel-composite.com\/wp-content\/uploads\/2023\/03\/montaje1-768x768.png 768w, https:\/\/panel-composite.com\/wp-content\/uploads\/2023\/03\/montaje1-600x600.png 600w, https:\/\/panel-composite.com\/wp-content\/uploads\/2023\/03\/montaje1-100x100.png 100w\" sizes=\"(max-width: 800px) 100vw, 800px\" title=\"\">\t\t\t\t\t\t\t\t\t\t\t\t\t\t\t<\/div>\n\t\t\t\t<\/div>\n\t\t\t\t\t<\/div>\n\t\t<\/div>\n\t\t\t\t<div class=\"elementor-column elementor-col-50 elementor-top-column elementor-element elementor-element-36b2e5dc\" data-id=\"36b2e5dc\" data-element_type=\"column\" data-e-type=\"column\">\n\t\t\t<div class=\"elementor-widget-wrap elementor-element-populated\">\n\t\t\t\t\t\t<div class=\"elementor-element elementor-element-3bbe3f66 elementor-widget elementor-widget-heading\" data-id=\"3bbe3f66\" data-element_type=\"widget\" data-e-type=\"widget\" data-widget_type=\"heading.default\">\n\t\t\t\t<div class=\"elementor-widget-container\">\n\t\t\t\t\t<h2 class=\"elementor-heading-title elementor-size-default\">Sistema Bota (Suspensi\u00f3)<\/h2>\t\t\t\t<\/div>\n\t\t\t\t<\/div>\n\t\t\t\t<div class=\"elementor-element elementor-element-2720da1b elementor-widget elementor-widget-text-editor\" data-id=\"2720da1b\" data-element_type=\"widget\" data-e-type=\"widget\" data-widget_type=\"text-editor.default\">\n\t\t\t\t<div class=\"elementor-widget-container\">\n\t\t\t\t\t\t\t\t\t<p data-path-to-node=\"7\">El <b data-path-to-node=\"7\" data-index-in-node=\"3\">sistema de cassets o safates<\/b> per suspensi\u00f3 \u00e9s la soluci\u00f3 l\u00edder per a projectes que requereixen una instal\u00b7laci\u00f3 r\u00e0pida i lleugeresa estructural. Aquest m\u00e8tode garanteix una transici\u00f3 de c\u00e0rrega \u00f2ptima i una ventilaci\u00f3 eficient de la fa\u00e7ana.<\/p>\n<ul data-path-to-node=\"8\">\n<li>\n<p data-path-to-node=\"8,0,0\"><b data-path-to-node=\"8,0,0\" data-index-in-node=\"0\">Aplicaci\u00f3 t\u00e8cnica:<\/b> Dissenyat espec\u00edficament per a <b data-path-to-node=\"8,0,0\" data-index-in-node=\"50\">fa\u00e7anes amb safates verticals<\/b> superiors a 700 mm.<\/p>\n<\/li>\n<li>\n<p data-path-to-node=\"8,1,0\"><b data-path-to-node=\"8,1,0\" data-index-in-node=\"0\">Refor\u00e7 estructural:<\/b> Permet l&#8217;\u00fas de rigiditzadors intermedis i penges a perfils d&#8217;alumini, assegurant la planimetria perfecta del <b data-path-to-node=\"8,1,0\" data-index-in-node=\"140\">panell composite Alucobond<\/b> .<\/p>\n<\/li>\n<\/ul>\n\t\t\t\t\t\t\t\t<\/div>\n\t\t\t\t<\/div>\n\t\t\t\t<div class=\"elementor-element elementor-element-e1d5fe6 elementor-align-center elementor-widget elementor-widget-button\" data-id=\"e1d5fe6\" data-element_type=\"widget\" data-e-type=\"widget\" data-widget_type=\"button.default\">\n\t\t\t\t<div class=\"elementor-widget-container\">\n\t\t\t\t\t\t\t\t\t<div class=\"elementor-button-wrapper\">\n\t\t\t\t\t<a class=\"elementor-button elementor-button-link elementor-size-md\" href=\"https:\/\/panel-composite.com\/ca\/sistema-bota\/\" target=\"_blank\">\n\t\t\t\t\t\t<span class=\"elementor-button-content-wrapper\">\n\t\t\t\t\t\t\t\t\t<span class=\"elementor-button-text\">VEURE DETALLS<\/span>\n\t\t\t\t\t<\/span>\n\t\t\t\t\t<\/a>\n\t\t\t\t<\/div>\n\t\t\t\t\t\t\t\t<\/div>\n\t\t\t\t<\/div>\n\t\t\t\t\t<\/div>\n\t\t<\/div>\n\t\t\t\t\t<\/div>\n\t\t<\/section>\n\t\t\t\t<section class=\"elementor-section elementor-top-section elementor-element elementor-element-91eeb05 elementor-section-content-middle elementor-section-full_width elementor-reverse-mobile elementor-reverse-tablet elementor-section-height-default elementor-section-height-default\" data-id=\"91eeb05\" data-element_type=\"section\" data-e-type=\"section\" data-settings=\"{&quot;jet_parallax_layout_list&quot;:[],&quot;background_background&quot;:&quot;classic&quot;}\">\n\t\t\t\t\t\t<div class=\"elementor-container elementor-column-gap-no\">\n\t\t\t\t\t<div class=\"elementor-column elementor-col-50 elementor-top-column elementor-element elementor-element-29271e6\" data-id=\"29271e6\" data-element_type=\"column\" data-e-type=\"column\">\n\t\t\t<div class=\"elementor-widget-wrap elementor-element-populated\">\n\t\t\t\t\t\t<div class=\"elementor-element elementor-element-4a88f4e elementor-widget elementor-widget-heading\" data-id=\"4a88f4e\" data-element_type=\"widget\" data-e-type=\"widget\" data-widget_type=\"heading.default\">\n\t\t\t\t<div class=\"elementor-widget-container\">\n\t\t\t\t\t<h2 class=\"elementor-heading-title elementor-size-default\">Sistema enganxat<\/h2>\t\t\t\t<\/div>\n\t\t\t\t<\/div>\n\t\t\t\t<div class=\"elementor-element elementor-element-d89457a elementor-widget elementor-widget-text-editor\" data-id=\"d89457a\" data-element_type=\"widget\" data-e-type=\"widget\" data-widget_type=\"text-editor.default\">\n\t\t\t\t<div class=\"elementor-widget-container\">\n\t\t\t\t\t\t\t\t\t<p data-path-to-node=\"11\">Aconsegueixi una est\u00e8tica minimalista i avantguardista amb el <b data-path-to-node=\"11\" data-index-in-node=\"55\">sistema de fixaci\u00f3 qu\u00edmica (enganxat)<\/b> . En no requerir safates conformades amb pestanyes, aquest m\u00e8tode permet treballar directament amb el panell tallat, eliminant restriccions de disseny.<\/p>\n<ul data-path-to-node=\"12\">\n<li>\n<p data-path-to-node=\"12,0,0\"><b data-path-to-node=\"12,0,0\" data-index-in-node=\"0\">Est\u00e8tica premium:<\/b> Ideal per a geometritzacions complexes i combinacions amb falsos sostres, aportant una soluci\u00f3 visualment cont\u00ednua i homog\u00e8nia.<\/p>\n<\/li>\n<li>\n<p data-path-to-node=\"12,1,0\"><b data-path-to-node=\"12,1,0\" data-index-in-node=\"0\">Versatilitat absoluta:<\/b> Perfecte per a rehabilitacions i obres noves on es busca una <b data-path-to-node=\"12,1,0\" data-index-in-node=\"88\">fa\u00e7ana ventilada<\/b> de disseny net i sense fixacions vistes.<\/p>\n<\/li>\n<\/ul>\n\t\t\t\t\t\t\t\t<\/div>\n\t\t\t\t<\/div>\n\t\t\t\t<div class=\"elementor-element elementor-element-55ce1e6 elementor-align-center elementor-widget elementor-widget-button\" data-id=\"55ce1e6\" data-element_type=\"widget\" data-e-type=\"widget\" data-widget_type=\"button.default\">\n\t\t\t\t<div class=\"elementor-widget-container\">\n\t\t\t\t\t\t\t\t\t<div class=\"elementor-button-wrapper\">\n\t\t\t\t\t<a class=\"elementor-button elementor-button-link elementor-size-md\" href=\"https:\/\/panel-composite.com\/ca\/sistema-enganxat\/\" target=\"_blank\">\n\t\t\t\t\t\t<span class=\"elementor-button-content-wrapper\">\n\t\t\t\t\t\t\t\t\t<span class=\"elementor-button-text\">VEURE DETALLS<\/span>\n\t\t\t\t\t<\/span>\n\t\t\t\t\t<\/a>\n\t\t\t\t<\/div>\n\t\t\t\t\t\t\t\t<\/div>\n\t\t\t\t<\/div>\n\t\t\t\t\t<\/div>\n\t\t<\/div>\n\t\t\t\t<div class=\"elementor-column elementor-col-50 elementor-top-column elementor-element elementor-element-56c8106\" data-id=\"56c8106\" data-element_type=\"column\" data-e-type=\"column\">\n\t\t\t<div class=\"elementor-widget-wrap elementor-element-populated\">\n\t\t\t\t\t\t<div class=\"elementor-element elementor-element-4bfaa3e elementor-widget elementor-widget-image\" data-id=\"4bfaa3e\" data-element_type=\"widget\" data-e-type=\"widget\" data-widget_type=\"image.default\">\n\t\t\t\t<div class=\"elementor-widget-container\">\n\t\t\t\t\t\t\t\t\t\t\t\t\t\t\t<img decoding=\"async\" width=\"800\" height=\"800\" data-src=\"https:\/\/panel-composite.com\/wp-content\/uploads\/2023\/03\/pegado.png\" class=\"attachment-large size-large wp-image-3648 lazyload\" alt=\"\" data-srcset=\"https:\/\/panel-composite.com\/wp-content\/uploads\/2023\/03\/pegado.png 1000w, https:\/\/panel-composite.com\/wp-content\/uploads\/2023\/03\/pegado-300x300.png 300w, https:\/\/panel-composite.com\/wp-content\/uploads\/2023\/03\/pegado-150x150.png 150w, https:\/\/panel-composite.com\/wp-content\/uploads\/2023\/03\/pegado-768x768.png 768w, https:\/\/panel-composite.com\/wp-content\/uploads\/2023\/03\/pegado-600x600.png 600w, https:\/\/panel-composite.com\/wp-content\/uploads\/2023\/03\/pegado-100x100.png 100w\" data-sizes=\"(max-width: 800px) 100vw, 800px\" title=\"\" src=\"data:image\/svg+xml;base64,PHN2ZyB3aWR0aD0iMSIgaGVpZ2h0PSIxIiB4bWxucz0iaHR0cDovL3d3dy53My5vcmcvMjAwMC9zdmciPjwvc3ZnPg==\" style=\"--smush-placeholder-width: 800px; --smush-placeholder-aspect-ratio: 800\/800;\">\t\t\t\t\t\t\t\t\t\t\t\t\t\t\t<\/div>\n\t\t\t\t<\/div>\n\t\t\t\t\t<\/div>\n\t\t<\/div>\n\t\t\t\t\t<\/div>\n\t\t<\/section>\n\t\t\t\t<section class=\"elementor-section elementor-top-section elementor-element elementor-element-3163c4b elementor-section-content-middle elementor-section-full_width elementor-reverse-mobile elementor-reverse-tablet elementor-section-height-default elementor-section-height-default\" data-id=\"3163c4b\" data-element_type=\"section\" data-e-type=\"section\" data-settings=\"{&quot;jet_parallax_layout_list&quot;:[]}\">\n\t\t\t\t\t\t<div class=\"elementor-container elementor-column-gap-no\">\n\t\t\t\t\t<div class=\"elementor-column elementor-col-50 elementor-top-column elementor-element elementor-element-174d47e\" data-id=\"174d47e\" data-element_type=\"column\" data-e-type=\"column\">\n\t\t\t<div class=\"elementor-widget-wrap elementor-element-populated\">\n\t\t\t\t\t\t<div class=\"elementor-element elementor-element-b5c8c6e elementor-widget elementor-widget-image\" data-id=\"b5c8c6e\" data-element_type=\"widget\" data-e-type=\"widget\" data-widget_type=\"image.default\">\n\t\t\t\t<div class=\"elementor-widget-container\">\n\t\t\t\t\t\t\t\t\t\t\t\t\t\t\t<img decoding=\"async\" width=\"800\" height=\"800\" data-src=\"https:\/\/panel-composite.com\/wp-content\/uploads\/2023\/03\/remachado.png\" class=\"attachment-large size-large wp-image-3647 lazyload\" alt=\"\" data-srcset=\"https:\/\/panel-composite.com\/wp-content\/uploads\/2023\/03\/remachado.png 1000w, https:\/\/panel-composite.com\/wp-content\/uploads\/2023\/03\/remachado-300x300.png 300w, https:\/\/panel-composite.com\/wp-content\/uploads\/2023\/03\/remachado-150x150.png 150w, https:\/\/panel-composite.com\/wp-content\/uploads\/2023\/03\/remachado-768x768.png 768w, https:\/\/panel-composite.com\/wp-content\/uploads\/2023\/03\/remachado-600x600.png 600w, https:\/\/panel-composite.com\/wp-content\/uploads\/2023\/03\/remachado-100x100.png 100w\" data-sizes=\"(max-width: 800px) 100vw, 800px\" title=\"\" src=\"data:image\/svg+xml;base64,PHN2ZyB3aWR0aD0iMSIgaGVpZ2h0PSIxIiB4bWxucz0iaHR0cDovL3d3dy53My5vcmcvMjAwMC9zdmciPjwvc3ZnPg==\" style=\"--smush-placeholder-width: 800px; --smush-placeholder-aspect-ratio: 800\/800;\">\t\t\t\t\t\t\t\t\t\t\t\t\t\t\t<\/div>\n\t\t\t\t<\/div>\n\t\t\t\t\t<\/div>\n\t\t<\/div>\n\t\t\t\t<div class=\"elementor-column elementor-col-50 elementor-top-column elementor-element elementor-element-c77d10a\" data-id=\"c77d10a\" data-element_type=\"column\" data-e-type=\"column\">\n\t\t\t<div class=\"elementor-widget-wrap elementor-element-populated\">\n\t\t\t\t\t\t<div class=\"elementor-element elementor-element-96cdb36 elementor-widget elementor-widget-heading\" data-id=\"96cdb36\" data-element_type=\"widget\" data-e-type=\"widget\" data-widget_type=\"heading.default\">\n\t\t\t\t<div class=\"elementor-widget-container\">\n\t\t\t\t\t<h2 class=\"elementor-heading-title elementor-size-default\">Sistema Reblat<\/h2>\t\t\t\t<\/div>\n\t\t\t\t<\/div>\n\t\t\t\t<div class=\"elementor-element elementor-element-055eab0 elementor-widget elementor-widget-text-editor\" data-id=\"055eab0\" data-element_type=\"widget\" data-e-type=\"widget\" data-widget_type=\"text-editor.default\">\n\t\t\t\t<div class=\"elementor-widget-container\">\n\t\t\t\t\t\t\t\t\t<p data-path-to-node=\"15\">El <b data-path-to-node=\"15\" data-index-in-node=\"3\">sistema de reblat<\/b> destaca com la soluci\u00f3 m\u00e9s senzilla i \u00e0gil d&#8217;instal\u00b7lar sobre subestructures de perfil a T. \u00c9s un m\u00e8tode de fixaci\u00f3 mec\u00e0nica vista que garanteix una estabilitat excepcional amb el m\u00ednim manteniment.<\/p>\n<ul data-path-to-node=\"16\">\n<li>\n<p data-path-to-node=\"16,0,0\"><b data-path-to-node=\"16,0,0\" data-index-in-node=\"0\">Instal\u00b7laci\u00f3 simplificada:<\/b> En utilitzar panell composite tallat (sense plegats), es redueixen els costos de transformaci\u00f3 al taller.<\/p>\n<\/li>\n<li>\n<p data-path-to-node=\"16,1,0\"><b data-path-to-node=\"16,1,0\" data-index-in-node=\"0\">Fixaci\u00f3 mec\u00e0nica:<\/b> La uni\u00f3 amb l&#8217;estructura mitjan\u00e7ant reblons de cap ample assegura una resist\u00e8ncia m\u00e0xima davant de les pressions de vent.<\/p>\n<\/li>\n<\/ul>\n\t\t\t\t\t\t\t\t<\/div>\n\t\t\t\t<\/div>\n\t\t\t\t<div class=\"elementor-element elementor-element-28ede9e elementor-align-center elementor-widget elementor-widget-button\" data-id=\"28ede9e\" data-element_type=\"widget\" data-e-type=\"widget\" data-widget_type=\"button.default\">\n\t\t\t\t<div class=\"elementor-widget-container\">\n\t\t\t\t\t\t\t\t\t<div class=\"elementor-button-wrapper\">\n\t\t\t\t\t<a class=\"elementor-button elementor-button-link elementor-size-md\" href=\"https:\/\/panel-composite.com\/ca\/sistema-reblat\/\" target=\"_blank\">\n\t\t\t\t\t\t<span class=\"elementor-button-content-wrapper\">\n\t\t\t\t\t\t\t\t\t<span class=\"elementor-button-text\">VEURE DETALLS<\/span>\n\t\t\t\t\t<\/span>\n\t\t\t\t\t<\/a>\n\t\t\t\t<\/div>\n\t\t\t\t\t\t\t\t<\/div>\n\t\t\t\t<\/div>\n\t\t\t\t\t<\/div>\n\t\t<\/div>\n\t\t\t\t\t<\/div>\n\t\t<\/section>\n\t\t\t\t<section class=\"elementor-section elementor-top-section elementor-element elementor-element-05eca7d elementor-section-content-middle elementor-section-full_width elementor-reverse-mobile elementor-reverse-tablet elementor-section-height-default elementor-section-height-default\" data-id=\"05eca7d\" data-element_type=\"section\" data-e-type=\"section\" data-settings=\"{&quot;jet_parallax_layout_list&quot;:[],&quot;background_background&quot;:&quot;classic&quot;}\">\n\t\t\t\t\t\t<div class=\"elementor-container elementor-column-gap-no\">\n\t\t\t\t\t<div class=\"elementor-column elementor-col-50 elementor-top-column elementor-element elementor-element-ce52f5e\" data-id=\"ce52f5e\" data-element_type=\"column\" data-e-type=\"column\">\n\t\t\t<div class=\"elementor-widget-wrap elementor-element-populated\">\n\t\t\t\t\t\t<div class=\"elementor-element elementor-element-151208d elementor-widget elementor-widget-heading\" data-id=\"151208d\" data-element_type=\"widget\" data-e-type=\"widget\" data-widget_type=\"heading.default\">\n\t\t\t\t<div class=\"elementor-widget-container\">\n\t\t\t\t\t<h2 class=\"elementor-heading-title elementor-size-default\">Sistema Mascle-Femella<\/h2>\t\t\t\t<\/div>\n\t\t\t\t<\/div>\n\t\t\t\t<div class=\"elementor-element elementor-element-099897e elementor-widget elementor-widget-text-editor\" data-id=\"099897e\" data-element_type=\"widget\" data-e-type=\"widget\" data-widget_type=\"text-editor.default\">\n\t\t\t\t<div class=\"elementor-widget-container\">\n\t\t\t\t\t\t\t\t\t<p data-path-to-node=\"19\">El <b data-path-to-node=\"19\" data-index-in-node=\"3\">sistema de matxembrat<\/b> \u00e9s l&#8217;opci\u00f3 t\u00e8cnica preferida per a fa\u00e7anes amb formes cont\u00ednues, tant corbes c\u00f2ncaves com convexes. El seu disseny facilita una modulaci\u00f3 de safata horitzontal amb obertures constants.<\/p>\n<ul data-path-to-node=\"20\">\n<li>\n<p data-path-to-node=\"20,0,0\"><b data-path-to-node=\"20,0,0\" data-index-in-node=\"0\">Optimitzaci\u00f3 horitzontal:<\/b> Sistema indicat per a <b data-path-to-node=\"20,0,0\" data-index-in-node=\"47\">safates de panell composite<\/b> amb una al\u00e7ada m\u00e0xima de 700 mm i longituds de fins a 6 metres.<\/p>\n<\/li>\n<li>\n<p data-path-to-node=\"20,1,0\"><b data-path-to-node=\"20,1,0\" data-index-in-node=\"0\">Refor\u00e7 perimetral:<\/b> La safata es fixa a la subestructura mitjan\u00e7ant perfils superiors i inferiors, permetent una instal\u00b7laci\u00f3 extremadament r\u00e0pida i segura en grans superf\u00edcies.<\/p>\n<\/li>\n<\/ul>\n\t\t\t\t\t\t\t\t<\/div>\n\t\t\t\t<\/div>\n\t\t\t\t<div class=\"elementor-element elementor-element-2744315 elementor-align-center elementor-widget elementor-widget-button\" data-id=\"2744315\" data-element_type=\"widget\" data-e-type=\"widget\" data-widget_type=\"button.default\">\n\t\t\t\t<div class=\"elementor-widget-container\">\n\t\t\t\t\t\t\t\t\t<div class=\"elementor-button-wrapper\">\n\t\t\t\t\t<a class=\"elementor-button elementor-button-link elementor-size-md\" href=\"https:\/\/panel-composite.com\/ca\/sistema-mascle-femella\/\" target=\"_blank\">\n\t\t\t\t\t\t<span class=\"elementor-button-content-wrapper\">\n\t\t\t\t\t\t\t\t\t<span class=\"elementor-button-text\">VEURE DETALLS<\/span>\n\t\t\t\t\t<\/span>\n\t\t\t\t\t<\/a>\n\t\t\t\t<\/div>\n\t\t\t\t\t\t\t\t<\/div>\n\t\t\t\t<\/div>\n\t\t\t\t\t<\/div>\n\t\t<\/div>\n\t\t\t\t<div class=\"elementor-column elementor-col-50 elementor-top-column elementor-element elementor-element-ea7b8f6\" data-id=\"ea7b8f6\" data-element_type=\"column\" data-e-type=\"column\">\n\t\t\t<div class=\"elementor-widget-wrap elementor-element-populated\">\n\t\t\t\t\t\t<div class=\"elementor-element elementor-element-908d4eb elementor-widget elementor-widget-image\" data-id=\"908d4eb\" data-element_type=\"widget\" data-e-type=\"widget\" data-widget_type=\"image.default\">\n\t\t\t\t<div class=\"elementor-widget-container\">\n\t\t\t\t\t\t\t\t\t\t\t\t\t\t\t<img decoding=\"async\" width=\"800\" height=\"800\" data-src=\"https:\/\/panel-composite.com\/wp-content\/uploads\/2023\/03\/machohembra.png\" class=\"attachment-large size-large wp-image-3649 lazyload\" alt=\"\" data-srcset=\"https:\/\/panel-composite.com\/wp-content\/uploads\/2023\/03\/machohembra.png 1000w, https:\/\/panel-composite.com\/wp-content\/uploads\/2023\/03\/machohembra-300x300.png 300w, https:\/\/panel-composite.com\/wp-content\/uploads\/2023\/03\/machohembra-150x150.png 150w, https:\/\/panel-composite.com\/wp-content\/uploads\/2023\/03\/machohembra-768x768.png 768w, https:\/\/panel-composite.com\/wp-content\/uploads\/2023\/03\/machohembra-600x600.png 600w, https:\/\/panel-composite.com\/wp-content\/uploads\/2023\/03\/machohembra-100x100.png 100w\" data-sizes=\"(max-width: 800px) 100vw, 800px\" title=\"\" src=\"data:image\/svg+xml;base64,PHN2ZyB3aWR0aD0iMSIgaGVpZ2h0PSIxIiB4bWxucz0iaHR0cDovL3d3dy53My5vcmcvMjAwMC9zdmciPjwvc3ZnPg==\" style=\"--smush-placeholder-width: 800px; --smush-placeholder-aspect-ratio: 800\/800;\">\t\t\t\t\t\t\t\t\t\t\t\t\t\t\t<\/div>\n\t\t\t\t<\/div>\n\t\t\t\t\t<\/div>\n\t\t<\/div>\n\t\t\t\t\t<\/div>\n\t\t<\/section>\n\t\t\t\t<\/div>\n\t\t","protected":false},"excerpt":{"rendered":"<p>Sistemes de muntatge per a panell composite Alucobond Subministrem solucions integrals per a fa\u00e7anes: des del panell composite fins a tots els accessoris de fixaci\u00f3 i subestructures necess\u00e0ries per al vostre projecte. Optimitzeu els temps d&#8217;execuci\u00f3 i garantiu la m\u00e0xima durabilitat de l&#8217;envolupant triant el sistema de muntatge que millor s&#8217;adapti als vostres requisits t\u00e8cnics [&hellip;]<\/p>\n","protected":false},"author":13,"featured_media":0,"parent":0,"menu_order":170,"comment_status":"closed","ping_status":"closed","template":"elementor_header_footer","meta":{"footnotes":""},"class_list":["post-5000","page","type-page","status-publish","hentry"],"_links":{"self":[{"href":"https:\/\/panel-composite.com\/ca\/wp-json\/wp\/v2\/pages\/5000","targetHints":{"allow":["GET"]}}],"collection":[{"href":"https:\/\/panel-composite.com\/ca\/wp-json\/wp\/v2\/pages"}],"about":[{"href":"https:\/\/panel-composite.com\/ca\/wp-json\/wp\/v2\/types\/page"}],"author":[{"embeddable":true,"href":"https:\/\/panel-composite.com\/ca\/wp-json\/wp\/v2\/users\/13"}],"replies":[{"embeddable":true,"href":"https:\/\/panel-composite.com\/ca\/wp-json\/wp\/v2\/comments?post=5000"}],"version-history":[{"count":9,"href":"https:\/\/panel-composite.com\/ca\/wp-json\/wp\/v2\/pages\/5000\/revisions"}],"predecessor-version":[{"id":6589,"href":"https:\/\/panel-composite.com\/ca\/wp-json\/wp\/v2\/pages\/5000\/revisions\/6589"}],"wp:attachment":[{"href":"https:\/\/panel-composite.com\/ca\/wp-json\/wp\/v2\/media?parent=5000"}],"curies":[{"name":"wp","href":"https:\/\/api.w.org\/{rel}","templated":true}]}}