{"id":5012,"date":"2023-02-08T17:15:16","date_gmt":"2023-02-08T16:15:16","guid":{"rendered":"https:\/\/www.panel-composite.com\/sistema-enganxat\/"},"modified":"2026-01-19T05:45:37","modified_gmt":"2026-01-19T04:45:37","slug":"sistema-enganxat","status":"publish","type":"page","link":"https:\/\/panel-composite.com\/ca\/sistema-enganxat\/","title":{"rendered":"Panell Composite Alucobond &#8211; Sistema Enganxat"},"content":{"rendered":"\t\t<div data-elementor-type=\"wp-page\" data-elementor-id=\"5012\" class=\"elementor elementor-5012 elementor-2569\" data-elementor-post-type=\"page\">\n\t\t\t\t\t\t<section class=\"elementor-section elementor-top-section elementor-element elementor-element-c3cc0f0 elementor-section-boxed elementor-section-height-default elementor-section-height-default\" data-id=\"c3cc0f0\" data-element_type=\"section\" data-e-type=\"section\" data-settings=\"{&quot;background_background&quot;:&quot;classic&quot;,&quot;jet_parallax_layout_list&quot;:[]}\">\n\t\t\t\t\t\t<div class=\"elementor-container elementor-column-gap-default\">\n\t\t\t\t\t<div class=\"elementor-column elementor-col-50 elementor-top-column elementor-element elementor-element-f17f494\" data-id=\"f17f494\" data-element_type=\"column\" data-e-type=\"column\">\n\t\t\t<div class=\"elementor-widget-wrap elementor-element-populated\">\n\t\t\t\t\t\t<div class=\"elementor-element elementor-element-22a96df2 elementor-widget elementor-widget-heading\" data-id=\"22a96df2\" data-element_type=\"widget\" data-e-type=\"widget\" data-widget_type=\"heading.default\">\n\t\t\t\t<div class=\"elementor-widget-container\">\n\t\t\t\t\t<h1 class=\"elementor-heading-title elementor-size-default\">Sistema d'enganxat per a panell composite<\/h1>\t\t\t\t<\/div>\n\t\t\t\t<\/div>\n\t\t\t\t<div class=\"elementor-element elementor-element-b08d801 elementor-widget__width-initial elementor-widget elementor-widget-text-editor\" data-id=\"b08d801\" data-element_type=\"widget\" data-e-type=\"widget\" data-widget_type=\"text-editor.default\">\n\t\t\t\t<div class=\"elementor-widget-container\">\n\t\t\t\t\t\t\t\t\t<p><b data-path-to-node=\"3\" data-index-in-node=\"0\">El sistema de fixaci\u00f3 qu\u00edmica \u00e9s lopci\u00f3 preferida per a arquitectes que busquen una est\u00e8tica neta i minimalista sense fixacions vistes.<\/b> Aquest m\u00e8tode permet executar qualsevol disseny de fa\u00e7ana sense les limitacions de les safates conformades, ja que es treballa directament amb el <b data-path-to-node=\"3\" data-index-in-node=\"284\">panell composite tallat<\/b> . \u00c9s la soluci\u00f3 ideal per aconseguir superf\u00edcies planes cont\u00ednues i un acabat visualment homogeni.<\/p>\n\t\t\t\t\t\t\t\t<\/div>\n\t\t\t\t<\/div>\n\t\t\t\t\t<\/div>\n\t\t<\/div>\n\t\t\t\t<div class=\"elementor-column elementor-col-50 elementor-top-column elementor-element elementor-element-72990b1c\" data-id=\"72990b1c\" data-element_type=\"column\" data-e-type=\"column\">\n\t\t\t<div class=\"elementor-widget-wrap elementor-element-populated\">\n\t\t\t\t\t\t<div class=\"elementor-element elementor-element-2a990aaf elementor-widget elementor-widget-image\" data-id=\"2a990aaf\" data-element_type=\"widget\" data-e-type=\"widget\" data-widget_type=\"image.default\">\n\t\t\t\t<div class=\"elementor-widget-container\">\n\t\t\t\t\t\t\t\t\t\t\t\t\t\t\t<img fetchpriority=\"high\" decoding=\"async\" width=\"800\" height=\"604\" src=\"https:\/\/panel-composite.com\/wp-content\/uploads\/2023\/03\/SISTEMA-PEGADO.jpg\" class=\"attachment-large size-large wp-image-3292\" alt=\"\" srcset=\"https:\/\/panel-composite.com\/wp-content\/uploads\/2023\/03\/SISTEMA-PEGADO.jpg 803w, https:\/\/panel-composite.com\/wp-content\/uploads\/2023\/03\/SISTEMA-PEGADO-300x226.jpg 300w, https:\/\/panel-composite.com\/wp-content\/uploads\/2023\/03\/SISTEMA-PEGADO-768x580.jpg 768w, https:\/\/panel-composite.com\/wp-content\/uploads\/2023\/03\/SISTEMA-PEGADO-600x453.jpg 600w\" sizes=\"(max-width: 800px) 100vw, 800px\" title=\"\">\t\t\t\t\t\t\t\t\t\t\t\t\t\t\t<\/div>\n\t\t\t\t<\/div>\n\t\t\t\t\t<\/div>\n\t\t<\/div>\n\t\t\t\t\t<\/div>\n\t\t<\/section>\n\t\t\t\t<section class=\"elementor-section elementor-top-section elementor-element elementor-element-2fc5578d elementor-section-boxed elementor-section-height-default elementor-section-height-default\" data-id=\"2fc5578d\" data-element_type=\"section\" data-e-type=\"section\" data-settings=\"{&quot;background_background&quot;:&quot;classic&quot;,&quot;jet_parallax_layout_list&quot;:[]}\">\n\t\t\t\t\t\t<div class=\"elementor-container elementor-column-gap-default\">\n\t\t\t\t\t<div class=\"elementor-column elementor-col-100 elementor-top-column elementor-element elementor-element-1a6feb75\" data-id=\"1a6feb75\" data-element_type=\"column\" data-e-type=\"column\">\n\t\t\t<div class=\"elementor-widget-wrap elementor-element-populated\">\n\t\t\t\t\t\t<div class=\"elementor-element elementor-element-6cffb9b8 elementor-widget elementor-widget-heading\" data-id=\"6cffb9b8\" data-element_type=\"widget\" data-e-type=\"widget\" data-widget_type=\"heading.default\">\n\t\t\t\t<div class=\"elementor-widget-container\">\n\t\t\t\t\t<h2 class=\"elementor-heading-title elementor-size-default\">Detalls constructius<\/h2>\t\t\t\t<\/div>\n\t\t\t\t<\/div>\n\t\t\t\t\t<\/div>\n\t\t<\/div>\n\t\t\t\t\t<\/div>\n\t\t<\/section>\n\t\t\t\t<section class=\"elementor-section elementor-top-section elementor-element elementor-element-cc818ff elementor-section-boxed elementor-section-height-default elementor-section-height-default\" data-id=\"cc818ff\" data-element_type=\"section\" data-e-type=\"section\" data-settings=\"{&quot;jet_parallax_layout_list&quot;:[],&quot;background_background&quot;:&quot;classic&quot;}\">\n\t\t\t\t\t\t<div class=\"elementor-container elementor-column-gap-default\">\n\t\t\t\t\t<div class=\"elementor-column elementor-col-50 elementor-top-column elementor-element elementor-element-4ea02121\" data-id=\"4ea02121\" data-element_type=\"column\" data-e-type=\"column\" data-settings=\"{&quot;background_background&quot;:&quot;classic&quot;}\">\n\t\t\t<div class=\"elementor-widget-wrap elementor-element-populated\">\n\t\t\t\t\t\t<div class=\"elementor-element elementor-element-784fdfd7 elementor-widget elementor-widget-heading\" data-id=\"784fdfd7\" data-element_type=\"widget\" data-e-type=\"widget\" data-widget_type=\"heading.default\">\n\t\t\t\t<div class=\"elementor-widget-container\">\n\t\t\t\t\t<h3 class=\"elementor-heading-title elementor-size-default\">VISTA HORITZONTAL I VERTICAL\n<\/h3>\t\t\t\t<\/div>\n\t\t\t\t<\/div>\n\t\t\t\t<div class=\"elementor-element elementor-element-f3ba1d7 elementor-widget elementor-widget-image\" data-id=\"f3ba1d7\" data-element_type=\"widget\" data-e-type=\"widget\" data-widget_type=\"image.default\">\n\t\t\t\t<div class=\"elementor-widget-container\">\n\t\t\t\t\t\t\t\t\t\t\t\t\t\t\t<img decoding=\"async\" width=\"530\" height=\"452\" src=\"https:\/\/panel-composite.com\/wp-content\/uploads\/2023\/03\/Composite-Sistema-Pegado-1-Horizontal.jpg\" class=\"attachment-large size-large wp-image-3293\" alt=\"\" srcset=\"https:\/\/panel-composite.com\/wp-content\/uploads\/2023\/03\/Composite-Sistema-Pegado-1-Horizontal.jpg 530w, https:\/\/panel-composite.com\/wp-content\/uploads\/2023\/03\/Composite-Sistema-Pegado-1-Horizontal-300x256.jpg 300w\" sizes=\"(max-width: 530px) 100vw, 530px\" title=\"\">\t\t\t\t\t\t\t\t\t\t\t\t\t\t\t<\/div>\n\t\t\t\t<\/div>\n\t\t\t\t<div class=\"elementor-element elementor-element-5034be35 elementor-widget elementor-widget-image\" data-id=\"5034be35\" data-element_type=\"widget\" data-e-type=\"widget\" data-widget_type=\"image.default\">\n\t\t\t\t<div class=\"elementor-widget-container\">\n\t\t\t\t\t\t\t\t\t\t\t\t\t\t\t<img decoding=\"async\" width=\"530\" height=\"450\" src=\"https:\/\/panel-composite.com\/wp-content\/uploads\/2023\/03\/Composite-Sistema-Pegado-2-Vertical.jpg\" class=\"attachment-large size-large wp-image-3294\" alt=\"\" srcset=\"https:\/\/panel-composite.com\/wp-content\/uploads\/2023\/03\/Composite-Sistema-Pegado-2-Vertical.jpg 530w, https:\/\/panel-composite.com\/wp-content\/uploads\/2023\/03\/Composite-Sistema-Pegado-2-Vertical-300x255.jpg 300w\" sizes=\"(max-width: 530px) 100vw, 530px\" title=\"\">\t\t\t\t\t\t\t\t\t\t\t\t\t\t\t<\/div>\n\t\t\t\t<\/div>\n\t\t\t\t\t<\/div>\n\t\t<\/div>\n\t\t\t\t<div class=\"elementor-column elementor-col-50 elementor-top-column elementor-element elementor-element-702f67ac\" data-id=\"702f67ac\" data-element_type=\"column\" data-e-type=\"column\" data-settings=\"{&quot;background_background&quot;:&quot;classic&quot;}\">\n\t\t\t<div class=\"elementor-widget-wrap elementor-element-populated\">\n\t\t\t\t\t\t<div class=\"elementor-element elementor-element-6f2bde29 elementor-widget elementor-widget-heading\" data-id=\"6f2bde29\" data-element_type=\"widget\" data-e-type=\"widget\" data-widget_type=\"heading.default\">\n\t\t\t\t<div class=\"elementor-widget-container\">\n\t\t\t\t\t<h3 class=\"elementor-heading-title elementor-size-default\">CORONACI\u00d3 \/ ARRENCADA<\/h3>\t\t\t\t<\/div>\n\t\t\t\t<\/div>\n\t\t\t\t<div class=\"elementor-element elementor-element-35ca3c29 elementor-widget elementor-widget-image\" data-id=\"35ca3c29\" data-element_type=\"widget\" data-e-type=\"widget\" data-widget_type=\"image.default\">\n\t\t\t\t<div class=\"elementor-widget-container\">\n\t\t\t\t\t\t\t\t\t\t\t\t\t\t\t<img loading=\"lazy\" decoding=\"async\" width=\"531\" height=\"456\" src=\"https:\/\/panel-composite.com\/wp-content\/uploads\/2023\/03\/Composite-Sistema-Pegado-4-Coronacion.jpg\" class=\"attachment-large size-large wp-image-3295\" alt=\"\" srcset=\"https:\/\/panel-composite.com\/wp-content\/uploads\/2023\/03\/Composite-Sistema-Pegado-4-Coronacion.jpg 531w, https:\/\/panel-composite.com\/wp-content\/uploads\/2023\/03\/Composite-Sistema-Pegado-4-Coronacion-300x258.jpg 300w\" sizes=\"(max-width: 531px) 100vw, 531px\" title=\"\">\t\t\t\t\t\t\t\t\t\t\t\t\t\t\t<\/div>\n\t\t\t\t<\/div>\n\t\t\t\t<div class=\"elementor-element elementor-element-708ebe70 elementor-widget elementor-widget-image\" data-id=\"708ebe70\" data-element_type=\"widget\" data-e-type=\"widget\" data-widget_type=\"image.default\">\n\t\t\t\t<div class=\"elementor-widget-container\">\n\t\t\t\t\t\t\t\t\t\t\t\t\t\t\t<img loading=\"lazy\" decoding=\"async\" width=\"529\" height=\"453\" src=\"https:\/\/panel-composite.com\/wp-content\/uploads\/2023\/03\/Composite-Sistema-Pegado-4-Dintel-1.jpg\" class=\"attachment-large size-large wp-image-3296\" alt=\"\" srcset=\"https:\/\/panel-composite.com\/wp-content\/uploads\/2023\/03\/Composite-Sistema-Pegado-4-Dintel-1.jpg 529w, https:\/\/panel-composite.com\/wp-content\/uploads\/2023\/03\/Composite-Sistema-Pegado-4-Dintel-1-300x257.jpg 300w\" sizes=\"(max-width: 529px) 100vw, 529px\" title=\"\">\t\t\t\t\t\t\t\t\t\t\t\t\t\t\t<\/div>\n\t\t\t\t<\/div>\n\t\t\t\t\t<\/div>\n\t\t<\/div>\n\t\t\t\t\t<\/div>\n\t\t<\/section>\n\t\t\t\t<section class=\"elementor-section elementor-top-section elementor-element elementor-element-40441970 elementor-section-boxed elementor-section-height-default elementor-section-height-default\" data-id=\"40441970\" data-element_type=\"section\" data-e-type=\"section\" data-settings=\"{&quot;jet_parallax_layout_list&quot;:[],&quot;background_background&quot;:&quot;classic&quot;}\">\n\t\t\t\t\t\t<div class=\"elementor-container elementor-column-gap-default\">\n\t\t\t\t\t<div class=\"elementor-column elementor-col-50 elementor-top-column elementor-element elementor-element-305205f2\" data-id=\"305205f2\" data-element_type=\"column\" data-e-type=\"column\" data-settings=\"{&quot;background_background&quot;:&quot;classic&quot;}\">\n\t\t\t<div class=\"elementor-widget-wrap elementor-element-populated\">\n\t\t\t\t\t\t<div class=\"elementor-element elementor-element-3b149221 elementor-widget elementor-widget-heading\" data-id=\"3b149221\" data-element_type=\"widget\" data-e-type=\"widget\" data-widget_type=\"heading.default\">\n\t\t\t\t<div class=\"elementor-widget-container\">\n\t\t\t\t\t<h3 class=\"elementor-heading-title elementor-size-default\">DINTELL \/ VIERTEAGUAS<\/h3>\t\t\t\t<\/div>\n\t\t\t\t<\/div>\n\t\t\t\t<div class=\"elementor-element elementor-element-3d699c2a elementor-widget elementor-widget-image\" data-id=\"3d699c2a\" data-element_type=\"widget\" data-e-type=\"widget\" data-widget_type=\"image.default\">\n\t\t\t\t<div class=\"elementor-widget-container\">\n\t\t\t\t\t\t\t\t\t\t\t\t\t\t\t<img loading=\"lazy\" decoding=\"async\" width=\"529\" height=\"453\" src=\"https:\/\/panel-composite.com\/wp-content\/uploads\/2023\/03\/Composite-Sistema-Pegado-4-Dintel.jpg\" class=\"attachment-large size-large wp-image-3297\" alt=\"\" srcset=\"https:\/\/panel-composite.com\/wp-content\/uploads\/2023\/03\/Composite-Sistema-Pegado-4-Dintel.jpg 529w, https:\/\/panel-composite.com\/wp-content\/uploads\/2023\/03\/Composite-Sistema-Pegado-4-Dintel-300x257.jpg 300w\" sizes=\"(max-width: 529px) 100vw, 529px\" title=\"\">\t\t\t\t\t\t\t\t\t\t\t\t\t\t\t<\/div>\n\t\t\t\t<\/div>\n\t\t\t\t<div class=\"elementor-element elementor-element-4d528349 elementor-widget elementor-widget-image\" data-id=\"4d528349\" data-element_type=\"widget\" data-e-type=\"widget\" data-widget_type=\"image.default\">\n\t\t\t\t<div class=\"elementor-widget-container\">\n\t\t\t\t\t\t\t\t\t\t\t\t\t\t\t<img loading=\"lazy\" decoding=\"async\" width=\"527\" height=\"444\" src=\"https:\/\/panel-composite.com\/wp-content\/uploads\/2023\/03\/Composite-Sistema-Pegado-6-Vierteaguas.jpg\" class=\"attachment-large size-large wp-image-3298\" alt=\"\" srcset=\"https:\/\/panel-composite.com\/wp-content\/uploads\/2023\/03\/Composite-Sistema-Pegado-6-Vierteaguas.jpg 527w, https:\/\/panel-composite.com\/wp-content\/uploads\/2023\/03\/Composite-Sistema-Pegado-6-Vierteaguas-300x253.jpg 300w\" sizes=\"(max-width: 527px) 100vw, 527px\" title=\"\">\t\t\t\t\t\t\t\t\t\t\t\t\t\t\t<\/div>\n\t\t\t\t<\/div>\n\t\t\t\t\t<\/div>\n\t\t<\/div>\n\t\t\t\t<div class=\"elementor-column elementor-col-50 elementor-top-column elementor-element elementor-element-1fa0cb55\" data-id=\"1fa0cb55\" data-element_type=\"column\" data-e-type=\"column\" data-settings=\"{&quot;background_background&quot;:&quot;classic&quot;}\">\n\t\t\t<div class=\"elementor-widget-wrap elementor-element-populated\">\n\t\t\t\t\t\t<div class=\"elementor-element elementor-element-5830b353 elementor-widget elementor-widget-heading\" data-id=\"5830b353\" data-element_type=\"widget\" data-e-type=\"widget\" data-widget_type=\"heading.default\">\n\t\t\t\t<div class=\"elementor-widget-container\">\n\t\t\t\t\t<h3 class=\"elementor-heading-title elementor-size-default\">JAMBA \/ CANTONADA<\/h3>\t\t\t\t<\/div>\n\t\t\t\t<\/div>\n\t\t\t\t<div class=\"elementor-element elementor-element-369a65a8 elementor-widget elementor-widget-image\" data-id=\"369a65a8\" data-element_type=\"widget\" data-e-type=\"widget\" data-widget_type=\"image.default\">\n\t\t\t\t<div class=\"elementor-widget-container\">\n\t\t\t\t\t\t\t\t\t\t\t\t\t\t\t<img loading=\"lazy\" decoding=\"async\" width=\"527\" height=\"451\" src=\"https:\/\/panel-composite.com\/wp-content\/uploads\/2023\/03\/Composite-Sistema-Pegado-3-Jamba.jpg\" class=\"attachment-large size-large wp-image-3299\" alt=\"\" srcset=\"https:\/\/panel-composite.com\/wp-content\/uploads\/2023\/03\/Composite-Sistema-Pegado-3-Jamba.jpg 527w, https:\/\/panel-composite.com\/wp-content\/uploads\/2023\/03\/Composite-Sistema-Pegado-3-Jamba-300x257.jpg 300w\" sizes=\"(max-width: 527px) 100vw, 527px\" title=\"\">\t\t\t\t\t\t\t\t\t\t\t\t\t\t\t<\/div>\n\t\t\t\t<\/div>\n\t\t\t\t<div class=\"elementor-element elementor-element-5b0009a4 elementor-widget elementor-widget-image\" data-id=\"5b0009a4\" data-element_type=\"widget\" data-e-type=\"widget\" data-widget_type=\"image.default\">\n\t\t\t\t<div class=\"elementor-widget-container\">\n\t\t\t\t\t\t\t\t\t\t\t\t\t\t\t<img loading=\"lazy\" decoding=\"async\" width=\"530\" height=\"453\" src=\"https:\/\/panel-composite.com\/wp-content\/uploads\/2023\/03\/Composite-Sistema-Pegado-7-Esquina.jpg\" class=\"attachment-large size-large wp-image-3300\" alt=\"\" srcset=\"https:\/\/panel-composite.com\/wp-content\/uploads\/2023\/03\/Composite-Sistema-Pegado-7-Esquina.jpg 530w, https:\/\/panel-composite.com\/wp-content\/uploads\/2023\/03\/Composite-Sistema-Pegado-7-Esquina-300x256.jpg 300w\" sizes=\"(max-width: 530px) 100vw, 530px\" title=\"\">\t\t\t\t\t\t\t\t\t\t\t\t\t\t\t<\/div>\n\t\t\t\t<\/div>\n\t\t\t\t\t<\/div>\n\t\t<\/div>\n\t\t\t\t\t<\/div>\n\t\t<\/section>\n\t\t\t\t<section class=\"elementor-section elementor-top-section elementor-element elementor-element-37d11a74 elementor-section-boxed elementor-section-height-default elementor-section-height-default\" data-id=\"37d11a74\" data-element_type=\"section\" data-e-type=\"section\" data-settings=\"{&quot;jet_parallax_layout_list&quot;:[],&quot;background_background&quot;:&quot;classic&quot;}\">\n\t\t\t\t\t\t<div class=\"elementor-container elementor-column-gap-default\">\n\t\t\t\t\t<div class=\"elementor-column elementor-col-50 elementor-top-column elementor-element elementor-element-d527eef\" data-id=\"d527eef\" data-element_type=\"column\" data-e-type=\"column\" data-settings=\"{&quot;background_background&quot;:&quot;classic&quot;}\">\n\t\t\t<div class=\"elementor-widget-wrap elementor-element-populated\">\n\t\t\t\t\t\t<div class=\"elementor-element elementor-element-547f0e42 elementor-widget elementor-widget-heading\" data-id=\"547f0e42\" data-element_type=\"widget\" data-e-type=\"widget\" data-widget_type=\"heading.default\">\n\t\t\t\t<div class=\"elementor-widget-container\">\n\t\t\t\t\t<h2 class=\"elementor-heading-title elementor-size-default\">Procediment t\u00e8cnic per a l'enganxat de panell composite<\/h2>\t\t\t\t<\/div>\n\t\t\t\t<\/div>\n\t\t\t\t<div class=\"elementor-element elementor-element-354aee2 elementor-widget elementor-widget-text-editor\" data-id=\"354aee2\" data-element_type=\"widget\" data-e-type=\"widget\" data-widget_type=\"text-editor.default\">\n\t\t\t\t<div class=\"elementor-widget-container\">\n\t\t\t\t\t\t\t\t\t<p data-path-to-node=\"6\">Per garantir la m\u00e0xima seguretat estructural i durabilitat de la <b data-path-to-node=\"6\" data-index-in-node=\"68\">fa\u00e7ana ventilada<\/b> , \u00e9s fonamental seguir rigorosament els passos d&#8217;aplicaci\u00f3 amb productes certificats (Gama Sika):<\/p>\n<h3 data-path-to-node=\"7\">Preparaci\u00f3 del panell<\/h3>\n<ol start=\"1\" data-path-to-node=\"8\">\n<li>\n<p data-path-to-node=\"8,0,0\"><b data-path-to-node=\"8,0,0\" data-index-in-node=\"0\">Neteja profunda<\/b> : Netejar la zona d&#8217;adhesi\u00f3 del panell amb <i data-path-to-node=\"8,0,0\" data-index-in-node=\"61\">Sika Cleaner 205<\/i> i deixar assecar un m\u00ednim de 10 minuts.<\/p>\n<\/li>\n<li>\n<p data-path-to-node=\"8,1,0\"><b data-path-to-node=\"8,1,0\" data-index-in-node=\"0\">Imprimaci\u00f3 t\u00e8cnica<\/b> : Aplicar <i data-path-to-node=\"8,1,0\" data-index-in-node=\"29\">Sikatack Panel Primer<\/i> a l&#8217;\u00e0rea de contacte. Respecteu un temps d&#8217;assecat d&#8217;entre 15 i 60 minuts abans de l&#8217;aplicaci\u00f3 de l&#8217;adhesiu.<\/p>\n<\/li>\n<\/ol>\n<h3 data-path-to-node=\"9\">Preparaci\u00f3 de la subestructura (rastrells)<\/h3>\n<ol start=\"1\" data-path-to-node=\"10\">\n<li>\n<p data-path-to-node=\"10,0,0\"><b data-path-to-node=\"10,0,0\" data-index-in-node=\"0\">Neteja de perfils<\/b> : Netejar els llistons met\u00e0l\u00b7lics amb <i data-path-to-node=\"10,0,0\" data-index-in-node=\"58\">Sika Cleaner 205<\/i> (ometre aquest pas en llistons de fusta). La dist\u00e0ncia m\u00e0xima est\u00e0ndard entre llistons \u00e9s de <b data-path-to-node=\"10,0,0\" data-index-in-node=\"169\">60 cm<\/b> .<\/p>\n<\/li>\n<li>\n<p data-path-to-node=\"10,1,0\"><b data-path-to-node=\"10,1,0\" data-index-in-node=\"0\">Imprimaci\u00f3 espec\u00edfica segons material<\/b> :<\/p>\n<ul data-path-to-node=\"10,1,1\">\n<li>\n<p data-path-to-node=\"10,1,1,0,0\"><b data-path-to-node=\"10,1,1,0,0\" data-index-in-node=\"0\">Fusta<\/b> : Sika Primer 1 o Sikatack Panell Primer.<\/p>\n<\/li>\n<li>\n<p data-path-to-node=\"10,1,1,1,0\"><b data-path-to-node=\"10,1,1,1,0\" data-index-in-node=\"0\">Alumini<\/b> : Sika Primer 210 T.<\/p>\n<\/li>\n<li>\n<p data-path-to-node=\"10,1,1,2,0\"><b data-path-to-node=\"10,1,1,2,0\" data-index-in-node=\"0\">Acer<\/b> : Sika Primer 204.<\/p>\n<\/li>\n<li>\n<p data-path-to-node=\"10,1,1,3,0\"><i data-path-to-node=\"10,1,1,3,0\" data-index-in-node=\"0\">Per a altres materials, consulteu amb el nostre departament t\u00e8cnic.<\/i><\/p>\n<\/li>\n<\/ul>\n<\/li>\n<\/ol>\n<h3 data-path-to-node=\"11\">Aplicaci\u00f3 i muntatge<\/h3>\n<ol>\n<li style=\"list-style-type: none;\">\n<ol start=\"1\" data-path-to-node=\"12\">\n<li>\n<p data-path-to-node=\"12,0,0\"><b data-path-to-node=\"12,0,0\" data-index-in-node=\"0\">Cinta de doble cara<\/b> : Col \u00b7 locar un cord\u00f3 continu de <i data-path-to-node=\"12,0,0\" data-index-in-node=\"51\">Cinta Sikatack Panel 3<\/i> . Mantenir el paper protector fins al darrer moment per evitar la contaminaci\u00f3 per pols.<\/p>\n<\/li>\n<li>\n<p data-path-to-node=\"12,1,0\"><b data-path-to-node=\"12,1,0\" data-index-in-node=\"0\">Cord\u00f3 d&#8217;adhesiu<\/b> : Aplicar l&#8217;adhesiu <i data-path-to-node=\"12,1,0\" data-index-in-node=\"40\">Sikatack Panell<\/i> de forma cont\u00ednua en paral\u00b7lel a la cinta de doble cara.<\/p>\n<\/li>\n<li>\n<p data-path-to-node=\"12,2,0\"><b data-path-to-node=\"12,2,0\" data-index-in-node=\"0\">Fixaci\u00f3 del panell<\/b> : Retirar el paper protector de la cinta, presentar el panell sobre la subestructura sense pressionar per permetre ajustaments de posici\u00f3 i, un cop alineat, <b data-path-to-node=\"12,2,0\" data-index-in-node=\"171\">pressionar fortament<\/b> per assegurar el contacte total.<\/p>\n<\/li>\n<\/ol>\n<\/li>\n<\/ol>\n\t\t\t\t\t\t\t\t<\/div>\n\t\t\t\t<\/div>\n\t\t\t\t\t<\/div>\n\t\t<\/div>\n\t\t\t\t<div class=\"elementor-column elementor-col-50 elementor-top-column elementor-element elementor-element-eab2650\" data-id=\"eab2650\" data-element_type=\"column\" data-e-type=\"column\" data-settings=\"{&quot;background_background&quot;:&quot;classic&quot;}\">\n\t\t\t<div class=\"elementor-widget-wrap elementor-element-populated\">\n\t\t\t\t\t\t<div class=\"elementor-element elementor-element-37e4f18 elementor-widget elementor-widget-image\" data-id=\"37e4f18\" data-element_type=\"widget\" data-e-type=\"widget\" data-widget_type=\"image.default\">\n\t\t\t\t<div class=\"elementor-widget-container\">\n\t\t\t\t\t\t\t\t\t\t\t\t\t\t\t<img loading=\"lazy\" decoding=\"async\" width=\"648\" height=\"750\" src=\"https:\/\/panel-composite.com\/wp-content\/uploads\/2023\/03\/SIKA-PEGADO.jpg\" class=\"attachment-large size-large wp-image-3301\" alt=\"\" srcset=\"https:\/\/panel-composite.com\/wp-content\/uploads\/2023\/03\/SIKA-PEGADO.jpg 648w, https:\/\/panel-composite.com\/wp-content\/uploads\/2023\/03\/SIKA-PEGADO-259x300.jpg 259w, https:\/\/panel-composite.com\/wp-content\/uploads\/2023\/03\/SIKA-PEGADO-600x694.jpg 600w\" sizes=\"(max-width: 648px) 100vw, 648px\" title=\"\">\t\t\t\t\t\t\t\t\t\t\t\t\t\t\t<\/div>\n\t\t\t\t<\/div>\n\t\t\t\t\t<\/div>\n\t\t<\/div>\n\t\t\t\t\t<\/div>\n\t\t<\/section>\n\t\t\t\t<\/div>\n\t\t","protected":false},"excerpt":{"rendered":"<p>Sistema d&#8217;enganxat per a panell composite El sistema de fixaci\u00f3 qu\u00edmica \u00e9s lopci\u00f3 preferida per a arquitectes que busquen una est\u00e8tica neta i minimalista sense fixacions vistes. Aquest m\u00e8tode permet executar qualsevol disseny de fa\u00e7ana sense les limitacions de les safates conformades, ja que es treballa directament amb el panell composite tallat . \u00c9s la [&hellip;]<\/p>\n","protected":false},"author":13,"featured_media":0,"parent":0,"menu_order":200,"comment_status":"closed","ping_status":"closed","template":"elementor_header_footer","meta":{"footnotes":""},"class_list":["post-5012","page","type-page","status-publish","hentry"],"_links":{"self":[{"href":"https:\/\/panel-composite.com\/ca\/wp-json\/wp\/v2\/pages\/5012","targetHints":{"allow":["GET"]}}],"collection":[{"href":"https:\/\/panel-composite.com\/ca\/wp-json\/wp\/v2\/pages"}],"about":[{"href":"https:\/\/panel-composite.com\/ca\/wp-json\/wp\/v2\/types\/page"}],"author":[{"embeddable":true,"href":"https:\/\/panel-composite.com\/ca\/wp-json\/wp\/v2\/users\/13"}],"replies":[{"embeddable":true,"href":"https:\/\/panel-composite.com\/ca\/wp-json\/wp\/v2\/comments?post=5012"}],"version-history":[{"count":7,"href":"https:\/\/panel-composite.com\/ca\/wp-json\/wp\/v2\/pages\/5012\/revisions"}],"predecessor-version":[{"id":6646,"href":"https:\/\/panel-composite.com\/ca\/wp-json\/wp\/v2\/pages\/5012\/revisions\/6646"}],"wp:attachment":[{"href":"https:\/\/panel-composite.com\/ca\/wp-json\/wp\/v2\/media?parent=5012"}],"curies":[{"name":"wp","href":"https:\/\/api.w.org\/{rel}","templated":true}]}}