{"id":5013,"date":"2022-12-25T09:58:52","date_gmt":"2022-12-25T08:58:52","guid":{"rendered":"https:\/\/www.panel-composite.com\/nota-legal\/"},"modified":"2023-11-22T09:51:13","modified_gmt":"2023-11-22T08:51:13","slug":"nota-legal","status":"publish","type":"page","link":"https:\/\/panel-composite.com\/ca\/nota-legal\/","title":{"rendered":"Nota legal"},"content":{"rendered":"\t\t<div data-elementor-type=\"wp-page\" data-elementor-id=\"5013\" class=\"elementor elementor-5013 elementor-1290\" data-elementor-post-type=\"page\">\n\t\t\t\t\t\t<section class=\"elementor-section elementor-top-section elementor-element elementor-element-306f71e elementor-section-boxed elementor-section-height-default elementor-section-height-default\" data-id=\"306f71e\" data-element_type=\"section\" data-e-type=\"section\" data-settings=\"{&quot;background_background&quot;:&quot;classic&quot;,&quot;jet_parallax_layout_list&quot;:[]}\">\n\t\t\t\t\t\t<div class=\"elementor-container elementor-column-gap-default\">\n\t\t\t\t\t<div class=\"elementor-column elementor-col-100 elementor-top-column elementor-element elementor-element-78e4442\" data-id=\"78e4442\" data-element_type=\"column\" data-e-type=\"column\">\n\t\t\t<div class=\"elementor-widget-wrap elementor-element-populated\">\n\t\t\t\t\t\t<div class=\"elementor-element elementor-element-7605007 elementor-widget elementor-widget-heading\" data-id=\"7605007\" data-element_type=\"widget\" data-e-type=\"widget\" data-widget_type=\"heading.default\">\n\t\t\t\t<div class=\"elementor-widget-container\">\n\t\t\t\t\t<h2 class=\"elementor-heading-title elementor-size-default\">Nota legal<\/h2>\t\t\t\t<\/div>\n\t\t\t\t<\/div>\n\t\t\t\t\t<\/div>\n\t\t<\/div>\n\t\t\t\t\t<\/div>\n\t\t<\/section>\n\t\t\t\t<section class=\"elementor-section elementor-top-section elementor-element elementor-element-6cd7ae5 elementor-section-boxed elementor-section-height-default elementor-section-height-default\" data-id=\"6cd7ae5\" data-element_type=\"section\" data-e-type=\"section\" data-settings=\"{&quot;jet_parallax_layout_list&quot;:[]}\">\n\t\t\t\t\t\t<div class=\"elementor-container elementor-column-gap-default\">\n\t\t\t\t\t<div class=\"elementor-column elementor-col-100 elementor-top-column elementor-element elementor-element-490afc2\" data-id=\"490afc2\" data-element_type=\"column\" data-e-type=\"column\">\n\t\t\t<div class=\"elementor-widget-wrap elementor-element-populated\">\n\t\t\t\t\t\t<div class=\"elementor-element elementor-element-1939a40 elementor-widget elementor-widget-text-editor\" data-id=\"1939a40\" data-element_type=\"widget\" data-e-type=\"widget\" data-widget_type=\"text-editor.default\">\n\t\t\t\t<div class=\"elementor-widget-container\">\n\t\t\t\t\t\t\t\t\t<p>Queda prohibida la transmissi\u00f3, la cessi\u00f3, la venda, l&#8217;arrendament p\u00fablic d&#8217;exhibici\u00f3 d&#8217;aquest lloc web sense l&#8217;autoritzaci\u00f3 de CuatelArt SL.<\/p>\n<p><span class=\"Y2IQFc\" lang=\"es\" xml:lang=\"es\">La informaci\u00f3 presentada en aquest lloc web \u00e9s nom\u00e9s per a orientaci\u00f3. Cuatelart SL. S&#8217;eximeix de qualsevol responsabilitat derivada de la manca de veracitat o efectivitat d&#8217;aquesta informaci\u00f3 o consells.<\/span><\/p>\n<p><span class=\"Y2IQFc\" lang=\"es\" xml:lang=\"es\">Cuatelart SL. Es reserva el dret a modificar el contingut del lloc web sense av\u00eds previ i sense cap limitaci\u00f3. En cas que hi hagi algun dany causat per virus inform\u00e0tics<\/span><\/p>\n<p><span class=\"Y2IQFc\" lang=\"es\" xml:lang=\"es\">Cuatelart SL. s&#8217;eximeix de qualsevol responsabilitat en no poder garantir el 100% dels virus i altres elements de la web. Cuatelart SL. Ofereix al vostre lloc web informaci\u00f3 relacionada amb els serveis, activitats i productes que fabrica.<\/span><\/p>\n<p><span class=\"Y2IQFc\" lang=\"es\" xml:lang=\"es\">Cuatelart SL. es reserva el dret d&#8217;actualitzar, modificar, eliminar informaci\u00f3, restringir i denegar l&#8217;acc\u00e9s a www.starmodul.com.<\/span><\/p>\n\t\t\t\t\t\t\t\t<\/div>\n\t\t\t\t<\/div>\n\t\t\t\t<div class=\"elementor-element elementor-element-82c39fd elementor-align-center elementor-mobile-align-justify elementor-widget elementor-widget-button\" data-id=\"82c39fd\" data-element_type=\"widget\" data-e-type=\"widget\" data-widget_type=\"button.default\">\n\t\t\t\t<div class=\"elementor-widget-container\">\n\t\t\t\t\t\t\t\t\t<div class=\"elementor-button-wrapper\">\n\t\t\t\t\t<a class=\"elementor-button elementor-button-link elementor-size-sm\" href=\"https:\/\/panel-composite.com\/contacto\/\">\n\t\t\t\t\t\t<span class=\"elementor-button-content-wrapper\">\n\t\t\t\t\t\t\t\t\t<span class=\"elementor-button-text\">Contacta amb nosaltres<\/span>\n\t\t\t\t\t<\/span>\n\t\t\t\t\t<\/a>\n\t\t\t\t<\/div>\n\t\t\t\t\t\t\t\t<\/div>\n\t\t\t\t<\/div>\n\t\t\t\t\t<\/div>\n\t\t<\/div>\n\t\t\t\t\t<\/div>\n\t\t<\/section>\n\t\t\t\t<\/div>\n\t\t","protected":false},"excerpt":{"rendered":"<p>Nota legal Queda prohibida la transmissi\u00f3, la cessi\u00f3, la venda, l&#8217;arrendament p\u00fablic d&#8217;exhibici\u00f3 d&#8217;aquest lloc web sense l&#8217;autoritzaci\u00f3 de CuatelArt SL. La informaci\u00f3 presentada en aquest lloc web \u00e9s nom\u00e9s per a orientaci\u00f3. Cuatelart SL. S&#8217;eximeix de qualsevol responsabilitat derivada de la manca de veracitat o efectivitat d&#8217;aquesta informaci\u00f3 o consells. Cuatelart SL. Es reserva [&hellip;]<\/p>\n","protected":false},"author":13,"featured_media":0,"parent":0,"menu_order":0,"comment_status":"closed","ping_status":"closed","template":"elementor_header_footer","meta":{"footnotes":""},"class_list":["post-5013","page","type-page","status-publish","hentry"],"_links":{"self":[{"href":"https:\/\/panel-composite.com\/ca\/wp-json\/wp\/v2\/pages\/5013","targetHints":{"allow":["GET"]}}],"collection":[{"href":"https:\/\/panel-composite.com\/ca\/wp-json\/wp\/v2\/pages"}],"about":[{"href":"https:\/\/panel-composite.com\/ca\/wp-json\/wp\/v2\/types\/page"}],"author":[{"embeddable":true,"href":"https:\/\/panel-composite.com\/ca\/wp-json\/wp\/v2\/users\/13"}],"replies":[{"embeddable":true,"href":"https:\/\/panel-composite.com\/ca\/wp-json\/wp\/v2\/comments?post=5013"}],"version-history":[{"count":1,"href":"https:\/\/panel-composite.com\/ca\/wp-json\/wp\/v2\/pages\/5013\/revisions"}],"predecessor-version":[{"id":5024,"href":"https:\/\/panel-composite.com\/ca\/wp-json\/wp\/v2\/pages\/5013\/revisions\/5024"}],"wp:attachment":[{"href":"https:\/\/panel-composite.com\/ca\/wp-json\/wp\/v2\/media?parent=5013"}],"curies":[{"name":"wp","href":"https:\/\/api.w.org\/{rel}","templated":true}]}}