{"id":5015,"date":"2022-12-22T20:27:38","date_gmt":"2022-12-22T19:27:38","guid":{"rendered":"https:\/\/www.panel-composite.com\/blog\/"},"modified":"2025-02-02T10:08:52","modified_gmt":"2025-02-02T09:08:52","slug":"blog","status":"publish","type":"page","link":"https:\/\/panel-composite.com\/ca\/blog\/","title":{"rendered":"Blog"},"content":{"rendered":"\t\t<div data-elementor-type=\"wp-page\" data-elementor-id=\"5015\" class=\"elementor elementor-5015 elementor-1178\" data-elementor-post-type=\"page\">\n\t\t\t\t\t\t<section class=\"elementor-section elementor-top-section elementor-element elementor-element-2dd52fb3 elementor-section-boxed elementor-section-height-default elementor-section-height-default\" data-id=\"2dd52fb3\" data-element_type=\"section\" data-e-type=\"section\" data-settings=\"{&quot;jet_parallax_layout_list&quot;:[]}\">\n\t\t\t\t\t\t<div class=\"elementor-container elementor-column-gap-default\">\n\t\t\t\t\t<div class=\"elementor-column elementor-col-100 elementor-top-column elementor-element elementor-element-1351d48\" data-id=\"1351d48\" data-element_type=\"column\" data-e-type=\"column\">\n\t\t\t<div class=\"elementor-widget-wrap elementor-element-populated\">\n\t\t\t\t\t\t<section class=\"elementor-section elementor-inner-section elementor-element elementor-element-4544c342 elementor-section-boxed elementor-section-height-default elementor-section-height-default\" data-id=\"4544c342\" data-element_type=\"section\" data-e-type=\"section\" data-settings=\"{&quot;jet_parallax_layout_list&quot;:[]}\">\n\t\t\t\t\t\t<div class=\"elementor-container elementor-column-gap-default\">\n\t\t\t\t\t<div class=\"elementor-column elementor-col-100 elementor-inner-column elementor-element elementor-element-26f30f91\" data-id=\"26f30f91\" data-element_type=\"column\" data-e-type=\"column\">\n\t\t\t<div class=\"elementor-widget-wrap elementor-element-populated\">\n\t\t\t\t\t\t<div class=\"elementor-element elementor-element-3f2f5338 elementor-widget elementor-widget-heading\" data-id=\"3f2f5338\" data-element_type=\"widget\" data-e-type=\"widget\" data-widget_type=\"heading.default\">\n\t\t\t\t<div class=\"elementor-widget-container\">\n\t\t\t\t\t<h1 class=\"elementor-heading-title elementor-size-default\">Bloc de Panell-Composite.Com<\/h1>\t\t\t\t<\/div>\n\t\t\t\t<\/div>\n\t\t\t\t<div class=\"elementor-element elementor-element-2b51d5a8 elementor-widget elementor-widget-text-editor\" data-id=\"2b51d5a8\" data-element_type=\"widget\" data-e-type=\"widget\" data-widget_type=\"text-editor.default\">\n\t\t\t\t<div class=\"elementor-widget-container\">\n\t\t\t\t\t\t\t\t\t<p>Descobreix totes les not\u00edcies i novetats del sector.<\/p>\n\t\t\t\t\t\t\t\t<\/div>\n\t\t\t\t<\/div>\n\t\t\t\t\t<\/div>\n\t\t<\/div>\n\t\t\t\t\t<\/div>\n\t\t<\/section>\n\t\t\t\t<div class=\"elementor-element elementor-element-3803bff0 elementor-grid-4 elementor-grid-tablet-3 elementor-grid-mobile-1 elementor-posts--thumbnail-top elementor-widget elementor-widget-posts\" data-id=\"3803bff0\" data-element_type=\"widget\" data-e-type=\"widget\" data-settings=\"{&quot;classic_row_gap&quot;:{&quot;unit&quot;:&quot;px&quot;,&quot;size&quot;:&quot;50&quot;,&quot;sizes&quot;:[]},&quot;classic_columns&quot;:&quot;4&quot;,&quot;classic_columns_tablet&quot;:&quot;3&quot;,&quot;classic_columns_mobile&quot;:&quot;1&quot;,&quot;classic_row_gap_tablet&quot;:{&quot;unit&quot;:&quot;px&quot;,&quot;size&quot;:&quot;&quot;,&quot;sizes&quot;:[]},&quot;classic_row_gap_mobile&quot;:{&quot;unit&quot;:&quot;px&quot;,&quot;size&quot;:&quot;&quot;,&quot;sizes&quot;:[]}}\" data-widget_type=\"posts.classic\">\n\t\t\t\t<div class=\"elementor-widget-container\">\n\t\t\t\t\t\t\t<div class=\"elementor-posts-container elementor-posts elementor-posts--skin-classic elementor-grid\" role=\"list\">\n\t\t\t\t<article class=\"elementor-post elementor-grid-item post-6765 post type-post status-publish format-standard has-post-thumbnail hentry category-uncategorized-ca\" role=\"listitem\">\n\t\t\t\t<a class=\"elementor-post__thumbnail__link\" href=\"https:\/\/panel-composite.com\/ca\/revestir-parets-rapid-a-locals-comercials\/\" tabindex=\"-1\" >\n\t\t\t<div class=\"elementor-post__thumbnail\"><img fetchpriority=\"high\" decoding=\"async\" width=\"1599\" height=\"1186\" src=\"https:\/\/panel-composite.com\/wp-content\/uploads\/2025\/02\/LEST6679.jpg\" class=\"attachment-full size-full wp-image-6468\" alt=\"fachada de alucobond\" title=\"\" srcset=\"https:\/\/panel-composite.com\/wp-content\/uploads\/2025\/02\/LEST6679.jpg 1599w, https:\/\/panel-composite.com\/wp-content\/uploads\/2025\/02\/LEST6679-300x223.jpg 300w, https:\/\/panel-composite.com\/wp-content\/uploads\/2025\/02\/LEST6679-1024x760.jpg 1024w, https:\/\/panel-composite.com\/wp-content\/uploads\/2025\/02\/LEST6679-768x570.jpg 768w, https:\/\/panel-composite.com\/wp-content\/uploads\/2025\/02\/LEST6679-1536x1139.jpg 1536w\" sizes=\"(max-width: 1599px) 100vw, 1599px\" \/><\/div>\n\t\t<\/a>\n\t\t\t\t<div class=\"elementor-post__text\">\n\t\t\t\t<h2 class=\"elementor-post__title\">\n\t\t\t<a href=\"https:\/\/panel-composite.com\/ca\/revestir-parets-rapid-a-locals-comercials\/\" >\n\t\t\t\tRevestir parets r\u00e0pid a locals comercials\t\t\t<\/a>\n\t\t<\/h2>\n\t\t\t\t<\/div>\n\t\t\t\t<\/article>\n\t\t\t\t<article class=\"elementor-post elementor-grid-item post-6758 post type-post status-publish format-standard has-post-thumbnail hentry category-uncategorized-ca\" role=\"listitem\">\n\t\t\t\t<a class=\"elementor-post__thumbnail__link\" href=\"https:\/\/panel-composite.com\/ca\/materials-que-aguanten-el-sol-per-a-cartells\/\" tabindex=\"-1\" >\n\t\t\t<div class=\"elementor-post__thumbnail\"><img decoding=\"async\" width=\"1200\" height=\"1200\" src=\"https:\/\/panel-composite.com\/wp-content\/uploads\/2023\/03\/gallery-5.jpg\" class=\"attachment-full size-full wp-image-6766\" alt=\"\" title=\"\" srcset=\"https:\/\/panel-composite.com\/wp-content\/uploads\/2023\/03\/gallery-5.jpg 1200w, https:\/\/panel-composite.com\/wp-content\/uploads\/2023\/03\/gallery-5-300x300.jpg 300w, https:\/\/panel-composite.com\/wp-content\/uploads\/2023\/03\/gallery-5-1024x1024.jpg 1024w, https:\/\/panel-composite.com\/wp-content\/uploads\/2023\/03\/gallery-5-150x150.jpg 150w, https:\/\/panel-composite.com\/wp-content\/uploads\/2023\/03\/gallery-5-768x768.jpg 768w, https:\/\/panel-composite.com\/wp-content\/uploads\/2023\/03\/gallery-5-600x600.jpg 600w, https:\/\/panel-composite.com\/wp-content\/uploads\/2023\/03\/gallery-5-100x100.jpg 100w\" sizes=\"(max-width: 1200px) 100vw, 1200px\" \/><\/div>\n\t\t<\/a>\n\t\t\t\t<div class=\"elementor-post__text\">\n\t\t\t\t<h2 class=\"elementor-post__title\">\n\t\t\t<a href=\"https:\/\/panel-composite.com\/ca\/materials-que-aguanten-el-sol-per-a-cartells\/\" >\n\t\t\t\tMaterials que aguanten el sol per a cartells\t\t\t<\/a>\n\t\t<\/h2>\n\t\t\t\t<\/div>\n\t\t\t\t<\/article>\n\t\t\t\t<article class=\"elementor-post elementor-grid-item post-6755 post type-post status-publish format-standard has-post-thumbnail hentry category-uncategorized-ca\" role=\"listitem\">\n\t\t\t\t<a class=\"elementor-post__thumbnail__link\" href=\"https:\/\/panel-composite.com\/ca\/estalviar-calefaccio-arreglant-la-facana\/\" tabindex=\"-1\" >\n\t\t\t<div class=\"elementor-post__thumbnail\"><img decoding=\"async\" width=\"1500\" height=\"785\" src=\"https:\/\/panel-composite.com\/wp-content\/uploads\/2023\/03\/proyecto-rehabilitacion-fachada-panel-composite-sistemas-de-aluminio-para-la-construccion-alumed-alicante-1-1.jpg\" class=\"attachment-full size-full wp-image-6769\" alt=\"\" title=\"\" srcset=\"https:\/\/panel-composite.com\/wp-content\/uploads\/2023\/03\/proyecto-rehabilitacion-fachada-panel-composite-sistemas-de-aluminio-para-la-construccion-alumed-alicante-1-1.jpg 1500w, https:\/\/panel-composite.com\/wp-content\/uploads\/2023\/03\/proyecto-rehabilitacion-fachada-panel-composite-sistemas-de-aluminio-para-la-construccion-alumed-alicante-1-1-300x157.jpg 300w, https:\/\/panel-composite.com\/wp-content\/uploads\/2023\/03\/proyecto-rehabilitacion-fachada-panel-composite-sistemas-de-aluminio-para-la-construccion-alumed-alicante-1-1-1024x536.jpg 1024w, https:\/\/panel-composite.com\/wp-content\/uploads\/2023\/03\/proyecto-rehabilitacion-fachada-panel-composite-sistemas-de-aluminio-para-la-construccion-alumed-alicante-1-1-768x402.jpg 768w, https:\/\/panel-composite.com\/wp-content\/uploads\/2023\/03\/proyecto-rehabilitacion-fachada-panel-composite-sistemas-de-aluminio-para-la-construccion-alumed-alicante-1-1-600x314.jpg 600w\" sizes=\"(max-width: 1500px) 100vw, 1500px\" \/><\/div>\n\t\t<\/a>\n\t\t\t\t<div class=\"elementor-post__text\">\n\t\t\t\t<h2 class=\"elementor-post__title\">\n\t\t\t<a href=\"https:\/\/panel-composite.com\/ca\/estalviar-calefaccio-arreglant-la-facana\/\" >\n\t\t\t\tEstalviar calefacci\u00f3 arreglant la fa\u00e7ana\t\t\t<\/a>\n\t\t<\/h2>\n\t\t\t\t<\/div>\n\t\t\t\t<\/article>\n\t\t\t\t<article class=\"elementor-post elementor-grid-item post-6742 post type-post status-publish format-standard has-post-thumbnail hentry category-uncategorized-ca\" role=\"listitem\">\n\t\t\t\t<a class=\"elementor-post__thumbnail__link\" href=\"https:\/\/panel-composite.com\/ca\/preu-del-panell-composite-per-metre-quadrat\/\" tabindex=\"-1\" >\n\t\t\t<div class=\"elementor-post__thumbnail\"><img loading=\"lazy\" decoding=\"async\" width=\"1599\" height=\"1200\" src=\"https:\/\/panel-composite.com\/wp-content\/uploads\/2024\/12\/GFDS6437.jpg\" class=\"attachment-full size-full wp-image-6331\" alt=\"\" title=\"\" srcset=\"https:\/\/panel-composite.com\/wp-content\/uploads\/2024\/12\/GFDS6437.jpg 1599w, https:\/\/panel-composite.com\/wp-content\/uploads\/2024\/12\/GFDS6437-300x225.jpg 300w, https:\/\/panel-composite.com\/wp-content\/uploads\/2024\/12\/GFDS6437-1024x768.jpg 1024w, https:\/\/panel-composite.com\/wp-content\/uploads\/2024\/12\/GFDS6437-768x576.jpg 768w, https:\/\/panel-composite.com\/wp-content\/uploads\/2024\/12\/GFDS6437-1536x1153.jpg 1536w\" sizes=\"(max-width: 1599px) 100vw, 1599px\" \/><\/div>\n\t\t<\/a>\n\t\t\t\t<div class=\"elementor-post__text\">\n\t\t\t\t<h2 class=\"elementor-post__title\">\n\t\t\t<a href=\"https:\/\/panel-composite.com\/ca\/preu-del-panell-composite-per-metre-quadrat\/\" >\n\t\t\t\tPreu del panell composite per metre quadrat\t\t\t<\/a>\n\t\t<\/h2>\n\t\t\t\t<\/div>\n\t\t\t\t<\/article>\n\t\t\t\t<article class=\"elementor-post elementor-grid-item post-6737 post type-post status-publish format-standard has-post-thumbnail hentry category-uncategorized-ca\" role=\"listitem\">\n\t\t\t\t<a class=\"elementor-post__thumbnail__link\" href=\"https:\/\/panel-composite.com\/ca\/tapar-rajoles-velles-amb-panell-dalumini\/\" tabindex=\"-1\" >\n\t\t\t<div class=\"elementor-post__thumbnail\"><img loading=\"lazy\" decoding=\"async\" width=\"1280\" height=\"854\" src=\"https:\/\/panel-composite.com\/wp-content\/uploads\/2026\/02\/mowbraycourthotel-bathroom-8688132_1280.jpg\" class=\"attachment-full size-full wp-image-6773\" alt=\"\" title=\"\" srcset=\"https:\/\/panel-composite.com\/wp-content\/uploads\/2026\/02\/mowbraycourthotel-bathroom-8688132_1280.jpg 1280w, https:\/\/panel-composite.com\/wp-content\/uploads\/2026\/02\/mowbraycourthotel-bathroom-8688132_1280-300x200.jpg 300w, https:\/\/panel-composite.com\/wp-content\/uploads\/2026\/02\/mowbraycourthotel-bathroom-8688132_1280-1024x683.jpg 1024w, https:\/\/panel-composite.com\/wp-content\/uploads\/2026\/02\/mowbraycourthotel-bathroom-8688132_1280-768x512.jpg 768w\" sizes=\"(max-width: 1280px) 100vw, 1280px\" \/><\/div>\n\t\t<\/a>\n\t\t\t\t<div class=\"elementor-post__text\">\n\t\t\t\t<h2 class=\"elementor-post__title\">\n\t\t\t<a href=\"https:\/\/panel-composite.com\/ca\/tapar-rajoles-velles-amb-panell-dalumini\/\" >\n\t\t\t\tTapar rajoles velles amb panell d&#8217;alumini\t\t\t<\/a>\n\t\t<\/h2>\n\t\t\t\t<\/div>\n\t\t\t\t<\/article>\n\t\t\t\t<article class=\"elementor-post elementor-grid-item post-6567 post type-post status-publish format-standard has-post-thumbnail hentry category-uncategorized-ca\" role=\"listitem\">\n\t\t\t\t<a class=\"elementor-post__thumbnail__link\" href=\"https:\/\/panel-composite.com\/ca\/guia-completa-sobre-panell-composite-dalumini-alucobond-tot-allo-que-necessites-saber-2\/\" tabindex=\"-1\" >\n\t\t\t<div class=\"elementor-post__thumbnail\"><img loading=\"lazy\" decoding=\"async\" width=\"1600\" height=\"1200\" src=\"https:\/\/panel-composite.com\/wp-content\/uploads\/2025\/12\/IOHZ8397.jpg\" class=\"attachment-full size-full wp-image-6561\" alt=\"panel composite fachada\" title=\"\" srcset=\"https:\/\/panel-composite.com\/wp-content\/uploads\/2025\/12\/IOHZ8397.jpg 1600w, https:\/\/panel-composite.com\/wp-content\/uploads\/2025\/12\/IOHZ8397-300x225.jpg 300w, https:\/\/panel-composite.com\/wp-content\/uploads\/2025\/12\/IOHZ8397-1024x768.jpg 1024w, https:\/\/panel-composite.com\/wp-content\/uploads\/2025\/12\/IOHZ8397-768x576.jpg 768w, https:\/\/panel-composite.com\/wp-content\/uploads\/2025\/12\/IOHZ8397-1536x1152.jpg 1536w\" sizes=\"(max-width: 1600px) 100vw, 1600px\" \/><\/div>\n\t\t<\/a>\n\t\t\t\t<div class=\"elementor-post__text\">\n\t\t\t\t<h2 class=\"elementor-post__title\">\n\t\t\t<a href=\"https:\/\/panel-composite.com\/ca\/guia-completa-sobre-panell-composite-dalumini-alucobond-tot-allo-que-necessites-saber-2\/\" >\n\t\t\t\tGuia Completa sobre Panell Composite d&#8217;Alumini (Alucobond): Tot all\u00f2 que Necessites Saber\t\t\t<\/a>\n\t\t<\/h2>\n\t\t\t\t<\/div>\n\t\t\t\t<\/article>\n\t\t\t\t<article class=\"elementor-post elementor-grid-item post-6551 post type-post status-publish format-standard has-post-thumbnail hentry category-uncategorized-ca\" role=\"listitem\">\n\t\t\t\t<a class=\"elementor-post__thumbnail__link\" href=\"https:\/\/panel-composite.com\/ca\/els-7-avantatges-clau-dusar-alucobond-al-teu-proxim-projecte-de-construccio\/\" tabindex=\"-1\" >\n\t\t\t<div class=\"elementor-post__thumbnail\"><img loading=\"lazy\" decoding=\"async\" width=\"2560\" height=\"1920\" src=\"https:\/\/panel-composite.com\/wp-content\/uploads\/2025\/06\/IMG_5485-scaled.jpg\" class=\"attachment-full size-full wp-image-6542\" alt=\"Fachada de panel composite alucobond.\" title=\"\" srcset=\"https:\/\/panel-composite.com\/wp-content\/uploads\/2025\/06\/IMG_5485-scaled.jpg 2560w, https:\/\/panel-composite.com\/wp-content\/uploads\/2025\/06\/IMG_5485-300x225.jpg 300w, https:\/\/panel-composite.com\/wp-content\/uploads\/2025\/06\/IMG_5485-1024x768.jpg 1024w, https:\/\/panel-composite.com\/wp-content\/uploads\/2025\/06\/IMG_5485-768x576.jpg 768w, https:\/\/panel-composite.com\/wp-content\/uploads\/2025\/06\/IMG_5485-1536x1152.jpg 1536w, https:\/\/panel-composite.com\/wp-content\/uploads\/2025\/06\/IMG_5485-2048x1536.jpg 2048w\" sizes=\"(max-width: 2560px) 100vw, 2560px\" \/><\/div>\n\t\t<\/a>\n\t\t\t\t<div class=\"elementor-post__text\">\n\t\t\t\t<h2 class=\"elementor-post__title\">\n\t\t\t<a href=\"https:\/\/panel-composite.com\/ca\/els-7-avantatges-clau-dusar-alucobond-al-teu-proxim-projecte-de-construccio\/\" >\n\t\t\t\tEls 7 Avantatges Clau d&#8217;Usar Alucobond al teu Pr\u00f2xim Projecte de Construcci\u00f3\t\t\t<\/a>\n\t\t<\/h2>\n\t\t\t\t<\/div>\n\t\t\t\t<\/article>\n\t\t\t\t<article class=\"elementor-post elementor-grid-item post-6527 post type-post status-publish format-standard has-post-thumbnail hentry category-uncategorized-ca\" role=\"listitem\">\n\t\t\t\t<a class=\"elementor-post__thumbnail__link\" href=\"https:\/\/panel-composite.com\/ca\/guia-completa-sobre-panell-composite-dalumini-alucobond-tot-allo-que-necessites-saber\/\" tabindex=\"-1\" >\n\t\t\t<div class=\"elementor-post__thumbnail\"><img loading=\"lazy\" decoding=\"async\" width=\"2048\" height=\"1536\" src=\"https:\/\/panel-composite.com\/wp-content\/uploads\/2025\/05\/WhatsApp-Image-2025-05-01-at-19.22.52.jpeg\" class=\"attachment-full size-full wp-image-6523\" alt=\"fachada con panel composite alucobond\" title=\"\" srcset=\"https:\/\/panel-composite.com\/wp-content\/uploads\/2025\/05\/WhatsApp-Image-2025-05-01-at-19.22.52.jpeg 2048w, https:\/\/panel-composite.com\/wp-content\/uploads\/2025\/05\/WhatsApp-Image-2025-05-01-at-19.22.52-300x225.jpeg 300w, https:\/\/panel-composite.com\/wp-content\/uploads\/2025\/05\/WhatsApp-Image-2025-05-01-at-19.22.52-1024x768.jpeg 1024w, https:\/\/panel-composite.com\/wp-content\/uploads\/2025\/05\/WhatsApp-Image-2025-05-01-at-19.22.52-768x576.jpeg 768w, https:\/\/panel-composite.com\/wp-content\/uploads\/2025\/05\/WhatsApp-Image-2025-05-01-at-19.22.52-1536x1152.jpeg 1536w\" sizes=\"(max-width: 2048px) 100vw, 2048px\" \/><\/div>\n\t\t<\/a>\n\t\t\t\t<div class=\"elementor-post__text\">\n\t\t\t\t<h2 class=\"elementor-post__title\">\n\t\t\t<a href=\"https:\/\/panel-composite.com\/ca\/guia-completa-sobre-panell-composite-dalumini-alucobond-tot-allo-que-necessites-saber\/\" >\n\t\t\t\tPanell Composite d&#8217;Alumini: Innovaci\u00f3 i resist\u00e8ncia per a la fa\u00e7ana\t\t\t<\/a>\n\t\t<\/h2>\n\t\t\t\t<\/div>\n\t\t\t\t<\/article>\n\t\t\t\t<article class=\"elementor-post elementor-grid-item post-6506 post type-post status-publish format-standard has-post-thumbnail hentry category-uncategorized-ca\" role=\"listitem\">\n\t\t\t\t<a class=\"elementor-post__thumbnail__link\" href=\"https:\/\/panel-composite.com\/ca\/es-alucobond-el-material-mes-segur-per-a-facanes-comercials\/\" tabindex=\"-1\" >\n\t\t\t<div class=\"elementor-post__thumbnail\"><img loading=\"lazy\" decoding=\"async\" width=\"1599\" height=\"1200\" src=\"https:\/\/panel-composite.com\/wp-content\/uploads\/2025\/03\/QNRA4491.jpg\" class=\"attachment-full size-full wp-image-6498\" alt=\"fachada de alucobond.\" title=\"\" srcset=\"https:\/\/panel-composite.com\/wp-content\/uploads\/2025\/03\/QNRA4491.jpg 1599w, https:\/\/panel-composite.com\/wp-content\/uploads\/2025\/03\/QNRA4491-300x225.jpg 300w, https:\/\/panel-composite.com\/wp-content\/uploads\/2025\/03\/QNRA4491-1024x768.jpg 1024w, https:\/\/panel-composite.com\/wp-content\/uploads\/2025\/03\/QNRA4491-768x576.jpg 768w, https:\/\/panel-composite.com\/wp-content\/uploads\/2025\/03\/QNRA4491-1536x1153.jpg 1536w\" sizes=\"(max-width: 1599px) 100vw, 1599px\" \/><\/div>\n\t\t<\/a>\n\t\t\t\t<div class=\"elementor-post__text\">\n\t\t\t\t<h2 class=\"elementor-post__title\">\n\t\t\t<a href=\"https:\/\/panel-composite.com\/ca\/es-alucobond-el-material-mes-segur-per-a-facanes-comercials\/\" >\n\t\t\t\t\u00c9s Alucobond el material m\u00e9s segur per a fa\u00e7anes comercials?\t\t\t<\/a>\n\t\t<\/h2>\n\t\t\t\t<\/div>\n\t\t\t\t<\/article>\n\t\t\t\t<article class=\"elementor-post elementor-grid-item post-6493 post type-post status-publish format-standard has-post-thumbnail hentry category-uncategorized-ca\" role=\"listitem\">\n\t\t\t\t<a class=\"elementor-post__thumbnail__link\" href=\"https:\/\/panel-composite.com\/ca\/errors-comuns-al-treballar-amb-alucobond-i-com-evitar-los\/\" tabindex=\"-1\" >\n\t\t\t<div class=\"elementor-post__thumbnail\"><img loading=\"lazy\" decoding=\"async\" width=\"1600\" height=\"1200\" src=\"https:\/\/panel-composite.com\/wp-content\/uploads\/2025\/02\/IMG_7631.jpg\" class=\"attachment-full size-full wp-image-6485\" alt=\"panel composite alucobond\" title=\"\" srcset=\"https:\/\/panel-composite.com\/wp-content\/uploads\/2025\/02\/IMG_7631.jpg 1600w, https:\/\/panel-composite.com\/wp-content\/uploads\/2025\/02\/IMG_7631-300x225.jpg 300w, https:\/\/panel-composite.com\/wp-content\/uploads\/2025\/02\/IMG_7631-1024x768.jpg 1024w, https:\/\/panel-composite.com\/wp-content\/uploads\/2025\/02\/IMG_7631-768x576.jpg 768w, https:\/\/panel-composite.com\/wp-content\/uploads\/2025\/02\/IMG_7631-1536x1152.jpg 1536w\" sizes=\"(max-width: 1600px) 100vw, 1600px\" \/><\/div>\n\t\t<\/a>\n\t\t\t\t<div class=\"elementor-post__text\">\n\t\t\t\t<h2 class=\"elementor-post__title\">\n\t\t\t<a href=\"https:\/\/panel-composite.com\/ca\/errors-comuns-al-treballar-amb-alucobond-i-com-evitar-los\/\" >\n\t\t\t\tErrors Comuns al Treballar amb Alucobond i Com Evitar-los\t\t\t<\/a>\n\t\t<\/h2>\n\t\t\t\t<\/div>\n\t\t\t\t<\/article>\n\t\t\t\t<\/div>\n\t\t\n\t\t\t\t\t\t<\/div>\n\t\t\t\t<\/div>\n\t\t\t\t\t<\/div>\n\t\t<\/div>\n\t\t\t\t\t<\/div>\n\t\t<\/section>\n\t\t\t\t<\/div>\n\t\t","protected":false},"excerpt":{"rendered":"<p>Bloc de Panell-Composite.Com Descobreix totes les not\u00edcies i novetats del sector.<\/p>\n","protected":false},"author":13,"featured_media":0,"parent":0,"menu_order":0,"comment_status":"closed","ping_status":"closed","template":"elementor_header_footer","meta":{"footnotes":""},"class_list":["post-5015","page","type-page","status-publish","hentry"],"_links":{"self":[{"href":"https:\/\/panel-composite.com\/ca\/wp-json\/wp\/v2\/pages\/5015","targetHints":{"allow":["GET"]}}],"collection":[{"href":"https:\/\/panel-composite.com\/ca\/wp-json\/wp\/v2\/pages"}],"about":[{"href":"https:\/\/panel-composite.com\/ca\/wp-json\/wp\/v2\/types\/page"}],"author":[{"embeddable":true,"href":"https:\/\/panel-composite.com\/ca\/wp-json\/wp\/v2\/users\/13"}],"replies":[{"embeddable":true,"href":"https:\/\/panel-composite.com\/ca\/wp-json\/wp\/v2\/comments?post=5015"}],"version-history":[{"count":2,"href":"https:\/\/panel-composite.com\/ca\/wp-json\/wp\/v2\/pages\/5015\/revisions"}],"predecessor-version":[{"id":5773,"href":"https:\/\/panel-composite.com\/ca\/wp-json\/wp\/v2\/pages\/5015\/revisions\/5773"}],"wp:attachment":[{"href":"https:\/\/panel-composite.com\/ca\/wp-json\/wp\/v2\/media?parent=5015"}],"curies":[{"name":"wp","href":"https:\/\/api.w.org\/{rel}","templated":true}]}}