{"id":5149,"date":"2023-02-08T17:15:14","date_gmt":"2023-02-08T16:15:14","guid":{"rendered":"https:\/\/www.panel-composite.com\/productes-rd\/"},"modified":"2025-02-02T10:14:01","modified_gmt":"2025-02-02T09:14:01","slug":"productes-rd","status":"publish","type":"page","link":"https:\/\/panel-composite.com\/ca\/productes-rd\/","title":{"rendered":"Productes R+D"},"content":{"rendered":"\t\t<div data-elementor-type=\"wp-page\" data-elementor-id=\"5149\" class=\"elementor elementor-5149 elementor-2559\" data-elementor-post-type=\"page\">\n\t\t\t\t\t\t<section class=\"elementor-section elementor-top-section elementor-element elementor-element-489565a1 elementor-section-full_width elementor-section-height-default elementor-section-height-default\" data-id=\"489565a1\" data-element_type=\"section\" data-e-type=\"section\" data-settings=\"{&quot;background_background&quot;:&quot;classic&quot;,&quot;jet_parallax_layout_list&quot;:[]}\">\n\t\t\t\t\t\t<div class=\"elementor-container elementor-column-gap-default\">\n\t\t\t\t\t<div class=\"elementor-column elementor-col-50 elementor-top-column elementor-element elementor-element-66e660c0\" data-id=\"66e660c0\" data-element_type=\"column\" data-e-type=\"column\">\n\t\t\t<div class=\"elementor-widget-wrap elementor-element-populated\">\n\t\t\t\t\t\t<div class=\"elementor-element elementor-element-4114ca41 elementor-widget elementor-widget-heading\" data-id=\"4114ca41\" data-element_type=\"widget\" data-e-type=\"widget\" data-widget_type=\"heading.default\">\n\t\t\t\t<div class=\"elementor-widget-container\">\n\t\t\t\t\t<h1 class=\"elementor-heading-title elementor-size-default\">Productes R+D<\/h1>\t\t\t\t<\/div>\n\t\t\t\t<\/div>\n\t\t\t\t<div class=\"elementor-element elementor-element-397dc766 elementor-widget__width-initial elementor-widget elementor-widget-text-editor\" data-id=\"397dc766\" data-element_type=\"widget\" data-e-type=\"widget\" data-widget_type=\"text-editor.default\">\n\t\t\t\t<div class=\"elementor-widget-container\">\n\t\t\t\t\t\t\t\t\t<table>\n<tbody>\n<tr>\n<td>\n<b>5-PRODUCTES R+D+i  <\/b>\n<\/td>\n<\/tr>\n<tr>\n<td>\n<ul>\n \t<li>5.1 Coastal primer<\/li>\n \t<li>5.2 FastClean<\/li>\n \t<li>5.3 EuraCool<\/li>\n<\/ul>\n<\/td>\n<\/tr>\n<\/tbody>\n<\/table>\t\t\t\t\t\t\t\t<\/div>\n\t\t\t\t<\/div>\n\t\t\t\t\t<\/div>\n\t\t<\/div>\n\t\t\t\t<div class=\"elementor-column elementor-col-50 elementor-top-column elementor-element elementor-element-7c460fda\" data-id=\"7c460fda\" data-element_type=\"column\" data-e-type=\"column\">\n\t\t\t<div class=\"elementor-widget-wrap elementor-element-populated\">\n\t\t\t\t\t\t<div class=\"elementor-element elementor-element-1ae711f8 elementor-widget elementor-widget-image\" data-id=\"1ae711f8\" data-element_type=\"widget\" data-e-type=\"widget\" data-widget_type=\"image.default\">\n\t\t\t\t<div class=\"elementor-widget-container\">\n\t\t\t\t\t\t\t\t\t\t\t\t\t\t\t<img fetchpriority=\"high\" decoding=\"async\" width=\"627\" height=\"432\" src=\"https:\/\/panel-composite.com\/wp-content\/uploads\/2023\/02\/PANELCOMPOSITE00045.jpg\" class=\"attachment-large size-large wp-image-3140\" alt=\"\" srcset=\"https:\/\/panel-composite.com\/wp-content\/uploads\/2023\/02\/PANELCOMPOSITE00045.jpg 627w, https:\/\/panel-composite.com\/wp-content\/uploads\/2023\/02\/PANELCOMPOSITE00045-300x207.jpg 300w, https:\/\/panel-composite.com\/wp-content\/uploads\/2023\/02\/PANELCOMPOSITE00045-600x413.jpg 600w\" sizes=\"(max-width: 627px) 100vw, 627px\" title=\"\">\t\t\t\t\t\t\t\t\t\t\t\t\t\t\t<\/div>\n\t\t\t\t<\/div>\n\t\t\t\t\t<\/div>\n\t\t<\/div>\n\t\t\t\t\t<\/div>\n\t\t<\/section>\n\t\t\t\t<section class=\"elementor-section elementor-top-section elementor-element elementor-element-2824281d elementor-section-boxed elementor-section-height-default elementor-section-height-default\" data-id=\"2824281d\" data-element_type=\"section\" data-e-type=\"section\" data-settings=\"{&quot;jet_parallax_layout_list&quot;:[]}\">\n\t\t\t\t\t\t<div class=\"elementor-container elementor-column-gap-default\">\n\t\t\t\t\t<div class=\"elementor-column elementor-col-100 elementor-top-column elementor-element elementor-element-716bf9d4\" data-id=\"716bf9d4\" data-element_type=\"column\" data-e-type=\"column\">\n\t\t\t<div class=\"elementor-widget-wrap elementor-element-populated\">\n\t\t\t\t\t\t<div class=\"elementor-element elementor-element-678385fb elementor-widget elementor-widget-text-editor\" data-id=\"678385fb\" data-element_type=\"widget\" data-e-type=\"widget\" data-widget_type=\"text-editor.default\">\n\t\t\t\t<div class=\"elementor-widget-container\">\n\t\t\t\t\t\t\t\t\t<table>\n<tbody>\n<tr>\n<td>\n<ul>\n<li>5.1 Coastal primer.<\/li>\n<\/ul>\n<p align=\"justify\">Consisteix en un primer especial per a ambients agressius que atorga un gruix total de pintura de 31 micres i s&#8217;aplica en combinaci\u00f3 amb un 70% PVdF Kynar 500. Fixada a m\u00e9s sobre un aliatge mar\u00ed com el 5005-H22, multiplica la vida \u00fatil del panell.<\/p>\n<p align=\"justify\">Protegeix especialment vores i punts de plegat, els m\u00e9s delicats en entorns marins. Permet donar una garantia per sobre de 10 anys per a projectes a primera l\u00ednia de costa, eliminant la possibilitat d&#8217;ampollament o deslaminaci\u00f3 de la pintura en ambients marins, sense necessitat de rec\u00f3rrer a un PVdF Tricapa.<\/p>\n<\/td>\n<\/tr>\n<tr>\n<td>\n<ul>\n<li>5.2 FastClean<\/li>\n<\/ul>\n<p align=\"justify\">\u00c9s una pintura PVdF Tricapa, sent la seva tercera capa un clear transparent FEVE (Fluoroethylene \/ Vinyl Ether) de 12-15\u00b5 amb additius especials aplicable en qualsevol color en qualitat PVdF dels panells. Fastclean \u00e9s la soluci\u00f3 per a tot arquitecte i projecte que vulgui protegir el seu edifici contra la brut\u00edcia.<\/p>\n<\/td>\n<\/tr>\n<tr>\n<td>\n<ul>\n<li>5.3 EuraCool:<\/li>\n<\/ul>\n<p align=\"justify\">\u00c9s una pintura especial PVdF 70% Kynar 500 amb 30% de pigments especials d\u00b4alta reflexi\u00f3 als raigs solars incidint en el valor TSR. (Reflect\u00e0ncia Solar Total). La Reflect\u00e0ncia Solar Total (TSR) s&#8217;expressa com la fracci\u00f3 de l&#8217;energia solar que \u00e9s reflectida per la superf\u00edcie a les tres zones de l&#8217;espectre solar (ultraviolat, visible i infraroig). Les pintures PVdF EuraCool augmenten la reflect\u00e0ncia solar total reduint la temperatura de la superf\u00edcie dels panells.  <\/p>\n<\/td>\n<\/tr>\n<\/tbody>\n<\/table>\n\t\t\t\t\t\t\t\t<\/div>\n\t\t\t\t<\/div>\n\t\t\t\t\t<\/div>\n\t\t<\/div>\n\t\t\t\t\t<\/div>\n\t\t<\/section>\n\t\t\t\t<\/div>\n\t\t","protected":false},"excerpt":{"rendered":"<p>Productes R+D 5-PRODUCTES R+D+i 5.1 Coastal primer 5.2 FastClean 5.3 EuraCool 5.1 Coastal primer. Consisteix en un primer especial per a ambients agressius que atorga un gruix total de pintura de 31 micres i s&#8217;aplica en combinaci\u00f3 amb un 70% PVdF Kynar 500. Fixada a m\u00e9s sobre un aliatge mar\u00ed com el 5005-H22, multiplica la [&hellip;]<\/p>\n","protected":false},"author":13,"featured_media":0,"parent":0,"menu_order":150,"comment_status":"closed","ping_status":"closed","template":"elementor_header_footer","meta":{"footnotes":""},"class_list":["post-5149","page","type-page","status-publish","hentry"],"_links":{"self":[{"href":"https:\/\/panel-composite.com\/ca\/wp-json\/wp\/v2\/pages\/5149","targetHints":{"allow":["GET"]}}],"collection":[{"href":"https:\/\/panel-composite.com\/ca\/wp-json\/wp\/v2\/pages"}],"about":[{"href":"https:\/\/panel-composite.com\/ca\/wp-json\/wp\/v2\/types\/page"}],"author":[{"embeddable":true,"href":"https:\/\/panel-composite.com\/ca\/wp-json\/wp\/v2\/users\/13"}],"replies":[{"embeddable":true,"href":"https:\/\/panel-composite.com\/ca\/wp-json\/wp\/v2\/comments?post=5149"}],"version-history":[{"count":5,"href":"https:\/\/panel-composite.com\/ca\/wp-json\/wp\/v2\/pages\/5149\/revisions"}],"predecessor-version":[{"id":6453,"href":"https:\/\/panel-composite.com\/ca\/wp-json\/wp\/v2\/pages\/5149\/revisions\/6453"}],"wp:attachment":[{"href":"https:\/\/panel-composite.com\/ca\/wp-json\/wp\/v2\/media?parent=5149"}],"curies":[{"name":"wp","href":"https:\/\/api.w.org\/{rel}","templated":true}]}}