{"id":5167,"date":"2023-02-08T17:15:15","date_gmt":"2023-02-08T16:15:15","guid":{"rendered":"https:\/\/www.panel-composite.com\/transformacio\/"},"modified":"2025-02-02T10:14:23","modified_gmt":"2025-02-02T09:14:23","slug":"transformacio","status":"publish","type":"page","link":"https:\/\/panel-composite.com\/ca\/transformacio\/","title":{"rendered":"Transformaci\u00f3"},"content":{"rendered":"\t\t<div data-elementor-type=\"wp-page\" data-elementor-id=\"5167\" class=\"elementor elementor-5167 elementor-2561\" data-elementor-post-type=\"page\">\n\t\t\t\t\t\t<section class=\"elementor-section elementor-top-section elementor-element elementor-element-5f7e6a0f elementor-section-full_width elementor-section-height-default elementor-section-height-default\" data-id=\"5f7e6a0f\" data-element_type=\"section\" data-e-type=\"section\" data-settings=\"{&quot;background_background&quot;:&quot;classic&quot;,&quot;jet_parallax_layout_list&quot;:[]}\">\n\t\t\t\t\t\t<div class=\"elementor-container elementor-column-gap-default\">\n\t\t\t\t\t<div class=\"elementor-column elementor-col-50 elementor-top-column elementor-element elementor-element-51403c00\" data-id=\"51403c00\" data-element_type=\"column\" data-e-type=\"column\">\n\t\t\t<div class=\"elementor-widget-wrap elementor-element-populated\">\n\t\t\t\t\t\t<div class=\"elementor-element elementor-element-6718df08 elementor-widget elementor-widget-heading\" data-id=\"6718df08\" data-element_type=\"widget\" data-e-type=\"widget\" data-widget_type=\"heading.default\">\n\t\t\t\t<div class=\"elementor-widget-container\">\n\t\t\t\t\t<h1 class=\"elementor-heading-title elementor-size-default\">Transformaci\u00f3<\/h1>\t\t\t\t<\/div>\n\t\t\t\t<\/div>\n\t\t\t\t<div class=\"elementor-element elementor-element-42fce911 elementor-widget__width-initial elementor-widget elementor-widget-text-editor\" data-id=\"42fce911\" data-element_type=\"widget\" data-e-type=\"widget\" data-widget_type=\"text-editor.default\">\n\t\t\t\t<div class=\"elementor-widget-container\">\n\t\t\t\t\t\t\t\t\t<table>\n<tbody>\n<tr>\n<td>\n<strong>6-TRANSFORMACI\u00d3 DEL PANELL COMPOSITE<\/strong>\n<\/td>\n<\/tr>\n<tr>\n<td>\n<ul>\n \t<li>6.1 Tall<\/li>\n \t<li>6.2 Fresat<\/li>\n \t<li>6.3 Corbat<\/li>\n \t<li>6.4 Plegat<\/li>\n \t<li>6.5 Perforat<\/li>\n<\/ul>\n<\/td>\n<\/tr>\n<\/tbody>\n<\/table>\t\t\t\t\t\t\t\t<\/div>\n\t\t\t\t<\/div>\n\t\t\t\t\t<\/div>\n\t\t<\/div>\n\t\t\t\t<div class=\"elementor-column elementor-col-50 elementor-top-column elementor-element elementor-element-53115a7e\" data-id=\"53115a7e\" data-element_type=\"column\" data-e-type=\"column\">\n\t\t\t<div class=\"elementor-widget-wrap elementor-element-populated\">\n\t\t\t\t\t\t<div class=\"elementor-element elementor-element-f9bf13d elementor-widget elementor-widget-image\" data-id=\"f9bf13d\" data-element_type=\"widget\" data-e-type=\"widget\" data-widget_type=\"image.default\">\n\t\t\t\t<div class=\"elementor-widget-container\">\n\t\t\t\t\t\t\t\t\t\t\t\t\t\t\t<img fetchpriority=\"high\" decoding=\"async\" width=\"627\" height=\"432\" src=\"https:\/\/panel-composite.com\/wp-content\/uploads\/2023\/02\/PANELCOMPOSITE00045.jpg\" class=\"attachment-large size-large wp-image-3140\" alt=\"\" srcset=\"https:\/\/panel-composite.com\/wp-content\/uploads\/2023\/02\/PANELCOMPOSITE00045.jpg 627w, https:\/\/panel-composite.com\/wp-content\/uploads\/2023\/02\/PANELCOMPOSITE00045-300x207.jpg 300w, https:\/\/panel-composite.com\/wp-content\/uploads\/2023\/02\/PANELCOMPOSITE00045-600x413.jpg 600w\" sizes=\"(max-width: 627px) 100vw, 627px\" title=\"\">\t\t\t\t\t\t\t\t\t\t\t\t\t\t\t<\/div>\n\t\t\t\t<\/div>\n\t\t\t\t\t<\/div>\n\t\t<\/div>\n\t\t\t\t\t<\/div>\n\t\t<\/section>\n\t\t\t\t<section class=\"elementor-section elementor-top-section elementor-element elementor-element-43010d9e elementor-section-boxed elementor-section-height-default elementor-section-height-default\" data-id=\"43010d9e\" data-element_type=\"section\" data-e-type=\"section\" data-settings=\"{&quot;jet_parallax_layout_list&quot;:[]}\">\n\t\t\t\t\t\t<div class=\"elementor-container elementor-column-gap-default\">\n\t\t\t\t\t<div class=\"elementor-column elementor-col-100 elementor-top-column elementor-element elementor-element-5e2ce272\" data-id=\"5e2ce272\" data-element_type=\"column\" data-e-type=\"column\">\n\t\t\t<div class=\"elementor-widget-wrap elementor-element-populated\">\n\t\t\t\t\t\t<div class=\"elementor-element elementor-element-2ea8d836 elementor-widget elementor-widget-text-editor\" data-id=\"2ea8d836\" data-element_type=\"widget\" data-e-type=\"widget\" data-widget_type=\"text-editor.default\">\n\t\t\t\t<div class=\"elementor-widget-container\">\n\t\t\t\t\t\t\t\t\t<p align=\"justify\">L&#8217;avan\u00e7at proc\u00e9s de fabricaci\u00f3 dels panells composite permet una extraordin\u00e0ria adher\u00e8ncia entre les diferents capes. Les proves realitzades a tots els productes dupliquen almenys els par\u00e0metres recomanats per diverses normatives. Gr\u00e0cies a aquest perfecte assemblatge entre les diferents parts que componen el panell composite, ofereix una extraordin\u00e0ria capacitat per a la mecanitzaci\u00f3 en totes les seves variants. Les operacions seg\u00fcents s&#8217;han de fer a temperatures superiors de 10\u00baC:<\/p>\n<table>\n<tbody>\n<tr>\n<td>\n<ul>\n<li>6.1 Tall:<\/li>\n<\/ul>\n<p align=\"justify\">El tall es pot realitzar a:<\/p>\n<p align=\"justify\">?Serras circulars verticals (talls rectes)<\/p>\n<p align=\"justify\">?Centres de mecanitzat CNC (talls rectes i corbs)<\/p>\n<p align=\"justify\">?Cizalla \u00ae (talls rectes): larson metalls INOX  <\/p>\n<\/td>\n<\/tr>\n<tr>\n<td>\n<ul>\n<li>6.2 Fresat:<\/li>\n<\/ul>\n<p align=\"justify\">El fresat es pot realitzar a:<\/p>\n<p align=\"justify\">?Fressadores de disc port\u00e0til<\/p>\n<p align=\"justify\">?Fressadores manuals verticals amb palpador<\/p>\n<p align=\"justify\">?Centres de mecanitzat CNC  <\/p>\n<\/td>\n<\/tr>\n<tr>\n<td>\n<ul>\n<li>6.3 Corbat:<\/li>\n<\/ul>\n<p align=\"justify\">El panell es pot corbar sense dificultat emprant corbadores de tres o quatre rodets, procurant que aquests es trobin nets per evitar danys al material.<\/p>\n<p align=\"justify\">\n<p align=\"justify\">a) Corbat de panells larson de 3 o 4mm de gruix.<\/p>\n<p align=\"justify\">Dimensions del corbat:<\/p>\n<p align=\"justify\">?Amplada m\u00e0xima de corbat: 4000mm (longitud corbadora).<\/p>\n<p align=\"justify\">?R\u00e0dio m\u00ednim:150mm.<\/p>\n<p align=\"justify\">\n<p align=\"justify\">b) Corbat de panells Metalls Inox<\/p>\n<p align=\"justify\">Dimensions del corbat:<\/p>\n<p align=\"justify\">?Amplada m\u00e0xima de corbat: 4000mm (longitud corbadora).<\/p>\n<p align=\"justify\">?R\u00e0dio m\u00ednim=1000mm.<\/p>\n<p align=\"justify\">\n<p align=\"justify\">c) Corbat de safates larson 4mm de gruix amb cantell<\/p>\n<p align=\"justify\">Dimensions del corbat:<\/p>\n<p align=\"justify\">?Amplada m\u00ednima de corbat: 150mm. Correspon a l&#8217;amplada dels casquets; la separaci\u00f3 entre casquets ser\u00e0 la de l&#8217;espessor del panell, de manera que ser\u00e0 per aquesta separaci\u00f3 per on es desplaci el cantell en el moment del corbat.<\/p>\n<p align=\"justify\">?Amplada m\u00e0xima de corbat: 4000mm (longitud corbadora).<\/p>\n<p align=\"justify\">?Cant m\u00e0xim de safata: 20mm.<\/p>\n<p align=\"justify\">\n<p align=\"justify\">NOTES:<\/p>\n<p align=\"justify\">a) Al corbat amb cantell de safata&gt; 20mm, aquesta pot arribar a deformar-se, no recomanant-ne la realitzaci\u00f3.<\/p>\n<p align=\"justify\">b) Per al corbat cal interposar una planxa d&#8217;alumini de 2 mm de gruix, evitant aix\u00ed que es marquin les vores dels casquets de tefl\u00f3 utilitzats. En cas de no utilitzar aquesta planxa, es poden observar marques sobre la safata.<\/p>\n<p align=\"justify\">c) Quan el radi de corbat sigui m\u00e9s gran de 1000 mm, es pot realitzar en pla, plegant posteriorment la pestanya. Per aix\u00f2 es donar\u00e0 un menor radi, a fi que durant el plegat la safata vagi al radi desitjat. En qualsevol cas, en aquest tipus de corbat, la pestanya no queda perfectament plana, i s&#8217;hi aprecia ondulacions.<\/p>\n<p align=\"justify\">d) El metalls INOX es realitzar\u00e0 amb aletes de 40 mm nom\u00e9s en el sentit del corbat.<\/p>\n<p align=\"justify\">e) A causa de l&#8217;escassa rigidesa del panell composite de 3mm, NO PODR\u00c0 CORBAR-SE en safata amb pestanya, per la deformaci\u00f3 que pateix la pestanya durant el corbat.<\/p>\n<p align=\"justify\">f) S&#8217;haur\u00e0 de fer un estudi previ per verificar qualsevol tipus de corbat que desitgi el client per assegurar-ne la correcta execuci\u00f3.  <\/p>\n<\/td>\n<\/tr>\n<tr>\n<td>\n<ul>\n<li>6.4 Plegat<\/li>\n<\/ul>\n<p align=\"justify\">El panell s&#8217;ha de protegir tant a la zona en contacte amb l&#8217;\u00fatil com a la zona recolzada a la matriu per evitar desperfectes.<\/p>\n<p align=\"justify\">TIPUS DE FRESAT<\/p>\n<p align=\"justify\">?Plegat 90\u00ba amb eines amb un angle de tall que aconsegueix un perfecte plegat a 90\u00ba.<\/p>\n<p align=\"justify\">?Plegat 90\u00ba&lt; 180\u00ba amb eines l&#8217;angle de tall dels quals aconsegueix un plegat perfecte als angles que indiqui el client.<\/p>\n<p align=\"justify\">?Per aconseguir la mesura desitjada, el plegat s?haur\u00e0 de realitzar sempre al?eix del fresat com es mostra a continuaci\u00f3<\/p>\n<p align=\"justify\">\n<\/td>\n<\/tr>\n<tr>\n<td>\n<ul>\n<li>6.5 Perforat<\/li>\n<\/ul>\n<p align=\"justify\">El perforat als panells composite \u00e9s una realitat, la possibilitat d&#8217;aconseguir efectes abans inimaginables; ara \u00e9s possible gr\u00e0cies a les diferents combinacions de perforats.<\/p>\n<p align=\"justify\">\n<p align=\"justify\">Es garanteix el perforat als seus panells larson a causa de les seves exclusives caracter\u00edstiques i prestacions.<\/p>\n<p align=\"justify\">?Alumini d?alta qualitat aliatge 5005<\/p>\n<p align=\"justify\">? Pretractament anticorrosiu dels seus metalls<\/p>\n<p align=\"justify\">? Excepcional adhesi\u00f3 del metall al nucli (peeling)<\/p>\n<p align=\"justify\">? Garantia de 10 anys a exteriors (*)<\/p>\n<p align=\"justify\">? Perforats per a fa\u00e7anes &#8211; Panells lacats doble cara<\/p>\n<p align=\"justify\">? Perforats per a sostres interiors &#8211; Lacats una cara<\/p>\n<p align=\"justify\">? Infinitat de tipus de perforat<\/p>\n<p align=\"justify\">Tant en centres de mecanitzat CNC com en punxonadores, oferim la possibilitat de realitzar infinitat de perforats: circulars de diferents di\u00e0metres, quadrats o rectangles de diverses mides, colisos, rombes, estrelles, triangles&#8230; A m\u00e9s del seu \u00fas a fa\u00e7ana, avui dia els perforats s\u00f3n una clara aposta per la modernitat en aplicacions d&#8217;interiors i sostres falsos<\/p>\n<p align=\"justify\">\n<p align=\"justify\">Tenint en compte la seg\u00fcent nomenclatura Alucoil ofereix una \u00e0mplia gamma de punxonats capa\u00e7os de donar a cada tipus de fa\u00e7ana un disseny exclusiu.<\/p>\n<p align=\"justify\">?\u201cR\u201d: Rod\u00f3 (di\u00e0metre dels perforats).<\/p>\n<p align=\"justify\">?\u201cU\u201d: Perforats en paral\u00b7lel (dist\u00e0ncia entre eixos).<\/p>\n<p align=\"justify\">?\u201cT\u201d: Perforats al tresbolillo (dist\u00e0ncia entre eixos).<\/p>\n<p align=\"justify\">?\u201cC\u201d: Quadrats (costat de quadrat).<\/p>\n<p align=\"justify\">?\u201cLC\u201d: Rectangles (ample x llarg).<\/p>\n<p align=\"justify\">?\u201cLR\u201d: Colisos (ample x llarg).<\/p>\n<p align=\"justify\">\n<p align=\"justify\">La franja perimetral sense perforat vindr\u00e0 indicada pel tipus de perforat i d&#8217;encuny usat per a cada cas en particular. Per combinar diferents di\u00e0metres dins del mateix panell, perforacions i mides especials, consultar possibilitats.  <\/p>\n<\/td>\n<\/tr>\n<\/tbody>\n<\/table>\n\t\t\t\t\t\t\t\t<\/div>\n\t\t\t\t<\/div>\n\t\t\t\t\t<\/div>\n\t\t<\/div>\n\t\t\t\t\t<\/div>\n\t\t<\/section>\n\t\t\t\t<\/div>\n\t\t","protected":false},"excerpt":{"rendered":"<p>Transformaci\u00f3 6-TRANSFORMACI\u00d3 DEL PANELL COMPOSITE 6.1 Tall 6.2 Fresat 6.3 Corbat 6.4 Plegat 6.5 Perforat L&#8217;avan\u00e7at proc\u00e9s de fabricaci\u00f3 dels panells composite permet una extraordin\u00e0ria adher\u00e8ncia entre les diferents capes. Les proves realitzades a tots els productes dupliquen almenys els par\u00e0metres recomanats per diverses normatives. Gr\u00e0cies a aquest perfecte assemblatge entre les diferents parts que [&hellip;]<\/p>\n","protected":false},"author":13,"featured_media":0,"parent":0,"menu_order":160,"comment_status":"closed","ping_status":"closed","template":"elementor_header_footer","meta":{"footnotes":""},"class_list":["post-5167","page","type-page","status-publish","hentry"],"_links":{"self":[{"href":"https:\/\/panel-composite.com\/ca\/wp-json\/wp\/v2\/pages\/5167","targetHints":{"allow":["GET"]}}],"collection":[{"href":"https:\/\/panel-composite.com\/ca\/wp-json\/wp\/v2\/pages"}],"about":[{"href":"https:\/\/panel-composite.com\/ca\/wp-json\/wp\/v2\/types\/page"}],"author":[{"embeddable":true,"href":"https:\/\/panel-composite.com\/ca\/wp-json\/wp\/v2\/users\/13"}],"replies":[{"embeddable":true,"href":"https:\/\/panel-composite.com\/ca\/wp-json\/wp\/v2\/comments?post=5167"}],"version-history":[{"count":2,"href":"https:\/\/panel-composite.com\/ca\/wp-json\/wp\/v2\/pages\/5167\/revisions"}],"predecessor-version":[{"id":6459,"href":"https:\/\/panel-composite.com\/ca\/wp-json\/wp\/v2\/pages\/5167\/revisions\/6459"}],"wp:attachment":[{"href":"https:\/\/panel-composite.com\/ca\/wp-json\/wp\/v2\/media?parent=5167"}],"curies":[{"name":"wp","href":"https:\/\/api.w.org\/{rel}","templated":true}]}}