{"id":5180,"date":"2023-02-08T17:15:13","date_gmt":"2023-02-08T16:15:13","guid":{"rendered":"https:\/\/www.panel-composite.com\/caracteristica-mecaniques\/"},"modified":"2026-02-17T14:03:13","modified_gmt":"2026-02-17T13:03:13","slug":"caracteristica-mecaniques","status":"publish","type":"page","link":"https:\/\/panel-composite.com\/ca\/caracteristica-mecaniques\/","title":{"rendered":"Caracter\u00edstica Mec\u00e0niques Panell Composite Alucobond"},"content":{"rendered":"\t\t<div data-elementor-type=\"wp-page\" data-elementor-id=\"5180\" class=\"elementor elementor-5180 elementor-2555\" data-elementor-post-type=\"page\">\n\t\t\t\t\t\t<section class=\"elementor-section elementor-top-section elementor-element elementor-element-2ec176a6 elementor-section-full_width elementor-section-height-default elementor-section-height-default\" data-id=\"2ec176a6\" data-element_type=\"section\" data-e-type=\"section\" data-settings=\"{&quot;background_background&quot;:&quot;classic&quot;,&quot;jet_parallax_layout_list&quot;:[]}\">\n\t\t\t\t\t\t<div class=\"elementor-container elementor-column-gap-default\">\n\t\t\t\t\t<div class=\"elementor-column elementor-col-50 elementor-top-column elementor-element elementor-element-63331bda\" data-id=\"63331bda\" data-element_type=\"column\" data-e-type=\"column\">\n\t\t\t<div class=\"elementor-widget-wrap elementor-element-populated\">\n\t\t\t\t\t\t<div class=\"elementor-element elementor-element-36d21165 elementor-widget elementor-widget-heading\" data-id=\"36d21165\" data-element_type=\"widget\" data-e-type=\"widget\" data-widget_type=\"heading.default\">\n\t\t\t\t<div class=\"elementor-widget-container\">\n\t\t\t\t\t<h1 class=\"elementor-heading-title elementor-size-default\">Caracter\u00edstiques Mec\u00e0niques<\/h1>\t\t\t\t<\/div>\n\t\t\t\t<\/div>\n\t\t\t\t<div class=\"elementor-element elementor-element-21eddc7 elementor-widget__width-initial elementor-widget elementor-widget-text-editor\" data-id=\"21eddc7\" data-element_type=\"widget\" data-e-type=\"widget\" data-widget_type=\"text-editor.default\">\n\t\t\t\t<div class=\"elementor-widget-container\">\n\t\t\t\t\t\t\t\t\t<table>\n<tbody>\n<tr>\n<td><strong>3-CARACTER\u00cdSTIQUES MEC\u00c0NIQUES DEL PANELL COMPOSITE<\/strong>\n<\/tr>\n<tr>\n<td>\n<ul>\n \t<li>3.1Moment d&#8217;In\u00e8rcia \u201cI\u201d (mm4)<\/li>\n \t<li>3.2 M\u00f2dul el\u00e0stic \u201cE\u201d (N\/mm2 )<\/li>\n \t<li>3.3 Rigidesa \u201cEI\u201d (kNcm2)<\/li>\n \t<li>3.4 L\u00edmit el\u00e0stic \u201cR p0,2&#8243; (N\/mm2 )<\/li>\n \t<li>3.5 C\u00e0rrega de trencament (l\u00edmit \u00faltim) \u201cRm\u201d (N\/mm2)<\/li>\n \t<li>3.6 Allargament al trencament \u201cA\u201d (%)<\/li>\n<\/ul>\n<\/td>\n<\/tr>\n<\/tbody>\n<\/table>\t\t\t\t\t\t\t\t<\/div>\n\t\t\t\t<\/div>\n\t\t\t\t\t<\/div>\n\t\t<\/div>\n\t\t\t\t<div class=\"elementor-column elementor-col-50 elementor-top-column elementor-element elementor-element-6cecd2b7\" data-id=\"6cecd2b7\" data-element_type=\"column\" data-e-type=\"column\">\n\t\t\t<div class=\"elementor-widget-wrap elementor-element-populated\">\n\t\t\t\t\t\t<div class=\"elementor-element elementor-element-74b5797d elementor-widget elementor-widget-image\" data-id=\"74b5797d\" data-element_type=\"widget\" data-e-type=\"widget\" data-widget_type=\"image.default\">\n\t\t\t\t<div class=\"elementor-widget-container\">\n\t\t\t\t\t\t\t\t\t\t\t\t\t\t\t<img fetchpriority=\"high\" decoding=\"async\" width=\"627\" height=\"432\" src=\"https:\/\/panel-composite.com\/wp-content\/uploads\/2023\/02\/PANELCOMPOSITE00045.jpg\" class=\"attachment-large size-large wp-image-3140\" alt=\"\" srcset=\"https:\/\/panel-composite.com\/wp-content\/uploads\/2023\/02\/PANELCOMPOSITE00045.jpg 627w, https:\/\/panel-composite.com\/wp-content\/uploads\/2023\/02\/PANELCOMPOSITE00045-300x207.jpg 300w, https:\/\/panel-composite.com\/wp-content\/uploads\/2023\/02\/PANELCOMPOSITE00045-600x413.jpg 600w\" sizes=\"(max-width: 627px) 100vw, 627px\" title=\"\">\t\t\t\t\t\t\t\t\t\t\t\t\t\t\t<\/div>\n\t\t\t\t<\/div>\n\t\t\t\t\t<\/div>\n\t\t<\/div>\n\t\t\t\t\t<\/div>\n\t\t<\/section>\n\t\t\t\t<section class=\"elementor-section elementor-top-section elementor-element elementor-element-2e3171c elementor-section-boxed elementor-section-height-default elementor-section-height-default\" data-id=\"2e3171c\" data-element_type=\"section\" data-e-type=\"section\" data-settings=\"{&quot;jet_parallax_layout_list&quot;:[]}\">\n\t\t\t\t\t\t<div class=\"elementor-container elementor-column-gap-default\">\n\t\t\t\t\t<div class=\"elementor-column elementor-col-100 elementor-top-column elementor-element elementor-element-10294eba\" data-id=\"10294eba\" data-element_type=\"column\" data-e-type=\"column\">\n\t\t\t<div class=\"elementor-widget-wrap elementor-element-populated\">\n\t\t\t\t\t\t<div class=\"elementor-element elementor-element-34d1af2d elementor-widget elementor-widget-text-editor\" data-id=\"34d1af2d\" data-element_type=\"widget\" data-e-type=\"widget\" data-widget_type=\"text-editor.default\">\n\t\t\t\t<div class=\"elementor-widget-container\">\n\t\t\t\t\t\t\t\t\t<table>\n<tbody>\n<tr>\n<td>\n<ul>\n\t<li><strong>3.1 Moment d&#8217;In\u00e8rcia \u201cI\u201d (mm4)<\/strong><\/li>\n<\/ul>\n<p align=\"justify\">\u00c9s la propietat geom\u00e8trica de la secci\u00f3 transversal del panell que quantifica com es distribueix la seva massa respecte del centre de gravetat. Aquest valor \u00e9s determinant per calcular la resist\u00e8ncia a la flexi\u00f3: com m\u00e9s moment d&#8217;in\u00e8rcia, menor ser\u00e0 la tensi\u00f3 interna i la fletxa (curvatura) que patir\u00e0 el panell davant d&#8217;una c\u00e0rrega de vent determinada.<\/p>\n<\/td>\n<\/tr>\n<tr>\n<td>\n<ul>\n\t<li><strong>3.2 M\u00f2dul el\u00e0stic \u201cE\u201d (N\/mm2)<\/strong><\/li>\n<\/ul>\n<p align=\"justify\">Tamb\u00e9 conegut com a M\u00f2dul de Young. \u00c9s una constant intr\u00ednseca dels materials que defineix la relaci\u00f3 entre la for\u00e7a aplicada i la deformaci\u00f3 resultant a la zona el\u00e0stica. Un panell amb un m\u00f2dul d&#8217;elasticitat elevat patir\u00e0 menys deformaci\u00f3 o despla\u00e7ament davant de la mateixa c\u00e0rrega, garantint una plane\u00eftat m\u00e9s gran a la fa\u00e7ana.<\/p>\n<\/td>\n<\/tr>\n<tr>\n<td>\n<ul>\n\t<li><strong>3.3 Rigidesa \u201cEI\u201d (kNcm2)<\/strong><\/li>\n<\/ul>\n<p align=\"justify\">\u00c9s el resultat de multiplicar el moment d&#8217;in\u00e8rcia (I) pel m\u00f2dul el\u00e0stic (E). Aquesta \u00e9s la dada t\u00e8cnica m\u00e9s pr\u00e0ctica per al c\u00e0lcul d&#8217;estructures, ja que combina la geometria del panell amb la qualitat dels seus materials. Per a una configuraci\u00f3 de suports fixa, la rigidesa \u00e9s l\u00fanic valor necessari per predir la fletxa m\u00e0xima admissible.<\/p>\n<\/td>\n<\/tr>\n<tr>\n<td>\n<ul>\n\t<li><strong>3.4 L\u00edmit el\u00e0stic \u201cR p0,2&#8243; (N\/mm2)<\/strong><\/li>\n<\/ul>\n<p align=\"justify\">Representa la tensi\u00f3 m\u00e0xima que el panell pot suportar comportant-se com a material el\u00e0stic. Fins aquest punt, si es retira la c\u00e0rrega, el panell recupera la forma original gaireb\u00e9 al complet (99,8%). Un l\u00edmit el\u00e0stic alt assegura que la fa\u00e7ana no patir\u00e0 abonyegaments o deformacions permanents despr\u00e9s d&#8217;esdeveniments clim\u00e0tics severs.<\/p>\n<\/td>\n<\/tr>\n<tr>\n<td>\n<ul>\n\t<li><strong>3.5 C\u00e0rrega de trencament (l\u00edmit \u00faltim) \u201cRm\u201d (N\/mm2)<\/strong><\/li>\n<\/ul>\n<p align=\"justify\">\u00c9s la tensi\u00f3 m\u00e0xima que el material pot resistir abans de trencar-se f\u00edsicament. Si se supera el l\u00edmit el\u00e0stic, el material entra en una fase pl\u00e0stica irreversible; si la tensi\u00f3 continua augmentant fins a assolir aquest valor Rm, es produeix la fallada estructural i el trencament del panell.<\/p>\n<\/td>\n<\/tr>\n<tr>\n<td>\n<ul>\n\t<li><strong>3.6 Allargament al trencament \u201cA\u201d (%)<\/strong><\/li>\n<\/ul>\n<p align=\"justify\">Aquest par\u00e0metre mesura la ductilitat del material, \u00e9s a dir, quant es pot estirar el panell des que supera el l\u00edmit el\u00e0stic fins que finalment es trenca. Un percentatge m\u00e9s alt indica que el material \u00e9s capa\u00e7 d&#8217;absorbir energia deformant-se abans de fracturar-se, una caracter\u00edstica de seguretat important.<\/p>\n<\/td>\n<\/tr>\n<\/tbody>\n<\/table>\t\t\t\t\t\t\t\t<\/div>\n\t\t\t\t<\/div>\n\t\t\t\t\t<\/div>\n\t\t<\/div>\n\t\t\t\t\t<\/div>\n\t\t<\/section>\n\t\t\t\t<\/div>\n\t\t","protected":false},"excerpt":{"rendered":"<p>Caracter\u00edstiques Mec\u00e0niques 3-CARACTER\u00cdSTIQUES MEC\u00c0NIQUES DEL PANELL COMPOSITE 3.1Moment d&#8217;In\u00e8rcia \u201cI\u201d (mm4) 3.2 M\u00f2dul el\u00e0stic \u201cE\u201d (N\/mm2 ) 3.3 Rigidesa \u201cEI\u201d (kNcm2) 3.4 L\u00edmit el\u00e0stic \u201cR p0,2&#8243; (N\/mm2 ) 3.5 C\u00e0rrega de trencament (l\u00edmit \u00faltim) \u201cRm\u201d (N\/mm2) 3.6 Allargament al trencament \u201cA\u201d (%) 3.1 Moment d&#8217;In\u00e8rcia \u201cI\u201d (mm4) \u00c9s la propietat geom\u00e8trica de la secci\u00f3 transversal [&hellip;]<\/p>\n","protected":false},"author":13,"featured_media":0,"parent":0,"menu_order":130,"comment_status":"closed","ping_status":"closed","template":"elementor_header_footer","meta":{"footnotes":""},"class_list":["post-5180","page","type-page","status-publish","hentry"],"_links":{"self":[{"href":"https:\/\/panel-composite.com\/ca\/wp-json\/wp\/v2\/pages\/5180","targetHints":{"allow":["GET"]}}],"collection":[{"href":"https:\/\/panel-composite.com\/ca\/wp-json\/wp\/v2\/pages"}],"about":[{"href":"https:\/\/panel-composite.com\/ca\/wp-json\/wp\/v2\/types\/page"}],"author":[{"embeddable":true,"href":"https:\/\/panel-composite.com\/ca\/wp-json\/wp\/v2\/users\/13"}],"replies":[{"embeddable":true,"href":"https:\/\/panel-composite.com\/ca\/wp-json\/wp\/v2\/comments?post=5180"}],"version-history":[{"count":5,"href":"https:\/\/panel-composite.com\/ca\/wp-json\/wp\/v2\/pages\/5180\/revisions"}],"predecessor-version":[{"id":6847,"href":"https:\/\/panel-composite.com\/ca\/wp-json\/wp\/v2\/pages\/5180\/revisions\/6847"}],"wp:attachment":[{"href":"https:\/\/panel-composite.com\/ca\/wp-json\/wp\/v2\/media?parent=5180"}],"curies":[{"name":"wp","href":"https:\/\/api.w.org\/{rel}","templated":true}]}}