{"id":5184,"date":"2023-02-08T17:15:12","date_gmt":"2023-02-08T16:15:12","guid":{"rendered":"https:\/\/www.panel-composite.com\/descripcio\/"},"modified":"2026-02-06T02:22:00","modified_gmt":"2026-02-06T01:22:00","slug":"descripcio","status":"publish","type":"page","link":"https:\/\/panel-composite.com\/ca\/descripcio\/","title":{"rendered":"Descripci\u00f3"},"content":{"rendered":"\t\t<div data-elementor-type=\"wp-page\" data-elementor-id=\"5184\" class=\"elementor elementor-5184 elementor-2551\" data-elementor-post-type=\"page\">\n\t\t\t\t\t\t<section class=\"elementor-section elementor-top-section elementor-element elementor-element-5c959da4 elementor-section-full_width elementor-section-height-default elementor-section-height-default\" data-id=\"5c959da4\" data-element_type=\"section\" data-e-type=\"section\" data-settings=\"{&quot;background_background&quot;:&quot;classic&quot;,&quot;jet_parallax_layout_list&quot;:[]}\">\n\t\t\t\t\t\t<div class=\"elementor-container elementor-column-gap-default\">\n\t\t\t\t\t<div class=\"elementor-column elementor-col-50 elementor-top-column elementor-element elementor-element-57bf71d4\" data-id=\"57bf71d4\" data-element_type=\"column\" data-e-type=\"column\">\n\t\t\t<div class=\"elementor-widget-wrap elementor-element-populated\">\n\t\t\t\t\t\t<div class=\"elementor-element elementor-element-64471ba elementor-widget elementor-widget-heading\" data-id=\"64471ba\" data-element_type=\"widget\" data-e-type=\"widget\" data-widget_type=\"heading.default\">\n\t\t\t\t<div class=\"elementor-widget-container\">\n\t\t\t\t\t<h1 class=\"elementor-heading-title elementor-size-default\">Descripci\u00f3<\/h1>\t\t\t\t<\/div>\n\t\t\t\t<\/div>\n\t\t\t\t<div class=\"elementor-element elementor-element-79e9f205 elementor-widget__width-initial elementor-widget elementor-widget-text-editor\" data-id=\"79e9f205\" data-element_type=\"widget\" data-e-type=\"widget\" data-widget_type=\"text-editor.default\">\n\t\t\t\t<div class=\"elementor-widget-container\">\n\t\t\t\t\t\t\t\t\t<table>\n<tbody>\n<tr>\n<td><strong>DESCRIPCI\u00d3 DE PRODUCTE<\/strong><\/td>\n<\/tr>\n<tr>\n<td>\n<ul>\n<li>1.1 PE<\/li>\n<li>1.2 FR<\/li>\n<li>1.3 WOOD<\/li>\n<li>1.4 METASL<\/li>\n<li>1.5 SPECIALS<\/li>\n<li>1.6 SIGNI<\/li>\n<\/ul>\n<\/td>\n<\/tr>\n<\/tbody>\n<\/table>\n\t\t\t\t\t\t\t\t<\/div>\n\t\t\t\t<\/div>\n\t\t\t\t\t<\/div>\n\t\t<\/div>\n\t\t\t\t<div class=\"elementor-column elementor-col-50 elementor-top-column elementor-element elementor-element-205b6476\" data-id=\"205b6476\" data-element_type=\"column\" data-e-type=\"column\">\n\t\t\t<div class=\"elementor-widget-wrap elementor-element-populated\">\n\t\t\t\t\t\t<div class=\"elementor-element elementor-element-18ca8f18 elementor-widget elementor-widget-image\" data-id=\"18ca8f18\" data-element_type=\"widget\" data-e-type=\"widget\" data-widget_type=\"image.default\">\n\t\t\t\t<div class=\"elementor-widget-container\">\n\t\t\t\t\t\t\t\t\t\t\t\t\t\t\t<img fetchpriority=\"high\" decoding=\"async\" width=\"627\" height=\"432\" src=\"https:\/\/panel-composite.com\/wp-content\/uploads\/2023\/02\/PANELCOMPOSITE00045.jpg\" class=\"attachment-large size-large wp-image-3140\" alt=\"\" srcset=\"https:\/\/panel-composite.com\/wp-content\/uploads\/2023\/02\/PANELCOMPOSITE00045.jpg 627w, https:\/\/panel-composite.com\/wp-content\/uploads\/2023\/02\/PANELCOMPOSITE00045-300x207.jpg 300w, https:\/\/panel-composite.com\/wp-content\/uploads\/2023\/02\/PANELCOMPOSITE00045-600x413.jpg 600w\" sizes=\"(max-width: 627px) 100vw, 627px\" title=\"\">\t\t\t\t\t\t\t\t\t\t\t\t\t\t\t<\/div>\n\t\t\t\t<\/div>\n\t\t\t\t\t<\/div>\n\t\t<\/div>\n\t\t\t\t\t<\/div>\n\t\t<\/section>\n\t\t\t\t<section class=\"elementor-section elementor-top-section elementor-element elementor-element-320b3530 elementor-section-boxed elementor-section-height-default elementor-section-height-default\" data-id=\"320b3530\" data-element_type=\"section\" data-e-type=\"section\" data-settings=\"{&quot;jet_parallax_layout_list&quot;:[]}\">\n\t\t\t\t\t\t<div class=\"elementor-container elementor-column-gap-default\">\n\t\t\t\t\t<div class=\"elementor-column elementor-col-100 elementor-top-column elementor-element elementor-element-7f6f96dd\" data-id=\"7f6f96dd\" data-element_type=\"column\" data-e-type=\"column\">\n\t\t\t<div class=\"elementor-widget-wrap elementor-element-populated\">\n\t\t\t\t\t\t<div class=\"elementor-element elementor-element-3dce0919 elementor-widget elementor-widget-text-editor\" data-id=\"3dce0919\" data-element_type=\"widget\" data-e-type=\"widget\" data-widget_type=\"text-editor.default\">\n\t\t\t\t<div class=\"elementor-widget-container\">\n\t\t\t\t\t\t\t\t\t<table>\n<tbody>\n<tr>\n<td>\n<ul>\n<li>1.1 Pe<\/li>\n<\/ul>\n<p align=\"justify\">\u00c9s un panell composite dissenyat per a la realitzaci\u00f3 de fa\u00e7anes arquitect\u00f2niques. Est\u00e0 format per dues l\u00e0mines d&#8217;alumini unides per un nucli de resines termopl\u00e0stiques de polietil\u00e8 de baixa densitat (LDPE).<\/p>\n<\/td>\n<\/tr>\n<tr>\n<td>\n<ul>\n<li>1.2 Fr<\/li>\n<\/ul>\n<p align=\"justify\">\u00c9s un plaf\u00f3 composite fabricat amb un exclusiu nucli de fibres minerals que li confereix una extraordin\u00e0ria resist\u00e8ncia al foc arribant a la classificaci\u00f3 B,s1-d0 EN 13501. FR lidera una nova generaci\u00f3 de composites per atendre les necessitats plantejades per la nova arquitectura; un producte tecnol\u00f2gicament avan\u00e7at, resistent al foc, per\u00f2 sense renunciar en cap moment als conceptes de disseny i acabats que demanen arquitectes i instal\u00b7ladors. Les especials caracter\u00edstiques del nucli mineral de larson fr s&#8217;adapten a les m\u00e0ximes exig\u00e8ncies que el nou Codi T\u00e8cnic de l&#8217;Edificaci\u00f3 determina al seu DB-SI per a seguretat en cas d&#8217;incendi, amb refer\u00e8ncia a revestiment i envoltants de fa\u00e7anes en els diferents sistemes de muntatge .<\/p>\n<\/td>\n<\/tr>\n<tr>\n<td>\n<ul>\n<li>1.3 Wood<\/li>\n<\/ul>\n<p align=\"justify\">\u00c9s un plaf\u00f3 composite format per dues l\u00e0mines d&#8217;alumini unides per un nucli de resines termopl\u00e0stiques (LDPE) o mineral (FR), amb acabats \u201cfusta\u201d de diferents tonalitats, obtinguts per l&#8217;aplicaci\u00f3 de pintures HQP o PVdF, espec\u00edficament preparades per a exteriors i amb una extraordin\u00e0ria resist\u00e8ncia a l&#8217;envelliment. Transmeten la calidesa de la fusta, amb els avantatges propis dels nostres panells composites. Acabats: English Cherry (Exclusiu) &#8211; Elegant Oak (Exclusiu) &#8211; Light wenge (Exclusiu) &#8211; Dark wenge (Exclusiu) &#8211; Colonial Xarxa &#8211; Wenge Royal &#8211; Walnut &#8211; Sunglow.<\/p>\n<\/td>\n<\/tr>\n<tr>\n<td>\n<ul>\n<li>1.4 Metalls<\/li>\n<\/ul>\n<p align=\"justify\">S\u00f3n panells composite que transmeten la veracitat de metalls nobles com l&#8217;acer inoxidable, el coure, el zinc o el llaut\u00f3. Ecol\u00f2gics, ja que no tenen cap tractament; vius, perqu\u00e8 permeten l&#8217;evoluci\u00f3 pr\u00f2pia dels metalls emprats; amb la lleugeresa i planimetria pr\u00f2pia dels composites<\/p>\n<\/td>\n<\/tr>\n<tr>\n<td>\n<ul>\n<li>1.5 Specials<\/li>\n<\/ul>\n<p align=\"justify\">\u00c9s la gamma de panells composite amb acabats texturitzats, Supermate, Mirror, Holo i altres realment espectaculars.<\/p>\n<\/td>\n<\/tr>\n<tr>\n<td>\n<ul>\n<li>1.6 Signi<\/li>\n<\/ul>\n<p align=\"justify\">Amb aquest panell \u00e9s possible combinar diferents gruixos totals de panell i pells dalumini en acabats PVdF, Poli\u00e8ster i HQP. Aquest producte sorgeix per atendre la demanda creixent en els \u00e0mbits d&#8217;imatge corporativa, publicitat, retolaci\u00f3, interiorisme, mobiliari, decoraci\u00f3, sostres falsos, etc.  <\/p>\n<\/td>\n<\/tr>\n<\/tbody>\n<\/table>\n\t\t\t\t\t\t\t\t<\/div>\n\t\t\t\t<\/div>\n\t\t\t\t\t<\/div>\n\t\t<\/div>\n\t\t\t\t\t<\/div>\n\t\t<\/section>\n\t\t\t\t<\/div>\n\t\t","protected":false},"excerpt":{"rendered":"<p>Descripci\u00f3 DESCRIPCI\u00d3 DE PRODUCTE 1.1 PE 1.2 FR 1.3 WOOD 1.4 METASL 1.5 SPECIALS 1.6 SIGNI 1.1 Pe \u00c9s un panell composite dissenyat per a la realitzaci\u00f3 de fa\u00e7anes arquitect\u00f2niques. Est\u00e0 format per dues l\u00e0mines d&#8217;alumini unides per un nucli de resines termopl\u00e0stiques de polietil\u00e8 de baixa densitat (LDPE). 1.2 Fr \u00c9s un plaf\u00f3 composite [&hellip;]<\/p>\n","protected":false},"author":13,"featured_media":0,"parent":0,"menu_order":110,"comment_status":"closed","ping_status":"closed","template":"elementor_header_footer","meta":{"footnotes":""},"class_list":["post-5184","page","type-page","status-publish","hentry"],"_links":{"self":[{"href":"https:\/\/panel-composite.com\/ca\/wp-json\/wp\/v2\/pages\/5184","targetHints":{"allow":["GET"]}}],"collection":[{"href":"https:\/\/panel-composite.com\/ca\/wp-json\/wp\/v2\/pages"}],"about":[{"href":"https:\/\/panel-composite.com\/ca\/wp-json\/wp\/v2\/types\/page"}],"author":[{"embeddable":true,"href":"https:\/\/panel-composite.com\/ca\/wp-json\/wp\/v2\/users\/13"}],"replies":[{"embeddable":true,"href":"https:\/\/panel-composite.com\/ca\/wp-json\/wp\/v2\/comments?post=5184"}],"version-history":[{"count":2,"href":"https:\/\/panel-composite.com\/ca\/wp-json\/wp\/v2\/pages\/5184\/revisions"}],"predecessor-version":[{"id":6447,"href":"https:\/\/panel-composite.com\/ca\/wp-json\/wp\/v2\/pages\/5184\/revisions\/6447"}],"wp:attachment":[{"href":"https:\/\/panel-composite.com\/ca\/wp-json\/wp\/v2\/media?parent=5184"}],"curies":[{"name":"wp","href":"https:\/\/api.w.org\/{rel}","templated":true}]}}