{"id":5196,"date":"2023-02-08T17:15:13","date_gmt":"2023-02-08T16:15:13","guid":{"rendered":"https:\/\/www.panel-composite.com\/dimensions\/"},"modified":"2026-01-19T05:43:08","modified_gmt":"2026-01-19T04:43:08","slug":"dimensions","status":"publish","type":"page","link":"https:\/\/panel-composite.com\/ca\/dimensions\/","title":{"rendered":"Dimensions"},"content":{"rendered":"\t\t<div data-elementor-type=\"wp-page\" data-elementor-id=\"5196\" class=\"elementor elementor-5196 elementor-2553\" data-elementor-post-type=\"page\">\n\t\t\t\t\t\t<section class=\"elementor-section elementor-top-section elementor-element elementor-element-7b33f1df elementor-section-full_width elementor-section-height-default elementor-section-height-default\" data-id=\"7b33f1df\" data-element_type=\"section\" data-e-type=\"section\" data-settings=\"{&quot;background_background&quot;:&quot;classic&quot;,&quot;jet_parallax_layout_list&quot;:[]}\">\n\t\t\t\t\t\t<div class=\"elementor-container elementor-column-gap-default\">\n\t\t\t\t\t<div class=\"elementor-column elementor-col-50 elementor-top-column elementor-element elementor-element-5f1c429a\" data-id=\"5f1c429a\" data-element_type=\"column\" data-e-type=\"column\">\n\t\t\t<div class=\"elementor-widget-wrap elementor-element-populated\">\n\t\t\t\t\t\t<div class=\"elementor-element elementor-element-3b00d9aa elementor-widget elementor-widget-heading\" data-id=\"3b00d9aa\" data-element_type=\"widget\" data-e-type=\"widget\" data-widget_type=\"heading.default\">\n\t\t\t\t<div class=\"elementor-widget-container\">\n\t\t\t\t\t<h1 class=\"elementor-heading-title elementor-size-default\">Mides i dimensions del panell composite<\/h1>\t\t\t\t<\/div>\n\t\t\t\t<\/div>\n\t\t\t\t<div class=\"elementor-element elementor-element-7c7ada4c elementor-widget__width-initial elementor-widget elementor-widget-text-editor\" data-id=\"7c7ada4c\" data-element_type=\"widget\" data-e-type=\"widget\" data-widget_type=\"text-editor.default\">\n\t\t\t\t<div class=\"elementor-widget-container\">\n\t\t\t\t\t\t\t\t\t<p><b data-path-to-node=\"3\" data-index-in-node=\"0\">Subministrem panells composite amb dimensions precises i adaptades als requisits t\u00e8cnics de la fa\u00e7ana.<\/b>  El control dimensional \u00e9s clau per garantir un aprofitament m\u00e0xim del material i una instal\u00b7laci\u00f3 eficient a l&#8217;obra.<\/p>\n\t\t\t\t\t\t\t\t<\/div>\n\t\t\t\t<\/div>\n\t\t\t\t\t<\/div>\n\t\t<\/div>\n\t\t\t\t<div class=\"elementor-column elementor-col-50 elementor-top-column elementor-element elementor-element-43f856b5\" data-id=\"43f856b5\" data-element_type=\"column\" data-e-type=\"column\">\n\t\t\t<div class=\"elementor-widget-wrap elementor-element-populated\">\n\t\t\t\t\t\t<div class=\"elementor-element elementor-element-27a4365c elementor-widget elementor-widget-image\" data-id=\"27a4365c\" data-element_type=\"widget\" data-e-type=\"widget\" data-widget_type=\"image.default\">\n\t\t\t\t<div class=\"elementor-widget-container\">\n\t\t\t\t\t\t\t\t\t\t\t\t\t\t\t<img fetchpriority=\"high\" decoding=\"async\" width=\"627\" height=\"432\" src=\"https:\/\/panel-composite.com\/wp-content\/uploads\/2023\/02\/PANELCOMPOSITE00045.jpg\" class=\"attachment-large size-large wp-image-3140\" alt=\"\" srcset=\"https:\/\/panel-composite.com\/wp-content\/uploads\/2023\/02\/PANELCOMPOSITE00045.jpg 627w, https:\/\/panel-composite.com\/wp-content\/uploads\/2023\/02\/PANELCOMPOSITE00045-300x207.jpg 300w, https:\/\/panel-composite.com\/wp-content\/uploads\/2023\/02\/PANELCOMPOSITE00045-600x413.jpg 600w\" sizes=\"(max-width: 627px) 100vw, 627px\" title=\"\">\t\t\t\t\t\t\t\t\t\t\t\t\t\t\t<\/div>\n\t\t\t\t<\/div>\n\t\t\t\t\t<\/div>\n\t\t<\/div>\n\t\t\t\t\t<\/div>\n\t\t<\/section>\n\t\t\t\t<section class=\"elementor-section elementor-top-section elementor-element elementor-element-2e39570b elementor-section-boxed elementor-section-height-default elementor-section-height-default\" data-id=\"2e39570b\" data-element_type=\"section\" data-e-type=\"section\" data-settings=\"{&quot;jet_parallax_layout_list&quot;:[]}\">\n\t\t\t\t\t\t<div class=\"elementor-container elementor-column-gap-default\">\n\t\t\t\t\t<div class=\"elementor-column elementor-col-100 elementor-top-column elementor-element elementor-element-eb8aecd\" data-id=\"eb8aecd\" data-element_type=\"column\" data-e-type=\"column\">\n\t\t\t<div class=\"elementor-widget-wrap elementor-element-populated\">\n\t\t\t\t\t\t<div class=\"elementor-element elementor-element-b33bb89 elementor-widget elementor-widget-text-editor\" data-id=\"b33bb89\" data-element_type=\"widget\" data-e-type=\"widget\" data-widget_type=\"text-editor.default\">\n\t\t\t\t<div class=\"elementor-widget-container\">\n\t\t\t\t\t\t\t\t\t<h3 data-path-to-node=\"4\">Gruix del metall<\/h3>\n<p data-path-to-node=\"5\">L&#8217;espessor de les pells met\u00e0l\u00b7liques es mesura en mil\u00b7l\u00edmetres (mm) i \u00e9s determinant per a la rigidesa del conjunt. Depenent del tipus de projecte, el metall pot ser <b data-path-to-node=\"5\" data-index-in-node=\"163\">alumini, acer inoxidable, llaut\u00f3, zinc o coure<\/b> .<\/p>\n<ul data-path-to-node=\"6\">\n<li>\n<p data-path-to-node=\"6,0,0\"><b data-path-to-node=\"6,0,0\" data-index-in-node=\"0\">Cara vista (e1)<\/b> : L\u00e0mina exterior amb tractament de color o acabat t\u00e8cnic.<\/p>\n<\/li>\n<li>\n<p data-path-to-node=\"6,1,0\"><b data-path-to-node=\"6,1,0\" data-index-in-node=\"0\">Cara no vista (e2)<\/b> : L\u00e0mina interior que assegura l&#8217;estabilitat estructural del panell.<\/p>\n<\/li>\n<\/ul>\n<h3 data-path-to-node=\"7\">Gruix del panell<\/h3>\n<p data-path-to-node=\"8\">El gruix total del plaf\u00f3 \u00e9s la suma de la l\u00e0mina exterior (e1) + el nucli t\u00e8cnic (PE o FR) + la l\u00e0mina interior (e2). Els gruixos est\u00e0ndard permeten optimitzar l&#8217;a\u00efllament i la resist\u00e8ncia mec\u00e0nica del sistema de <b data-path-to-node=\"8\" data-index-in-node=\"220\">fa\u00e7ana ventilada<\/b> .<\/p>\n<p data-path-to-node=\"8\">\n<h3 data-path-to-node=\"9\">Pes del panell<\/h3>\n<p data-path-to-node=\"10\">El pes per metre quadrat \u00e9s un factor cr\u00edtic per al c\u00e0lcul de subestructures. Aquest varia segons el nucli i el metall triat:<\/p>\n<ul data-path-to-node=\"11\">\n<li>\n<p data-path-to-node=\"11,0,0\"><b data-path-to-node=\"11,0,0\" data-index-in-node=\"0\">Lleugeresa m\u00e0xima<\/b> : Un panell de 3 mm amb nucli PE i l\u00e0mines d&#8217;alumini parteix des dels <b data-path-to-node=\"11,0,0\" data-index-in-node=\"86\">3,8 kg\/m\u00b2<\/b> .<\/p>\n<\/li>\n<li>\n<p data-path-to-node=\"11,1,0\"><b data-path-to-node=\"11,1,0\" data-index-in-node=\"0\">Alta densitat<\/b> : Un panell de 4 mm amb nucli FR i l\u00e0mines de coure pot assolir els <b data-path-to-node=\"11,1,0\" data-index-in-node=\"84\">11,09 kg\/m\u00b2<\/b> .<\/p>\n<\/li>\n<\/ul>\n<h3 data-path-to-node=\"12\"> <\/h3>\n<h3 data-path-to-node=\"12\">Longitud m\u00ednima i m\u00e0xima<\/h3>\n<p data-path-to-node=\"13\">Fabriquem panells amb longituds optimitzades per reduir el malbaratament en la mecanitzaci\u00f3:<\/p>\n<ul data-path-to-node=\"14\">\n<li>\n<p data-path-to-node=\"14,0,0\"><b data-path-to-node=\"14,0,0\" data-index-in-node=\"0\">M\u00ednima<\/b> : 2000 mm (per raons t\u00e8cniques de producci\u00f3, encara que es poden tallar a mesures inferiors sota demanda).<\/p>\n<\/li>\n<li>\n<p data-path-to-node=\"14,1,0\"><b data-path-to-node=\"14,1,0\" data-index-in-node=\"0\">M\u00e0xima<\/b> : 8000 mm, limitada per les dimensions dels centres de mecanitzat d&#8217;alta precisi\u00f3.<\/p>\n<\/li>\n<\/ul>\n<h3 data-path-to-node=\"15\"> <\/h3>\n<h3 data-path-to-node=\"15\">Ample est\u00e0ndard<\/h3>\n<p data-path-to-node=\"16\">Comptem amb una \u00e0mplia disponibilitat d&#8217;amplades per adaptar-se a qualsevol modulaci\u00f3 arquitect\u00f2nica:<\/p>\n<ul data-path-to-node=\"17\">\n<li>\n<p data-path-to-node=\"17,0,0\"><b data-path-to-node=\"17,0,0\" data-index-in-node=\"0\">Est\u00e0ndard<\/b> : 1000 mm, 1250 mm i 1500 mm.<\/p>\n<\/li>\n<li>\n<p data-path-to-node=\"17,1,0\"><b data-path-to-node=\"17,1,0\" data-index-in-node=\"0\">Semiest\u00e0ndard<\/b> : 1575 mm.<\/p>\n<\/li>\n<li>\n<p data-path-to-node=\"17,2,0\"><b data-path-to-node=\"17,2,0\" data-index-in-node=\"0\">Sota comanda<\/b> : Podem produir qualsevol amplada personalitzada entre <b data-path-to-node=\"17,2,0\" data-index-in-node=\"66\">900 i 1650 mm<\/b> (subjecte a comanda m\u00ednima).<\/p>\n<\/li>\n<li>\n<p data-path-to-node=\"17,3,0\"><b data-path-to-node=\"17,3,0\" data-index-in-node=\"0\">Gamma metalic<\/b> : Per les seves caracter\u00edstiques d&#8217;acabat, aquestes refer\u00e8ncies solen fabricar-se en un \u00fanic ample espec\u00edfic.<\/p>\n<\/li>\n<\/ul>\n\t\t\t\t\t\t\t\t<\/div>\n\t\t\t\t<\/div>\n\t\t\t\t\t<\/div>\n\t\t<\/div>\n\t\t\t\t\t<\/div>\n\t\t<\/section>\n\t\t\t\t<\/div>\n\t\t","protected":false},"excerpt":{"rendered":"<p>Mides i dimensions del panell composite Subministrem panells composite amb dimensions precises i adaptades als requisits t\u00e8cnics de la fa\u00e7ana. El control dimensional \u00e9s clau per garantir un aprofitament m\u00e0xim del material i una instal\u00b7laci\u00f3 eficient a l&#8217;obra. Gruix del metall L&#8217;espessor de les pells met\u00e0l\u00b7liques es mesura en mil\u00b7l\u00edmetres (mm) i \u00e9s determinant per [&hellip;]<\/p>\n","protected":false},"author":13,"featured_media":0,"parent":0,"menu_order":120,"comment_status":"closed","ping_status":"closed","template":"elementor_header_footer","meta":{"footnotes":""},"class_list":["post-5196","page","type-page","status-publish","hentry"],"_links":{"self":[{"href":"https:\/\/panel-composite.com\/ca\/wp-json\/wp\/v2\/pages\/5196","targetHints":{"allow":["GET"]}}],"collection":[{"href":"https:\/\/panel-composite.com\/ca\/wp-json\/wp\/v2\/pages"}],"about":[{"href":"https:\/\/panel-composite.com\/ca\/wp-json\/wp\/v2\/types\/page"}],"author":[{"embeddable":true,"href":"https:\/\/panel-composite.com\/ca\/wp-json\/wp\/v2\/users\/13"}],"replies":[{"embeddable":true,"href":"https:\/\/panel-composite.com\/ca\/wp-json\/wp\/v2\/comments?post=5196"}],"version-history":[{"count":3,"href":"https:\/\/panel-composite.com\/ca\/wp-json\/wp\/v2\/pages\/5196\/revisions"}],"predecessor-version":[{"id":6636,"href":"https:\/\/panel-composite.com\/ca\/wp-json\/wp\/v2\/pages\/5196\/revisions\/6636"}],"wp:attachment":[{"href":"https:\/\/panel-composite.com\/ca\/wp-json\/wp\/v2\/media?parent=5196"}],"curies":[{"name":"wp","href":"https:\/\/api.w.org\/{rel}","templated":true}]}}