{"id":5133,"date":"2023-02-08T17:15:17","date_gmt":"2023-02-08T16:15:17","guid":{"rendered":"https:\/\/www.panel-composite.com\/systeme-rivete\/"},"modified":"2026-01-19T05:52:33","modified_gmt":"2026-01-19T04:52:33","slug":"systeme-rivete","status":"publish","type":"page","link":"https:\/\/panel-composite.com\/fr\/systeme-rivete\/","title":{"rendered":"Panneau composite Alucobond &#8211; Syst\u00e8me rivet\u00e9"},"content":{"rendered":"\t\t<div data-elementor-type=\"wp-page\" data-elementor-id=\"5133\" class=\"elementor elementor-5133 elementor-2571\" data-elementor-post-type=\"page\">\n\t\t\t\t\t\t<section class=\"elementor-section elementor-top-section elementor-element elementor-element-59d85508 elementor-section-boxed elementor-section-height-default elementor-section-height-default\" data-id=\"59d85508\" data-element_type=\"section\" data-e-type=\"section\" data-settings=\"{&quot;background_background&quot;:&quot;classic&quot;,&quot;jet_parallax_layout_list&quot;:[]}\">\n\t\t\t\t\t\t<div class=\"elementor-container elementor-column-gap-default\">\n\t\t\t\t\t<div class=\"elementor-column elementor-col-50 elementor-top-column elementor-element elementor-element-1f9e5f3\" data-id=\"1f9e5f3\" data-element_type=\"column\" data-e-type=\"column\">\n\t\t\t<div class=\"elementor-widget-wrap elementor-element-populated\">\n\t\t\t\t\t\t<div class=\"elementor-element elementor-element-5d049a1c elementor-widget elementor-widget-heading\" data-id=\"5d049a1c\" data-element_type=\"widget\" data-e-type=\"widget\" data-widget_type=\"heading.default\">\n\t\t\t\t<div class=\"elementor-widget-container\">\n\t\t\t\t\t<h1 class=\"elementor-heading-title elementor-size-default\">Syst\u00e8me de rivetage pour panneaux en aluminium<\/h1>\t\t\t\t<\/div>\n\t\t\t\t<\/div>\n\t\t\t\t<div class=\"elementor-element elementor-element-614f8a44 elementor-widget__width-initial elementor-widget elementor-widget-text-editor\" data-id=\"614f8a44\" data-element_type=\"widget\" data-e-type=\"widget\" data-widget_type=\"text-editor.default\">\n\t\t\t\t<div class=\"elementor-widget-container\">\n\t\t\t\t\t\t\t\t\t<p data-path-to-node=\"3\"><b data-path-to-node=\"3\" data-index-in-node=\"0\">Le syst\u00e8me de fixation m\u00e9canique par rivets est la solution la plus souple et la plus polyvalente pour l&rsquo;installation de fa\u00e7ades en panneaux composites.<\/b>  En n&rsquo;utilisant que des panneaux coup\u00e9s sur mesure, sans avoir besoin de former des plateaux \u00e0 rebords, cette m\u00e9thode \u00e9limine toute limite cr\u00e9ative dans la conception architecturale.<\/p>\n<p data-path-to-node=\"4\">La connexion entre le <b data-path-to-node=\"4\" data-index-in-node=\"18\">panneau composite<\/b> et la sous-structure est r\u00e9alis\u00e9e directement et en toute s\u00e9curit\u00e9, ce qui garantit une fixation durable et une grande rapidit\u00e9 d&rsquo;ex\u00e9cution sur le chantier. C&rsquo;est le syst\u00e8me id\u00e9al pour les projets qui recherchent une esth\u00e9tique technique et industrielle et un entretien facile \u00e0 long terme.<\/p>\n\t\t\t\t\t\t\t\t<\/div>\n\t\t\t\t<\/div>\n\t\t\t\t\t<\/div>\n\t\t<\/div>\n\t\t\t\t<div class=\"elementor-column elementor-col-50 elementor-top-column elementor-element elementor-element-5f9e7813\" data-id=\"5f9e7813\" data-element_type=\"column\" data-e-type=\"column\">\n\t\t\t<div class=\"elementor-widget-wrap elementor-element-populated\">\n\t\t\t\t\t\t<div class=\"elementor-element elementor-element-7b0d739b elementor-widget elementor-widget-image\" data-id=\"7b0d739b\" data-element_type=\"widget\" data-e-type=\"widget\" data-widget_type=\"image.default\">\n\t\t\t\t<div class=\"elementor-widget-container\">\n\t\t\t\t\t\t\t\t\t\t\t\t\t\t\t<img fetchpriority=\"high\" decoding=\"async\" width=\"800\" height=\"598\" src=\"https:\/\/panel-composite.com\/wp-content\/uploads\/2023\/03\/SISTEMA-REMACHADO.jpg\" class=\"attachment-large size-large wp-image-3307\" alt=\"\" srcset=\"https:\/\/panel-composite.com\/wp-content\/uploads\/2023\/03\/SISTEMA-REMACHADO.jpg 805w, https:\/\/panel-composite.com\/wp-content\/uploads\/2023\/03\/SISTEMA-REMACHADO-300x224.jpg 300w, https:\/\/panel-composite.com\/wp-content\/uploads\/2023\/03\/SISTEMA-REMACHADO-768x574.jpg 768w, https:\/\/panel-composite.com\/wp-content\/uploads\/2023\/03\/SISTEMA-REMACHADO-600x449.jpg 600w\" sizes=\"(max-width: 800px) 100vw, 800px\" title=\"\">\t\t\t\t\t\t\t\t\t\t\t\t\t\t\t<\/div>\n\t\t\t\t<\/div>\n\t\t\t\t\t<\/div>\n\t\t<\/div>\n\t\t\t\t\t<\/div>\n\t\t<\/section>\n\t\t\t\t<section class=\"elementor-section elementor-top-section elementor-element elementor-element-94b460c elementor-section-boxed elementor-section-height-default elementor-section-height-default\" data-id=\"94b460c\" data-element_type=\"section\" data-e-type=\"section\" data-settings=\"{&quot;background_background&quot;:&quot;classic&quot;,&quot;jet_parallax_layout_list&quot;:[]}\">\n\t\t\t\t\t\t<div class=\"elementor-container elementor-column-gap-default\">\n\t\t\t\t\t<div class=\"elementor-column elementor-col-100 elementor-top-column elementor-element elementor-element-8c29b86\" data-id=\"8c29b86\" data-element_type=\"column\" data-e-type=\"column\">\n\t\t\t<div class=\"elementor-widget-wrap elementor-element-populated\">\n\t\t\t\t\t\t<div class=\"elementor-element elementor-element-4659693e elementor-widget elementor-widget-heading\" data-id=\"4659693e\" data-element_type=\"widget\" data-e-type=\"widget\" data-widget_type=\"heading.default\">\n\t\t\t\t<div class=\"elementor-widget-container\">\n\t\t\t\t\t<h2 class=\"elementor-heading-title elementor-size-default\">D\u00e9tails de la construction<\/h2>\t\t\t\t<\/div>\n\t\t\t\t<\/div>\n\t\t\t\t\t<\/div>\n\t\t<\/div>\n\t\t\t\t\t<\/div>\n\t\t<\/section>\n\t\t\t\t<section class=\"elementor-section elementor-top-section elementor-element elementor-element-45bb825f elementor-section-boxed elementor-section-height-default elementor-section-height-default\" data-id=\"45bb825f\" data-element_type=\"section\" data-e-type=\"section\" data-settings=\"{&quot;jet_parallax_layout_list&quot;:[],&quot;background_background&quot;:&quot;classic&quot;}\">\n\t\t\t\t\t\t<div class=\"elementor-container elementor-column-gap-default\">\n\t\t\t\t\t<div class=\"elementor-column elementor-col-50 elementor-top-column elementor-element elementor-element-5a2681bf\" data-id=\"5a2681bf\" data-element_type=\"column\" data-e-type=\"column\" data-settings=\"{&quot;background_background&quot;:&quot;classic&quot;}\">\n\t\t\t<div class=\"elementor-widget-wrap elementor-element-populated\">\n\t\t\t\t\t\t<div class=\"elementor-element elementor-element-31e80d8c elementor-widget elementor-widget-heading\" data-id=\"31e80d8c\" data-element_type=\"widget\" data-e-type=\"widget\" data-widget_type=\"heading.default\">\n\t\t\t\t<div class=\"elementor-widget-container\">\n\t\t\t\t\t<h3 class=\"elementor-heading-title elementor-size-default\">VUE HORIZONTALE ET VERTICALE\n<\/h3>\t\t\t\t<\/div>\n\t\t\t\t<\/div>\n\t\t\t\t<div class=\"elementor-element elementor-element-47cd90b7 elementor-widget elementor-widget-image\" data-id=\"47cd90b7\" data-element_type=\"widget\" data-e-type=\"widget\" data-widget_type=\"image.default\">\n\t\t\t\t<div class=\"elementor-widget-container\">\n\t\t\t\t\t\t\t\t\t\t\t\t\t\t\t<img decoding=\"async\" width=\"524\" height=\"453\" data-src=\"https:\/\/panel-composite.com\/wp-content\/uploads\/2023\/03\/Composite-Remachado-3-Jamba.jpg\" class=\"attachment-large size-large wp-image-3308 lazyload\" alt=\"\" data-srcset=\"https:\/\/panel-composite.com\/wp-content\/uploads\/2023\/03\/Composite-Remachado-3-Jamba.jpg 524w, https:\/\/panel-composite.com\/wp-content\/uploads\/2023\/03\/Composite-Remachado-3-Jamba-300x259.jpg 300w\" data-sizes=\"(max-width: 524px) 100vw, 524px\" title=\"\" src=\"data:image\/svg+xml;base64,PHN2ZyB3aWR0aD0iMSIgaGVpZ2h0PSIxIiB4bWxucz0iaHR0cDovL3d3dy53My5vcmcvMjAwMC9zdmciPjwvc3ZnPg==\" style=\"--smush-placeholder-width: 524px; --smush-placeholder-aspect-ratio: 524\/453;\">\t\t\t\t\t\t\t\t\t\t\t\t\t\t\t<\/div>\n\t\t\t\t<\/div>\n\t\t\t\t<div class=\"elementor-element elementor-element-7aac87b1 elementor-widget elementor-widget-image\" data-id=\"7aac87b1\" data-element_type=\"widget\" data-e-type=\"widget\" data-widget_type=\"image.default\">\n\t\t\t\t<div class=\"elementor-widget-container\">\n\t\t\t\t\t\t\t\t\t\t\t\t\t\t\t<img decoding=\"async\" width=\"527\" height=\"447\" data-src=\"https:\/\/panel-composite.com\/wp-content\/uploads\/2023\/03\/Composite-Remachado-2-Vertical.jpg\" class=\"attachment-large size-large wp-image-3309 lazyload\" alt=\"\" data-srcset=\"https:\/\/panel-composite.com\/wp-content\/uploads\/2023\/03\/Composite-Remachado-2-Vertical.jpg 527w, https:\/\/panel-composite.com\/wp-content\/uploads\/2023\/03\/Composite-Remachado-2-Vertical-300x254.jpg 300w\" data-sizes=\"(max-width: 527px) 100vw, 527px\" title=\"\" src=\"data:image\/svg+xml;base64,PHN2ZyB3aWR0aD0iMSIgaGVpZ2h0PSIxIiB4bWxucz0iaHR0cDovL3d3dy53My5vcmcvMjAwMC9zdmciPjwvc3ZnPg==\" style=\"--smush-placeholder-width: 527px; --smush-placeholder-aspect-ratio: 527\/447;\">\t\t\t\t\t\t\t\t\t\t\t\t\t\t\t<\/div>\n\t\t\t\t<\/div>\n\t\t\t\t\t<\/div>\n\t\t<\/div>\n\t\t\t\t<div class=\"elementor-column elementor-col-50 elementor-top-column elementor-element elementor-element-45fc0cde\" data-id=\"45fc0cde\" data-element_type=\"column\" data-e-type=\"column\" data-settings=\"{&quot;background_background&quot;:&quot;classic&quot;}\">\n\t\t\t<div class=\"elementor-widget-wrap elementor-element-populated\">\n\t\t\t\t\t\t<div class=\"elementor-element elementor-element-677c2d3c elementor-widget elementor-widget-heading\" data-id=\"677c2d3c\" data-element_type=\"widget\" data-e-type=\"widget\" data-widget_type=\"heading.default\">\n\t\t\t\t<div class=\"elementor-widget-container\">\n\t\t\t\t\t<h3 class=\"elementor-heading-title elementor-size-default\">COURONNEMENT \/ D\u00c9MARRAGE<\/h3>\t\t\t\t<\/div>\n\t\t\t\t<\/div>\n\t\t\t\t<div class=\"elementor-element elementor-element-72a92001 elementor-widget elementor-widget-image\" data-id=\"72a92001\" data-element_type=\"widget\" data-e-type=\"widget\" data-widget_type=\"image.default\">\n\t\t\t\t<div class=\"elementor-widget-container\">\n\t\t\t\t\t\t\t\t\t\t\t\t\t\t\t<img decoding=\"async\" width=\"527\" height=\"456\" data-src=\"https:\/\/panel-composite.com\/wp-content\/uploads\/2023\/03\/Composite-Remachado-4-Coronacion.jpg\" class=\"attachment-large size-large wp-image-3310 lazyload\" alt=\"\" data-srcset=\"https:\/\/panel-composite.com\/wp-content\/uploads\/2023\/03\/Composite-Remachado-4-Coronacion.jpg 527w, https:\/\/panel-composite.com\/wp-content\/uploads\/2023\/03\/Composite-Remachado-4-Coronacion-300x260.jpg 300w\" data-sizes=\"(max-width: 527px) 100vw, 527px\" title=\"\" src=\"data:image\/svg+xml;base64,PHN2ZyB3aWR0aD0iMSIgaGVpZ2h0PSIxIiB4bWxucz0iaHR0cDovL3d3dy53My5vcmcvMjAwMC9zdmciPjwvc3ZnPg==\" style=\"--smush-placeholder-width: 527px; --smush-placeholder-aspect-ratio: 527\/456;\">\t\t\t\t\t\t\t\t\t\t\t\t\t\t\t<\/div>\n\t\t\t\t<\/div>\n\t\t\t\t<div class=\"elementor-element elementor-element-28e37746 elementor-widget elementor-widget-image\" data-id=\"28e37746\" data-element_type=\"widget\" data-e-type=\"widget\" data-widget_type=\"image.default\">\n\t\t\t\t<div class=\"elementor-widget-container\">\n\t\t\t\t\t\t\t\t\t\t\t\t\t\t\t<img decoding=\"async\" width=\"529\" height=\"449\" data-src=\"https:\/\/panel-composite.com\/wp-content\/uploads\/2023\/03\/Composite-Remachado-6-Arranque.jpg\" class=\"attachment-large size-large wp-image-3311 lazyload\" alt=\"\" data-srcset=\"https:\/\/panel-composite.com\/wp-content\/uploads\/2023\/03\/Composite-Remachado-6-Arranque.jpg 529w, https:\/\/panel-composite.com\/wp-content\/uploads\/2023\/03\/Composite-Remachado-6-Arranque-300x255.jpg 300w\" data-sizes=\"(max-width: 529px) 100vw, 529px\" title=\"\" src=\"data:image\/svg+xml;base64,PHN2ZyB3aWR0aD0iMSIgaGVpZ2h0PSIxIiB4bWxucz0iaHR0cDovL3d3dy53My5vcmcvMjAwMC9zdmciPjwvc3ZnPg==\" style=\"--smush-placeholder-width: 529px; --smush-placeholder-aspect-ratio: 529\/449;\">\t\t\t\t\t\t\t\t\t\t\t\t\t\t\t<\/div>\n\t\t\t\t<\/div>\n\t\t\t\t\t<\/div>\n\t\t<\/div>\n\t\t\t\t\t<\/div>\n\t\t<\/section>\n\t\t\t\t<section class=\"elementor-section elementor-top-section elementor-element elementor-element-4acb31a4 elementor-section-boxed elementor-section-height-default elementor-section-height-default\" data-id=\"4acb31a4\" data-element_type=\"section\" data-e-type=\"section\" data-settings=\"{&quot;jet_parallax_layout_list&quot;:[],&quot;background_background&quot;:&quot;classic&quot;}\">\n\t\t\t\t\t\t<div class=\"elementor-container elementor-column-gap-default\">\n\t\t\t\t\t<div class=\"elementor-column elementor-col-50 elementor-top-column elementor-element elementor-element-10804880\" data-id=\"10804880\" data-element_type=\"column\" data-e-type=\"column\" data-settings=\"{&quot;background_background&quot;:&quot;classic&quot;}\">\n\t\t\t<div class=\"elementor-widget-wrap elementor-element-populated\">\n\t\t\t\t\t\t<div class=\"elementor-element elementor-element-27bf4759 elementor-widget elementor-widget-heading\" data-id=\"27bf4759\" data-element_type=\"widget\" data-e-type=\"widget\" data-widget_type=\"heading.default\">\n\t\t\t\t<div class=\"elementor-widget-container\">\n\t\t\t\t\t<h3 class=\"elementor-heading-title elementor-size-default\">LINTEAU \/ SOLIN<\/h3>\t\t\t\t<\/div>\n\t\t\t\t<\/div>\n\t\t\t\t<div class=\"elementor-element elementor-element-14bf75b5 elementor-widget elementor-widget-image\" data-id=\"14bf75b5\" data-element_type=\"widget\" data-e-type=\"widget\" data-widget_type=\"image.default\">\n\t\t\t\t<div class=\"elementor-widget-container\">\n\t\t\t\t\t\t\t\t\t\t\t\t\t\t\t<img decoding=\"async\" width=\"530\" height=\"455\" data-src=\"https:\/\/panel-composite.com\/wp-content\/uploads\/2023\/03\/Composite-Remachado-5-Dintel.jpg\" class=\"attachment-large size-large wp-image-3312 lazyload\" alt=\"\" data-srcset=\"https:\/\/panel-composite.com\/wp-content\/uploads\/2023\/03\/Composite-Remachado-5-Dintel.jpg 530w, https:\/\/panel-composite.com\/wp-content\/uploads\/2023\/03\/Composite-Remachado-5-Dintel-300x258.jpg 300w\" data-sizes=\"(max-width: 530px) 100vw, 530px\" title=\"\" src=\"data:image\/svg+xml;base64,PHN2ZyB3aWR0aD0iMSIgaGVpZ2h0PSIxIiB4bWxucz0iaHR0cDovL3d3dy53My5vcmcvMjAwMC9zdmciPjwvc3ZnPg==\" style=\"--smush-placeholder-width: 530px; --smush-placeholder-aspect-ratio: 530\/455;\">\t\t\t\t\t\t\t\t\t\t\t\t\t\t\t<\/div>\n\t\t\t\t<\/div>\n\t\t\t\t<div class=\"elementor-element elementor-element-5074317f elementor-widget elementor-widget-image\" data-id=\"5074317f\" data-element_type=\"widget\" data-e-type=\"widget\" data-widget_type=\"image.default\">\n\t\t\t\t<div class=\"elementor-widget-container\">\n\t\t\t\t\t\t\t\t\t\t\t\t\t\t\t<img decoding=\"async\" width=\"530\" height=\"446\" data-src=\"https:\/\/panel-composite.com\/wp-content\/uploads\/2023\/03\/Composite-Remachado-7-Vierteaguas.jpg\" class=\"attachment-large size-large wp-image-3313 lazyload\" alt=\"\" data-srcset=\"https:\/\/panel-composite.com\/wp-content\/uploads\/2023\/03\/Composite-Remachado-7-Vierteaguas.jpg 530w, https:\/\/panel-composite.com\/wp-content\/uploads\/2023\/03\/Composite-Remachado-7-Vierteaguas-300x252.jpg 300w\" data-sizes=\"(max-width: 530px) 100vw, 530px\" title=\"\" src=\"data:image\/svg+xml;base64,PHN2ZyB3aWR0aD0iMSIgaGVpZ2h0PSIxIiB4bWxucz0iaHR0cDovL3d3dy53My5vcmcvMjAwMC9zdmciPjwvc3ZnPg==\" style=\"--smush-placeholder-width: 530px; --smush-placeholder-aspect-ratio: 530\/446;\">\t\t\t\t\t\t\t\t\t\t\t\t\t\t\t<\/div>\n\t\t\t\t<\/div>\n\t\t\t\t\t<\/div>\n\t\t<\/div>\n\t\t\t\t<div class=\"elementor-column elementor-col-50 elementor-top-column elementor-element elementor-element-4673fcb1\" data-id=\"4673fcb1\" data-element_type=\"column\" data-e-type=\"column\" data-settings=\"{&quot;background_background&quot;:&quot;classic&quot;}\">\n\t\t\t<div class=\"elementor-widget-wrap elementor-element-populated\">\n\t\t\t\t\t\t<div class=\"elementor-element elementor-element-2777d1d6 elementor-widget elementor-widget-heading\" data-id=\"2777d1d6\" data-element_type=\"widget\" data-e-type=\"widget\" data-widget_type=\"heading.default\">\n\t\t\t\t<div class=\"elementor-widget-container\">\n\t\t\t\t\t<h3 class=\"elementor-heading-title elementor-size-default\">JAMB \/ CORNER<\/h3>\t\t\t\t<\/div>\n\t\t\t\t<\/div>\n\t\t\t\t<div class=\"elementor-element elementor-element-6b84045 elementor-widget elementor-widget-image\" data-id=\"6b84045\" data-element_type=\"widget\" data-e-type=\"widget\" data-widget_type=\"image.default\">\n\t\t\t\t<div class=\"elementor-widget-container\">\n\t\t\t\t\t\t\t\t\t\t\t\t\t\t\t<img decoding=\"async\" width=\"524\" height=\"453\" data-src=\"https:\/\/panel-composite.com\/wp-content\/uploads\/2023\/03\/Composite-Remachado-3-Jamba.jpg\" class=\"attachment-large size-large wp-image-3308 lazyload\" alt=\"\" data-srcset=\"https:\/\/panel-composite.com\/wp-content\/uploads\/2023\/03\/Composite-Remachado-3-Jamba.jpg 524w, https:\/\/panel-composite.com\/wp-content\/uploads\/2023\/03\/Composite-Remachado-3-Jamba-300x259.jpg 300w\" data-sizes=\"(max-width: 524px) 100vw, 524px\" title=\"\" src=\"data:image\/svg+xml;base64,PHN2ZyB3aWR0aD0iMSIgaGVpZ2h0PSIxIiB4bWxucz0iaHR0cDovL3d3dy53My5vcmcvMjAwMC9zdmciPjwvc3ZnPg==\" style=\"--smush-placeholder-width: 524px; --smush-placeholder-aspect-ratio: 524\/453;\">\t\t\t\t\t\t\t\t\t\t\t\t\t\t\t<\/div>\n\t\t\t\t<\/div>\n\t\t\t\t<div class=\"elementor-element elementor-element-6284a795 elementor-widget elementor-widget-image\" data-id=\"6284a795\" data-element_type=\"widget\" data-e-type=\"widget\" data-widget_type=\"image.default\">\n\t\t\t\t<div class=\"elementor-widget-container\">\n\t\t\t\t\t\t\t\t\t\t\t\t\t\t\t<img decoding=\"async\" width=\"530\" height=\"453\" data-src=\"https:\/\/panel-composite.com\/wp-content\/uploads\/2023\/03\/Composite-Remachado-8-Esquina.jpg\" class=\"attachment-large size-large wp-image-3314 lazyload\" alt=\"\" data-srcset=\"https:\/\/panel-composite.com\/wp-content\/uploads\/2023\/03\/Composite-Remachado-8-Esquina.jpg 530w, https:\/\/panel-composite.com\/wp-content\/uploads\/2023\/03\/Composite-Remachado-8-Esquina-300x256.jpg 300w\" data-sizes=\"(max-width: 530px) 100vw, 530px\" title=\"\" src=\"data:image\/svg+xml;base64,PHN2ZyB3aWR0aD0iMSIgaGVpZ2h0PSIxIiB4bWxucz0iaHR0cDovL3d3dy53My5vcmcvMjAwMC9zdmciPjwvc3ZnPg==\" style=\"--smush-placeholder-width: 530px; --smush-placeholder-aspect-ratio: 530\/453;\">\t\t\t\t\t\t\t\t\t\t\t\t\t\t\t<\/div>\n\t\t\t\t<\/div>\n\t\t\t\t\t<\/div>\n\t\t<\/div>\n\t\t\t\t\t<\/div>\n\t\t<\/section>\n\t\t\t\t<section class=\"elementor-section elementor-top-section elementor-element elementor-element-1789b30d elementor-section-boxed elementor-section-height-default elementor-section-height-default\" data-id=\"1789b30d\" data-element_type=\"section\" data-e-type=\"section\" data-settings=\"{&quot;jet_parallax_layout_list&quot;:[],&quot;background_background&quot;:&quot;classic&quot;}\">\n\t\t\t\t\t\t<div class=\"elementor-container elementor-column-gap-default\">\n\t\t\t\t\t<div class=\"elementor-column elementor-col-33 elementor-top-column elementor-element elementor-element-599c969f\" data-id=\"599c969f\" data-element_type=\"column\" data-e-type=\"column\">\n\t\t\t<div class=\"elementor-widget-wrap\">\n\t\t\t\t\t\t\t<\/div>\n\t\t<\/div>\n\t\t\t\t<div class=\"elementor-column elementor-col-33 elementor-top-column elementor-element elementor-element-43ec8589\" data-id=\"43ec8589\" data-element_type=\"column\" data-e-type=\"column\" data-settings=\"{&quot;background_background&quot;:&quot;classic&quot;}\">\n\t\t\t<div class=\"elementor-widget-wrap elementor-element-populated\">\n\t\t\t\t\t\t<div class=\"elementor-element elementor-element-45ad8589 elementor-widget elementor-widget-heading\" data-id=\"45ad8589\" data-element_type=\"widget\" data-e-type=\"widget\" data-widget_type=\"heading.default\">\n\t\t\t\t<div class=\"elementor-widget-container\">\n\t\t\t\t\t<h3 class=\"elementor-heading-title elementor-size-default\">L\u00c9GENDE<\/h3>\t\t\t\t<\/div>\n\t\t\t\t<\/div>\n\t\t\t\t<div class=\"elementor-element elementor-element-87fb929 elementor-widget elementor-widget-image\" data-id=\"87fb929\" data-element_type=\"widget\" data-e-type=\"widget\" data-widget_type=\"image.default\">\n\t\t\t\t<div class=\"elementor-widget-container\">\n\t\t\t\t\t\t\t\t\t\t\t\t\t\t\t<img decoding=\"async\" width=\"510\" height=\"287\" data-src=\"https:\/\/panel-composite.com\/wp-content\/uploads\/2023\/03\/Composite-Remachado-text.jpg\" class=\"attachment-large size-large wp-image-3315 lazyload\" alt=\"\" data-srcset=\"https:\/\/panel-composite.com\/wp-content\/uploads\/2023\/03\/Composite-Remachado-text.jpg 510w, https:\/\/panel-composite.com\/wp-content\/uploads\/2023\/03\/Composite-Remachado-text-300x169.jpg 300w\" data-sizes=\"(max-width: 510px) 100vw, 510px\" title=\"\" src=\"data:image\/svg+xml;base64,PHN2ZyB3aWR0aD0iMSIgaGVpZ2h0PSIxIiB4bWxucz0iaHR0cDovL3d3dy53My5vcmcvMjAwMC9zdmciPjwvc3ZnPg==\" style=\"--smush-placeholder-width: 510px; --smush-placeholder-aspect-ratio: 510\/287;\">\t\t\t\t\t\t\t\t\t\t\t\t\t\t\t<\/div>\n\t\t\t\t<\/div>\n\t\t\t\t\t<\/div>\n\t\t<\/div>\n\t\t\t\t<div class=\"elementor-column elementor-col-33 elementor-top-column elementor-element elementor-element-1e90f3d1\" data-id=\"1e90f3d1\" data-element_type=\"column\" data-e-type=\"column\">\n\t\t\t<div class=\"elementor-widget-wrap\">\n\t\t\t\t\t\t\t<\/div>\n\t\t<\/div>\n\t\t\t\t\t<\/div>\n\t\t<\/section>\n\t\t\t\t<\/div>\n\t\t","protected":false},"excerpt":{"rendered":"<p>Syst\u00e8me de rivetage pour panneaux en aluminium Le syst\u00e8me de fixation m\u00e9canique par rivets est la solution la plus souple et la plus polyvalente pour l&rsquo;installation de fa\u00e7ades en panneaux composites. En n&rsquo;utilisant que des panneaux coup\u00e9s sur mesure, sans avoir besoin de former des plateaux \u00e0 rebords, cette m\u00e9thode \u00e9limine toute limite cr\u00e9ative dans [&hellip;]<\/p>\n","protected":false},"author":13,"featured_media":0,"parent":0,"menu_order":210,"comment_status":"closed","ping_status":"closed","template":"elementor_header_footer","meta":{"footnotes":""},"class_list":["post-5133","page","type-page","status-publish","hentry"],"_links":{"self":[{"href":"https:\/\/panel-composite.com\/fr\/wp-json\/wp\/v2\/pages\/5133","targetHints":{"allow":["GET"]}}],"collection":[{"href":"https:\/\/panel-composite.com\/fr\/wp-json\/wp\/v2\/pages"}],"about":[{"href":"https:\/\/panel-composite.com\/fr\/wp-json\/wp\/v2\/types\/page"}],"author":[{"embeddable":true,"href":"https:\/\/panel-composite.com\/fr\/wp-json\/wp\/v2\/users\/13"}],"replies":[{"embeddable":true,"href":"https:\/\/panel-composite.com\/fr\/wp-json\/wp\/v2\/comments?post=5133"}],"version-history":[{"count":5,"href":"https:\/\/panel-composite.com\/fr\/wp-json\/wp\/v2\/pages\/5133\/revisions"}],"predecessor-version":[{"id":6668,"href":"https:\/\/panel-composite.com\/fr\/wp-json\/wp\/v2\/pages\/5133\/revisions\/6668"}],"wp:attachment":[{"href":"https:\/\/panel-composite.com\/fr\/wp-json\/wp\/v2\/media?parent=5133"}],"curies":[{"name":"wp","href":"https:\/\/api.w.org\/{rel}","templated":true}]}}