{"id":5138,"date":"2023-02-08T17:15:20","date_gmt":"2023-02-08T16:15:20","guid":{"rendered":"https:\/\/www.panel-composite.com\/usinage\/"},"modified":"2026-01-19T05:51:03","modified_gmt":"2026-01-19T04:51:03","slug":"usinage","status":"publish","type":"page","link":"https:\/\/panel-composite.com\/fr\/usinage\/","title":{"rendered":"Usinage de panneaux composites en aluminium"},"content":{"rendered":"\t\t<div data-elementor-type=\"wp-page\" data-elementor-id=\"5138\" class=\"elementor elementor-5138 elementor-2587\" data-elementor-post-type=\"page\">\n\t\t\t\t\t\t<section class=\"elementor-section elementor-top-section elementor-element elementor-element-7acc035a elementor-section-content-middle elementor-section-boxed elementor-section-height-default elementor-section-height-default\" data-id=\"7acc035a\" data-element_type=\"section\" data-e-type=\"section\" data-settings=\"{&quot;background_background&quot;:&quot;classic&quot;,&quot;jet_parallax_layout_list&quot;:[]}\">\n\t\t\t\t\t\t\t<div class=\"elementor-background-overlay\"><\/div>\n\t\t\t\t\t\t\t<div class=\"elementor-container elementor-column-gap-wide\">\n\t\t\t\t\t<div class=\"elementor-column elementor-col-100 elementor-top-column elementor-element elementor-element-ce267ad\" data-id=\"ce267ad\" data-element_type=\"column\" data-e-type=\"column\">\n\t\t\t<div class=\"elementor-widget-wrap elementor-element-populated\">\n\t\t\t\t\t\t<div class=\"elementor-element elementor-element-1838e53a elementor-invisible elementor-widget elementor-widget-heading\" data-id=\"1838e53a\" data-element_type=\"widget\" data-e-type=\"widget\" data-settings=\"{&quot;_animation&quot;:&quot;fadeIn&quot;,&quot;_animation_delay&quot;:100}\" data-widget_type=\"heading.default\">\n\t\t\t\t<div class=\"elementor-widget-container\">\n\t\t\t\t\t<h1 class=\"elementor-heading-title elementor-size-default\">Service d'usinage des panneaux composites Alucobond<\/h1>\t\t\t\t<\/div>\n\t\t\t\t<\/div>\n\t\t\t\t<div class=\"elementor-element elementor-element-9acb072 elementor-widget elementor-widget-text-editor\" data-id=\"9acb072\" data-element_type=\"widget\" data-e-type=\"widget\" data-widget_type=\"text-editor.default\">\n\t\t\t\t<div class=\"elementor-widget-container\">\n\t\t\t\t\t\t\t\t\t<p>Nous offrons \u00e0 nos clients tous les services n\u00e9cessaires pour pouvoir r\u00e9aliser leur fa\u00e7ade avec le panneau composite aluminium Alucobond.<\/p>\n\t\t\t\t\t\t\t\t<\/div>\n\t\t\t\t<\/div>\n\t\t\t\t\t<\/div>\n\t\t<\/div>\n\t\t\t\t\t<\/div>\n\t\t<\/section>\n\t\t\t\t<section class=\"elementor-section elementor-top-section elementor-element elementor-element-2802bed elementor-section-boxed elementor-section-height-default elementor-section-height-default\" data-id=\"2802bed\" data-element_type=\"section\" data-e-type=\"section\" data-settings=\"{&quot;jet_parallax_layout_list&quot;:[],&quot;background_background&quot;:&quot;classic&quot;}\">\n\t\t\t\t\t\t<div class=\"elementor-container elementor-column-gap-default\">\n\t\t\t\t\t<div class=\"elementor-column elementor-col-50 elementor-top-column elementor-element elementor-element-5f65f45\" data-id=\"5f65f45\" data-element_type=\"column\" data-e-type=\"column\">\n\t\t\t<div class=\"elementor-widget-wrap elementor-element-populated\">\n\t\t\t\t\t\t<div class=\"elementor-element elementor-element-a734f52 elementor-widget elementor-widget-image\" data-id=\"a734f52\" data-element_type=\"widget\" data-e-type=\"widget\" data-widget_type=\"image.default\">\n\t\t\t\t<div class=\"elementor-widget-container\">\n\t\t\t\t\t\t\t\t\t\t\t\t\t\t\t<img fetchpriority=\"high\" decoding=\"async\" width=\"800\" height=\"564\" src=\"https:\/\/panel-composite.com\/wp-content\/uploads\/2023\/03\/499x319xAnotacioPCCP81P202020-03-23P20121500-e1677775759320.jpg\" class=\"attachment-large size-large wp-image-3322\" alt=\"\" srcset=\"https:\/\/panel-composite.com\/wp-content\/uploads\/2023\/03\/499x319xAnotacioPCCP81P202020-03-23P20121500-e1677775759320.jpg 807w, https:\/\/panel-composite.com\/wp-content\/uploads\/2023\/03\/499x319xAnotacioPCCP81P202020-03-23P20121500-e1677775759320-300x212.jpg 300w, https:\/\/panel-composite.com\/wp-content\/uploads\/2023\/03\/499x319xAnotacioPCCP81P202020-03-23P20121500-e1677775759320-768x542.jpg 768w, https:\/\/panel-composite.com\/wp-content\/uploads\/2023\/03\/499x319xAnotacioPCCP81P202020-03-23P20121500-e1677775759320-600x423.jpg 600w\" sizes=\"(max-width: 800px) 100vw, 800px\" title=\"\">\t\t\t\t\t\t\t\t\t\t\t\t\t\t\t<\/div>\n\t\t\t\t<\/div>\n\t\t\t\t\t<\/div>\n\t\t<\/div>\n\t\t\t\t<div class=\"elementor-column elementor-col-50 elementor-top-column elementor-element elementor-element-4110868\" data-id=\"4110868\" data-element_type=\"column\" data-e-type=\"column\">\n\t\t\t<div class=\"elementor-widget-wrap elementor-element-populated\">\n\t\t\t\t\t\t<div class=\"elementor-element elementor-element-d345fcc elementor-widget elementor-widget-spacer\" data-id=\"d345fcc\" data-element_type=\"widget\" data-e-type=\"widget\" data-widget_type=\"spacer.default\">\n\t\t\t\t<div class=\"elementor-widget-container\">\n\t\t\t\t\t\t\t<div class=\"elementor-spacer\">\n\t\t\t<div class=\"elementor-spacer-inner\"><\/div>\n\t\t<\/div>\n\t\t\t\t\t\t<\/div>\n\t\t\t\t<\/div>\n\t\t\t\t<div class=\"elementor-element elementor-element-87a5e7a elementor-widget elementor-widget-heading\" data-id=\"87a5e7a\" data-element_type=\"widget\" data-e-type=\"widget\" data-widget_type=\"heading.default\">\n\t\t\t\t<div class=\"elementor-widget-container\">\n\t\t\t\t\t<h2 class=\"elementor-heading-title elementor-size-default\">Usinage et traitement du panneau composite alucobond<\/h2>\t\t\t\t<\/div>\n\t\t\t\t<\/div>\n\t\t\t\t<div class=\"elementor-element elementor-element-8a586c9 elementor-widget elementor-widget-text-editor\" data-id=\"8a586c9\" data-element_type=\"widget\" data-e-type=\"widget\" data-widget_type=\"text-editor.default\">\n\t\t\t\t<div class=\"elementor-widget-container\">\n\t\t\t\t\t\t\t\t\t<p data-path-to-node=\"2\"><b data-path-to-node=\"2\" data-index-in-node=\"0\">Nous offrons un service complet d&rsquo;usinage de panneaux composites pour assurer la r\u00e9ussite de vos projets d&rsquo;architecture et de construction.<\/b>  Le panneau Alucobond est la solution de r\u00e9f\u00e9rence gr\u00e2ce \u00e0 son extr\u00eame r\u00e9sistance \u00e0 la corrosion et au vieillissement, mais sa finition haut de gamme d\u00e9pend d&rsquo;un traitement technique pr\u00e9cis.<\/p>\n<p data-path-to-node=\"3\">En tant que sp\u00e9cialistes de l&rsquo;industrie, nous offrons toutes les options d&rsquo;<b data-path-to-node=\"3\" data-index-in-node=\"70\">usinage sur mesure<\/b> n\u00e9cessaires pour cr\u00e9er des structures personnalis\u00e9es et durables. Notre service allie efficacit\u00e9 et rapport qualit\u00e9-prix, en adaptant le co\u00fbt \u00e0 la complexit\u00e9 technique de chaque pi\u00e8ce afin de fournir une solution rentable \u00e0 chaque \u00e9tape de votre projet.<\/p>\n\t\t\t\t\t\t\t\t<\/div>\n\t\t\t\t<\/div>\n\t\t\t\t\t<\/div>\n\t\t<\/div>\n\t\t\t\t\t<\/div>\n\t\t<\/section>\n\t\t\t\t<section class=\"elementor-section elementor-top-section elementor-element elementor-element-06919e9 elementor-section-boxed elementor-section-height-default elementor-section-height-default\" data-id=\"06919e9\" data-element_type=\"section\" data-e-type=\"section\" data-settings=\"{&quot;jet_parallax_layout_list&quot;:[],&quot;background_background&quot;:&quot;classic&quot;}\">\n\t\t\t\t\t\t<div class=\"elementor-container elementor-column-gap-default\">\n\t\t\t\t\t<div class=\"elementor-column elementor-col-50 elementor-top-column elementor-element elementor-element-e900985\" data-id=\"e900985\" data-element_type=\"column\" data-e-type=\"column\">\n\t\t\t<div class=\"elementor-widget-wrap elementor-element-populated\">\n\t\t\t\t\t\t<div class=\"elementor-element elementor-element-5eb5376 elementor-widget elementor-widget-spacer\" data-id=\"5eb5376\" data-element_type=\"widget\" data-e-type=\"widget\" data-widget_type=\"spacer.default\">\n\t\t\t\t<div class=\"elementor-widget-container\">\n\t\t\t\t\t\t\t<div class=\"elementor-spacer\">\n\t\t\t<div class=\"elementor-spacer-inner\"><\/div>\n\t\t<\/div>\n\t\t\t\t\t\t<\/div>\n\t\t\t\t<\/div>\n\t\t\t\t<div class=\"elementor-element elementor-element-bbb36e1 elementor-widget elementor-widget-heading\" data-id=\"bbb36e1\" data-element_type=\"widget\" data-e-type=\"widget\" data-widget_type=\"heading.default\">\n\t\t\t\t<div class=\"elementor-widget-container\">\n\t\t\t\t\t<h2 class=\"elementor-heading-title elementor-size-default\">D\u00e9coupe du panneau composite alucobond<\/h2>\t\t\t\t<\/div>\n\t\t\t\t<\/div>\n\t\t\t\t<div class=\"elementor-element elementor-element-cba4d45 elementor-widget elementor-widget-text-editor\" data-id=\"cba4d45\" data-element_type=\"widget\" data-e-type=\"widget\" data-widget_type=\"text-editor.default\">\n\t\t\t\t<div class=\"elementor-widget-container\">\n\t\t\t\t\t\t\t\t\t<p data-path-to-node=\"2\"><b data-path-to-node=\"2\" data-index-in-node=\"0\">Nous fournissons un service de d\u00e9coupe de pr\u00e9cision pour les panneaux composites en utilisant la technologie CNC, des scies murales et des fraiseuses portables.<\/b>  Cette machine de pointe nous permet d&rsquo;ex\u00e9cuter des coupes droites, courbes et angulaires avec une pr\u00e9cision totale, offrant la flexibilit\u00e9 de conception requise pour toute fa\u00e7ade architecturale.<\/p>\n<p data-path-to-node=\"3\">Gr\u00e2ce \u00e0 son \u00e9quilibre entre rigidit\u00e9 et l\u00e9g\u00e8ret\u00e9, le <b data-path-to-node=\"3\" data-index-in-node=\"53\">panneau composite<\/b> est le choix le plus rentable pour les projets qui exigent une r\u00e9sistance \u00e0 la corrosion et des finitions \u00e9l\u00e9gantes dans des couleurs unies ou m\u00e9talliques. Nous r\u00e9alisons la d\u00e9coupe sur mesure, en optimisant le mat\u00e9riau pour garantir un <b data-path-to-node=\"3\" data-index-in-node=\"276\">faible co\u00fbt au m\u00e8tre carr\u00e9.<\/b><\/p>\n<p data-path-to-node=\"4\">Syst\u00e8mes de coupe disponibles :<\/p>\n<ul data-path-to-node=\"5\">\n<li>\n<p data-path-to-node=\"5,0,0\"><b data-path-to-node=\"5,0,0\" data-index-in-node=\"0\">Scies circulaires verticales<\/b>: sp\u00e9cialis\u00e9es dans les coupes droites de grand format.<\/p>\n<\/li>\n<li>\n<p data-path-to-node=\"5,1,0\"><b data-path-to-node=\"5,1,0\" data-index-in-node=\"0\">Centres d&rsquo;usinage CNC<\/b>: technologie de pointe pour les coupes droites et les courbes complexes.<\/p>\n<\/li>\n<li>\n<p data-path-to-node=\"5,2,0\"><b data-path-to-node=\"5,2,0\" data-index-in-node=\"0\">Cisaille<\/b>: Solution agile pour des coupes droites avec une finition nette.<\/p>\n<\/li>\n<\/ul>\n\t\t\t\t\t\t\t\t<\/div>\n\t\t\t\t<\/div>\n\t\t\t\t\t<\/div>\n\t\t<\/div>\n\t\t\t\t<div class=\"elementor-column elementor-col-50 elementor-top-column elementor-element elementor-element-c0bce3d\" data-id=\"c0bce3d\" data-element_type=\"column\" data-e-type=\"column\">\n\t\t\t<div class=\"elementor-widget-wrap elementor-element-populated\">\n\t\t\t\t\t\t<div class=\"elementor-element elementor-element-038fa58 elementor-widget elementor-widget-image\" data-id=\"038fa58\" data-element_type=\"widget\" data-e-type=\"widget\" data-widget_type=\"image.default\">\n\t\t\t\t<div class=\"elementor-widget-container\">\n\t\t\t\t\t\t\t\t\t\t\t\t\t\t\t<img decoding=\"async\" width=\"768\" height=\"432\" data-src=\"https:\/\/panel-composite.com\/wp-content\/uploads\/2023\/11\/caja_composite-768x432.jpg\" class=\"attachment-medium_large size-medium_large wp-image-4975 lazyload\" alt=\"\" data-srcset=\"https:\/\/panel-composite.com\/wp-content\/uploads\/2023\/11\/caja_composite-768x432.jpg 768w, https:\/\/panel-composite.com\/wp-content\/uploads\/2023\/11\/caja_composite-300x169.jpg 300w, https:\/\/panel-composite.com\/wp-content\/uploads\/2023\/11\/caja_composite.jpg 900w\" data-sizes=\"(max-width: 768px) 100vw, 768px\" title=\"\" src=\"data:image\/svg+xml;base64,PHN2ZyB3aWR0aD0iMSIgaGVpZ2h0PSIxIiB4bWxucz0iaHR0cDovL3d3dy53My5vcmcvMjAwMC9zdmciPjwvc3ZnPg==\" style=\"--smush-placeholder-width: 768px; --smush-placeholder-aspect-ratio: 768\/432;\">\t\t\t\t\t\t\t\t\t\t\t\t\t\t\t<\/div>\n\t\t\t\t<\/div>\n\t\t\t\t\t<\/div>\n\t\t<\/div>\n\t\t\t\t\t<\/div>\n\t\t<\/section>\n\t\t\t\t<section class=\"elementor-section elementor-top-section elementor-element elementor-element-e04cbd6 elementor-section-boxed elementor-section-height-default elementor-section-height-default\" data-id=\"e04cbd6\" data-element_type=\"section\" data-e-type=\"section\" data-settings=\"{&quot;jet_parallax_layout_list&quot;:[],&quot;background_background&quot;:&quot;classic&quot;}\">\n\t\t\t\t\t\t<div class=\"elementor-container elementor-column-gap-default\">\n\t\t\t\t\t<div class=\"elementor-column elementor-col-50 elementor-top-column elementor-element elementor-element-5b28d27\" data-id=\"5b28d27\" data-element_type=\"column\" data-e-type=\"column\">\n\t\t\t<div class=\"elementor-widget-wrap elementor-element-populated\">\n\t\t\t\t\t\t<div class=\"elementor-element elementor-element-13476d2 elementor-widget elementor-widget-image\" data-id=\"13476d2\" data-element_type=\"widget\" data-e-type=\"widget\" data-widget_type=\"image.default\">\n\t\t\t\t<div class=\"elementor-widget-container\">\n\t\t\t\t\t\t\t\t\t\t\t\t\t\t\t<img decoding=\"async\" width=\"690\" height=\"436\" data-src=\"https:\/\/panel-composite.com\/wp-content\/uploads\/2016\/02\/212-718-MECAN-CORTE-FRESADO-Y-DOBLADO-e1679415322838.jpg\" class=\"attachment-medium_large size-medium_large wp-image-2991 lazyload\" alt=\"MECAN- CORTE, FRESADO Y DOBLADO\" data-srcset=\"https:\/\/panel-composite.com\/wp-content\/uploads\/2016\/02\/212-718-MECAN-CORTE-FRESADO-Y-DOBLADO-e1679415322838.jpg 690w, https:\/\/panel-composite.com\/wp-content\/uploads\/2016\/02\/212-718-MECAN-CORTE-FRESADO-Y-DOBLADO-e1679415322838-300x190.jpg 300w, https:\/\/panel-composite.com\/wp-content\/uploads\/2016\/02\/212-718-MECAN-CORTE-FRESADO-Y-DOBLADO-e1679415322838-600x379.jpg 600w\" data-sizes=\"(max-width: 690px) 100vw, 690px\" title=\"\" src=\"data:image\/svg+xml;base64,PHN2ZyB3aWR0aD0iMSIgaGVpZ2h0PSIxIiB4bWxucz0iaHR0cDovL3d3dy53My5vcmcvMjAwMC9zdmciPjwvc3ZnPg==\" style=\"--smush-placeholder-width: 690px; --smush-placeholder-aspect-ratio: 690\/436;\">\t\t\t\t\t\t\t\t\t\t\t\t\t\t\t<\/div>\n\t\t\t\t<\/div>\n\t\t\t\t\t<\/div>\n\t\t<\/div>\n\t\t\t\t<div class=\"elementor-column elementor-col-50 elementor-top-column elementor-element elementor-element-dab909c\" data-id=\"dab909c\" data-element_type=\"column\" data-e-type=\"column\">\n\t\t\t<div class=\"elementor-widget-wrap elementor-element-populated\">\n\t\t\t\t\t\t<div class=\"elementor-element elementor-element-e90999a elementor-widget elementor-widget-spacer\" data-id=\"e90999a\" data-element_type=\"widget\" data-e-type=\"widget\" data-widget_type=\"spacer.default\">\n\t\t\t\t<div class=\"elementor-widget-container\">\n\t\t\t\t\t\t\t<div class=\"elementor-spacer\">\n\t\t\t<div class=\"elementor-spacer-inner\"><\/div>\n\t\t<\/div>\n\t\t\t\t\t\t<\/div>\n\t\t\t\t<\/div>\n\t\t\t\t<div class=\"elementor-element elementor-element-bc7b431 elementor-widget elementor-widget-heading\" data-id=\"bc7b431\" data-element_type=\"widget\" data-e-type=\"widget\" data-widget_type=\"heading.default\">\n\t\t\t\t<div class=\"elementor-widget-container\">\n\t\t\t\t\t<h2 class=\"elementor-heading-title elementor-size-default\">Fraisage et cintrage de panneaux composites alucobond<\/h2>\t\t\t\t<\/div>\n\t\t\t\t<\/div>\n\t\t\t\t<div class=\"elementor-element elementor-element-db3be91 elementor-widget elementor-widget-text-editor\" data-id=\"db3be91\" data-element_type=\"widget\" data-e-type=\"widget\" data-widget_type=\"text-editor.default\">\n\t\t\t\t<div class=\"elementor-widget-container\">\n\t\t\t\t\t\t\t\t\t<p data-path-to-node=\"2\"><b data-path-to-node=\"2\" data-index-in-node=\"0\">Nous transformons le panneau composite en panneaux architecturaux \u00e0 l&rsquo;aide de syst\u00e8mes de fraisage et de pliage de haute pr\u00e9cision.<\/b>  Ce proc\u00e9d\u00e9 technique permet de former des brides p\u00e9rim\u00e9triques par fraisage partiel du panneau, qui sont ensuite pli\u00e9es et renforc\u00e9es par des plaques d&rsquo;aluminium et des rivets pour assurer la rigidit\u00e9 structurelle de la pi\u00e8ce.<\/p>\n<p data-path-to-node=\"3\">Gr\u00e2ce \u00e0 notre m\u00e9thode d&rsquo;<b data-path-to-node=\"3\" data-index-in-node=\"28\">usinage des panneaux composites<\/b>, nous pouvons r\u00e9aliser des plis avec des effets de relief ou de 3D, en conservant toujours le film de protection pour garantir une finition impeccable. Nous r\u00e9alisons des fraisages techniques sur des centres CNC, des scies murales ou des fraiseuses portatives avec des angles de 90\u00ba ou 135\u00ba, en fonction des exigences du projet.<\/p>\n<p data-path-to-node=\"4\">Nous disposons d&rsquo;un outillage et de <b data-path-to-node=\"4\" data-index-in-node=\"34\">cintreuses<\/b> sp\u00e9cifiques <b data-path-to-node=\"4\" data-index-in-node=\"34\">pour les panneaux composites afin de<\/b> garantir que le pliage est positionn\u00e9 exactement au centre de la coupe de fraisage. Ce contr\u00f4le millim\u00e9trique garantit que les dimensions finales des plateaux correspondent aux mesures projet\u00e9es, ce qui permet un montage rapide et pr\u00e9cis sur la fa\u00e7ade.<\/p>\n\t\t\t\t\t\t\t\t<\/div>\n\t\t\t\t<\/div>\n\t\t\t\t\t<\/div>\n\t\t<\/div>\n\t\t\t\t\t<\/div>\n\t\t<\/section>\n\t\t\t\t<\/div>\n\t\t","protected":false},"excerpt":{"rendered":"<p>Service d&rsquo;usinage des panneaux composites Alucobond Nous offrons \u00e0 nos clients tous les services n\u00e9cessaires pour pouvoir r\u00e9aliser leur fa\u00e7ade avec le panneau composite aluminium Alucobond. Usinage et traitement du panneau composite alucobond Nous offrons un service complet d&rsquo;usinage de panneaux composites pour assurer la r\u00e9ussite de vos projets d&rsquo;architecture et de construction. Le panneau [&hellip;]<\/p>\n","protected":false},"author":13,"featured_media":0,"parent":0,"menu_order":290,"comment_status":"closed","ping_status":"closed","template":"elementor_header_footer","meta":{"footnotes":""},"class_list":["post-5138","page","type-page","status-publish","hentry"],"_links":{"self":[{"href":"https:\/\/panel-composite.com\/fr\/wp-json\/wp\/v2\/pages\/5138","targetHints":{"allow":["GET"]}}],"collection":[{"href":"https:\/\/panel-composite.com\/fr\/wp-json\/wp\/v2\/pages"}],"about":[{"href":"https:\/\/panel-composite.com\/fr\/wp-json\/wp\/v2\/types\/page"}],"author":[{"embeddable":true,"href":"https:\/\/panel-composite.com\/fr\/wp-json\/wp\/v2\/users\/13"}],"replies":[{"embeddable":true,"href":"https:\/\/panel-composite.com\/fr\/wp-json\/wp\/v2\/comments?post=5138"}],"version-history":[{"count":7,"href":"https:\/\/panel-composite.com\/fr\/wp-json\/wp\/v2\/pages\/5138\/revisions"}],"predecessor-version":[{"id":6659,"href":"https:\/\/panel-composite.com\/fr\/wp-json\/wp\/v2\/pages\/5138\/revisions\/6659"}],"wp:attachment":[{"href":"https:\/\/panel-composite.com\/fr\/wp-json\/wp\/v2\/media?parent=5138"}],"curies":[{"name":"wp","href":"https:\/\/api.w.org\/{rel}","templated":true}]}}