{"id":5139,"date":"2023-02-08T17:15:15","date_gmt":"2023-02-08T16:15:15","guid":{"rendered":"https:\/\/www.panel-composite.com\/systemes-de-montage\/"},"modified":"2026-01-19T05:28:16","modified_gmt":"2026-01-19T04:28:16","slug":"systemes-de-montage","status":"publish","type":"page","link":"https:\/\/panel-composite.com\/fr\/systemes-de-montage\/","title":{"rendered":"Syst\u00e8mes de montage pour les panneaux composites Alucobond"},"content":{"rendered":"\t\t<div data-elementor-type=\"wp-page\" data-elementor-id=\"5139\" class=\"elementor elementor-5139 elementor-2563\" data-elementor-post-type=\"page\">\n\t\t\t\t\t\t<section class=\"elementor-section elementor-top-section elementor-element elementor-element-a49fb47 elementor-section-boxed elementor-section-height-default elementor-section-height-default\" data-id=\"a49fb47\" data-element_type=\"section\" data-e-type=\"section\" data-settings=\"{&quot;jet_parallax_layout_list&quot;:[]}\">\n\t\t\t\t\t\t<div class=\"elementor-container elementor-column-gap-default\">\n\t\t\t\t\t<div class=\"elementor-column elementor-col-100 elementor-top-column elementor-element elementor-element-fe03a75\" data-id=\"fe03a75\" data-element_type=\"column\" data-e-type=\"column\">\n\t\t\t<div class=\"elementor-widget-wrap elementor-element-populated\">\n\t\t\t\t\t\t<div class=\"elementor-element elementor-element-4cdb6f0 elementor-widget elementor-widget-heading\" data-id=\"4cdb6f0\" data-element_type=\"widget\" data-e-type=\"widget\" data-widget_type=\"heading.default\">\n\t\t\t\t<div class=\"elementor-widget-container\">\n\t\t\t\t\t<h1 class=\"elementor-heading-title elementor-size-default\">Syst\u00e8mes de montage pour les panneaux composites Alucobond<\/h1>\t\t\t\t<\/div>\n\t\t\t\t<\/div>\n\t\t\t\t<div class=\"elementor-element elementor-element-f00f0df elementor-widget elementor-widget-text-editor\" data-id=\"f00f0df\" data-element_type=\"widget\" data-e-type=\"widget\" data-widget_type=\"text-editor.default\">\n\t\t\t\t<div class=\"elementor-widget-container\">\n\t\t\t\t\t\t\t\t\t<p><b data-path-to-node=\"4\" data-index-in-node=\"0\">Nous fournissons des solutions de fa\u00e7ade compl\u00e8tes : du panneau composite \u00e0 tous les accessoires de fixation et aux sous-structures n\u00e9cessaires \u00e0 votre projet.<\/b>  Optimisez les temps d&rsquo;ex\u00e9cution et assurez une durabilit\u00e9 maximale \u00e0 votre bo\u00eetier en choisissant le syst\u00e8me de montage qui r\u00e9pond le mieux \u00e0 vos exigences techniques et esth\u00e9tiques.<\/p>\n\t\t\t\t\t\t\t\t<\/div>\n\t\t\t\t<\/div>\n\t\t\t\t\t<\/div>\n\t\t<\/div>\n\t\t\t\t\t<\/div>\n\t\t<\/section>\n\t\t\t\t<section class=\"elementor-section elementor-top-section elementor-element elementor-element-4d4e1bda elementor-section-content-middle elementor-reverse-mobile elementor-reverse-tablet elementor-section-boxed elementor-section-height-default elementor-section-height-default\" data-id=\"4d4e1bda\" data-element_type=\"section\" data-e-type=\"section\" data-settings=\"{&quot;jet_parallax_layout_list&quot;:[]}\">\n\t\t\t\t\t\t<div class=\"elementor-container elementor-column-gap-no\">\n\t\t\t\t\t<div class=\"elementor-column elementor-col-50 elementor-top-column elementor-element elementor-element-4f8faf9\" data-id=\"4f8faf9\" data-element_type=\"column\" data-e-type=\"column\">\n\t\t\t<div class=\"elementor-widget-wrap elementor-element-populated\">\n\t\t\t\t\t\t<div class=\"elementor-element elementor-element-19096543 elementor-widget elementor-widget-image\" data-id=\"19096543\" data-element_type=\"widget\" data-e-type=\"widget\" data-widget_type=\"image.default\">\n\t\t\t\t<div class=\"elementor-widget-container\">\n\t\t\t\t\t\t\t\t\t\t\t\t\t\t\t<img fetchpriority=\"high\" decoding=\"async\" width=\"800\" height=\"800\" src=\"https:\/\/panel-composite.com\/wp-content\/uploads\/2023\/03\/montaje1.png\" class=\"attachment-large size-large wp-image-3646\" alt=\"\" srcset=\"https:\/\/panel-composite.com\/wp-content\/uploads\/2023\/03\/montaje1.png 1000w, https:\/\/panel-composite.com\/wp-content\/uploads\/2023\/03\/montaje1-300x300.png 300w, https:\/\/panel-composite.com\/wp-content\/uploads\/2023\/03\/montaje1-150x150.png 150w, https:\/\/panel-composite.com\/wp-content\/uploads\/2023\/03\/montaje1-768x768.png 768w, https:\/\/panel-composite.com\/wp-content\/uploads\/2023\/03\/montaje1-600x600.png 600w, https:\/\/panel-composite.com\/wp-content\/uploads\/2023\/03\/montaje1-100x100.png 100w\" sizes=\"(max-width: 800px) 100vw, 800px\" title=\"\">\t\t\t\t\t\t\t\t\t\t\t\t\t\t\t<\/div>\n\t\t\t\t<\/div>\n\t\t\t\t\t<\/div>\n\t\t<\/div>\n\t\t\t\t<div class=\"elementor-column elementor-col-50 elementor-top-column elementor-element elementor-element-36b2e5dc\" data-id=\"36b2e5dc\" data-element_type=\"column\" data-e-type=\"column\">\n\t\t\t<div class=\"elementor-widget-wrap elementor-element-populated\">\n\t\t\t\t\t\t<div class=\"elementor-element elementor-element-3bbe3f66 elementor-widget elementor-widget-heading\" data-id=\"3bbe3f66\" data-element_type=\"widget\" data-e-type=\"widget\" data-widget_type=\"heading.default\">\n\t\t\t\t<div class=\"elementor-widget-container\">\n\t\t\t\t\t<h2 class=\"elementor-heading-title elementor-size-default\">Syst\u00e8me de d\u00e9marrage (suspension)<\/h2>\t\t\t\t<\/div>\n\t\t\t\t<\/div>\n\t\t\t\t<div class=\"elementor-element elementor-element-2720da1b elementor-widget elementor-widget-text-editor\" data-id=\"2720da1b\" data-element_type=\"widget\" data-e-type=\"widget\" data-widget_type=\"text-editor.default\">\n\t\t\t\t<div class=\"elementor-widget-container\">\n\t\t\t\t\t\t\t\t\t<p data-path-to-node=\"7\">Le <b data-path-to-node=\"7\" data-index-in-node=\"3\">syst\u00e8me de cassettes ou de plateaux<\/b> suspendus est la meilleure solution pour les projets n\u00e9cessitant une installation rapide et une l\u00e9g\u00e8ret\u00e9 structurelle. Cette m\u00e9thode assure une transition optimale des charges et une ventilation efficace de la fa\u00e7ade.<\/p>\n<ul data-path-to-node=\"8\">\n<li>\n<p data-path-to-node=\"8,0,0\"><b data-path-to-node=\"8,0,0\" data-index-in-node=\"0\">Application technique :<\/b> Sp\u00e9cialement con\u00e7u pour les <b data-path-to-node=\"8,0,0\" data-index-in-node=\"50\">fa\u00e7ades avec des carreaux verticaux<\/b> de plus de 700 mm.<\/p>\n<\/li>\n<li>\n<p data-path-to-node=\"8,1,0\"><b data-path-to-node=\"8,1,0\" data-index-in-node=\"0\">Renforcement structurel :<\/b> permet l&rsquo;utilisation de raidisseurs interm\u00e9diaires et d&rsquo;accroches aux profil\u00e9s en aluminium, assurant la parfaite planim\u00e9trie du <b data-path-to-node=\"8,1,0\" data-index-in-node=\"140\">panneau composite Alucobond<\/b>.<\/p>\n<\/li>\n<\/ul>\n\t\t\t\t\t\t\t\t<\/div>\n\t\t\t\t<\/div>\n\t\t\t\t<div class=\"elementor-element elementor-element-e1d5fe6 elementor-align-center elementor-widget elementor-widget-button\" data-id=\"e1d5fe6\" data-element_type=\"widget\" data-e-type=\"widget\" data-widget_type=\"button.default\">\n\t\t\t\t<div class=\"elementor-widget-container\">\n\t\t\t\t\t\t\t\t\t<div class=\"elementor-button-wrapper\">\n\t\t\t\t\t<a class=\"elementor-button elementor-button-link elementor-size-md\" href=\"https:\/\/panel-composite.com\/fr\/systeme-de-demarrage\/\" target=\"_blank\">\n\t\t\t\t\t\t<span class=\"elementor-button-content-wrapper\">\n\t\t\t\t\t\t\t\t\t<span class=\"elementor-button-text\">VOIR D\u00c9TAILS<\/span>\n\t\t\t\t\t<\/span>\n\t\t\t\t\t<\/a>\n\t\t\t\t<\/div>\n\t\t\t\t\t\t\t\t<\/div>\n\t\t\t\t<\/div>\n\t\t\t\t\t<\/div>\n\t\t<\/div>\n\t\t\t\t\t<\/div>\n\t\t<\/section>\n\t\t\t\t<section class=\"elementor-section elementor-top-section elementor-element elementor-element-91eeb05 elementor-section-content-middle elementor-section-full_width elementor-reverse-mobile elementor-reverse-tablet elementor-section-height-default elementor-section-height-default\" data-id=\"91eeb05\" data-element_type=\"section\" data-e-type=\"section\" data-settings=\"{&quot;jet_parallax_layout_list&quot;:[],&quot;background_background&quot;:&quot;classic&quot;}\">\n\t\t\t\t\t\t<div class=\"elementor-container elementor-column-gap-no\">\n\t\t\t\t\t<div class=\"elementor-column elementor-col-50 elementor-top-column elementor-element elementor-element-29271e6\" data-id=\"29271e6\" data-element_type=\"column\" data-e-type=\"column\">\n\t\t\t<div class=\"elementor-widget-wrap elementor-element-populated\">\n\t\t\t\t\t\t<div class=\"elementor-element elementor-element-4a88f4e elementor-widget elementor-widget-heading\" data-id=\"4a88f4e\" data-element_type=\"widget\" data-e-type=\"widget\" data-widget_type=\"heading.default\">\n\t\t\t\t<div class=\"elementor-widget-container\">\n\t\t\t\t\t<h2 class=\"elementor-heading-title elementor-size-default\">Syst\u00e8me de collage<\/h2>\t\t\t\t<\/div>\n\t\t\t\t<\/div>\n\t\t\t\t<div class=\"elementor-element elementor-element-d89457a elementor-widget elementor-widget-text-editor\" data-id=\"d89457a\" data-element_type=\"widget\" data-e-type=\"widget\" data-widget_type=\"text-editor.default\">\n\t\t\t\t<div class=\"elementor-widget-container\">\n\t\t\t\t\t\t\t\t\t<p data-path-to-node=\"11\">Obtenez une esth\u00e9tique minimaliste et avant-gardiste gr\u00e2ce au <b data-path-to-node=\"11\" data-index-in-node=\"55\">syst\u00e8me de fixation chimique (collage)<\/b>. Ne n\u00e9cessitant pas de plateaux form\u00e9s par des languettes, cette m\u00e9thode vous permet de travailler directement avec le panneau coup\u00e9, \u00e9liminant ainsi les contraintes de conception.<\/p>\n<ul data-path-to-node=\"12\">\n<li>\n<p data-path-to-node=\"12,0,0\"><b data-path-to-node=\"12,0,0\" data-index-in-node=\"0\">Esth\u00e9tique haut de gamme :<\/b> id\u00e9al pour les g\u00e9om\u00e9tries complexes et les combinaisons avec des faux plafonds, offrant une solution visuellement continue et homog\u00e8ne.<\/p>\n<\/li>\n<li>\n<p data-path-to-node=\"12,1,0\"><b data-path-to-node=\"12,1,0\" data-index-in-node=\"0\">Polyvalence absolue :<\/b> parfait pour les r\u00e9novations et les nouveaux b\u00e2timents o\u00f9 une <b data-path-to-node=\"12,1,0\" data-index-in-node=\"88\">fa\u00e7ade ventil\u00e9e<\/b> au design \u00e9pur\u00e9 et sans fixations visibles est requise.<\/p>\n<\/li>\n<\/ul>\n\t\t\t\t\t\t\t\t<\/div>\n\t\t\t\t<\/div>\n\t\t\t\t<div class=\"elementor-element elementor-element-55ce1e6 elementor-align-center elementor-widget elementor-widget-button\" data-id=\"55ce1e6\" data-element_type=\"widget\" data-e-type=\"widget\" data-widget_type=\"button.default\">\n\t\t\t\t<div class=\"elementor-widget-container\">\n\t\t\t\t\t\t\t\t\t<div class=\"elementor-button-wrapper\">\n\t\t\t\t\t<a class=\"elementor-button elementor-button-link elementor-size-md\" href=\"https:\/\/panel-composite.com\/fr\/systeme-de-collage\/\" target=\"_blank\">\n\t\t\t\t\t\t<span class=\"elementor-button-content-wrapper\">\n\t\t\t\t\t\t\t\t\t<span class=\"elementor-button-text\">VOIR D\u00c9TAILS<\/span>\n\t\t\t\t\t<\/span>\n\t\t\t\t\t<\/a>\n\t\t\t\t<\/div>\n\t\t\t\t\t\t\t\t<\/div>\n\t\t\t\t<\/div>\n\t\t\t\t\t<\/div>\n\t\t<\/div>\n\t\t\t\t<div class=\"elementor-column elementor-col-50 elementor-top-column elementor-element elementor-element-56c8106\" data-id=\"56c8106\" data-element_type=\"column\" data-e-type=\"column\">\n\t\t\t<div class=\"elementor-widget-wrap elementor-element-populated\">\n\t\t\t\t\t\t<div class=\"elementor-element elementor-element-4bfaa3e elementor-widget elementor-widget-image\" data-id=\"4bfaa3e\" data-element_type=\"widget\" data-e-type=\"widget\" data-widget_type=\"image.default\">\n\t\t\t\t<div class=\"elementor-widget-container\">\n\t\t\t\t\t\t\t\t\t\t\t\t\t\t\t<img decoding=\"async\" width=\"800\" height=\"800\" data-src=\"https:\/\/panel-composite.com\/wp-content\/uploads\/2023\/03\/pegado.png\" class=\"attachment-large size-large wp-image-3648 lazyload\" alt=\"\" data-srcset=\"https:\/\/panel-composite.com\/wp-content\/uploads\/2023\/03\/pegado.png 1000w, https:\/\/panel-composite.com\/wp-content\/uploads\/2023\/03\/pegado-300x300.png 300w, https:\/\/panel-composite.com\/wp-content\/uploads\/2023\/03\/pegado-150x150.png 150w, https:\/\/panel-composite.com\/wp-content\/uploads\/2023\/03\/pegado-768x768.png 768w, https:\/\/panel-composite.com\/wp-content\/uploads\/2023\/03\/pegado-600x600.png 600w, https:\/\/panel-composite.com\/wp-content\/uploads\/2023\/03\/pegado-100x100.png 100w\" data-sizes=\"(max-width: 800px) 100vw, 800px\" title=\"\" src=\"data:image\/svg+xml;base64,PHN2ZyB3aWR0aD0iMSIgaGVpZ2h0PSIxIiB4bWxucz0iaHR0cDovL3d3dy53My5vcmcvMjAwMC9zdmciPjwvc3ZnPg==\" style=\"--smush-placeholder-width: 800px; --smush-placeholder-aspect-ratio: 800\/800;\">\t\t\t\t\t\t\t\t\t\t\t\t\t\t\t<\/div>\n\t\t\t\t<\/div>\n\t\t\t\t\t<\/div>\n\t\t<\/div>\n\t\t\t\t\t<\/div>\n\t\t<\/section>\n\t\t\t\t<section class=\"elementor-section elementor-top-section elementor-element elementor-element-3163c4b elementor-section-content-middle elementor-section-full_width elementor-reverse-mobile elementor-reverse-tablet elementor-section-height-default elementor-section-height-default\" data-id=\"3163c4b\" data-element_type=\"section\" data-e-type=\"section\" data-settings=\"{&quot;jet_parallax_layout_list&quot;:[]}\">\n\t\t\t\t\t\t<div class=\"elementor-container elementor-column-gap-no\">\n\t\t\t\t\t<div class=\"elementor-column elementor-col-50 elementor-top-column elementor-element elementor-element-174d47e\" data-id=\"174d47e\" data-element_type=\"column\" data-e-type=\"column\">\n\t\t\t<div class=\"elementor-widget-wrap elementor-element-populated\">\n\t\t\t\t\t\t<div class=\"elementor-element elementor-element-b5c8c6e elementor-widget elementor-widget-image\" data-id=\"b5c8c6e\" data-element_type=\"widget\" data-e-type=\"widget\" data-widget_type=\"image.default\">\n\t\t\t\t<div class=\"elementor-widget-container\">\n\t\t\t\t\t\t\t\t\t\t\t\t\t\t\t<img decoding=\"async\" width=\"800\" height=\"800\" data-src=\"https:\/\/panel-composite.com\/wp-content\/uploads\/2023\/03\/remachado.png\" class=\"attachment-large size-large wp-image-3647 lazyload\" alt=\"\" data-srcset=\"https:\/\/panel-composite.com\/wp-content\/uploads\/2023\/03\/remachado.png 1000w, https:\/\/panel-composite.com\/wp-content\/uploads\/2023\/03\/remachado-300x300.png 300w, https:\/\/panel-composite.com\/wp-content\/uploads\/2023\/03\/remachado-150x150.png 150w, https:\/\/panel-composite.com\/wp-content\/uploads\/2023\/03\/remachado-768x768.png 768w, https:\/\/panel-composite.com\/wp-content\/uploads\/2023\/03\/remachado-600x600.png 600w, https:\/\/panel-composite.com\/wp-content\/uploads\/2023\/03\/remachado-100x100.png 100w\" data-sizes=\"(max-width: 800px) 100vw, 800px\" title=\"\" src=\"data:image\/svg+xml;base64,PHN2ZyB3aWR0aD0iMSIgaGVpZ2h0PSIxIiB4bWxucz0iaHR0cDovL3d3dy53My5vcmcvMjAwMC9zdmciPjwvc3ZnPg==\" style=\"--smush-placeholder-width: 800px; --smush-placeholder-aspect-ratio: 800\/800;\">\t\t\t\t\t\t\t\t\t\t\t\t\t\t\t<\/div>\n\t\t\t\t<\/div>\n\t\t\t\t\t<\/div>\n\t\t<\/div>\n\t\t\t\t<div class=\"elementor-column elementor-col-50 elementor-top-column elementor-element elementor-element-c77d10a\" data-id=\"c77d10a\" data-element_type=\"column\" data-e-type=\"column\">\n\t\t\t<div class=\"elementor-widget-wrap elementor-element-populated\">\n\t\t\t\t\t\t<div class=\"elementor-element elementor-element-96cdb36 elementor-widget elementor-widget-heading\" data-id=\"96cdb36\" data-element_type=\"widget\" data-e-type=\"widget\" data-widget_type=\"heading.default\">\n\t\t\t\t<div class=\"elementor-widget-container\">\n\t\t\t\t\t<h2 class=\"elementor-heading-title elementor-size-default\">Syst\u00e8me rivet\u00e9<\/h2>\t\t\t\t<\/div>\n\t\t\t\t<\/div>\n\t\t\t\t<div class=\"elementor-element elementor-element-055eab0 elementor-widget elementor-widget-text-editor\" data-id=\"055eab0\" data-element_type=\"widget\" data-e-type=\"widget\" data-widget_type=\"text-editor.default\">\n\t\t\t\t<div class=\"elementor-widget-container\">\n\t\t\t\t\t\t\t\t\t<p data-path-to-node=\"15\">Le <b data-path-to-node=\"15\" data-index-in-node=\"3\">syst\u00e8me de rivetage<\/b> est la solution la plus simple et la plus agile pour l&rsquo;installation sur des sous-structures \u00e0 profil en T. Il s&rsquo;agit d&rsquo;une m\u00e9thode de fixation m\u00e9canique apparente qui garantit une stabilit\u00e9 exceptionnelle avec un minimum d&rsquo;entretien. Il s&rsquo;agit d&rsquo;une m\u00e9thode de fixation m\u00e9canique apparente qui garantit une stabilit\u00e9 exceptionnelle avec un minimum d&rsquo;entretien.<\/p>\n<ul data-path-to-node=\"16\">\n<li>\n<p data-path-to-node=\"16,0,0\"><b data-path-to-node=\"16,0,0\" data-index-in-node=\"0\">Installation simplifi\u00e9e :<\/b> L&rsquo;utilisation de panneaux composites d\u00e9coup\u00e9s (pas de cintrage) permet de r\u00e9duire les co\u00fbts de mise en \u0153uvre en atelier.<\/p>\n<\/li>\n<li>\n<p data-path-to-node=\"16,1,0\"><b data-path-to-node=\"16,1,0\" data-index-in-node=\"0\">Fixation m\u00e9canique :<\/b> La fixation \u00e0 la structure au moyen de rivets \u00e0 large t\u00eate garantit une r\u00e9sistance maximale \u00e0 la pression du vent.<\/p>\n<\/li>\n<\/ul>\n\t\t\t\t\t\t\t\t<\/div>\n\t\t\t\t<\/div>\n\t\t\t\t<div class=\"elementor-element elementor-element-28ede9e elementor-align-center elementor-widget elementor-widget-button\" data-id=\"28ede9e\" data-element_type=\"widget\" data-e-type=\"widget\" data-widget_type=\"button.default\">\n\t\t\t\t<div class=\"elementor-widget-container\">\n\t\t\t\t\t\t\t\t\t<div class=\"elementor-button-wrapper\">\n\t\t\t\t\t<a class=\"elementor-button elementor-button-link elementor-size-md\" href=\"https:\/\/panel-composite.com\/fr\/systeme-rivete\/\" target=\"_blank\">\n\t\t\t\t\t\t<span class=\"elementor-button-content-wrapper\">\n\t\t\t\t\t\t\t\t\t<span class=\"elementor-button-text\">VOIR D\u00c9TAILS<\/span>\n\t\t\t\t\t<\/span>\n\t\t\t\t\t<\/a>\n\t\t\t\t<\/div>\n\t\t\t\t\t\t\t\t<\/div>\n\t\t\t\t<\/div>\n\t\t\t\t\t<\/div>\n\t\t<\/div>\n\t\t\t\t\t<\/div>\n\t\t<\/section>\n\t\t\t\t<section class=\"elementor-section elementor-top-section elementor-element elementor-element-05eca7d elementor-section-content-middle elementor-section-full_width elementor-reverse-mobile elementor-reverse-tablet elementor-section-height-default elementor-section-height-default\" data-id=\"05eca7d\" data-element_type=\"section\" data-e-type=\"section\" data-settings=\"{&quot;jet_parallax_layout_list&quot;:[],&quot;background_background&quot;:&quot;classic&quot;}\">\n\t\t\t\t\t\t<div class=\"elementor-container elementor-column-gap-no\">\n\t\t\t\t\t<div class=\"elementor-column elementor-col-50 elementor-top-column elementor-element elementor-element-ce52f5e\" data-id=\"ce52f5e\" data-element_type=\"column\" data-e-type=\"column\">\n\t\t\t<div class=\"elementor-widget-wrap elementor-element-populated\">\n\t\t\t\t\t\t<div class=\"elementor-element elementor-element-151208d elementor-widget elementor-widget-heading\" data-id=\"151208d\" data-element_type=\"widget\" data-e-type=\"widget\" data-widget_type=\"heading.default\">\n\t\t\t\t<div class=\"elementor-widget-container\">\n\t\t\t\t\t<h2 class=\"elementor-heading-title elementor-size-default\">Syst\u00e8me homme-femme<\/h2>\t\t\t\t<\/div>\n\t\t\t\t<\/div>\n\t\t\t\t<div class=\"elementor-element elementor-element-099897e elementor-widget elementor-widget-text-editor\" data-id=\"099897e\" data-element_type=\"widget\" data-e-type=\"widget\" data-widget_type=\"text-editor.default\">\n\t\t\t\t<div class=\"elementor-widget-container\">\n\t\t\t\t\t\t\t\t\t<p data-path-to-node=\"19\">Le <b data-path-to-node=\"19\" data-index-in-node=\"3\">syst\u00e8me de rainure et de languette<\/b> est le choix technique privil\u00e9gi\u00e9 pour les fa\u00e7ades aux formes continues, qu&rsquo;il s&rsquo;agisse de courbes concaves ou convexes. Sa conception permet une modulation horizontale du plateau avec des ouvertures constantes.<\/p>\n<ul data-path-to-node=\"20\">\n<li>\n<p data-path-to-node=\"20,0,0\"><b data-path-to-node=\"20,0,0\" data-index-in-node=\"0\">Optimisation horizontale :<\/b> syst\u00e8me adapt\u00e9 aux <b data-path-to-node=\"20,0,0\" data-index-in-node=\"47\">plateaux en panneaux composites<\/b> d&rsquo;une hauteur maximale de 700 mm et d&rsquo;une longueur allant jusqu&rsquo;\u00e0 6 m\u00e8tres.<\/p>\n<\/li>\n<li>\n<p data-path-to-node=\"20,1,0\"><b data-path-to-node=\"20,1,0\" data-index-in-node=\"0\">Renforcement du p\u00e9rim\u00e8tre :<\/b> le plateau est fix\u00e9 \u00e0 la sous-structure au moyen de profils sup\u00e9rieurs et inf\u00e9rieurs, ce qui permet une installation extr\u00eamement rapide et s\u00fbre sur de grandes surfaces.<\/p>\n<\/li>\n<\/ul>\n\t\t\t\t\t\t\t\t<\/div>\n\t\t\t\t<\/div>\n\t\t\t\t<div class=\"elementor-element elementor-element-2744315 elementor-align-center elementor-widget elementor-widget-button\" data-id=\"2744315\" data-element_type=\"widget\" data-e-type=\"widget\" data-widget_type=\"button.default\">\n\t\t\t\t<div class=\"elementor-widget-container\">\n\t\t\t\t\t\t\t\t\t<div class=\"elementor-button-wrapper\">\n\t\t\t\t\t<a class=\"elementor-button elementor-button-link elementor-size-md\" href=\"https:\/\/panel-composite.com\/fr\/systeme-homme-femme\/\" target=\"_blank\">\n\t\t\t\t\t\t<span class=\"elementor-button-content-wrapper\">\n\t\t\t\t\t\t\t\t\t<span class=\"elementor-button-text\">VOIR D\u00c9TAILS<\/span>\n\t\t\t\t\t<\/span>\n\t\t\t\t\t<\/a>\n\t\t\t\t<\/div>\n\t\t\t\t\t\t\t\t<\/div>\n\t\t\t\t<\/div>\n\t\t\t\t\t<\/div>\n\t\t<\/div>\n\t\t\t\t<div class=\"elementor-column elementor-col-50 elementor-top-column elementor-element elementor-element-ea7b8f6\" data-id=\"ea7b8f6\" data-element_type=\"column\" data-e-type=\"column\">\n\t\t\t<div class=\"elementor-widget-wrap elementor-element-populated\">\n\t\t\t\t\t\t<div class=\"elementor-element elementor-element-908d4eb elementor-widget elementor-widget-image\" data-id=\"908d4eb\" data-element_type=\"widget\" data-e-type=\"widget\" data-widget_type=\"image.default\">\n\t\t\t\t<div class=\"elementor-widget-container\">\n\t\t\t\t\t\t\t\t\t\t\t\t\t\t\t<img decoding=\"async\" width=\"800\" height=\"800\" data-src=\"https:\/\/panel-composite.com\/wp-content\/uploads\/2023\/03\/machohembra.png\" class=\"attachment-large size-large wp-image-3649 lazyload\" alt=\"\" data-srcset=\"https:\/\/panel-composite.com\/wp-content\/uploads\/2023\/03\/machohembra.png 1000w, https:\/\/panel-composite.com\/wp-content\/uploads\/2023\/03\/machohembra-300x300.png 300w, https:\/\/panel-composite.com\/wp-content\/uploads\/2023\/03\/machohembra-150x150.png 150w, https:\/\/panel-composite.com\/wp-content\/uploads\/2023\/03\/machohembra-768x768.png 768w, https:\/\/panel-composite.com\/wp-content\/uploads\/2023\/03\/machohembra-600x600.png 600w, https:\/\/panel-composite.com\/wp-content\/uploads\/2023\/03\/machohembra-100x100.png 100w\" data-sizes=\"(max-width: 800px) 100vw, 800px\" title=\"\" src=\"data:image\/svg+xml;base64,PHN2ZyB3aWR0aD0iMSIgaGVpZ2h0PSIxIiB4bWxucz0iaHR0cDovL3d3dy53My5vcmcvMjAwMC9zdmciPjwvc3ZnPg==\" style=\"--smush-placeholder-width: 800px; --smush-placeholder-aspect-ratio: 800\/800;\">\t\t\t\t\t\t\t\t\t\t\t\t\t\t\t<\/div>\n\t\t\t\t<\/div>\n\t\t\t\t\t<\/div>\n\t\t<\/div>\n\t\t\t\t\t<\/div>\n\t\t<\/section>\n\t\t\t\t<\/div>\n\t\t","protected":false},"excerpt":{"rendered":"<p>Syst\u00e8mes de montage pour les panneaux composites Alucobond Nous fournissons des solutions de fa\u00e7ade compl\u00e8tes : du panneau composite \u00e0 tous les accessoires de fixation et aux sous-structures n\u00e9cessaires \u00e0 votre projet. Optimisez les temps d&rsquo;ex\u00e9cution et assurez une durabilit\u00e9 maximale \u00e0 votre bo\u00eetier en choisissant le syst\u00e8me de montage qui r\u00e9pond le mieux \u00e0 [&hellip;]<\/p>\n","protected":false},"author":13,"featured_media":0,"parent":0,"menu_order":170,"comment_status":"closed","ping_status":"closed","template":"elementor_header_footer","meta":{"footnotes":""},"class_list":["post-5139","page","type-page","status-publish","hentry"],"_links":{"self":[{"href":"https:\/\/panel-composite.com\/fr\/wp-json\/wp\/v2\/pages\/5139","targetHints":{"allow":["GET"]}}],"collection":[{"href":"https:\/\/panel-composite.com\/fr\/wp-json\/wp\/v2\/pages"}],"about":[{"href":"https:\/\/panel-composite.com\/fr\/wp-json\/wp\/v2\/types\/page"}],"author":[{"embeddable":true,"href":"https:\/\/panel-composite.com\/fr\/wp-json\/wp\/v2\/users\/13"}],"replies":[{"embeddable":true,"href":"https:\/\/panel-composite.com\/fr\/wp-json\/wp\/v2\/comments?post=5139"}],"version-history":[{"count":8,"href":"https:\/\/panel-composite.com\/fr\/wp-json\/wp\/v2\/pages\/5139\/revisions"}],"predecessor-version":[{"id":6591,"href":"https:\/\/panel-composite.com\/fr\/wp-json\/wp\/v2\/pages\/5139\/revisions\/6591"}],"wp:attachment":[{"href":"https:\/\/panel-composite.com\/fr\/wp-json\/wp\/v2\/media?parent=5139"}],"curies":[{"name":"wp","href":"https:\/\/api.w.org\/{rel}","templated":true}]}}