{"id":5140,"date":"2023-02-08T17:15:16","date_gmt":"2023-02-08T16:15:16","guid":{"rendered":"https:\/\/www.panel-composite.com\/systeme-de-collage\/"},"modified":"2026-01-19T05:45:44","modified_gmt":"2026-01-19T04:45:44","slug":"systeme-de-collage","status":"publish","type":"page","link":"https:\/\/panel-composite.com\/fr\/systeme-de-collage\/","title":{"rendered":"Panneau composite Alucobond &#8211; Syst\u00e8me coll\u00e9"},"content":{"rendered":"\t\t<div data-elementor-type=\"wp-page\" data-elementor-id=\"5140\" class=\"elementor elementor-5140 elementor-2569\" data-elementor-post-type=\"page\">\n\t\t\t\t\t\t<section class=\"elementor-section elementor-top-section elementor-element elementor-element-c3cc0f0 elementor-section-boxed elementor-section-height-default elementor-section-height-default\" data-id=\"c3cc0f0\" data-element_type=\"section\" data-e-type=\"section\" data-settings=\"{&quot;background_background&quot;:&quot;classic&quot;,&quot;jet_parallax_layout_list&quot;:[]}\">\n\t\t\t\t\t\t<div class=\"elementor-container elementor-column-gap-default\">\n\t\t\t\t\t<div class=\"elementor-column elementor-col-50 elementor-top-column elementor-element elementor-element-f17f494\" data-id=\"f17f494\" data-element_type=\"column\" data-e-type=\"column\">\n\t\t\t<div class=\"elementor-widget-wrap elementor-element-populated\">\n\t\t\t\t\t\t<div class=\"elementor-element elementor-element-22a96df2 elementor-widget elementor-widget-heading\" data-id=\"22a96df2\" data-element_type=\"widget\" data-e-type=\"widget\" data-widget_type=\"heading.default\">\n\t\t\t\t<div class=\"elementor-widget-container\">\n\t\t\t\t\t<h1 class=\"elementor-heading-title elementor-size-default\">Syst\u00e8me de collage de panneaux composites<\/h1>\t\t\t\t<\/div>\n\t\t\t\t<\/div>\n\t\t\t\t<div class=\"elementor-element elementor-element-b08d801 elementor-widget__width-initial elementor-widget elementor-widget-text-editor\" data-id=\"b08d801\" data-element_type=\"widget\" data-e-type=\"widget\" data-widget_type=\"text-editor.default\">\n\t\t\t\t<div class=\"elementor-widget-container\">\n\t\t\t\t\t\t\t\t\t<p><b data-path-to-node=\"3\" data-index-in-node=\"0\">Le syst\u00e8me de fixation chimique est le choix pr\u00e9f\u00e9r\u00e9 des architectes qui recherchent une esth\u00e9tique propre et minimaliste sans fixations visibles.<\/b> Cette m\u00e9thode permet de r\u00e9aliser n&rsquo;importe quelle conception de fa\u00e7ade sans les limites des carreaux form\u00e9s, car elle fonctionne directement avec le <b data-path-to-node=\"3\" data-index-in-node=\"284\">panneau composite d\u00e9coup\u00e9.<\/b> C&rsquo;est la solution id\u00e9ale pour obtenir des surfaces planes continues et une finition visuellement homog\u00e8ne.<\/p>\n\t\t\t\t\t\t\t\t<\/div>\n\t\t\t\t<\/div>\n\t\t\t\t\t<\/div>\n\t\t<\/div>\n\t\t\t\t<div class=\"elementor-column elementor-col-50 elementor-top-column elementor-element elementor-element-72990b1c\" data-id=\"72990b1c\" data-element_type=\"column\" data-e-type=\"column\">\n\t\t\t<div class=\"elementor-widget-wrap elementor-element-populated\">\n\t\t\t\t\t\t<div class=\"elementor-element elementor-element-2a990aaf elementor-widget elementor-widget-image\" data-id=\"2a990aaf\" data-element_type=\"widget\" data-e-type=\"widget\" data-widget_type=\"image.default\">\n\t\t\t\t<div class=\"elementor-widget-container\">\n\t\t\t\t\t\t\t\t\t\t\t\t\t\t\t<img fetchpriority=\"high\" decoding=\"async\" width=\"800\" height=\"604\" src=\"https:\/\/panel-composite.com\/wp-content\/uploads\/2023\/03\/SISTEMA-PEGADO.jpg\" class=\"attachment-large size-large wp-image-3292\" alt=\"\" srcset=\"https:\/\/panel-composite.com\/wp-content\/uploads\/2023\/03\/SISTEMA-PEGADO.jpg 803w, https:\/\/panel-composite.com\/wp-content\/uploads\/2023\/03\/SISTEMA-PEGADO-300x226.jpg 300w, https:\/\/panel-composite.com\/wp-content\/uploads\/2023\/03\/SISTEMA-PEGADO-768x580.jpg 768w, https:\/\/panel-composite.com\/wp-content\/uploads\/2023\/03\/SISTEMA-PEGADO-600x453.jpg 600w\" sizes=\"(max-width: 800px) 100vw, 800px\" title=\"\">\t\t\t\t\t\t\t\t\t\t\t\t\t\t\t<\/div>\n\t\t\t\t<\/div>\n\t\t\t\t\t<\/div>\n\t\t<\/div>\n\t\t\t\t\t<\/div>\n\t\t<\/section>\n\t\t\t\t<section class=\"elementor-section elementor-top-section elementor-element elementor-element-2fc5578d elementor-section-boxed elementor-section-height-default elementor-section-height-default\" data-id=\"2fc5578d\" data-element_type=\"section\" data-e-type=\"section\" data-settings=\"{&quot;background_background&quot;:&quot;classic&quot;,&quot;jet_parallax_layout_list&quot;:[]}\">\n\t\t\t\t\t\t<div class=\"elementor-container elementor-column-gap-default\">\n\t\t\t\t\t<div class=\"elementor-column elementor-col-100 elementor-top-column elementor-element elementor-element-1a6feb75\" data-id=\"1a6feb75\" data-element_type=\"column\" data-e-type=\"column\">\n\t\t\t<div class=\"elementor-widget-wrap elementor-element-populated\">\n\t\t\t\t\t\t<div class=\"elementor-element elementor-element-6cffb9b8 elementor-widget elementor-widget-heading\" data-id=\"6cffb9b8\" data-element_type=\"widget\" data-e-type=\"widget\" data-widget_type=\"heading.default\">\n\t\t\t\t<div class=\"elementor-widget-container\">\n\t\t\t\t\t<h2 class=\"elementor-heading-title elementor-size-default\">D\u00e9tails de la construction<\/h2>\t\t\t\t<\/div>\n\t\t\t\t<\/div>\n\t\t\t\t\t<\/div>\n\t\t<\/div>\n\t\t\t\t\t<\/div>\n\t\t<\/section>\n\t\t\t\t<section class=\"elementor-section elementor-top-section elementor-element elementor-element-cc818ff elementor-section-boxed elementor-section-height-default elementor-section-height-default\" data-id=\"cc818ff\" data-element_type=\"section\" data-e-type=\"section\" data-settings=\"{&quot;jet_parallax_layout_list&quot;:[],&quot;background_background&quot;:&quot;classic&quot;}\">\n\t\t\t\t\t\t<div class=\"elementor-container elementor-column-gap-default\">\n\t\t\t\t\t<div class=\"elementor-column elementor-col-50 elementor-top-column elementor-element elementor-element-4ea02121\" data-id=\"4ea02121\" data-element_type=\"column\" data-e-type=\"column\" data-settings=\"{&quot;background_background&quot;:&quot;classic&quot;}\">\n\t\t\t<div class=\"elementor-widget-wrap elementor-element-populated\">\n\t\t\t\t\t\t<div class=\"elementor-element elementor-element-784fdfd7 elementor-widget elementor-widget-heading\" data-id=\"784fdfd7\" data-element_type=\"widget\" data-e-type=\"widget\" data-widget_type=\"heading.default\">\n\t\t\t\t<div class=\"elementor-widget-container\">\n\t\t\t\t\t<h3 class=\"elementor-heading-title elementor-size-default\">VUE HORIZONTALE ET VERTICALE\n<\/h3>\t\t\t\t<\/div>\n\t\t\t\t<\/div>\n\t\t\t\t<div class=\"elementor-element elementor-element-f3ba1d7 elementor-widget elementor-widget-image\" data-id=\"f3ba1d7\" data-element_type=\"widget\" data-e-type=\"widget\" data-widget_type=\"image.default\">\n\t\t\t\t<div class=\"elementor-widget-container\">\n\t\t\t\t\t\t\t\t\t\t\t\t\t\t\t<img decoding=\"async\" width=\"530\" height=\"452\" data-src=\"https:\/\/panel-composite.com\/wp-content\/uploads\/2023\/03\/Composite-Sistema-Pegado-1-Horizontal.jpg\" class=\"attachment-large size-large wp-image-3293 lazyload\" alt=\"\" data-srcset=\"https:\/\/panel-composite.com\/wp-content\/uploads\/2023\/03\/Composite-Sistema-Pegado-1-Horizontal.jpg 530w, https:\/\/panel-composite.com\/wp-content\/uploads\/2023\/03\/Composite-Sistema-Pegado-1-Horizontal-300x256.jpg 300w\" data-sizes=\"(max-width: 530px) 100vw, 530px\" title=\"\" src=\"data:image\/svg+xml;base64,PHN2ZyB3aWR0aD0iMSIgaGVpZ2h0PSIxIiB4bWxucz0iaHR0cDovL3d3dy53My5vcmcvMjAwMC9zdmciPjwvc3ZnPg==\" style=\"--smush-placeholder-width: 530px; --smush-placeholder-aspect-ratio: 530\/452;\">\t\t\t\t\t\t\t\t\t\t\t\t\t\t\t<\/div>\n\t\t\t\t<\/div>\n\t\t\t\t<div class=\"elementor-element elementor-element-5034be35 elementor-widget elementor-widget-image\" data-id=\"5034be35\" data-element_type=\"widget\" data-e-type=\"widget\" data-widget_type=\"image.default\">\n\t\t\t\t<div class=\"elementor-widget-container\">\n\t\t\t\t\t\t\t\t\t\t\t\t\t\t\t<img decoding=\"async\" width=\"530\" height=\"450\" data-src=\"https:\/\/panel-composite.com\/wp-content\/uploads\/2023\/03\/Composite-Sistema-Pegado-2-Vertical.jpg\" class=\"attachment-large size-large wp-image-3294 lazyload\" alt=\"\" data-srcset=\"https:\/\/panel-composite.com\/wp-content\/uploads\/2023\/03\/Composite-Sistema-Pegado-2-Vertical.jpg 530w, https:\/\/panel-composite.com\/wp-content\/uploads\/2023\/03\/Composite-Sistema-Pegado-2-Vertical-300x255.jpg 300w\" data-sizes=\"(max-width: 530px) 100vw, 530px\" title=\"\" src=\"data:image\/svg+xml;base64,PHN2ZyB3aWR0aD0iMSIgaGVpZ2h0PSIxIiB4bWxucz0iaHR0cDovL3d3dy53My5vcmcvMjAwMC9zdmciPjwvc3ZnPg==\" style=\"--smush-placeholder-width: 530px; --smush-placeholder-aspect-ratio: 530\/450;\">\t\t\t\t\t\t\t\t\t\t\t\t\t\t\t<\/div>\n\t\t\t\t<\/div>\n\t\t\t\t\t<\/div>\n\t\t<\/div>\n\t\t\t\t<div class=\"elementor-column elementor-col-50 elementor-top-column elementor-element elementor-element-702f67ac\" data-id=\"702f67ac\" data-element_type=\"column\" data-e-type=\"column\" data-settings=\"{&quot;background_background&quot;:&quot;classic&quot;}\">\n\t\t\t<div class=\"elementor-widget-wrap elementor-element-populated\">\n\t\t\t\t\t\t<div class=\"elementor-element elementor-element-6f2bde29 elementor-widget elementor-widget-heading\" data-id=\"6f2bde29\" data-element_type=\"widget\" data-e-type=\"widget\" data-widget_type=\"heading.default\">\n\t\t\t\t<div class=\"elementor-widget-container\">\n\t\t\t\t\t<h3 class=\"elementor-heading-title elementor-size-default\">COURONNEMENT \/ D\u00c9MARRAGE<\/h3>\t\t\t\t<\/div>\n\t\t\t\t<\/div>\n\t\t\t\t<div class=\"elementor-element elementor-element-35ca3c29 elementor-widget elementor-widget-image\" data-id=\"35ca3c29\" data-element_type=\"widget\" data-e-type=\"widget\" data-widget_type=\"image.default\">\n\t\t\t\t<div class=\"elementor-widget-container\">\n\t\t\t\t\t\t\t\t\t\t\t\t\t\t\t<img decoding=\"async\" width=\"531\" height=\"456\" data-src=\"https:\/\/panel-composite.com\/wp-content\/uploads\/2023\/03\/Composite-Sistema-Pegado-4-Coronacion.jpg\" class=\"attachment-large size-large wp-image-3295 lazyload\" alt=\"\" data-srcset=\"https:\/\/panel-composite.com\/wp-content\/uploads\/2023\/03\/Composite-Sistema-Pegado-4-Coronacion.jpg 531w, https:\/\/panel-composite.com\/wp-content\/uploads\/2023\/03\/Composite-Sistema-Pegado-4-Coronacion-300x258.jpg 300w\" data-sizes=\"(max-width: 531px) 100vw, 531px\" title=\"\" src=\"data:image\/svg+xml;base64,PHN2ZyB3aWR0aD0iMSIgaGVpZ2h0PSIxIiB4bWxucz0iaHR0cDovL3d3dy53My5vcmcvMjAwMC9zdmciPjwvc3ZnPg==\" style=\"--smush-placeholder-width: 531px; --smush-placeholder-aspect-ratio: 531\/456;\">\t\t\t\t\t\t\t\t\t\t\t\t\t\t\t<\/div>\n\t\t\t\t<\/div>\n\t\t\t\t<div class=\"elementor-element elementor-element-708ebe70 elementor-widget elementor-widget-image\" data-id=\"708ebe70\" data-element_type=\"widget\" data-e-type=\"widget\" data-widget_type=\"image.default\">\n\t\t\t\t<div class=\"elementor-widget-container\">\n\t\t\t\t\t\t\t\t\t\t\t\t\t\t\t<img decoding=\"async\" width=\"529\" height=\"453\" data-src=\"https:\/\/panel-composite.com\/wp-content\/uploads\/2023\/03\/Composite-Sistema-Pegado-4-Dintel-1.jpg\" class=\"attachment-large size-large wp-image-3296 lazyload\" alt=\"\" data-srcset=\"https:\/\/panel-composite.com\/wp-content\/uploads\/2023\/03\/Composite-Sistema-Pegado-4-Dintel-1.jpg 529w, https:\/\/panel-composite.com\/wp-content\/uploads\/2023\/03\/Composite-Sistema-Pegado-4-Dintel-1-300x257.jpg 300w\" data-sizes=\"(max-width: 529px) 100vw, 529px\" title=\"\" src=\"data:image\/svg+xml;base64,PHN2ZyB3aWR0aD0iMSIgaGVpZ2h0PSIxIiB4bWxucz0iaHR0cDovL3d3dy53My5vcmcvMjAwMC9zdmciPjwvc3ZnPg==\" style=\"--smush-placeholder-width: 529px; --smush-placeholder-aspect-ratio: 529\/453;\">\t\t\t\t\t\t\t\t\t\t\t\t\t\t\t<\/div>\n\t\t\t\t<\/div>\n\t\t\t\t\t<\/div>\n\t\t<\/div>\n\t\t\t\t\t<\/div>\n\t\t<\/section>\n\t\t\t\t<section class=\"elementor-section elementor-top-section elementor-element elementor-element-40441970 elementor-section-boxed elementor-section-height-default elementor-section-height-default\" data-id=\"40441970\" data-element_type=\"section\" data-e-type=\"section\" data-settings=\"{&quot;jet_parallax_layout_list&quot;:[],&quot;background_background&quot;:&quot;classic&quot;}\">\n\t\t\t\t\t\t<div class=\"elementor-container elementor-column-gap-default\">\n\t\t\t\t\t<div class=\"elementor-column elementor-col-50 elementor-top-column elementor-element elementor-element-305205f2\" data-id=\"305205f2\" data-element_type=\"column\" data-e-type=\"column\" data-settings=\"{&quot;background_background&quot;:&quot;classic&quot;}\">\n\t\t\t<div class=\"elementor-widget-wrap elementor-element-populated\">\n\t\t\t\t\t\t<div class=\"elementor-element elementor-element-3b149221 elementor-widget elementor-widget-heading\" data-id=\"3b149221\" data-element_type=\"widget\" data-e-type=\"widget\" data-widget_type=\"heading.default\">\n\t\t\t\t<div class=\"elementor-widget-container\">\n\t\t\t\t\t<h3 class=\"elementor-heading-title elementor-size-default\">LINTEAU \/ SOLIN<\/h3>\t\t\t\t<\/div>\n\t\t\t\t<\/div>\n\t\t\t\t<div class=\"elementor-element elementor-element-3d699c2a elementor-widget elementor-widget-image\" data-id=\"3d699c2a\" data-element_type=\"widget\" data-e-type=\"widget\" data-widget_type=\"image.default\">\n\t\t\t\t<div class=\"elementor-widget-container\">\n\t\t\t\t\t\t\t\t\t\t\t\t\t\t\t<img decoding=\"async\" width=\"529\" height=\"453\" data-src=\"https:\/\/panel-composite.com\/wp-content\/uploads\/2023\/03\/Composite-Sistema-Pegado-4-Dintel.jpg\" class=\"attachment-large size-large wp-image-3297 lazyload\" alt=\"\" data-srcset=\"https:\/\/panel-composite.com\/wp-content\/uploads\/2023\/03\/Composite-Sistema-Pegado-4-Dintel.jpg 529w, https:\/\/panel-composite.com\/wp-content\/uploads\/2023\/03\/Composite-Sistema-Pegado-4-Dintel-300x257.jpg 300w\" data-sizes=\"(max-width: 529px) 100vw, 529px\" title=\"\" src=\"data:image\/svg+xml;base64,PHN2ZyB3aWR0aD0iMSIgaGVpZ2h0PSIxIiB4bWxucz0iaHR0cDovL3d3dy53My5vcmcvMjAwMC9zdmciPjwvc3ZnPg==\" style=\"--smush-placeholder-width: 529px; --smush-placeholder-aspect-ratio: 529\/453;\">\t\t\t\t\t\t\t\t\t\t\t\t\t\t\t<\/div>\n\t\t\t\t<\/div>\n\t\t\t\t<div class=\"elementor-element elementor-element-4d528349 elementor-widget elementor-widget-image\" data-id=\"4d528349\" data-element_type=\"widget\" data-e-type=\"widget\" data-widget_type=\"image.default\">\n\t\t\t\t<div class=\"elementor-widget-container\">\n\t\t\t\t\t\t\t\t\t\t\t\t\t\t\t<img decoding=\"async\" width=\"527\" height=\"444\" data-src=\"https:\/\/panel-composite.com\/wp-content\/uploads\/2023\/03\/Composite-Sistema-Pegado-6-Vierteaguas.jpg\" class=\"attachment-large size-large wp-image-3298 lazyload\" alt=\"\" data-srcset=\"https:\/\/panel-composite.com\/wp-content\/uploads\/2023\/03\/Composite-Sistema-Pegado-6-Vierteaguas.jpg 527w, https:\/\/panel-composite.com\/wp-content\/uploads\/2023\/03\/Composite-Sistema-Pegado-6-Vierteaguas-300x253.jpg 300w\" data-sizes=\"(max-width: 527px) 100vw, 527px\" title=\"\" src=\"data:image\/svg+xml;base64,PHN2ZyB3aWR0aD0iMSIgaGVpZ2h0PSIxIiB4bWxucz0iaHR0cDovL3d3dy53My5vcmcvMjAwMC9zdmciPjwvc3ZnPg==\" style=\"--smush-placeholder-width: 527px; --smush-placeholder-aspect-ratio: 527\/444;\">\t\t\t\t\t\t\t\t\t\t\t\t\t\t\t<\/div>\n\t\t\t\t<\/div>\n\t\t\t\t\t<\/div>\n\t\t<\/div>\n\t\t\t\t<div class=\"elementor-column elementor-col-50 elementor-top-column elementor-element elementor-element-1fa0cb55\" data-id=\"1fa0cb55\" data-element_type=\"column\" data-e-type=\"column\" data-settings=\"{&quot;background_background&quot;:&quot;classic&quot;}\">\n\t\t\t<div class=\"elementor-widget-wrap elementor-element-populated\">\n\t\t\t\t\t\t<div class=\"elementor-element elementor-element-5830b353 elementor-widget elementor-widget-heading\" data-id=\"5830b353\" data-element_type=\"widget\" data-e-type=\"widget\" data-widget_type=\"heading.default\">\n\t\t\t\t<div class=\"elementor-widget-container\">\n\t\t\t\t\t<h3 class=\"elementor-heading-title elementor-size-default\">JAMB \/ CORNER<\/h3>\t\t\t\t<\/div>\n\t\t\t\t<\/div>\n\t\t\t\t<div class=\"elementor-element elementor-element-369a65a8 elementor-widget elementor-widget-image\" data-id=\"369a65a8\" data-element_type=\"widget\" data-e-type=\"widget\" data-widget_type=\"image.default\">\n\t\t\t\t<div class=\"elementor-widget-container\">\n\t\t\t\t\t\t\t\t\t\t\t\t\t\t\t<img decoding=\"async\" width=\"527\" height=\"451\" data-src=\"https:\/\/panel-composite.com\/wp-content\/uploads\/2023\/03\/Composite-Sistema-Pegado-3-Jamba.jpg\" class=\"attachment-large size-large wp-image-3299 lazyload\" alt=\"\" data-srcset=\"https:\/\/panel-composite.com\/wp-content\/uploads\/2023\/03\/Composite-Sistema-Pegado-3-Jamba.jpg 527w, https:\/\/panel-composite.com\/wp-content\/uploads\/2023\/03\/Composite-Sistema-Pegado-3-Jamba-300x257.jpg 300w\" data-sizes=\"(max-width: 527px) 100vw, 527px\" title=\"\" src=\"data:image\/svg+xml;base64,PHN2ZyB3aWR0aD0iMSIgaGVpZ2h0PSIxIiB4bWxucz0iaHR0cDovL3d3dy53My5vcmcvMjAwMC9zdmciPjwvc3ZnPg==\" style=\"--smush-placeholder-width: 527px; --smush-placeholder-aspect-ratio: 527\/451;\">\t\t\t\t\t\t\t\t\t\t\t\t\t\t\t<\/div>\n\t\t\t\t<\/div>\n\t\t\t\t<div class=\"elementor-element elementor-element-5b0009a4 elementor-widget elementor-widget-image\" data-id=\"5b0009a4\" data-element_type=\"widget\" data-e-type=\"widget\" data-widget_type=\"image.default\">\n\t\t\t\t<div class=\"elementor-widget-container\">\n\t\t\t\t\t\t\t\t\t\t\t\t\t\t\t<img decoding=\"async\" width=\"530\" height=\"453\" data-src=\"https:\/\/panel-composite.com\/wp-content\/uploads\/2023\/03\/Composite-Sistema-Pegado-7-Esquina.jpg\" class=\"attachment-large size-large wp-image-3300 lazyload\" alt=\"\" data-srcset=\"https:\/\/panel-composite.com\/wp-content\/uploads\/2023\/03\/Composite-Sistema-Pegado-7-Esquina.jpg 530w, https:\/\/panel-composite.com\/wp-content\/uploads\/2023\/03\/Composite-Sistema-Pegado-7-Esquina-300x256.jpg 300w\" data-sizes=\"(max-width: 530px) 100vw, 530px\" title=\"\" src=\"data:image\/svg+xml;base64,PHN2ZyB3aWR0aD0iMSIgaGVpZ2h0PSIxIiB4bWxucz0iaHR0cDovL3d3dy53My5vcmcvMjAwMC9zdmciPjwvc3ZnPg==\" style=\"--smush-placeholder-width: 530px; --smush-placeholder-aspect-ratio: 530\/453;\">\t\t\t\t\t\t\t\t\t\t\t\t\t\t\t<\/div>\n\t\t\t\t<\/div>\n\t\t\t\t\t<\/div>\n\t\t<\/div>\n\t\t\t\t\t<\/div>\n\t\t<\/section>\n\t\t\t\t<section class=\"elementor-section elementor-top-section elementor-element elementor-element-37d11a74 elementor-section-boxed elementor-section-height-default elementor-section-height-default\" data-id=\"37d11a74\" data-element_type=\"section\" data-e-type=\"section\" data-settings=\"{&quot;jet_parallax_layout_list&quot;:[],&quot;background_background&quot;:&quot;classic&quot;}\">\n\t\t\t\t\t\t<div class=\"elementor-container elementor-column-gap-default\">\n\t\t\t\t\t<div class=\"elementor-column elementor-col-50 elementor-top-column elementor-element elementor-element-d527eef\" data-id=\"d527eef\" data-element_type=\"column\" data-e-type=\"column\" data-settings=\"{&quot;background_background&quot;:&quot;classic&quot;}\">\n\t\t\t<div class=\"elementor-widget-wrap elementor-element-populated\">\n\t\t\t\t\t\t<div class=\"elementor-element elementor-element-547f0e42 elementor-widget elementor-widget-heading\" data-id=\"547f0e42\" data-element_type=\"widget\" data-e-type=\"widget\" data-widget_type=\"heading.default\">\n\t\t\t\t<div class=\"elementor-widget-container\">\n\t\t\t\t\t<h2 class=\"elementor-heading-title elementor-size-default\">Proc\u00e9dure technique pour le collage de panneaux composites<\/h2>\t\t\t\t<\/div>\n\t\t\t\t<\/div>\n\t\t\t\t<div class=\"elementor-element elementor-element-354aee2 elementor-widget elementor-widget-text-editor\" data-id=\"354aee2\" data-element_type=\"widget\" data-e-type=\"widget\" data-widget_type=\"text-editor.default\">\n\t\t\t\t<div class=\"elementor-widget-container\">\n\t\t\t\t\t\t\t\t\t<p data-path-to-node=\"6\">Pour garantir une s\u00e9curit\u00e9 structurelle et une durabilit\u00e9 maximales de la <b data-path-to-node=\"6\" data-index-in-node=\"68\">fa\u00e7ade ventil\u00e9e<\/b>, il est essentiel de suivre strictement les \u00e9tapes d&rsquo;application avec des produits certifi\u00e9s (gamme Sika) :<\/p>\n<h3 data-path-to-node=\"7\">Pr\u00e9paration du panneau<\/h3>\n<ol start=\"1\" data-path-to-node=\"8\">\n<li>\n<p data-path-to-node=\"8,0,0\">Nettoyage <b data-path-to-node=\"8,0,0\" data-index-in-node=\"0\">en profondeur<\/b>: Nettoyer la zone de collage du panneau avec <i data-path-to-node=\"8,0,0\" data-index-in-node=\"61\">Sika Cleaner 205<\/i> et laisser s\u00e9cher pendant au moins 10 minutes.<\/p>\n<\/li>\n<li>\n<p data-path-to-node=\"8,1,0\"><b data-path-to-node=\"8,1,0\" data-index-in-node=\"0\">Primaire technique<\/b>: Appliquer le <i data-path-to-node=\"8,1,0\" data-index-in-node=\"29\">Sikatack Panel Primer<\/i> sur la zone de contact. Attendez un temps de s\u00e9chage de 15 \u00e0 60 minutes avant d&rsquo;appliquer l&rsquo;adh\u00e9sif.<\/p>\n<\/li>\n<\/ol>\n<h3 data-path-to-node=\"9\">Pr\u00e9paration de la sous-structure (lattes)<\/h3>\n<ol start=\"1\" data-path-to-node=\"10\">\n<li>\n<p data-path-to-node=\"10,0,0\"><b data-path-to-node=\"10,0,0\" data-index-in-node=\"0\">Nettoyage du profil<\/b>: Nettoyer les lattes m\u00e9talliques avec <i data-path-to-node=\"10,0,0\" data-index-in-node=\"58\">Sika Cleaner 205<\/i> (omettre cette \u00e9tape pour les lattes en bois). La distance maximale standard entre les lattes est de <b data-path-to-node=\"10,0,0\" data-index-in-node=\"169\">60 cm.<\/b><\/p>\n<\/li>\n<li>\n<p data-path-to-node=\"10,1,0\"><b data-path-to-node=\"10,1,0\" data-index-in-node=\"0\">Appr\u00eat sp\u00e9cifique en fonction du mat\u00e9riau<\/b>:<\/p>\n<ul data-path-to-node=\"10,1,1\">\n<li>\n<p data-path-to-node=\"10,1,1,0,0\"><b data-path-to-node=\"10,1,1,0,0\" data-index-in-node=\"0\">Bois<\/b>: Sika Primer 1 ou Sikatack Panel Primer.<\/p>\n<\/li>\n<li>\n<p data-path-to-node=\"10,1,1,1,0\"><b data-path-to-node=\"10,1,1,1,0\" data-index-in-node=\"0\">Aluminium<\/b>: Sika Primer 210 T.<\/p>\n<\/li>\n<li>\n<p data-path-to-node=\"10,1,1,2,0\"><b data-path-to-node=\"10,1,1,2,0\" data-index-in-node=\"0\">Acier<\/b>: Sika Primer 204.<\/p>\n<\/li>\n<li>\n<p data-path-to-node=\"10,1,1,3,0\"><i data-path-to-node=\"10,1,1,3,0\" data-index-in-node=\"0\">Pour d&rsquo;autres mat\u00e9riaux, veuillez consulter notre service technique.<\/i><\/p>\n<\/li>\n<\/ul>\n<\/li>\n<\/ol>\n<h3 data-path-to-node=\"11\">Application et assemblage<\/h3>\n<ol>\n<li style=\"list-style-type: none;\">\n<ol start=\"1\" data-path-to-node=\"12\">\n<li>\n<p data-path-to-node=\"12,0,0\"><b data-path-to-node=\"12,0,0\" data-index-in-node=\"0\">Ruban adh\u00e9sif double face<\/b>: Appliquer un cordon continu de <i data-path-to-node=\"12,0,0\" data-index-in-node=\"51\">Sikatack Panel 3 Tape<\/i>. Gardez le papier de protection jusqu&rsquo;au dernier moment pour \u00e9viter la contamination par la poussi\u00e8re.<\/p>\n<\/li>\n<li>\n<p data-path-to-node=\"12,1,0\"><b data-path-to-node=\"12,1,0\" data-index-in-node=\"0\">Cordon d&rsquo;adh\u00e9sif<\/b>: Appliquez l&rsquo;adh\u00e9sif <i data-path-to-node=\"12,1,0\" data-index-in-node=\"40\">Sikatack Panel<\/i> en continu parall\u00e8lement \u00e0 la bande double-face.<\/p>\n<\/li>\n<li>\n<p data-path-to-node=\"12,2,0\"><b data-path-to-node=\"12,2,0\" data-index-in-node=\"0\">Fixation du panneau<\/b>: retirez le papier de protection de la bande, pr\u00e9sentez le panneau sur la sous-structure sans appuyer pour permettre des ajustements de position et, une fois align\u00e9, <b data-path-to-node=\"12,2,0\" data-index-in-node=\"171\">appuyez fermement<\/b> pour assurer un contact complet.<\/p>\n<\/li>\n<\/ol>\n<\/li>\n<\/ol>\n\t\t\t\t\t\t\t\t<\/div>\n\t\t\t\t<\/div>\n\t\t\t\t\t<\/div>\n\t\t<\/div>\n\t\t\t\t<div class=\"elementor-column elementor-col-50 elementor-top-column elementor-element elementor-element-eab2650\" data-id=\"eab2650\" data-element_type=\"column\" data-e-type=\"column\" data-settings=\"{&quot;background_background&quot;:&quot;classic&quot;}\">\n\t\t\t<div class=\"elementor-widget-wrap elementor-element-populated\">\n\t\t\t\t\t\t<div class=\"elementor-element elementor-element-37e4f18 elementor-widget elementor-widget-image\" data-id=\"37e4f18\" data-element_type=\"widget\" data-e-type=\"widget\" data-widget_type=\"image.default\">\n\t\t\t\t<div class=\"elementor-widget-container\">\n\t\t\t\t\t\t\t\t\t\t\t\t\t\t\t<img decoding=\"async\" width=\"648\" height=\"750\" data-src=\"https:\/\/panel-composite.com\/wp-content\/uploads\/2023\/03\/SIKA-PEGADO.jpg\" class=\"attachment-large size-large wp-image-3301 lazyload\" alt=\"\" data-srcset=\"https:\/\/panel-composite.com\/wp-content\/uploads\/2023\/03\/SIKA-PEGADO.jpg 648w, https:\/\/panel-composite.com\/wp-content\/uploads\/2023\/03\/SIKA-PEGADO-259x300.jpg 259w, https:\/\/panel-composite.com\/wp-content\/uploads\/2023\/03\/SIKA-PEGADO-600x694.jpg 600w\" data-sizes=\"(max-width: 648px) 100vw, 648px\" title=\"\" src=\"data:image\/svg+xml;base64,PHN2ZyB3aWR0aD0iMSIgaGVpZ2h0PSIxIiB4bWxucz0iaHR0cDovL3d3dy53My5vcmcvMjAwMC9zdmciPjwvc3ZnPg==\" style=\"--smush-placeholder-width: 648px; --smush-placeholder-aspect-ratio: 648\/750;\">\t\t\t\t\t\t\t\t\t\t\t\t\t\t\t<\/div>\n\t\t\t\t<\/div>\n\t\t\t\t\t<\/div>\n\t\t<\/div>\n\t\t\t\t\t<\/div>\n\t\t<\/section>\n\t\t\t\t<\/div>\n\t\t","protected":false},"excerpt":{"rendered":"<p>Syst\u00e8me de collage de panneaux composites Le syst\u00e8me de fixation chimique est le choix pr\u00e9f\u00e9r\u00e9 des architectes qui recherchent une esth\u00e9tique propre et minimaliste sans fixations visibles. Cette m\u00e9thode permet de r\u00e9aliser n&rsquo;importe quelle conception de fa\u00e7ade sans les limites des carreaux form\u00e9s, car elle fonctionne directement avec le panneau composite d\u00e9coup\u00e9. C&rsquo;est la solution [&hellip;]<\/p>\n","protected":false},"author":13,"featured_media":0,"parent":0,"menu_order":200,"comment_status":"closed","ping_status":"closed","template":"elementor_header_footer","meta":{"footnotes":""},"class_list":["post-5140","page","type-page","status-publish","hentry"],"_links":{"self":[{"href":"https:\/\/panel-composite.com\/fr\/wp-json\/wp\/v2\/pages\/5140","targetHints":{"allow":["GET"]}}],"collection":[{"href":"https:\/\/panel-composite.com\/fr\/wp-json\/wp\/v2\/pages"}],"about":[{"href":"https:\/\/panel-composite.com\/fr\/wp-json\/wp\/v2\/types\/page"}],"author":[{"embeddable":true,"href":"https:\/\/panel-composite.com\/fr\/wp-json\/wp\/v2\/users\/13"}],"replies":[{"embeddable":true,"href":"https:\/\/panel-composite.com\/fr\/wp-json\/wp\/v2\/comments?post=5140"}],"version-history":[{"count":7,"href":"https:\/\/panel-composite.com\/fr\/wp-json\/wp\/v2\/pages\/5140\/revisions"}],"predecessor-version":[{"id":6652,"href":"https:\/\/panel-composite.com\/fr\/wp-json\/wp\/v2\/pages\/5140\/revisions\/6652"}],"wp:attachment":[{"href":"https:\/\/panel-composite.com\/fr\/wp-json\/wp\/v2\/media?parent=5140"}],"curies":[{"name":"wp","href":"https:\/\/api.w.org\/{rel}","templated":true}]}}