{"id":5153,"date":"2023-02-08T17:15:14","date_gmt":"2023-02-08T16:15:14","guid":{"rendered":"https:\/\/www.panel-composite.com\/produits-de-rd\/"},"modified":"2025-02-02T10:14:04","modified_gmt":"2025-02-02T09:14:04","slug":"produits-de-rd","status":"publish","type":"page","link":"https:\/\/panel-composite.com\/fr\/produits-de-rd\/","title":{"rendered":"Produits de R&amp;D"},"content":{"rendered":"\t\t<div data-elementor-type=\"wp-page\" data-elementor-id=\"5153\" class=\"elementor elementor-5153 elementor-2559\" data-elementor-post-type=\"page\">\n\t\t\t\t\t\t<section class=\"elementor-section elementor-top-section elementor-element elementor-element-489565a1 elementor-section-full_width elementor-section-height-default elementor-section-height-default\" data-id=\"489565a1\" data-element_type=\"section\" data-e-type=\"section\" data-settings=\"{&quot;background_background&quot;:&quot;classic&quot;,&quot;jet_parallax_layout_list&quot;:[]}\">\n\t\t\t\t\t\t<div class=\"elementor-container elementor-column-gap-default\">\n\t\t\t\t\t<div class=\"elementor-column elementor-col-50 elementor-top-column elementor-element elementor-element-66e660c0\" data-id=\"66e660c0\" data-element_type=\"column\" data-e-type=\"column\">\n\t\t\t<div class=\"elementor-widget-wrap elementor-element-populated\">\n\t\t\t\t\t\t<div class=\"elementor-element elementor-element-4114ca41 elementor-widget elementor-widget-heading\" data-id=\"4114ca41\" data-element_type=\"widget\" data-e-type=\"widget\" data-widget_type=\"heading.default\">\n\t\t\t\t<div class=\"elementor-widget-container\">\n\t\t\t\t\t<h1 class=\"elementor-heading-title elementor-size-default\">Produits de R&amp;D<\/h1>\t\t\t\t<\/div>\n\t\t\t\t<\/div>\n\t\t\t\t<div class=\"elementor-element elementor-element-397dc766 elementor-widget__width-initial elementor-widget elementor-widget-text-editor\" data-id=\"397dc766\" data-element_type=\"widget\" data-e-type=\"widget\" data-widget_type=\"text-editor.default\">\n\t\t\t\t<div class=\"elementor-widget-container\">\n\t\t\t\t\t\t\t\t\t<table>\n<tbody>\n<tr>\n<td>\n<b>5-PRODUITS R&amp;D&amp;I  <\/b>\n<\/td>\n<\/tr>\n<tr>\n<td>\n<ul>\n \t<li>5.1 L&rsquo;appr\u00eat c\u00f4tier<\/li>\n \t<li>5.2 FastClean<\/li>\n \t<li>5.3 EuraCool<\/li>\n<\/ul>\n<\/td>\n<\/tr>\n<\/tbody>\n<\/table>\t\t\t\t\t\t\t\t<\/div>\n\t\t\t\t<\/div>\n\t\t\t\t\t<\/div>\n\t\t<\/div>\n\t\t\t\t<div class=\"elementor-column elementor-col-50 elementor-top-column elementor-element elementor-element-7c460fda\" data-id=\"7c460fda\" data-element_type=\"column\" data-e-type=\"column\">\n\t\t\t<div class=\"elementor-widget-wrap elementor-element-populated\">\n\t\t\t\t\t\t<div class=\"elementor-element elementor-element-1ae711f8 elementor-widget elementor-widget-image\" data-id=\"1ae711f8\" data-element_type=\"widget\" data-e-type=\"widget\" data-widget_type=\"image.default\">\n\t\t\t\t<div class=\"elementor-widget-container\">\n\t\t\t\t\t\t\t\t\t\t\t\t\t\t\t<img fetchpriority=\"high\" decoding=\"async\" width=\"627\" height=\"432\" src=\"https:\/\/panel-composite.com\/wp-content\/uploads\/2023\/02\/PANELCOMPOSITE00045.jpg\" class=\"attachment-large size-large wp-image-3140\" alt=\"\" srcset=\"https:\/\/panel-composite.com\/wp-content\/uploads\/2023\/02\/PANELCOMPOSITE00045.jpg 627w, https:\/\/panel-composite.com\/wp-content\/uploads\/2023\/02\/PANELCOMPOSITE00045-300x207.jpg 300w, https:\/\/panel-composite.com\/wp-content\/uploads\/2023\/02\/PANELCOMPOSITE00045-600x413.jpg 600w\" sizes=\"(max-width: 627px) 100vw, 627px\" title=\"\">\t\t\t\t\t\t\t\t\t\t\t\t\t\t\t<\/div>\n\t\t\t\t<\/div>\n\t\t\t\t\t<\/div>\n\t\t<\/div>\n\t\t\t\t\t<\/div>\n\t\t<\/section>\n\t\t\t\t<section class=\"elementor-section elementor-top-section elementor-element elementor-element-2824281d elementor-section-boxed elementor-section-height-default elementor-section-height-default\" data-id=\"2824281d\" data-element_type=\"section\" data-e-type=\"section\" data-settings=\"{&quot;jet_parallax_layout_list&quot;:[]}\">\n\t\t\t\t\t\t<div class=\"elementor-container elementor-column-gap-default\">\n\t\t\t\t\t<div class=\"elementor-column elementor-col-100 elementor-top-column elementor-element elementor-element-716bf9d4\" data-id=\"716bf9d4\" data-element_type=\"column\" data-e-type=\"column\">\n\t\t\t<div class=\"elementor-widget-wrap elementor-element-populated\">\n\t\t\t\t\t\t<div class=\"elementor-element elementor-element-678385fb elementor-widget elementor-widget-text-editor\" data-id=\"678385fb\" data-element_type=\"widget\" data-e-type=\"widget\" data-widget_type=\"text-editor.default\">\n\t\t\t\t<div class=\"elementor-widget-container\">\n\t\t\t\t\t\t\t\t\t<table>\n<tbody>\n<tr>\n<td>\n<ul>\n<li>5.1 L&rsquo;amorce c\u00f4ti\u00e8re.<\/li>\n<\/ul>\n<p align=\"justify\">Il se compose d&rsquo;un appr\u00eat sp\u00e9cial pour les environnements agressifs qui donne une \u00e9paisseur totale de peinture de 31 microns et est appliqu\u00e9 en combinaison avec 70 % de PVdF Kynar 500. Fix\u00e9 sur un alliage marin tel que le 5005-H22, il multiplie la dur\u00e9e de vie du panneau.<\/p>\n<p align=\"justify\">Prot\u00e8ge particuli\u00e8rement les bords et les points de pliage, les plus d\u00e9licats en milieu marin. Il offre une garantie de plus de 10 ans pour les projets en bord de mer, \u00e9liminant la possibilit\u00e9 de cloquage ou de d\u00e9lamination de la peinture en milieu marin, sans qu&rsquo;il soit n\u00e9cessaire de recourir \u00e0 une triple couche de PVdF.<\/p>\n<\/td>\n<\/tr>\n<tr>\n<td>\n<ul>\n<li>5.2 FastClean<\/li>\n<\/ul>\n<p align=\"justify\">Il s&rsquo;agit d&rsquo;une peinture PVdF \u00e0 trois couches, la troisi\u00e8me couche \u00e9tant un FEVE (Fluoro\u00e9thyl\u00e8ne \/ Ether de vinyle) transparent de 12-15\u00b5 avec des additifs sp\u00e9ciaux, applicable dans n&rsquo;importe quelle couleur en qualit\u00e9 PVdF des panneaux. Fastclean est la solution pour tous les architectes et projets qui souhaitent prot\u00e9ger leur b\u00e2timent contre la salet\u00e9.<\/p>\n<\/td>\n<\/tr>\n<tr>\n<td>\n<ul>\n<li>5.3 EuraCool :<\/li>\n<\/ul>\n<p align=\"justify\">Il s&rsquo;agit d&rsquo;une peinture sp\u00e9ciale PVdF 70 % Kynar 500 avec 30 % de pigments sp\u00e9ciaux qui r\u00e9fl\u00e9chissent fortement les rayons du soleil, ce qui affecte la valeur TSR. (R\u00e9flexion solaire totale). La r\u00e9flectance solaire totale (RST) est exprim\u00e9e comme la fraction de l&rsquo;\u00e9nergie solaire qui est r\u00e9fl\u00e9chie par la surface dans les trois zones du spectre solaire (ultraviolet, visible et infrarouge). Les peintures PVdF EuraCool augmentent la r\u00e9flexion solaire totale en r\u00e9duisant la temp\u00e9rature de surface des panneaux.  <\/p>\n<\/td>\n<\/tr>\n<\/tbody>\n<\/table>\n\t\t\t\t\t\t\t\t<\/div>\n\t\t\t\t<\/div>\n\t\t\t\t\t<\/div>\n\t\t<\/div>\n\t\t\t\t\t<\/div>\n\t\t<\/section>\n\t\t\t\t<\/div>\n\t\t","protected":false},"excerpt":{"rendered":"<p>Produits de R&amp;D 5-PRODUITS R&amp;D&amp;I 5.1 L&rsquo;appr\u00eat c\u00f4tier 5.2 FastClean 5.3 EuraCool 5.1 L&rsquo;amorce c\u00f4ti\u00e8re. Il se compose d&rsquo;un appr\u00eat sp\u00e9cial pour les environnements agressifs qui donne une \u00e9paisseur totale de peinture de 31 microns et est appliqu\u00e9 en combinaison avec 70 % de PVdF Kynar 500. Fix\u00e9 sur un alliage marin tel que le [&hellip;]<\/p>\n","protected":false},"author":13,"featured_media":0,"parent":0,"menu_order":150,"comment_status":"closed","ping_status":"closed","template":"elementor_header_footer","meta":{"footnotes":""},"class_list":["post-5153","page","type-page","status-publish","hentry"],"_links":{"self":[{"href":"https:\/\/panel-composite.com\/fr\/wp-json\/wp\/v2\/pages\/5153","targetHints":{"allow":["GET"]}}],"collection":[{"href":"https:\/\/panel-composite.com\/fr\/wp-json\/wp\/v2\/pages"}],"about":[{"href":"https:\/\/panel-composite.com\/fr\/wp-json\/wp\/v2\/types\/page"}],"author":[{"embeddable":true,"href":"https:\/\/panel-composite.com\/fr\/wp-json\/wp\/v2\/users\/13"}],"replies":[{"embeddable":true,"href":"https:\/\/panel-composite.com\/fr\/wp-json\/wp\/v2\/comments?post=5153"}],"version-history":[{"count":6,"href":"https:\/\/panel-composite.com\/fr\/wp-json\/wp\/v2\/pages\/5153\/revisions"}],"predecessor-version":[{"id":6457,"href":"https:\/\/panel-composite.com\/fr\/wp-json\/wp\/v2\/pages\/5153\/revisions\/6457"}],"wp:attachment":[{"href":"https:\/\/panel-composite.com\/fr\/wp-json\/wp\/v2\/media?parent=5153"}],"curies":[{"name":"wp","href":"https:\/\/api.w.org\/{rel}","templated":true}]}}