{"id":5157,"date":"2023-02-08T17:15:14","date_gmt":"2023-02-08T16:15:14","guid":{"rendered":"https:\/\/www.panel-composite.com\/finitions\/"},"modified":"2026-02-06T02:23:35","modified_gmt":"2026-02-06T01:23:35","slug":"finitions","status":"publish","type":"page","link":"https:\/\/panel-composite.com\/fr\/finitions\/","title":{"rendered":"Finitions"},"content":{"rendered":"\t\t<div data-elementor-type=\"wp-page\" data-elementor-id=\"5157\" class=\"elementor elementor-5157 elementor-2557\" data-elementor-post-type=\"page\">\n\t\t\t\t\t\t<section class=\"elementor-section elementor-top-section elementor-element elementor-element-3fa44443 elementor-section-full_width elementor-section-height-default elementor-section-height-default\" data-id=\"3fa44443\" data-element_type=\"section\" data-e-type=\"section\" data-settings=\"{&quot;background_background&quot;:&quot;classic&quot;,&quot;jet_parallax_layout_list&quot;:[]}\">\n\t\t\t\t\t\t<div class=\"elementor-container elementor-column-gap-default\">\n\t\t\t\t\t<div class=\"elementor-column elementor-col-50 elementor-top-column elementor-element elementor-element-59188b21\" data-id=\"59188b21\" data-element_type=\"column\" data-e-type=\"column\">\n\t\t\t<div class=\"elementor-widget-wrap elementor-element-populated\">\n\t\t\t\t\t\t<div class=\"elementor-element elementor-element-5a1bc155 elementor-widget elementor-widget-heading\" data-id=\"5a1bc155\" data-element_type=\"widget\" data-e-type=\"widget\" data-widget_type=\"heading.default\">\n\t\t\t\t<div class=\"elementor-widget-container\">\n\t\t\t\t\t<h1 class=\"elementor-heading-title elementor-size-default\">Catalogue des finitions pour panneaux composites<\/h1>\t\t\t\t<\/div>\n\t\t\t\t<\/div>\n\t\t\t\t<div class=\"elementor-element elementor-element-1198cf51 elementor-widget__width-initial elementor-widget elementor-widget-text-editor\" data-id=\"1198cf51\" data-element_type=\"widget\" data-e-type=\"widget\" data-widget_type=\"text-editor.default\">\n\t\t\t\t<div class=\"elementor-widget-container\">\n\t\t\t\t\t\t\t\t\t<p data-path-to-node=\"3\"><b data-path-to-node=\"3\" data-index-in-node=\"0\">Optimisez la durabilit\u00e9 esth\u00e9tique de votre projet gr\u00e2ce \u00e0 notre s\u00e9lection de rev\u00eatements techniques pour panneaux composites.<\/b>  Nous proposons des solutions de peinture liquide de haute technologie adapt\u00e9es \u00e0 chaque besoin technique et \u00e0 chaque budget structurel.<\/p>\n<ul data-path-to-node=\"4\">\n<li>\n<p data-path-to-node=\"4,0,0\"><b data-path-to-node=\"4,0,0\" data-index-in-node=\"0\">Pvdf 70% kynar 500 primer coastal<\/b>: R\u00e9sistance extr\u00eame pour les fa\u00e7ades en milieu marin ou \u00e0 forte salinit\u00e9.<\/p>\n<\/li>\n<li>\n<p data-path-to-node=\"4,1,0\"><b data-path-to-node=\"4,1,0\" data-index-in-node=\"0\">Polyester<\/b>: La solution \u00e9quilibr\u00e9e pour des finitions uniformes dans les applications standard.<\/p>\n<\/li>\n<li>\n<p data-path-to-node=\"4,2,0\"><b data-path-to-node=\"4,2,0\" data-index-in-node=\"0\">Polyester Hq<\/b>: peinture tr\u00e8s durable offrant une meilleure protection contre le vieillissement et les rayons UV.<\/p>\n<\/li>\n<\/ul>\n\t\t\t\t\t\t\t\t<\/div>\n\t\t\t\t<\/div>\n\t\t\t\t\t<\/div>\n\t\t<\/div>\n\t\t\t\t<div class=\"elementor-column elementor-col-50 elementor-top-column elementor-element elementor-element-5226d170\" data-id=\"5226d170\" data-element_type=\"column\" data-e-type=\"column\">\n\t\t\t<div class=\"elementor-widget-wrap elementor-element-populated\">\n\t\t\t\t\t\t<div class=\"elementor-element elementor-element-7164f8bf elementor-widget elementor-widget-image\" data-id=\"7164f8bf\" data-element_type=\"widget\" data-e-type=\"widget\" data-widget_type=\"image.default\">\n\t\t\t\t<div class=\"elementor-widget-container\">\n\t\t\t\t\t\t\t\t\t\t\t\t\t\t\t<img fetchpriority=\"high\" decoding=\"async\" width=\"627\" height=\"432\" src=\"https:\/\/panel-composite.com\/wp-content\/uploads\/2023\/02\/PANELCOMPOSITE00045.jpg\" class=\"attachment-large size-large wp-image-3140\" alt=\"\" srcset=\"https:\/\/panel-composite.com\/wp-content\/uploads\/2023\/02\/PANELCOMPOSITE00045.jpg 627w, https:\/\/panel-composite.com\/wp-content\/uploads\/2023\/02\/PANELCOMPOSITE00045-300x207.jpg 300w, https:\/\/panel-composite.com\/wp-content\/uploads\/2023\/02\/PANELCOMPOSITE00045-600x413.jpg 600w\" sizes=\"(max-width: 627px) 100vw, 627px\" title=\"\">\t\t\t\t\t\t\t\t\t\t\t\t\t\t\t<\/div>\n\t\t\t\t<\/div>\n\t\t\t\t\t<\/div>\n\t\t<\/div>\n\t\t\t\t\t<\/div>\n\t\t<\/section>\n\t\t\t\t<section class=\"elementor-section elementor-top-section elementor-element elementor-element-7f6d422c elementor-section-boxed elementor-section-height-default elementor-section-height-default\" data-id=\"7f6d422c\" data-element_type=\"section\" data-e-type=\"section\" data-settings=\"{&quot;jet_parallax_layout_list&quot;:[]}\">\n\t\t\t\t\t\t<div class=\"elementor-container elementor-column-gap-default\">\n\t\t\t\t\t<div class=\"elementor-column elementor-col-100 elementor-top-column elementor-element elementor-element-37d12bba\" data-id=\"37d12bba\" data-element_type=\"column\" data-e-type=\"column\">\n\t\t\t<div class=\"elementor-widget-wrap elementor-element-populated\">\n\t\t\t\t\t\t<div class=\"elementor-element elementor-element-194e8e8d elementor-widget elementor-widget-text-editor\" data-id=\"194e8e8d\" data-element_type=\"widget\" data-e-type=\"widget\" data-widget_type=\"text-editor.default\">\n\t\t\t\t<div class=\"elementor-widget-container\">\n\t\t\t\t\t\t\t\t\t<h2 data-path-to-node=\"2\">Pvdf 70% kynar 500 premi\u00e8re c\u00f4te<\/h2>\n<p data-path-to-node=\"3\"><b data-path-to-node=\"3\" data-index-in-node=\"0\">La solution ultime de peinture liquide pour l&rsquo;installation de panneaux composites dans des environnements corrosifs ou marins.<\/b>  Cette finition garantit une stabilit\u00e9 exceptionnelle des couleurs et une r\u00e9sistance chimique sup\u00e9rieure.<\/p>\n<ul data-path-to-node=\"4\">\n<li>\n<p data-path-to-node=\"4,0,0\"><b data-path-to-node=\"4,0,0\" data-index-in-node=\"0\">Finition en deux couches<\/b>: configuration compos\u00e9e d&rsquo;une couche d&rsquo;appr\u00eat polyur\u00e9thane de 10\u00b5 et d&rsquo;une couche de couleur PVdF de 21\u00b5 avec <b data-path-to-node=\"4,0,0\" data-index-in-node=\"128\">70% de<\/b> qualit\u00e9 <b data-path-to-node=\"4,0,0\" data-index-in-node=\"128\">Kynar 500<\/b> et un traitement <b data-path-to-node=\"4,0,0\" data-index-in-node=\"156\">Coastal Primer<\/b>.<\/p>\n<\/li>\n<li>\n<p data-path-to-node=\"4,1,0\"><b data-path-to-node=\"4,1,0\" data-index-in-node=\"0\">Finition en trois couches<\/b>: protection maximale de 37\u00b5 au total, comprenant un appr\u00eat de 5\u00b5, une couche de couleur PVdF de 22\u00b5 et une couche de finition <i data-path-to-node=\"4,1,0\" data-index-in-node=\"128\">transparente<\/i> de 10\u00b5.<\/p>\n<\/li>\n<li>\n<p data-path-to-node=\"4,2,0\"><b data-path-to-node=\"4,2,0\" data-index-in-node=\"0\">Vari\u00e9t\u00e9 du stock<\/b>: nous disposons de 24 r\u00e9f\u00e9rences en couleurs standard, 12 finitions m\u00e9talliques et 8 textures d&rsquo;aspect bois haute fid\u00e9lit\u00e9.<\/p>\n<\/li>\n<li>\n<p data-path-to-node=\"4,3,0\"><b data-path-to-node=\"4,3,0\" data-index-in-node=\"0\">Personnalisation Ral<\/b>: Nous fabriquons sur mesure n&rsquo;importe quelle couleur du nuancier RAL pour les commandes \u00e0 partir de 600 <span class=\"math-inline\" data-math=\"m^2\" data-index-in-node=\"102\">$m^2$<\/span>.<\/p>\n<\/li>\n<\/ul>\n<h2 data-path-to-node=\"5\">Polyester<\/h2>\n<p data-path-to-node=\"6\"><b data-path-to-node=\"6\" data-index-in-node=\"0\">Achetez un panneau composite avec finition polyester pour des applications polyvalentes \u00e0 un excellent rapport qualit\u00e9-prix.<\/b><\/p>\n<ul data-path-to-node=\"7\">\n<li>\n<p data-path-to-node=\"7,0,0\"><b data-path-to-node=\"7,0,0\" data-index-in-node=\"0\">Composition technique<\/b>: syst\u00e8me de peinture liquide compos\u00e9 d&rsquo;une couche d&rsquo;appr\u00eat de 5\u00b5 et d&rsquo;une couche de r\u00e9sine polyester, atteignant une \u00e9paisseur totale de 25\u00b5.<\/p>\n<\/li>\n<li>\n<p data-path-to-node=\"7,1,0\"><b data-path-to-node=\"7,1,0\" data-index-in-node=\"0\">Utilisation recommand\u00e9e<\/b>: Id\u00e9al pour les projets n\u00e9cessitant une finition esth\u00e9tique impeccable dans des environnements d&rsquo;exposition standard.<\/p>\n<\/li>\n<\/ul>\n<h2 data-path-to-node=\"8\">Hq polyester<\/h2>\n<p data-path-to-node=\"9\"><b data-path-to-node=\"9\" data-index-in-node=\"0\">Nous fournissons des finitions en polyester de haute qualit\u00e9 pour une r\u00e9sistance sup\u00e9rieure au vieillissement structurel.<\/b><\/p>\n<ul data-path-to-node=\"10\">\n<li>\n<p data-path-to-node=\"10,0,0\"><b data-path-to-node=\"10,0,0\" data-index-in-node=\"0\">Sp\u00e9cifications<\/b>: Peinture liquide compos\u00e9e d&rsquo;une couche d&rsquo;appr\u00eat de 5\u00b5 et d&rsquo;une couche de r\u00e9sine polyester tr\u00e8s durable, totalisant 25\u00b5 de protection.<\/p>\n<\/li>\n<li>\n<p data-path-to-node=\"10,1,0\"><b data-path-to-node=\"10,1,0\" data-index-in-node=\"0\">Performance<\/b>: Con\u00e7u pour les fa\u00e7ades qui requi\u00e8rent une plus grande stabilit\u00e9 de la couleur contre les rayons UV et les agents ext\u00e9rieurs.<\/p>\n<\/li>\n<\/ul>\n\t\t\t\t\t\t\t\t<\/div>\n\t\t\t\t<\/div>\n\t\t\t\t\t<\/div>\n\t\t<\/div>\n\t\t\t\t\t<\/div>\n\t\t<\/section>\n\t\t\t\t<\/div>\n\t\t","protected":false},"excerpt":{"rendered":"<p>Catalogue des finitions pour panneaux composites Optimisez la durabilit\u00e9 esth\u00e9tique de votre projet gr\u00e2ce \u00e0 notre s\u00e9lection de rev\u00eatements techniques pour panneaux composites. Nous proposons des solutions de peinture liquide de haute technologie adapt\u00e9es \u00e0 chaque besoin technique et \u00e0 chaque budget structurel. Pvdf 70% kynar 500 primer coastal: R\u00e9sistance extr\u00eame pour les fa\u00e7ades en [&hellip;]<\/p>\n","protected":false},"author":13,"featured_media":0,"parent":0,"menu_order":140,"comment_status":"closed","ping_status":"closed","template":"elementor_header_footer","meta":{"footnotes":""},"class_list":["post-5157","page","type-page","status-publish","hentry"],"_links":{"self":[{"href":"https:\/\/panel-composite.com\/fr\/wp-json\/wp\/v2\/pages\/5157","targetHints":{"allow":["GET"]}}],"collection":[{"href":"https:\/\/panel-composite.com\/fr\/wp-json\/wp\/v2\/pages"}],"about":[{"href":"https:\/\/panel-composite.com\/fr\/wp-json\/wp\/v2\/types\/page"}],"author":[{"embeddable":true,"href":"https:\/\/panel-composite.com\/fr\/wp-json\/wp\/v2\/users\/13"}],"replies":[{"embeddable":true,"href":"https:\/\/panel-composite.com\/fr\/wp-json\/wp\/v2\/comments?post=5157"}],"version-history":[{"count":6,"href":"https:\/\/panel-composite.com\/fr\/wp-json\/wp\/v2\/pages\/5157\/revisions"}],"predecessor-version":[{"id":6608,"href":"https:\/\/panel-composite.com\/fr\/wp-json\/wp\/v2\/pages\/5157\/revisions\/6608"}],"wp:attachment":[{"href":"https:\/\/panel-composite.com\/fr\/wp-json\/wp\/v2\/media?parent=5157"}],"curies":[{"name":"wp","href":"https:\/\/api.w.org\/{rel}","templated":true}]}}