{"id":5171,"date":"2023-02-08T17:15:15","date_gmt":"2023-02-08T16:15:15","guid":{"rendered":"https:\/\/www.panel-composite.com\/transformation\/"},"modified":"2025-02-02T10:14:23","modified_gmt":"2025-02-02T09:14:23","slug":"transformation","status":"publish","type":"page","link":"https:\/\/panel-composite.com\/fr\/transformation\/","title":{"rendered":"Transformation"},"content":{"rendered":"\t\t<div data-elementor-type=\"wp-page\" data-elementor-id=\"5171\" class=\"elementor elementor-5171 elementor-2561\" data-elementor-post-type=\"page\">\n\t\t\t\t\t\t<section class=\"elementor-section elementor-top-section elementor-element elementor-element-5f7e6a0f elementor-section-full_width elementor-section-height-default elementor-section-height-default\" data-id=\"5f7e6a0f\" data-element_type=\"section\" data-e-type=\"section\" data-settings=\"{&quot;background_background&quot;:&quot;classic&quot;,&quot;jet_parallax_layout_list&quot;:[]}\">\n\t\t\t\t\t\t<div class=\"elementor-container elementor-column-gap-default\">\n\t\t\t\t\t<div class=\"elementor-column elementor-col-50 elementor-top-column elementor-element elementor-element-51403c00\" data-id=\"51403c00\" data-element_type=\"column\" data-e-type=\"column\">\n\t\t\t<div class=\"elementor-widget-wrap elementor-element-populated\">\n\t\t\t\t\t\t<div class=\"elementor-element elementor-element-6718df08 elementor-widget elementor-widget-heading\" data-id=\"6718df08\" data-element_type=\"widget\" data-e-type=\"widget\" data-widget_type=\"heading.default\">\n\t\t\t\t<div class=\"elementor-widget-container\">\n\t\t\t\t\t<h1 class=\"elementor-heading-title elementor-size-default\">Transformation<\/h1>\t\t\t\t<\/div>\n\t\t\t\t<\/div>\n\t\t\t\t<div class=\"elementor-element elementor-element-42fce911 elementor-widget__width-initial elementor-widget elementor-widget-text-editor\" data-id=\"42fce911\" data-element_type=\"widget\" data-e-type=\"widget\" data-widget_type=\"text-editor.default\">\n\t\t\t\t<div class=\"elementor-widget-container\">\n\t\t\t\t\t\t\t\t\t<table>\n<tbody>\n<tr>\n<td>\n<strong>6-TRANSFORMATION DU PANNEAU COMPOSITE<\/strong>\n<\/td>\n<\/tr>\n<tr>\n<td>\n<ul>\n \t<li>6.1 Coupe<\/li>\n \t<li>6.2 Fraisage<\/li>\n \t<li>6.3 Cintrage<\/li>\n \t<li>6.4 Pliage<\/li>\n \t<li>6.5 Perfor\u00e9<\/li>\n<\/ul>\n<\/td>\n<\/tr>\n<\/tbody>\n<\/table>\t\t\t\t\t\t\t\t<\/div>\n\t\t\t\t<\/div>\n\t\t\t\t\t<\/div>\n\t\t<\/div>\n\t\t\t\t<div class=\"elementor-column elementor-col-50 elementor-top-column elementor-element elementor-element-53115a7e\" data-id=\"53115a7e\" data-element_type=\"column\" data-e-type=\"column\">\n\t\t\t<div class=\"elementor-widget-wrap elementor-element-populated\">\n\t\t\t\t\t\t<div class=\"elementor-element elementor-element-f9bf13d elementor-widget elementor-widget-image\" data-id=\"f9bf13d\" data-element_type=\"widget\" data-e-type=\"widget\" data-widget_type=\"image.default\">\n\t\t\t\t<div class=\"elementor-widget-container\">\n\t\t\t\t\t\t\t\t\t\t\t\t\t\t\t<img fetchpriority=\"high\" decoding=\"async\" width=\"627\" height=\"432\" src=\"https:\/\/panel-composite.com\/wp-content\/uploads\/2023\/02\/PANELCOMPOSITE00045.jpg\" class=\"attachment-large size-large wp-image-3140\" alt=\"\" srcset=\"https:\/\/panel-composite.com\/wp-content\/uploads\/2023\/02\/PANELCOMPOSITE00045.jpg 627w, https:\/\/panel-composite.com\/wp-content\/uploads\/2023\/02\/PANELCOMPOSITE00045-300x207.jpg 300w, https:\/\/panel-composite.com\/wp-content\/uploads\/2023\/02\/PANELCOMPOSITE00045-600x413.jpg 600w\" sizes=\"(max-width: 627px) 100vw, 627px\" title=\"\">\t\t\t\t\t\t\t\t\t\t\t\t\t\t\t<\/div>\n\t\t\t\t<\/div>\n\t\t\t\t\t<\/div>\n\t\t<\/div>\n\t\t\t\t\t<\/div>\n\t\t<\/section>\n\t\t\t\t<section class=\"elementor-section elementor-top-section elementor-element elementor-element-43010d9e elementor-section-boxed elementor-section-height-default elementor-section-height-default\" data-id=\"43010d9e\" data-element_type=\"section\" data-e-type=\"section\" data-settings=\"{&quot;jet_parallax_layout_list&quot;:[]}\">\n\t\t\t\t\t\t<div class=\"elementor-container elementor-column-gap-default\">\n\t\t\t\t\t<div class=\"elementor-column elementor-col-100 elementor-top-column elementor-element elementor-element-5e2ce272\" data-id=\"5e2ce272\" data-element_type=\"column\" data-e-type=\"column\">\n\t\t\t<div class=\"elementor-widget-wrap elementor-element-populated\">\n\t\t\t\t\t\t<div class=\"elementor-element elementor-element-2ea8d836 elementor-widget elementor-widget-text-editor\" data-id=\"2ea8d836\" data-element_type=\"widget\" data-e-type=\"widget\" data-widget_type=\"text-editor.default\">\n\t\t\t\t<div class=\"elementor-widget-container\">\n\t\t\t\t\t\t\t\t\t<p align=\"justify\">Le processus de fabrication avanc\u00e9 des panneaux composites permet une adh\u00e9sion extraordinaire entre les diff\u00e9rentes couches. Les tests effectu\u00e9s sur tous les produits reproduisent au moins les param\u00e8tres recommand\u00e9s par les diff\u00e9rentes normes. Gr\u00e2ce \u00e0 cet assemblage parfait entre les diff\u00e9rentes pi\u00e8ces qui composent le panneau composite, celui-ci offre une extraordinaire capacit\u00e9 d&rsquo;usinage dans toutes ses variantes. Les op\u00e9rations suivantes doivent \u00eatre effectu\u00e9es \u00e0 des temp\u00e9ratures sup\u00e9rieures \u00e0 10\u00b0C :<\/p>\n<table>\n<tbody>\n<tr>\n<td>\n<ul>\n<li>6.1 Coupe :<\/li>\n<\/ul>\n<p align=\"justify\">La d\u00e9coupe peut \u00eatre effectu\u00e9e en :<\/p>\n<p align=\"justify\">Scies circulaires verticales (coupes droites)<\/p>\n<p align=\"justify\">Centres d&rsquo;usinage CNC (coupes droites et courbes)<\/p>\n<p align=\"justify\">Cisaille \u00ae (coupes droites) : larson metals INOX  <\/p>\n<\/td>\n<\/tr>\n<tr>\n<td>\n<ul>\n<li>6.2 Fraisage :<\/li>\n<\/ul>\n<p align=\"justify\">Le broyage peut \u00eatre effectu\u00e9 dans :<\/p>\n<p align=\"justify\">Fraiseuses \u00e0 disque portables<\/p>\n<p align=\"justify\">? d\u00e9fonceuses manuelles verticales avec palpeurs<\/p>\n<p align=\"justify\">Centres d&rsquo;usinage CNC  <\/p>\n<\/td>\n<\/tr>\n<tr>\n<td>\n<ul>\n<li>6.3 Pliage :<\/li>\n<\/ul>\n<p align=\"justify\">Le panneau peut \u00eatre pli\u00e9 sans difficult\u00e9 \u00e0 l&rsquo;aide de cintreuses \u00e0 trois ou quatre rouleaux, en veillant \u00e0 ce que les rouleaux soient propres pour \u00e9viter d&rsquo;endommager le mat\u00e9riau.<\/p>\n<p align=\"justify\">\n<p align=\"justify\">a) Cintrage de panneaux de larson de 3 ou 4 mm d&rsquo;\u00e9paisseur.<\/p>\n<p align=\"justify\">Dimensions de la courbure :<\/p>\n<p align=\"justify\">Largeur maximale de pliage : 4000 mm (longueur de pliage).<\/p>\n<p align=\"justify\">Rayon minimal : 150 mm.<\/p>\n<p align=\"justify\">\n<p align=\"justify\">b) Cintrage des m\u00e9taux Panneaux Inox<\/p>\n<p align=\"justify\">Dimensions de la courbure :<\/p>\n<p align=\"justify\">Largeur maximale de pliage : 4000 mm (longueur de pliage).<\/p>\n<p align=\"justify\">Rayon minimal = 1000 mm.<\/p>\n<p align=\"justify\">\n<p align=\"justify\">c) Pliage de plateaux en larson de 4 mm d&rsquo;\u00e9paisseur avec bande de chant<\/p>\n<p align=\"justify\">Dimensions de la courbure :<\/p>\n<p align=\"justify\">Largeur de pliage minimale : 150 mm. Elle correspond \u00e0 la largeur des bagues ; l&rsquo;espace entre les bagues sera l&rsquo;\u00e9paisseur du panneau, de sorte que c&rsquo;est par cet espace que le bord se d\u00e9placera au moment de la flexion.<\/p>\n<p align=\"justify\">Largeur maximale de pliage : 4000 mm (longueur de pliage).<\/p>\n<p align=\"justify\">Bord maximal du plateau : 20 mm.<\/p>\n<p align=\"justify\">\n<p align=\"justify\">NOTES :<\/p>\n<p align=\"justify\">a) En cas de pliage avec un bord de plateau &gt;20mm, le plateau peut se d\u00e9former, ce qui n&rsquo;est pas recommand\u00e9.<\/p>\n<p align=\"justify\">b) Pour le pliage, il est n\u00e9cessaire d&rsquo;interposer une feuille d&rsquo;aluminium de 2 mm d&rsquo;\u00e9paisseur pour \u00e9viter de marquer les bords des douilles en t\u00e9flon utilis\u00e9es. Si un tel fer n&rsquo;est pas utilis\u00e9, des marques peuvent \u00eatre visibles sur le plateau.<\/p>\n<p align=\"justify\">c) Lorsque le rayon de courbure est sup\u00e9rieur \u00e0 1000 mm, il peut \u00eatre r\u00e9alis\u00e9 \u00e0 plat, en pliant ensuite la bride. A cet effet, un rayon plus petit sera donn\u00e9, de sorte que lors du pliage, le plateau passera au rayon d\u00e9sir\u00e9. En tout \u00e9tat de cause, dans ce type de pliage, la collerette n&rsquo;est pas parfaitement plate et des ondulations peuvent \u00eatre observ\u00e9es sur la collerette.<\/p>\n<p align=\"justify\">d) Les m\u00e9taux INOX doivent \u00eatre fabriqu\u00e9s avec des ailettes de 40 mm uniquement dans le sens de la flexion.<\/p>\n<p align=\"justify\">e) En raison de la faible rigidit\u00e9 du panneau composite de 3 mm, il ne peut pas se plier dans un bac \u00e0 brides, en raison de la d\u00e9formation de la bride pendant la flexion.<\/p>\n<p align=\"justify\">f) Une \u00e9tude pr\u00e9alable devra \u00eatre r\u00e9alis\u00e9e pour v\u00e9rifier tout type de cintrage souhait\u00e9 par le client afin d&rsquo;en assurer la bonne ex\u00e9cution.  <\/p>\n<\/td>\n<\/tr>\n<tr>\n<td>\n<ul>\n<li>6.4 Pliage<\/li>\n<\/ul>\n<p align=\"justify\">Le panneau doit \u00eatre prot\u00e9g\u00e9 \u00e0 la fois dans la zone en contact avec l&rsquo;outil et dans la zone reposant sur la matrice afin d&rsquo;\u00e9viter tout dommage.<\/p>\n<p align=\"justify\">TYPES DE BROYAGE<\/p>\n<p align=\"justify\">? pliage \u00e0 90\u00b0 avec des outils dont l&rsquo;angle de coupe permet d&rsquo;obtenir un pliage parfait \u00e0 90\u00b0.<\/p>\n<p align=\"justify\">? pliage \u00e0 90\u00ba&lt;180\u00ba avec des outils dont l&rsquo;angle de coupe permet d&rsquo;obtenir un pliage parfait aux angles indiqu\u00e9s par le client.<\/p>\n<p align=\"justify\">Pour obtenir la dimension souhait\u00e9e, le pliage doit toujours \u00eatre effectu\u00e9 dans l&rsquo;axe de fraisage, comme indiqu\u00e9 ci-dessous.<\/p>\n<p align=\"justify\">\n<\/td>\n<\/tr>\n<tr>\n<td>\n<ul>\n<li>6.5 Perfor\u00e9<\/li>\n<\/ul>\n<p align=\"justify\">La perforation des panneaux composites est une r\u00e9alit\u00e9, la possibilit\u00e9 d&rsquo;obtenir des effets jusqu&rsquo;alors inimaginables est d\u00e9sormais possible gr\u00e2ce aux diff\u00e9rentes combinaisons de perforations.<\/p>\n<p align=\"justify\">\n<p align=\"justify\">La perforation est garantie sur vos panneaux Larson en raison de leurs caract\u00e9ristiques et performances uniques.<\/p>\n<p align=\"justify\">? alliage d&rsquo;aluminium de haute qualit\u00e9 5005<\/p>\n<p align=\"justify\">? Pr\u00e9traitement anticorrosion de vos m\u00e9taux<\/p>\n<p align=\"justify\">? Adh\u00e9sion exceptionnelle du m\u00e9tal \u00e0 l&rsquo;\u00e2me (pelage)<\/p>\n<p align=\"justify\">? Garantie ext\u00e9rieure de 10 ans (*)<\/p>\n<p align=\"justify\">? Perfor\u00e9 pour fa\u00e7ades &#8211; Panneaux laqu\u00e9s double face<\/p>\n<p align=\"justify\">? Perfor\u00e9 pour plafonds int\u00e9rieurs &#8211; Laqu\u00e9 d&rsquo;un c\u00f4t\u00e9<\/p>\n<p align=\"justify\">? Une infinit\u00e9 de types de perforations<\/p>\n<p align=\"justify\">Tant sur les centres d&rsquo;usinage CNC que sur les poin\u00e7onneuses, nous offrons la possibilit\u00e9 de r\u00e9aliser un nombre infini de perforations : perforations circulaires de diff\u00e9rents diam\u00e8tres, carr\u00e9s ou rectangles de diff\u00e9rentes tailles, colis\u00e9es, losanges, \u00e9toiles, triangles&#8230; Outre leur utilisation en fa\u00e7ade, les plafonds perfor\u00e9s constituent aujourd&rsquo;hui un engagement clair en faveur de la modernit\u00e9 dans les applications int\u00e9rieures et les faux plafonds.<\/p>\n<p align=\"justify\">\n<p align=\"justify\">En tenant compte de la nomenclature suivante, Alucoil offre une large gamme de poin\u00e7onnages capables de donner \u00e0 chaque type de fa\u00e7ade un design exclusif.<\/p>\n<p align=\"justify\">R : Rond (diam\u00e8tre des perforations).<\/p>\n<p align=\"justify\">U\u00a0\u00bb : Perfor\u00e9 en parall\u00e8le (distance entre les axes).<\/p>\n<p align=\"justify\">T\u00a0\u00bb : per\u00e7age en quinconce (distance entre les essieux).<\/p>\n<p align=\"justify\">C\u00a0\u00bb : carr\u00e9s (c\u00f4t\u00e9 du carr\u00e9).<\/p>\n<p align=\"justify\">LC\u00a0\u00bb : Rectangles (largeur x longueur).<\/p>\n<p align=\"justify\">LR : Plats (largeur x longueur).<\/p>\n<p align=\"justify\">\n<p align=\"justify\">La bande p\u00e9rim\u00e9trale non perfor\u00e9e sera indiqu\u00e9e par le type de perforation et de matrice utilis\u00e9 dans chaque cas particulier. Pour combiner diff\u00e9rents diam\u00e8tres dans un m\u00eame panneau, des perforations et des dimensions sp\u00e9ciales, veuillez nous consulter pour conna\u00eetre les possibilit\u00e9s.  <\/p>\n<\/td>\n<\/tr>\n<\/tbody>\n<\/table>\n\t\t\t\t\t\t\t\t<\/div>\n\t\t\t\t<\/div>\n\t\t\t\t\t<\/div>\n\t\t<\/div>\n\t\t\t\t\t<\/div>\n\t\t<\/section>\n\t\t\t\t<\/div>\n\t\t","protected":false},"excerpt":{"rendered":"<p>Transformation 6-TRANSFORMATION DU PANNEAU COMPOSITE 6.1 Coupe 6.2 Fraisage 6.3 Cintrage 6.4 Pliage 6.5 Perfor\u00e9 Le processus de fabrication avanc\u00e9 des panneaux composites permet une adh\u00e9sion extraordinaire entre les diff\u00e9rentes couches. Les tests effectu\u00e9s sur tous les produits reproduisent au moins les param\u00e8tres recommand\u00e9s par les diff\u00e9rentes normes. Gr\u00e2ce \u00e0 cet assemblage parfait entre les [&hellip;]<\/p>\n","protected":false},"author":13,"featured_media":0,"parent":0,"menu_order":160,"comment_status":"closed","ping_status":"closed","template":"elementor_header_footer","meta":{"footnotes":""},"class_list":["post-5171","page","type-page","status-publish","hentry"],"_links":{"self":[{"href":"https:\/\/panel-composite.com\/fr\/wp-json\/wp\/v2\/pages\/5171","targetHints":{"allow":["GET"]}}],"collection":[{"href":"https:\/\/panel-composite.com\/fr\/wp-json\/wp\/v2\/pages"}],"about":[{"href":"https:\/\/panel-composite.com\/fr\/wp-json\/wp\/v2\/types\/page"}],"author":[{"embeddable":true,"href":"https:\/\/panel-composite.com\/fr\/wp-json\/wp\/v2\/users\/13"}],"replies":[{"embeddable":true,"href":"https:\/\/panel-composite.com\/fr\/wp-json\/wp\/v2\/comments?post=5171"}],"version-history":[{"count":2,"href":"https:\/\/panel-composite.com\/fr\/wp-json\/wp\/v2\/pages\/5171\/revisions"}],"predecessor-version":[{"id":6460,"href":"https:\/\/panel-composite.com\/fr\/wp-json\/wp\/v2\/pages\/5171\/revisions\/6460"}],"wp:attachment":[{"href":"https:\/\/panel-composite.com\/fr\/wp-json\/wp\/v2\/media?parent=5171"}],"curies":[{"name":"wp","href":"https:\/\/api.w.org\/{rel}","templated":true}]}}