{"id":5181,"date":"2023-02-08T17:15:13","date_gmt":"2023-02-08T16:15:13","guid":{"rendered":"https:\/\/www.panel-composite.com\/dimensions\/"},"modified":"2026-01-19T05:43:14","modified_gmt":"2026-01-19T04:43:14","slug":"dimensions","status":"publish","type":"page","link":"https:\/\/panel-composite.com\/fr\/dimensions\/","title":{"rendered":"Dimensions"},"content":{"rendered":"\t\t<div data-elementor-type=\"wp-page\" data-elementor-id=\"5181\" class=\"elementor elementor-5181 elementor-2553\" data-elementor-post-type=\"page\">\n\t\t\t\t\t\t<section class=\"elementor-section elementor-top-section elementor-element elementor-element-7b33f1df elementor-section-full_width elementor-section-height-default elementor-section-height-default\" data-id=\"7b33f1df\" data-element_type=\"section\" data-e-type=\"section\" data-settings=\"{&quot;background_background&quot;:&quot;classic&quot;,&quot;jet_parallax_layout_list&quot;:[]}\">\n\t\t\t\t\t\t<div class=\"elementor-container elementor-column-gap-default\">\n\t\t\t\t\t<div class=\"elementor-column elementor-col-50 elementor-top-column elementor-element elementor-element-5f1c429a\" data-id=\"5f1c429a\" data-element_type=\"column\" data-e-type=\"column\">\n\t\t\t<div class=\"elementor-widget-wrap elementor-element-populated\">\n\t\t\t\t\t\t<div class=\"elementor-element elementor-element-3b00d9aa elementor-widget elementor-widget-heading\" data-id=\"3b00d9aa\" data-element_type=\"widget\" data-e-type=\"widget\" data-widget_type=\"heading.default\">\n\t\t\t\t<div class=\"elementor-widget-container\">\n\t\t\t\t\t<h1 class=\"elementor-heading-title elementor-size-default\">Dimensions du panneau composite<\/h1>\t\t\t\t<\/div>\n\t\t\t\t<\/div>\n\t\t\t\t<div class=\"elementor-element elementor-element-7c7ada4c elementor-widget__width-initial elementor-widget elementor-widget-text-editor\" data-id=\"7c7ada4c\" data-element_type=\"widget\" data-e-type=\"widget\" data-widget_type=\"text-editor.default\">\n\t\t\t\t<div class=\"elementor-widget-container\">\n\t\t\t\t\t\t\t\t\t<p><b data-path-to-node=\"3\" data-index-in-node=\"0\">Nous fournissons des panneaux composites aux dimensions pr\u00e9cises adapt\u00e9es aux exigences techniques de votre fa\u00e7ade.<\/b>  Le contr\u00f4le dimensionnel est essentiel pour garantir une utilisation maximale des mat\u00e9riaux et une installation efficace sur le site.<\/p>\n\t\t\t\t\t\t\t\t<\/div>\n\t\t\t\t<\/div>\n\t\t\t\t\t<\/div>\n\t\t<\/div>\n\t\t\t\t<div class=\"elementor-column elementor-col-50 elementor-top-column elementor-element elementor-element-43f856b5\" data-id=\"43f856b5\" data-element_type=\"column\" data-e-type=\"column\">\n\t\t\t<div class=\"elementor-widget-wrap elementor-element-populated\">\n\t\t\t\t\t\t<div class=\"elementor-element elementor-element-27a4365c elementor-widget elementor-widget-image\" data-id=\"27a4365c\" data-element_type=\"widget\" data-e-type=\"widget\" data-widget_type=\"image.default\">\n\t\t\t\t<div class=\"elementor-widget-container\">\n\t\t\t\t\t\t\t\t\t\t\t\t\t\t\t<img fetchpriority=\"high\" decoding=\"async\" width=\"627\" height=\"432\" src=\"https:\/\/panel-composite.com\/wp-content\/uploads\/2023\/02\/PANELCOMPOSITE00045.jpg\" class=\"attachment-large size-large wp-image-3140\" alt=\"\" srcset=\"https:\/\/panel-composite.com\/wp-content\/uploads\/2023\/02\/PANELCOMPOSITE00045.jpg 627w, https:\/\/panel-composite.com\/wp-content\/uploads\/2023\/02\/PANELCOMPOSITE00045-300x207.jpg 300w, https:\/\/panel-composite.com\/wp-content\/uploads\/2023\/02\/PANELCOMPOSITE00045-600x413.jpg 600w\" sizes=\"(max-width: 627px) 100vw, 627px\" title=\"\">\t\t\t\t\t\t\t\t\t\t\t\t\t\t\t<\/div>\n\t\t\t\t<\/div>\n\t\t\t\t\t<\/div>\n\t\t<\/div>\n\t\t\t\t\t<\/div>\n\t\t<\/section>\n\t\t\t\t<section class=\"elementor-section elementor-top-section elementor-element elementor-element-2e39570b elementor-section-boxed elementor-section-height-default elementor-section-height-default\" data-id=\"2e39570b\" data-element_type=\"section\" data-e-type=\"section\" data-settings=\"{&quot;jet_parallax_layout_list&quot;:[]}\">\n\t\t\t\t\t\t<div class=\"elementor-container elementor-column-gap-default\">\n\t\t\t\t\t<div class=\"elementor-column elementor-col-100 elementor-top-column elementor-element elementor-element-eb8aecd\" data-id=\"eb8aecd\" data-element_type=\"column\" data-e-type=\"column\">\n\t\t\t<div class=\"elementor-widget-wrap elementor-element-populated\">\n\t\t\t\t\t\t<div class=\"elementor-element elementor-element-b33bb89 elementor-widget elementor-widget-text-editor\" data-id=\"b33bb89\" data-element_type=\"widget\" data-e-type=\"widget\" data-widget_type=\"text-editor.default\">\n\t\t\t\t<div class=\"elementor-widget-container\">\n\t\t\t\t\t\t\t\t\t<h3 data-path-to-node=\"4\">\u00c9paisseur du m\u00e9tal<\/h3>\n<p data-path-to-node=\"5\">L&rsquo;\u00e9paisseur des peaux m\u00e9talliques est mesur\u00e9e en millim\u00e8tres (mm) et est d\u00e9terminante pour la rigidit\u00e9 de l&rsquo;assemblage. Selon le type de projet, le m\u00e9tal peut \u00eatre de l <b data-path-to-node=\"5\" data-index-in-node=\"163\">&lsquo;aluminium, de l&rsquo;acier inoxydable, du laiton, du zinc ou du cuivre.<\/b><\/p>\n<ul data-path-to-node=\"6\">\n<li>\n<p data-path-to-node=\"6,0,0\"><b data-path-to-node=\"6,0,0\" data-index-in-node=\"0\">Face expos\u00e9e (e1<\/b>) : T\u00f4le ext\u00e9rieure avec traitement de couleur ou finition technique.<\/p>\n<\/li>\n<li>\n<p data-path-to-node=\"6,1,0\"><b data-path-to-node=\"6,1,0\" data-index-in-node=\"0\">Face cach\u00e9e (e2<\/b>) : Feuille int\u00e9rieure qui assure la stabilit\u00e9 structurelle du panneau.<\/p>\n<\/li>\n<\/ul>\n<h3 data-path-to-node=\"7\">Epaisseur du panneau<\/h3>\n<p data-path-to-node=\"8\">L&rsquo;\u00e9paisseur totale du panneau est la somme de la couche ext\u00e9rieure (e1) + l&rsquo;\u00e2me technique (PE ou FR) + la couche int\u00e9rieure (e2). Les \u00e9paisseurs standard optimisent l&rsquo;isolation et la r\u00e9sistance m\u00e9canique du syst\u00e8me de <b data-path-to-node=\"8\" data-index-in-node=\"220\">fa\u00e7ade ventil\u00e9e<\/b>.<\/p>\n<p data-path-to-node=\"8\">\n<h3 data-path-to-node=\"9\">Poids du panneau<\/h3>\n<p data-path-to-node=\"10\">Le poids par m\u00e8tre carr\u00e9 est un facteur critique pour le calcul des sous-structures. Cela varie en fonction du noyau et du m\u00e9tal choisi :<\/p>\n<ul data-path-to-node=\"11\">\n<li>\n<p data-path-to-node=\"11,0,0\"><b data-path-to-node=\"11,0,0\" data-index-in-node=\"0\">L\u00e9g\u00e8ret\u00e9 maximale<\/b>: un panneau de 3 mm avec \u00e2me en PE et feuille d&rsquo;aluminium commence \u00e0 <b data-path-to-node=\"11,0,0\" data-index-in-node=\"86\">3,8 kg\/m\u00b2<\/b>.<\/p>\n<\/li>\n<li>\n<p data-path-to-node=\"11,1,0\"><b data-path-to-node=\"11,1,0\" data-index-in-node=\"0\">Densit\u00e9 \u00e9lev\u00e9e<\/b>: un panneau de 4 mm avec \u00e2me en FR et feuille de cuivre peut atteindre <b data-path-to-node=\"11,1,0\" data-index-in-node=\"84\">11,09 kg\/m\u00b2<\/b>.<\/p>\n<\/li>\n<\/ul>\n<h3 data-path-to-node=\"12\"> <\/h3>\n<h3 data-path-to-node=\"12\">Longueur minimale et maximale<\/h3>\n<p data-path-to-node=\"13\">Nous fabriquons des panneaux avec des longueurs optimis\u00e9es pour r\u00e9duire les d\u00e9chets d&rsquo;usinage :<\/p>\n<ul data-path-to-node=\"14\">\n<li>\n<p data-path-to-node=\"14,0,0\"><b data-path-to-node=\"14,0,0\" data-index-in-node=\"0\">Minimum<\/b>: 2000 mm (pour des raisons techniques de production, mais peut \u00eatre coup\u00e9 \u00e0 des dimensions plus petites sur demande).<\/p>\n<\/li>\n<li>\n<p data-path-to-node=\"14,1,0\"><b data-path-to-node=\"14,1,0\" data-index-in-node=\"0\">Maximum<\/b>: 8000 mm, limit\u00e9 par les dimensions des centres d&rsquo;usinage de haute pr\u00e9cision.<\/p>\n<\/li>\n<\/ul>\n<h3 data-path-to-node=\"15\"> <\/h3>\n<h3 data-path-to-node=\"15\">Largeur standard<\/h3>\n<p data-path-to-node=\"16\">Nous disposons d&rsquo;une large gamme de largeurs pour nous adapter \u00e0 toutes les modulations architecturales :<\/p>\n<ul data-path-to-node=\"17\">\n<li>\n<p data-path-to-node=\"17,0,0\"><b data-path-to-node=\"17,0,0\" data-index-in-node=\"0\">Standard<\/b>: 1000 mm, 1250 mm et 1500 mm.<\/p>\n<\/li>\n<li>\n<p data-path-to-node=\"17,1,0\"><b data-path-to-node=\"17,1,0\" data-index-in-node=\"0\">Semi-standard<\/b>: 1575 mm.<\/p>\n<\/li>\n<li>\n<p data-path-to-node=\"17,2,0\"><b data-path-to-node=\"17,2,0\" data-index-in-node=\"0\">Sur demande<\/b>: nous pouvons produire toute largeur personnalis\u00e9e entre <b data-path-to-node=\"17,2,0\" data-index-in-node=\"66\">900 et 1650 mm<\/b> (sous r\u00e9serve d&rsquo;une commande minimale).<\/p>\n<\/li>\n<li>\n<p data-path-to-node=\"17,3,0\"><b data-path-to-node=\"17,3,0\" data-index-in-node=\"0\">Gamme m\u00e9tallique<\/b>: En raison de leurs caract\u00e9ristiques de finition, ces r\u00e9f\u00e9rences sont g\u00e9n\u00e9ralement fabriqu\u00e9es dans une seule largeur sp\u00e9cifique.<\/p>\n<\/li>\n<\/ul>\n\t\t\t\t\t\t\t\t<\/div>\n\t\t\t\t<\/div>\n\t\t\t\t\t<\/div>\n\t\t<\/div>\n\t\t\t\t\t<\/div>\n\t\t<\/section>\n\t\t\t\t<\/div>\n\t\t","protected":false},"excerpt":{"rendered":"<p>Dimensions du panneau composite Nous fournissons des panneaux composites aux dimensions pr\u00e9cises adapt\u00e9es aux exigences techniques de votre fa\u00e7ade. Le contr\u00f4le dimensionnel est essentiel pour garantir une utilisation maximale des mat\u00e9riaux et une installation efficace sur le site. \u00c9paisseur du m\u00e9tal L&rsquo;\u00e9paisseur des peaux m\u00e9talliques est mesur\u00e9e en millim\u00e8tres (mm) et est d\u00e9terminante pour la [&hellip;]<\/p>\n","protected":false},"author":13,"featured_media":0,"parent":0,"menu_order":120,"comment_status":"closed","ping_status":"closed","template":"elementor_header_footer","meta":{"footnotes":""},"class_list":["post-5181","page","type-page","status-publish","hentry"],"_links":{"self":[{"href":"https:\/\/panel-composite.com\/fr\/wp-json\/wp\/v2\/pages\/5181","targetHints":{"allow":["GET"]}}],"collection":[{"href":"https:\/\/panel-composite.com\/fr\/wp-json\/wp\/v2\/pages"}],"about":[{"href":"https:\/\/panel-composite.com\/fr\/wp-json\/wp\/v2\/types\/page"}],"author":[{"embeddable":true,"href":"https:\/\/panel-composite.com\/fr\/wp-json\/wp\/v2\/users\/13"}],"replies":[{"embeddable":true,"href":"https:\/\/panel-composite.com\/fr\/wp-json\/wp\/v2\/comments?post=5181"}],"version-history":[{"count":6,"href":"https:\/\/panel-composite.com\/fr\/wp-json\/wp\/v2\/pages\/5181\/revisions"}],"predecessor-version":[{"id":6642,"href":"https:\/\/panel-composite.com\/fr\/wp-json\/wp\/v2\/pages\/5181\/revisions\/6642"}],"wp:attachment":[{"href":"https:\/\/panel-composite.com\/fr\/wp-json\/wp\/v2\/media?parent=5181"}],"curies":[{"name":"wp","href":"https:\/\/api.w.org\/{rel}","templated":true}]}}